{"id":979,"date":"2024-01-09T07:52:14","date_gmt":"2024-01-09T07:52:14","guid":{"rendered":"https:\/\/cemel.es\/?page_id=979"},"modified":"2024-03-07T17:31:58","modified_gmt":"2024-03-07T17:31:58","slug":"dr-siridion-fleitas-lantigua","status":"publish","type":"page","link":"https:\/\/cemel.es\/ru\/dr-siridion-fleitas-lantigua\/","title":{"rendered":"\u0414\u043e\u043a\u0442\u043e\u0440 \u0421\u0438\u0440\u0438\u0434\u0438\u043e\u043d \u0424\u043b\u0435\u0439\u0442\u0430\u0441 \u041b\u0430\u043d\u0442\u0438\u0433\u0443\u0430"},"content":{"rendered":"<div data-elementor-type=\"wp-page\" data-elementor-id=\"979\" class=\"elementor elementor-979\" data-elementor-post-type=\"page\">\n\t\t\t\t<div class=\"elementor-element elementor-element-af52ab8 e-flex e-con-boxed e-con e-parent\" data-id=\"af52ab8\" data-element_type=\"container\" data-e-type=\"container\">\n\t\t\t\t\t<div class=\"e-con-inner\">\n\t\t<div class=\"elementor-element elementor-element-6279df90 e-con-full e-flex elementor-invisible e-con e-child\" data-id=\"6279df90\" data-element_type=\"container\" data-e-type=\"container\" data-settings=\"{&quot;animation&quot;:&quot;fadeInDown&quot;}\">\n\t\t\t\t<div class=\"elementor-element elementor-element-622f4f18 elementor-widget elementor-widget-heading\" data-id=\"622f4f18\" data-element_type=\"widget\" data-e-type=\"widget\" data-widget_type=\"heading.default\">\n\t\t\t\t<div class=\"elementor-widget-container\">\n\t\t\t\t\t<h6 class=\"elementor-heading-title elementor-size-default\">\u042d\u043a\u0441\u043f\u0435\u0440\u0442 \u0432 \u043e\u0431\u043b\u0430\u0441\u0442\u0438 \u044d\u0441\u0442\u0435\u0442\u0438\u0447\u0435\u0441\u043a\u043e\u0439 \u043c\u0435\u0434\u0438\u0446\u0438\u043d\u044b \u0438 \u0445\u0438\u0440\u0443\u0440\u0433\u0438\u0438<\/h6>\t\t\t\t<\/div>\n\t\t\t\t<\/div>\n\t\t\t\t<div class=\"elementor-element elementor-element-44b7f9e2 elementor-widget elementor-widget-heading\" data-id=\"44b7f9e2\" data-element_type=\"widget\" data-e-type=\"widget\" data-widget_type=\"heading.default\">\n\t\t\t\t<div class=\"elementor-widget-container\">\n\t\t\t\t\t<h2 class=\"elementor-heading-title elementor-size-default\">\u0414\u043e\u043a\u0442\u043e\u0440 \u0421\u0438\u0440\u0438\u0434\u0438\u043e\u043d \u0424\u043b\u0435\u0439\u0442\u0430\u0441 \u041b\u0430\u043d\u0442\u0438\u0433\u0443\u0430<\/h2>\t\t\t\t<\/div>\n\t\t\t\t<\/div>\n\t\t\t\t<div class=\"elementor-element elementor-element-65be71f3 elementor-widget elementor-widget-text-editor\" data-id=\"65be71f3\" data-element_type=\"widget\" data-e-type=\"widget\" data-widget_type=\"text-editor.default\">\n\t\t\t\t<div class=\"elementor-widget-container\">\n\t\t\t\t\t\t\t\t\t<div class=\"elementor-element elementor-element-795679a elementor-widget elementor-widget-text-editor\" data-id=\"795679a\" data-element_type=\"widget\" data-widget_type=\"text-editor.default\"><div class=\"elementor-widget-container\"><p>\u0414\u043e\u043a\u0442\u043e\u0440 \u0421\u0438\u0440\u0438\u0434\u0438\u043e\u043d \u0424\u043b\u0435\u0439\u0442\u0430\u0441 \u041b\u0430\u043d\u0442\u0438\u0433\u0443\u0430 - \u0432\u044b\u0434\u0430\u044e\u0449\u0438\u0439\u0441\u044f \u0441\u043f\u0435\u0446\u0438\u0430\u043b\u0438\u0441\u0442 \u0432 \u043e\u0431\u043b\u0430\u0441\u0442\u0438 \u043c\u0435\u0434\u0438\u0446\u0438\u043d\u044b \u0438 \u043a\u043e\u0441\u043c\u0435\u0442\u0438\u0447\u0435\u0441\u043a\u043e\u0439 \u0445\u0438\u0440\u0443\u0440\u0433\u0438\u0438. \u0415\u0433\u043e \u043f\u0443\u0442\u044c \u0438 \u043f\u0440\u043e\u0444\u0435\u0441\u0441\u0438\u043e\u043d\u0430\u043b\u0438\u0437\u043c \u043f\u043e\u0434\u0442\u0432\u0435\u0440\u0436\u0434\u0430\u044e\u0442 \u0435\u0433\u043e \u0440\u0435\u043f\u0443\u0442\u0430\u0446\u0438\u044e. \u0412 2012 \u0433\u043e\u0434\u0443 \u043e\u043d \u043e\u0442\u043a\u0440\u044b\u043b \u0441\u0432\u043e\u044e \u043f\u0435\u0440\u0432\u0443\u044e \u043a\u043b\u0438\u043d\u0438\u043a\u0443 CEMEL \u043d\u0430 \u043f\u0440\u043e\u0441\u043f\u0435\u043a\u0442\u0435 \u0425\u043e\u0441\u0435 \u041c\u0435\u0441\u0430-\u0438-\u041b\u043e\u043f\u0435\u0441.<\/p><p>\u0412\u0438\u0434\u0435\u043d\u0438\u0435 \u0434\u043e\u043a\u0442\u043e\u0440\u0430 \u0431\u044b\u043b\u043e \u044f\u0441\u043d\u044b\u043c: \u043e\u043d \u0445\u043e\u0442\u0435\u043b \u043f\u0440\u0435\u0434\u043b\u043e\u0436\u0438\u0442\u044c \u0441\u0432\u043e\u0438\u043c \u043f\u0430\u0446\u0438\u0435\u043d\u0442\u0430\u043c \u0432\u044b\u0434\u0430\u044e\u0449\u0443\u044e\u0441\u044f \u043c\u0435\u0434\u0438\u0446\u0438\u043d\u0441\u043a\u0443\u044e \u043a\u043e\u043c\u0430\u043d\u0434\u0443 \u0438 \u0442\u0435\u0445\u043d\u043e\u043b\u043e\u0433\u0438\u0438, \u043d\u0430\u0445\u043e\u0434\u044f\u0449\u0438\u0435\u0441\u044f \u043d\u0430 \u043f\u0435\u0440\u0435\u0434\u043e\u0432\u044b\u0445 \u043f\u043e\u0437\u0438\u0446\u0438\u044f\u0445 \u043d\u0430 \u0440\u044b\u043d\u043a\u0435, \u0433\u0434\u0435 \u043a\u0430\u0447\u0435\u0441\u0442\u0432\u043e \u0438 \u0433\u0443\u043c\u0430\u043d\u043d\u043e\u0435 \u043e\u0442\u043d\u043e\u0448\u0435\u043d\u0438\u0435 \u043a \u043f\u0430\u0446\u0438\u0435\u043d\u0442\u0430\u043c \u0431\u044b\u043b\u0438 \u0431\u044b \u043d\u0435\u043f\u0440\u0435\u0432\u0437\u043e\u0439\u0434\u0435\u043d\u043d\u044b\u043c\u0438. \u0418\u043c\u0435\u043d\u043d\u043e \u043f\u043e\u044d\u0442\u043e\u043c\u0443 \u0434\u043e\u043a\u0442\u043e\u0440 \u0421\u0438\u0440\u0438\u0434\u0438\u043e\u043d \u0424\u043b\u0435\u0439\u0442\u0430\u0441 \u044f\u0432\u043b\u044f\u0435\u0442\u0441\u044f \u043f\u0438\u043e\u043d\u0435\u0440\u043e\u043c \u0432 \u043e\u0431\u043b\u0430\u0441\u0442\u0438 \u0432\u043d\u0435\u0434\u0440\u0435\u043d\u0438\u044f \u043c\u0435\u0442\u043e\u0434\u043e\u0432 \u0445\u0438\u0440\u0443\u0440\u0433\u0438\u0438 \u0438 \u044d\u0441\u0442\u0435\u0442\u0438\u0447\u0435\u0441\u043a\u043e\u0439 \u043c\u0435\u0434\u0438\u0446\u0438\u043d\u044b \u0438\u0437 \u0421\u0428\u0410 \u0438 \u0412\u0435\u043b\u0438\u043a\u043e\u0431\u0440\u0438\u0442\u0430\u043d\u0438\u0438, \u043e\u0442\u043a\u0443\u0434\u0430 \u043e\u043d \u043f\u0440\u0438\u0432\u043e\u0437\u0438\u0442 \u0432 \u0441\u0432\u043e\u0438 \u043a\u043b\u0438\u043d\u0438\u043a\u0438 \u0432 \u041b\u0430\u0441-\u041f\u0430\u043b\u044c\u043c\u0430\u0441-\u0434\u0435-\u0413\u0440\u0430\u043d-\u041a\u0430\u043d\u0430\u0440\u0438\u044f \u0438\u043d\u043d\u043e\u0432\u0430\u0446\u0438\u043e\u043d\u043d\u044b\u0435 \u0438\u0434\u0435\u0438 \u043e \u0442\u0435\u043d\u0434\u0435\u043d\u0446\u0438\u044f\u0445 \u043a\u0440\u0430\u0441\u043e\u0442\u044b, \u043d\u043e\u0432\u044b\u0435 \u043f\u0440\u043e\u0446\u0435\u0434\u0443\u0440\u044b \u0438 \u043f\u0435\u0440\u0435\u0434\u043e\u0432\u044b\u0435 \u043c\u0435\u0442\u043e\u0434\u0438\u043a\u0438.<\/p><p>\u0411\u043b\u0430\u0433\u043e\u0434\u0430\u0440\u044f \u0441\u0432\u043e\u0438\u043c \u043e\u0431\u0448\u0438\u0440\u043d\u044b\u043c \u0437\u043d\u0430\u043d\u0438\u044f\u043c \u043e\u043d \u043f\u0440\u0435\u043f\u043e\u0434\u0430\u0432\u0430\u043b \u043d\u0430 \u043a\u0443\u0440\u0441\u0430\u0445 \u043a\u043e\u0441\u043c\u0435\u0442\u0438\u0447\u0435\u0441\u043a\u043e\u0439 \u0445\u0438\u0440\u0443\u0440\u0433\u0438\u0438 \u0432 \u0410\u0431\u0443\u0434\u0430\u0431\u0438, \u0433\u0434\u0435 \u0435\u0433\u043e \u0442\u0430\u043b\u0430\u043d\u0442 \u0438 \u043f\u0440\u043e\u0444\u0435\u0441\u0441\u0438\u043e\u043d\u0430\u043b\u0438\u0437\u043c \u0432\u044b\u0437\u044b\u0432\u0430\u044e\u0442 \u0432\u043e\u0441\u0445\u0438\u0449\u0435\u043d\u0438\u0435. \u0414\u043e\u043a\u0442\u043e\u0440 \u0421\u0438\u0440\u0438\u0434\u0438\u043e\u043d \u0424\u043b\u0435\u0439\u0442\u0430\u0441 \u041b\u0430\u043d\u0442\u0438\u0433\u0443\u0430 \u0432\u043e\u0437\u0433\u043b\u0430\u0432\u043b\u044f\u043b \u043e\u0442\u0434\u0435\u043b\u0435\u043d\u0438\u0435 \u043b\u0430\u0437\u0435\u0440\u043d\u043e\u0439 \u0434\u0435\u0440\u043c\u0430\u0442\u043e\u043b\u043e\u0433\u0438\u0438 \u0438 \u044d\u0441\u0442\u0435\u0442\u0438\u0447\u0435\u0441\u043a\u043e\u0439 \u043c\u0435\u0434\u0438\u0446\u0438\u043d\u044b \u0432 Cl\u00ednicas San Roque \u0441 2006 \u043f\u043e 2012 \u0433\u043e\u0434.<\/p><\/div><\/div>\t\t\t\t\t\t\t\t<\/div>\n\t\t\t\t<\/div>\n\t\t\t\t<div class=\"elementor-element elementor-element-93c297f elementor-widget elementor-widget-heading\" data-id=\"93c297f\" data-element_type=\"widget\" data-e-type=\"widget\" data-widget_type=\"heading.default\">\n\t\t\t\t<div class=\"elementor-widget-container\">\n\t\t\t\t\t<h6 class=\"elementor-heading-title elementor-size-default\">\u0411\u0438\u043e\u0433\u0440\u0430\u0444\u0438\u0447\u0435\u0441\u043a\u0430\u044f \u0441\u043f\u0440\u0430\u0432\u043a\u0430<\/h6>\t\t\t\t<\/div>\n\t\t\t\t<\/div>\n\t\t\t\t<div class=\"elementor-element elementor-element-41fefc3 elementor-widget elementor-widget-text-editor\" data-id=\"41fefc3\" data-element_type=\"widget\" data-e-type=\"widget\" data-widget_type=\"text-editor.default\">\n\t\t\t\t<div class=\"elementor-widget-container\">\n\t\t\t\t\t\t\t\t\t<ul><li>\u0411\u0430\u043a\u0430\u043b\u0430\u0432\u0440 \u043c\u0435\u0434\u0438\u0446\u0438\u043d\u044b \u0438 \u0445\u0438\u0440\u0443\u0440\u0433\u0438\u0438, \u0423\u043d\u0438\u0432\u0435\u0440\u0441\u0438\u0442\u0435\u0442 \u041b\u0430\u0441-\u041f\u0430\u043b\u044c\u043c\u0430\u0441-\u0434\u0435-\u0413\u0440\u0430\u043d-\u041a\u0430\u043d\u0430\u0440\u0438\u044f (\u0418\u0441\u043f\u0430\u043d\u0438\u044f)<\/li><li>\u0414\u043e\u043a\u0442\u043e\u0440 \u043c\u0435\u0434\u0438\u0446\u0438\u043d\u044b (\u0441 \u043e\u0442\u043b\u0438\u0447\u0438\u0435\u043c), \u0423\u043d\u0438\u0432\u0435\u0440\u0441\u0438\u0442\u0435\u0442 \u041b\u0430\u0441-\u041f\u0430\u043b\u044c\u043c\u0430\u0441-\u0434\u0435-\u0413\u0440\u0430\u043d-\u041a\u0430\u043d\u0430\u0440\u0438\u044f (\u0418\u0441\u043f\u0430\u043d\u0438\u044f).<\/li><li>\u0421\u0442\u0435\u043f\u0435\u043d\u044c \u043c\u0430\u0433\u0438\u0441\u0442\u0440\u0430 \u0432 \u043e\u0431\u043b\u0430\u0441\u0442\u0438 \u043f\u0438\u0442\u0430\u043d\u0438\u044f. \u0424\u0430\u043a\u0443\u043b\u044c\u0442\u0435\u0442 \u043f\u0440\u043e\u0444\u0438\u043b\u0430\u043a\u0442\u0438\u0447\u0435\u0441\u043a\u043e\u0439 \u043c\u0435\u0434\u0438\u0446\u0438\u043d\u044b, \u0423\u043d\u0438\u0432\u0435\u0440\u0441\u0438\u0442\u0435\u0442 \u041b\u0430\u0441-\u041f\u0430\u043b\u044c\u043c\u0430\u0441-\u0434\u0435-\u0413\u0440\u0430\u043d-\u041a\u0430\u043d\u0430\u0440\u0438\u044f (\u0418\u0441\u043f\u0430\u043d\u0438\u044f).<\/li><li>\u0421\u043f\u0435\u0446\u0438\u0430\u043b\u0438\u0437\u0430\u0446\u0438\u044f \u0432 \u043e\u0431\u043b\u0430\u0441\u0442\u0438 \u043c\u0435\u0434\u0438\u0446\u0438\u043d\u0441\u043a\u043e\u0439 \u0433\u0438\u0434\u0440\u043e\u043b\u043e\u0433\u0438\u0438.<\/li><li>\u041c\u0430\u0433\u0438\u0441\u0442\u0440 \u044d\u0441\u0442\u0435\u0442\u0438\u0447\u0435\u0441\u043a\u043e\u0439 \u043c\u0435\u0434\u0438\u0446\u0438\u043d\u044b, \u0423\u043d\u0438\u0432\u0435\u0440\u0441\u0438\u0442\u0435\u0442 \u041a\u043e\u0440\u0434\u043e\u0432\u044b (\u0418\u0441\u043f\u0430\u043d\u0438\u044f).<\/li><li>\u0414\u0438\u043f\u043b\u043e\u043c \u043a\u043e\u043c\u043f\u0435\u0442\u0435\u043d\u0442\u043d\u043e\u0441\u0442\u0438 \u0432 \u043e\u0431\u043b\u0430\u0441\u0442\u0438 \u043c\u0435\u0434\u0438\u043a\u043e-\u0445\u0438\u0440\u0443\u0440\u0433\u0438\u0447\u0435\u0441\u043a\u043e\u0433\u043e \u043b\u0430\u0437\u0435\u0440\u0430. \u0411\u0430\u0440\u0441\u0435\u043b\u043e\u043d\u0441\u043a\u0438\u0439 \u043a\u043e\u043b\u043b\u0435\u0434\u0436 \u0432\u0440\u0430\u0447\u0435\u0439 (\u0418\u0441\u043f\u0430\u043d\u0438\u044f).<\/li><li>\u0421\u043f\u0435\u0446\u0438\u0430\u043b\u0438\u0441\u0442 \u043f\u043e \u0442\u0440\u043e\u043f\u0438\u0447\u0435\u0441\u043a\u043e\u0439 \u0434\u0435\u0440\u043c\u0430\u0442\u043e\u043b\u043e\u0433\u0438\u0438, \u0423\u043d\u0438\u0432\u0435\u0440\u0441\u0438\u0442\u0435\u0442 \u042d\u043b\u044c\u0447\u0435, \u0431\u043e\u043b\u044c\u043d\u0438\u0446\u0430 \u0424\u043e\u043d\u0434\u0438\u043b\u044c\u043e\u0441 \u0438 \u0410\u043b\u044c\u0444\u0440\u0435\u0434\u043e \u0434\u0430 \u041c\u0430\u0442\u0442\u0430, \u041c\u0430\u043d\u0430\u0443\u0441-\u0410\u043c\u0430\u0437\u043e\u043d\u0430\u0441 (\u0411\u0440\u0430\u0437\u0438\u043b\u0438\u044f).<\/li><li>\u0414\u0438\u043f\u043b\u043e\u043c \u043f\u043e \u043a\u043b\u0438\u043d\u0438\u0447\u0435\u0441\u043a\u0438\u043c \u043e\u0441\u043d\u043e\u0432\u0430\u043c \u043a\u043e\u0441\u043c\u0435\u0442\u0438\u0447\u0435\u0441\u043a\u043e\u0439 \u043c\u0435\u0434\u0438\u0446\u0438\u043d\u044b \u0438 \u0445\u0438\u0440\u0443\u0440\u0433\u0438\u0438: \u043c\u043e\u0434\u0443\u043b\u044c \"\u0425\u0438\u0440\u0443\u0440\u0433\u0438\u044f\".<\/li><li>\u041c\u043e\u0434\u0443\u043b\u044c \"\u041a\u043e\u0441\u043c\u0435\u0442\u0438\u0447\u0435\u0441\u043a\u0430\u044f \u0445\u0438\u0440\u0443\u0440\u0433\u0438\u044f \u043b\u0438\u0446\u0430 \u0438 \u0442\u0435\u043b\u0430\" \u0434\u0438\u043f\u043b\u043e\u043c\u0430 \u043f\u043e \u043a\u043b\u0438\u043d\u0438\u0447\u0435\u0441\u043a\u0438\u043c \u043e\u0441\u043d\u043e\u0432\u0430\u043c \u043a\u043e\u0441\u043c\u0435\u0442\u0438\u0447\u0435\u0441\u043a\u043e\u0439 \u043c\u0435\u0434\u0438\u0446\u0438\u043d\u044b \u0438 \u0445\u0438\u0440\u0443\u0440\u0433\u0438\u0438. \u0410\u0432\u0442\u043e\u043d\u043e\u043c\u043d\u044b\u0439 \u0443\u043d\u0438\u0432\u0435\u0440\u0441\u0438\u0442\u0435\u0442 \u0411\u0430\u0440\u0441\u0435\u043b\u043e\u043d\u044b - \u0418\u0441\u043f\u0430\u043d\u0438\u044f.<\/li><li>\u041c\u0430\u0433\u0438\u0441\u0442\u0440 \u043f\u043e \u0444\u043b\u0435\u0431\u043e\u043b\u043e\u0433\u0438\u0438 \u0438 \u043b\u0438\u043c\u0444\u043e\u043b\u043e\u0433\u0438\u0438, \u0423\u043d\u0438\u0432\u0435\u0440\u0441\u0438\u0442\u0435\u0442 \u0410\u043b\u044c\u043a\u0430\u043b\u0430-\u0434\u0435-\u042d\u043d\u0430\u0440\u0435\u0441 \u0438 Hospital Ruber Internacional (\u041c\u0430\u0434\u0440\u0438\u0434, \u0418\u0441\u043f\u0430\u043d\u0438\u044f).<\/li><li>\u041c\u0430\u0433\u0438\u0441\u0442\u0440 \u043a\u043e\u0441\u043c\u0435\u0442\u0438\u0447\u0435\u0441\u043a\u043e\u0439 \u0445\u0438\u0440\u0443\u0440\u0433\u0438\u0438, \u0423\u043d\u0438\u0432\u0435\u0440\u0441\u0438\u0442\u0435\u0442 \u0420\u0435\u0439 \u0425\u0443\u0430\u043d \u041a\u0430\u0440\u043b\u043e\u0441 (\u041c\u0430\u0434\u0440\u0438\u0434, \u0418\u0441\u043f\u0430\u043d\u0438\u044f).<\/li><li>\u0421\u043f\u0435\u0446\u0438\u0430\u043b\u0438\u0437\u0430\u0446\u0438\u044f \u043f\u043e \u044d\u0441\u0442\u0435\u0442\u0438\u0447\u0435\u0441\u043a\u043e\u0439 \u0438 \u0444\u0443\u043d\u043a\u0446\u0438\u043e\u043d\u0430\u043b\u044c\u043d\u043e\u0439 \u0433\u0438\u043d\u0435\u043a\u043e\u043b\u043e\u0433\u0438\u0438 \u0438 \u043a\u043e\u0441\u043c\u0435\u0442\u0438\u0447\u0435\u0441\u043a\u043e\u0439 \u0445\u0438\u0440\u0443\u0440\u0433\u0438\u0438 \u0436\u0435\u043d\u0441\u043a\u0438\u0445 \u043f\u043e\u043b\u043e\u0432\u044b\u0445 \u043e\u0440\u0433\u0430\u043d\u043e\u0432. \u0423\u043d\u0438\u0432\u0435\u0440\u0441\u0438\u0442\u0435\u0442 \u0411\u0430\u0440\u0441\u0435\u043b\u043e\u043d\u044b, \u0418\u0441\u043f\u0430\u043d\u0438\u044f.<\/li><li>\u041c\u0435\u0434\u0438\u0446\u0438\u043d\u0441\u043a\u0438\u0439 \u0434\u0438\u0440\u0435\u043a\u0442\u043e\u0440 \u041c\u0435\u0434\u0438\u0446\u0438\u043d\u0441\u043a\u043e\u0433\u043e \u0446\u0435\u043d\u0442\u0440\u0430 \u044d\u0441\u0442\u0435\u0442\u0438\u0447\u0435\u0441\u043a\u043e\u0439 \u0438 \u043b\u0430\u0437\u0435\u0440\u043d\u043e\u0439 \u043c\u0435\u0434\u0438\u0446\u0438\u043d\u044b - CEMEL \u0441 2012 \u0433\u043e\u0434\u0430. \u041b\u0430\u0441-\u041f\u0430\u043b\u044c\u043c\u0430\u0441, \u0413\u0430\u043b\u044c\u0434\u0430\u0440 \u0438 \u041c\u0430\u0441\u043f\u0430\u043b\u043e\u043c\u0430\u0441.<\/li><li>\u041c\u0435\u0434\u0438\u0446\u0438\u043d\u0441\u043a\u0438\u0439 \u0434\u0438\u0440\u0435\u043a\u0442\u043e\u0440 \u0426\u0435\u043d\u0442\u0440\u0430 \u0434\u0435\u0440\u043c\u0430\u0442\u043e\u043b\u043e\u0433\u0438\u0438 \u0438 \u043b\u0430\u0437\u0435\u0440\u043d\u043e\u0439 \u0442\u0435\u0440\u0430\u043f\u0438\u0438 - Cl\u00ednica San Roque, 2006-2012 \u0433\u0433.<\/li><li>\u0421\u043e\u0434\u0438\u0440\u0435\u043a\u0442\u043e\u0440 \u043a\u043e\u043c\u043f\u0430\u043d\u0438\u0438 Forma-Medic (www.forma-medic.com)<\/li><li>\u041f\u0440\u0435\u043f\u043e\u0434\u0430\u0432\u0430\u0442\u0435\u043b\u044c \u043c\u0430\u0433\u0438\u0441\u0442\u0440\u0430\u0442\u0443\u0440\u044b \u043f\u043e \u044d\u0441\u0442\u0435\u0442\u0438\u0447\u0435\u0441\u043a\u043e\u0439 \u043c\u0435\u0434\u0438\u0446\u0438\u043d\u0435 \u0432 \u0423\u043d\u0438\u0432\u0435\u0440\u0441\u0438\u0442\u0435\u0442\u0435 \u0412\u0430\u043b\u0435\u043d\u0441\u0438\u0438.<\/li><\/ul>\t\t\t\t\t\t\t\t<\/div>\n\t\t\t\t<\/div>\n\t\t\t\t<\/div>\n\t\t<div class=\"elementor-element elementor-element-3fa89ff6 e-con-full e-flex e-con e-child\" data-id=\"3fa89ff6\" data-element_type=\"container\" data-e-type=\"container\" data-settings=\"{&quot;background_background&quot;:&quot;classic&quot;}\">\n\t\t\t\t<div class=\"elementor-element elementor-element-60132ee elementor-widget elementor-widget-image\" data-id=\"60132ee\" data-element_type=\"widget\" data-e-type=\"widget\" data-widget_type=\"image.default\">\n\t\t\t\t<div class=\"elementor-widget-container\">\n\t\t\t\t\t\t\t\t\t\t\t\t\t\t\t<img fetchpriority=\"high\" decoding=\"async\" width=\"513\" height=\"880\" src=\"https:\/\/cemel.es\/wp-content\/uploads\/2024\/01\/CV-e1705750850278.jpeg\" class=\"attachment-large size-large wp-image-1346\" alt=\"\" srcset=\"https:\/\/cemel.es\/wp-content\/uploads\/2024\/01\/CV-e1705750850278.jpeg 513w, https:\/\/cemel.es\/wp-content\/uploads\/2024\/01\/CV-e1705750850278-175x300.jpeg 175w, https:\/\/cemel.es\/wp-content\/uploads\/2024\/01\/CV-e1705750850278-7x12.jpeg 7w\" sizes=\"(max-width: 513px) 100vw, 513px\" \/>\t\t\t\t\t\t\t\t\t\t\t\t\t\t\t<\/div>\n\t\t\t\t<\/div>\n\t\t\t\t<\/div>\n\t\t\t\t\t<\/div>\n\t\t\t\t<\/div>\n\t\t\t\t<\/div>","protected":false},"excerpt":{"rendered":"<p>Experto en Medicina y Cirug\u00eda Est\u00e9tica Dr. Siridi\u00f3n Fleitas Lantigua El doctor Siridi\u00f3n Fleitas Lantigua es un miembro destacado dentro del campo de la Medicina y de la Cirug\u00eda Est\u00e9tica. Su trayectoria y profesionalidad lo avalan. En 2012 di\u00f3 lugar a la apertura de su primera cl\u00ednica: CEMEL, en la Avenida Jos\u00e9 Mesa y L\u00f3pez. [&hellip;]<\/p>\n","protected":false},"author":1,"featured_media":0,"parent":0,"menu_order":0,"comment_status":"closed","ping_status":"closed","template":"","meta":{"footnotes":""},"class_list":["post-979","page","type-page","status-publish","hentry"],"_links":{"self":[{"href":"https:\/\/cemel.es\/ru\/wp-json\/wp\/v2\/pages\/979","targetHints":{"allow":["GET"]}}],"collection":[{"href":"https:\/\/cemel.es\/ru\/wp-json\/wp\/v2\/pages"}],"about":[{"href":"https:\/\/cemel.es\/ru\/wp-json\/wp\/v2\/types\/page"}],"author":[{"embeddable":true,"href":"https:\/\/cemel.es\/ru\/wp-json\/wp\/v2\/users\/1"}],"replies":[{"embeddable":true,"href":"https:\/\/cemel.es\/ru\/wp-json\/wp\/v2\/comments?post=979"}],"version-history":[{"count":31,"href":"https:\/\/cemel.es\/ru\/wp-json\/wp\/v2\/pages\/979\/revisions"}],"predecessor-version":[{"id":2233,"href":"https:\/\/cemel.es\/ru\/wp-json\/wp\/v2\/pages\/979\/revisions\/2233"}],"wp:attachment":[{"href":"https:\/\/cemel.es\/ru\/wp-json\/wp\/v2\/media?parent=979"}],"curies":[{"name":"wp","href":"https:\/\/api.w.org\/{rel}","templated":true}]}}