{"id":957,"date":"2024-01-08T21:27:27","date_gmt":"2024-01-08T21:27:27","guid":{"rendered":"https:\/\/cemel.es\/?page_id=957"},"modified":"2024-01-25T08:57:24","modified_gmt":"2024-01-25T08:57:24","slug":"micropigmentacion-y-microblading","status":"publish","type":"page","link":"https:\/\/cemel.es\/ru\/tratamientos-esteticos\/micropigmentacion-y-microblading\/","title":{"rendered":"\u041c\u0438\u043a\u0440\u043e\u043f\u0438\u0433\u043c\u0435\u043d\u0442\u0430\u0446\u0438\u044f \u0438 \u043c\u0438\u043a\u0440\u043e\u0431\u043b\u0435\u0439\u0434\u0438\u043d\u0433"},"content":{"rendered":"<div data-elementor-type=\"wp-page\" data-elementor-id=\"957\" class=\"elementor elementor-957\" data-elementor-post-type=\"page\">\n\t\t\t\t<div class=\"elementor-element elementor-element-4ecd1b7f e-flex e-con-boxed e-con e-parent\" data-id=\"4ecd1b7f\" data-element_type=\"container\" data-e-type=\"container\">\n\t\t\t\t\t<div class=\"e-con-inner\">\n\t\t<div class=\"elementor-element elementor-element-6032f656 e-con-full e-flex e-con e-child\" data-id=\"6032f656\" data-element_type=\"container\" data-e-type=\"container\">\n\t\t\t\t<div class=\"elementor-element elementor-element-a2478a4 elementor-invisible elementor-widget elementor-widget-heading\" data-id=\"a2478a4\" data-element_type=\"widget\" data-e-type=\"widget\" data-settings=\"{&quot;_animation&quot;:&quot;fadeInLeft&quot;}\" data-widget_type=\"heading.default\">\n\t\t\t\t<div class=\"elementor-widget-container\">\n\t\t\t\t\t<h1 class=\"elementor-heading-title elementor-size-default\">\u041c\u0438\u043a\u0440\u043e\u043f\u0438\u0433\u043c\u0435\u043d\u0442\u0430\u0446\u0438\u044f \u0438 \u043c\u0438\u043a\u0440\u043e\u0431\u043b\u0435\u0439\u0434\u0438\u043d\u0433<\/h1>\t\t\t\t<\/div>\n\t\t\t\t<\/div>\n\t\t\t\t<div class=\"elementor-element elementor-element-2b524112 elementor-widget elementor-widget-text-editor\" data-id=\"2b524112\" data-element_type=\"widget\" data-e-type=\"widget\" data-widget_type=\"text-editor.default\">\n\t\t\t\t<div class=\"elementor-widget-container\">\n\t\t\t\t\t\t\t\t\t<p>\u041d\u0435\u043b\u044c\u0437\u044f \u0437\u0430\u0431\u044b\u0432\u0430\u0442\u044c \u0438 \u043e \u0434\u0440\u0443\u0433\u043e\u043c \u043e\u0441\u043d\u043e\u0432\u043e\u043f\u043e\u043b\u0430\u0433\u0430\u044e\u0449\u0435\u043c \u044d\u043b\u0435\u043c\u0435\u043d\u0442\u0435 \u043b\u0438\u0446\u0430, \u043a\u043e\u0442\u043e\u0440\u044b\u0439 \u043e\u0431\u0435\u0441\u043f\u0435\u0447\u0438\u0432\u0430\u0435\u0442 \u043d\u0435 \u0442\u043e\u043b\u044c\u043a\u043e \u043a\u0440\u0430\u0441\u043e\u0442\u0443, \u043d\u043e \u0438 \u0432\u044b\u0440\u0430\u0437\u0438\u0442\u0435\u043b\u044c\u043d\u043e\u0441\u0442\u044c \u0438 \u0438\u043d\u0434\u0438\u0432\u0438\u0434\u0443\u0430\u043b\u044c\u043d\u043e\u0441\u0442\u044c: \u043e \u0431\u0440\u043e\u0432\u044f\u0445.<\/p><p>\u0425\u043e\u0440\u043e\u0448\u043e \u043e\u0447\u0435\u0440\u0447\u0435\u043d\u043d\u044b\u0435, \u0435\u0441\u0442\u0435\u0441\u0442\u0432\u0435\u043d\u043d\u043e \u0432\u044b\u0433\u043b\u044f\u0434\u044f\u0449\u0438\u0435 \u0431\u0440\u043e\u0432\u0438 \u0443\u043a\u0440\u0430\u0441\u044f\u0442 \u0438 \u043f\u043e\u0434\u0447\u0435\u0440\u043a\u043d\u0443\u0442 \u043e\u0431\u0440\u0430\u0437.<\/p><p>\u0415\u0441\u0442\u044c \u0434\u0432\u0435 \u0430\u043b\u044c\u0442\u0435\u0440\u043d\u0430\u0442\u0438\u0432\u044b, \u0441 \u043f\u043e\u043c\u043e\u0449\u044c\u044e \u043a\u043e\u0442\u043e\u0440\u044b\u0445 \u0432\u044b \u043c\u043e\u0436\u0435\u0442\u0435 \u0434\u043e\u0431\u0438\u0442\u044c\u0441\u044f \u0433\u043e\u0440\u0430\u0437\u0434\u043e \u0431\u043e\u043b\u0435\u0435 \u043f\u0440\u0438\u0432\u043b\u0435\u043a\u0430\u0442\u0435\u043b\u044c\u043d\u043e\u0433\u043e \u0432\u0438\u0434\u0430.<\/p><p>\u00a0<\/p>\t\t\t\t\t\t\t\t<\/div>\n\t\t\t\t<\/div>\n\t\t\t\t<div class=\"elementor-element elementor-element-47518fb elementor-icon-list--layout-traditional elementor-list-item-link-full_width elementor-widget elementor-widget-icon-list\" data-id=\"47518fb\" data-element_type=\"widget\" data-e-type=\"widget\" data-widget_type=\"icon-list.default\">\n\t\t\t\t<div class=\"elementor-widget-container\">\n\t\t\t\t\t\t\t<ul class=\"elementor-icon-list-items\">\n\t\t\t\t\t\t\t<li class=\"elementor-icon-list-item\">\n\t\t\t\t\t\t\t\t\t\t\t<span class=\"elementor-icon-list-icon\">\n\t\t\t\t\t\t\t<svg aria-hidden=\"true\" class=\"e-font-icon-svg e-fas-check\" viewbox=\"0 0 512 512\" xmlns=\"http:\/\/www.w3.org\/2000\/svg\"><path d=\"M173.898 439.404l-166.4-166.4c-9.997-9.997-9.997-26.206 0-36.204l36.203-36.204c9.997-9.998 26.207-9.998 36.204 0L192 312.69 432.095 72.596c9.997-9.997 26.207-9.997 36.204 0l36.203 36.204c9.997 9.997 9.997 26.206 0 36.204l-294.4 294.401c-9.998 9.997-26.207 9.997-36.204-.001z\"><\/path><\/svg>\t\t\t\t\t\t<\/span>\n\t\t\t\t\t\t\t\t\t\t<span class=\"elementor-icon-list-text\">\u041c\u0438\u043a\u0440\u043e\u043f\u0438\u0433\u043c\u0435\u043d\u0442\u0430\u0446\u0438\u044f<\/span>\n\t\t\t\t\t\t\t\t\t<\/li>\n\t\t\t\t\t\t\t\t<li class=\"elementor-icon-list-item\">\n\t\t\t\t\t\t\t\t\t\t\t<span class=\"elementor-icon-list-icon\">\n\t\t\t\t\t\t\t<svg aria-hidden=\"true\" class=\"e-font-icon-svg e-fas-check\" viewbox=\"0 0 512 512\" xmlns=\"http:\/\/www.w3.org\/2000\/svg\"><path d=\"M173.898 439.404l-166.4-166.4c-9.997-9.997-9.997-26.206 0-36.204l36.203-36.204c9.997-9.998 26.207-9.998 36.204 0L192 312.69 432.095 72.596c9.997-9.997 26.207-9.997 36.204 0l36.203 36.204c9.997 9.997 9.997 26.206 0 36.204l-294.4 294.401c-9.998 9.997-26.207 9.997-36.204-.001z\"><\/path><\/svg>\t\t\t\t\t\t<\/span>\n\t\t\t\t\t\t\t\t\t\t<span class=\"elementor-icon-list-text\">\u041c\u0438\u043a\u0440\u043e\u0431\u043b\u0435\u0439\u0434\u0438\u043d\u0433<\/span>\n\t\t\t\t\t\t\t\t\t<\/li>\n\t\t\t\t\t\t<\/ul>\n\t\t\t\t\t\t<\/div>\n\t\t\t\t<\/div>\n\t\t\t\t<div class=\"elementor-element elementor-element-a6df641 elementor-widget elementor-widget-text-editor\" data-id=\"a6df641\" data-element_type=\"widget\" data-e-type=\"widget\" data-widget_type=\"text-editor.default\">\n\t\t\t\t<div class=\"elementor-widget-container\">\n\t\t\t\t\t\t\t\t\t<p>\u041f\u0440\u0438 \u043c\u0438\u043a\u0440\u043e\u043f\u0438\u0433\u043c\u0435\u043d\u0442\u0438\u0440\u043e\u0432\u0430\u043d\u0438\u0438 \u043f\u0438\u0433\u043c\u0435\u043d\u0442\u044b \u0432\u0432\u043e\u0434\u044f\u0442\u0441\u044f \u043d\u0430 \u044d\u043f\u0438\u0434\u0435\u0440\u043c\u0430\u043b\u044c\u043d\u043e\u043c \u0443\u0440\u043e\u0432\u043d\u0435, \u043f\u0440\u0438\u0434\u0430\u0432\u0430\u044f \u0431\u0440\u043e\u0432\u044f\u043c \u0446\u0432\u0435\u0442 \u0438 \u0444\u043e\u0440\u043c\u0443. \u0421\u043b\u0435\u0434\u0443\u0435\u0442 \u043e\u0442\u043c\u0435\u0442\u0438\u0442\u044c, \u0447\u0442\u043e \u043d\u0430\u0448\u0438 \u0441\u043f\u0435\u0446\u0438\u0430\u043b\u0438\u0441\u0442\u044b \u043c\u043e\u0433\u0443\u0442 \u0438\u0441\u043f\u043e\u043b\u044c\u0437\u043e\u0432\u0430\u0442\u044c \u044d\u0442\u0443 \u0442\u0435\u0445\u043d\u0438\u043a\u0443 \u0434\u043b\u044f \u043a\u043e\u0440\u0440\u0435\u043a\u0446\u0438\u0438 \u0440\u0430\u0437\u043b\u0438\u0447\u043d\u044b\u0445 \u0447\u0430\u0441\u0442\u0435\u0439 \u0442\u0435\u043b\u0430, \u0442\u0430\u043a\u0438\u0445 \u043a\u0430\u043a \u0433\u043b\u0430\u0437\u0430, \u0433\u0443\u0431\u044b \u0438 \u0433\u0440\u0443\u0434\u044c. \u0412 \u043f\u043e\u0441\u043b\u0435\u0434\u043d\u0438\u0435 \u0433\u043e\u0434\u044b \u044d\u0442\u0430 \u043f\u0440\u043e\u0446\u0435\u0434\u0443\u0440\u0430 \u043f\u043e\u043b\u044c\u0437\u0443\u0435\u0442\u0441\u044f \u0431\u043e\u043b\u044c\u0448\u0438\u043c \u0441\u043f\u0440\u043e\u0441\u043e\u043c \u0434\u043b\u044f \u043c\u0430\u0441\u043a\u0438\u0440\u043e\u0432\u043a\u0438 \u0442\u0430\u043a\u0438\u0445 \u0434\u0435\u0444\u0435\u043a\u0442\u043e\u0432, \u043a\u0430\u043a \u0448\u0440\u0430\u043c\u044b, \u0430 \u0442\u0430\u043a\u0436\u0435 \u0434\u043b\u044f \u0432\u043e\u0441\u0441\u0442\u0430\u043d\u043e\u0432\u043b\u0435\u043d\u0438\u044f \u043f\u0430\u0446\u0438\u0435\u043d\u0442\u043e\u043a \u0441 \u0440\u0430\u043a\u043e\u043c \u0433\u0440\u0443\u0434\u0438, \u0442\u0430\u043a \u043a\u0430\u043a \u044d\u0442\u0430 \u0442\u0435\u0445\u043d\u0438\u043a\u0430 \u043f\u043e\u0437\u0432\u043e\u043b\u044f\u0435\u0442 \u0434\u043e\u0431\u0438\u0442\u044c\u0441\u044f \u043e\u0447\u0435\u043d\u044c \u0433\u0430\u0440\u043c\u043e\u043d\u0438\u0447\u043d\u044b\u0445 \u0440\u0435\u0437\u0443\u043b\u044c\u0442\u0430\u0442\u043e\u0432 \u0432 \u043e\u0444\u043e\u0440\u043c\u043b\u0435\u043d\u0438\u0438 \u0430\u0440\u0435\u043e\u043b\u044b.<\/p><p>\u00a0<\/p>\t\t\t\t\t\t\t\t<\/div>\n\t\t\t\t<\/div>\n\t\t\t\t<\/div>\n\t\t<div class=\"elementor-element elementor-element-0a5c125 e-con-full e-flex e-con e-child\" data-id=\"0a5c125\" data-element_type=\"container\" data-e-type=\"container\">\n\t\t\t\t<div class=\"elementor-element elementor-element-4209d2d elementor-widget elementor-widget-image-carousel\" data-id=\"4209d2d\" data-element_type=\"widget\" data-e-type=\"widget\" data-settings=\"{&quot;slides_to_show&quot;:&quot;1&quot;,&quot;navigation&quot;:&quot;none&quot;,&quot;autoplay&quot;:&quot;yes&quot;,&quot;pause_on_hover&quot;:&quot;yes&quot;,&quot;pause_on_interaction&quot;:&quot;yes&quot;,&quot;autoplay_speed&quot;:5000,&quot;infinite&quot;:&quot;yes&quot;,&quot;effect&quot;:&quot;slide&quot;,&quot;speed&quot;:500}\" data-widget_type=\"image-carousel.default\">\n\t\t\t\t<div class=\"elementor-widget-container\">\n\t\t\t\t\t\t\t<div class=\"elementor-image-carousel-wrapper swiper\" role=\"region\" aria-roledescription=\"carousel\" aria-label=\"\u041a\u0430\u0440\u0443\u0441\u0435\u043b\u044c \u0438\u0437\u043e\u0431\u0440\u0430\u0436\u0435\u043d\u0438\u0439\" dir=\"ltr\">\n\t\t\t<div class=\"elementor-image-carousel swiper-wrapper\" aria-live=\"off\">\n\t\t\t\t\t\t\t\t<div class=\"swiper-slide\" role=\"group\" aria-roledescription=\"slide\" aria-label=\"1 \u0438\u0437 1\"><figure class=\"swiper-slide-inner\"><img decoding=\"async\" class=\"swiper-slide-image\" src=\"https:\/\/cemel.es\/wp-content\/uploads\/2024\/01\/cemeyq_tratamientosesteticos_10.jpg\" alt=\"cemeyq_tratamientosesteticos_10\" \/><\/figure><\/div>\t\t\t<\/div>\n\t\t\t\t\t<\/div>\n\t\t\t\t\t\t<\/div>\n\t\t\t\t<\/div>\n\t\t\t\t<\/div>\n\t\t\t\t\t<\/div>\n\t\t\t\t<\/div>\n\t\t\t\t<\/div>","protected":false},"excerpt":{"rendered":"<p>Micropigmentaci\u00f3n y Microblading No podemos olvidarnos de otro elemento fundamental que constituye el rostro y, que aporta no solo belleza sino expresi\u00f3n y personalidad, Las Cejas. Unas cejas bien definidas y con aspecto natural lograr\u00e1 embellecer y potenciar la mirada. Existen 2 alternativas con las que podr\u00e1s conseguir una mirada mucho m\u00e1s atractiva. \u00a0 La [&hellip;]<\/p>\n","protected":false},"author":1,"featured_media":0,"parent":929,"menu_order":0,"comment_status":"closed","ping_status":"closed","template":"","meta":{"footnotes":""},"class_list":["post-957","page","type-page","status-publish","hentry"],"_links":{"self":[{"href":"https:\/\/cemel.es\/ru\/wp-json\/wp\/v2\/pages\/957","targetHints":{"allow":["GET"]}}],"collection":[{"href":"https:\/\/cemel.es\/ru\/wp-json\/wp\/v2\/pages"}],"about":[{"href":"https:\/\/cemel.es\/ru\/wp-json\/wp\/v2\/types\/page"}],"author":[{"embeddable":true,"href":"https:\/\/cemel.es\/ru\/wp-json\/wp\/v2\/users\/1"}],"replies":[{"embeddable":true,"href":"https:\/\/cemel.es\/ru\/wp-json\/wp\/v2\/comments?post=957"}],"version-history":[{"count":16,"href":"https:\/\/cemel.es\/ru\/wp-json\/wp\/v2\/pages\/957\/revisions"}],"predecessor-version":[{"id":1519,"href":"https:\/\/cemel.es\/ru\/wp-json\/wp\/v2\/pages\/957\/revisions\/1519"}],"up":[{"embeddable":true,"href":"https:\/\/cemel.es\/ru\/wp-json\/wp\/v2\/pages\/929"}],"wp:attachment":[{"href":"https:\/\/cemel.es\/ru\/wp-json\/wp\/v2\/media?parent=957"}],"curies":[{"name":"wp","href":"https:\/\/api.w.org\/{rel}","templated":true}]}}