{"id":921,"date":"2024-01-08T20:47:43","date_gmt":"2024-01-08T20:47:43","guid":{"rendered":"https:\/\/cemel.es\/?page_id=921"},"modified":"2024-03-20T11:45:45","modified_gmt":"2024-03-20T11:45:45","slug":"unidad-de-varices","status":"publish","type":"page","link":"https:\/\/cemel.es\/ru\/medicina-estetica\/unidad-de-varices\/","title":{"rendered":"\u041e\u0442\u0434\u0435\u043b\u0435\u043d\u0438\u0435 \u0432\u0430\u0440\u0438\u043a\u043e\u0437\u043d\u043e\u0433\u043e \u0440\u0430\u0441\u0448\u0438\u0440\u0435\u043d\u0438\u044f \u0432\u0435\u043d"},"content":{"rendered":"<div data-elementor-type=\"wp-page\" data-elementor-id=\"921\" class=\"elementor elementor-921\" data-elementor-post-type=\"page\">\n\t\t\t\t<div class=\"elementor-element elementor-element-4ecd1b7f e-flex e-con-boxed e-con e-parent\" data-id=\"4ecd1b7f\" data-element_type=\"container\" data-e-type=\"container\">\n\t\t\t\t\t<div class=\"e-con-inner\">\n\t\t<div class=\"elementor-element elementor-element-6032f656 e-con-full e-flex e-con e-child\" data-id=\"6032f656\" data-element_type=\"container\" data-e-type=\"container\">\n\t\t\t\t<div class=\"elementor-element elementor-element-a2478a4 elementor-invisible elementor-widget elementor-widget-heading\" data-id=\"a2478a4\" data-element_type=\"widget\" data-e-type=\"widget\" data-settings=\"{&quot;_animation&quot;:&quot;fadeInLeft&quot;}\" data-widget_type=\"heading.default\">\n\t\t\t\t<div class=\"elementor-widget-container\">\n\t\t\t\t\t<h1 class=\"elementor-heading-title elementor-size-default\">\n\u041e\u0442\u0434\u0435\u043b\u0435\u043d\u0438\u0435 \u0432\u0430\u0440\u0438\u043a\u043e\u0437\u043d\u043e\u0433\u043e \u0440\u0430\u0441\u0448\u0438\u0440\u0435\u043d\u0438\u044f \u0432\u0435\u043d\n<\/h1>\t\t\t\t<\/div>\n\t\t\t\t<\/div>\n\t\t\t\t<div class=\"elementor-element elementor-element-2b524112 elementor-widget elementor-widget-text-editor\" data-id=\"2b524112\" data-element_type=\"widget\" data-e-type=\"widget\" data-widget_type=\"text-editor.default\">\n\t\t\t\t<div class=\"elementor-widget-container\">\n\t\t\t\t\t\t\t\t\t<p>\u041f\u0440\u0438\u0432\u043b\u0435\u043a\u0430\u0442\u0435\u043b\u044c\u043d\u044b\u0435 \u043d\u043e\u0433\u0438 \u0442\u0435\u043f\u0435\u0440\u044c \u0432\u043e\u0437\u043c\u043e\u0436\u043d\u044b. CEMEL \u043f\u0440\u0435\u0434\u043b\u0430\u0433\u0430\u0435\u0442 \u0432\u0430\u043c \u0441\u043f\u0435\u0446\u0438\u0430\u043b\u0438\u0437\u0438\u0440\u043e\u0432\u0430\u043d\u043d\u044b\u0439 \u0430\u043f\u043f\u0430\u0440\u0430\u0442 \u0434\u043b\u044f \u043f\u0440\u043e\u0444\u0438\u043b\u0430\u043a\u0442\u0438\u043a\u0438 \u0438 \u0443\u0441\u0442\u0440\u0430\u043d\u0435\u043d\u0438\u044f \u0432\u0430\u0440\u0438\u043a\u043e\u0437\u043d\u043e\u0433\u043e \u0440\u0430\u0441\u0448\u0438\u0440\u0435\u043d\u0438\u044f \u0432\u0435\u043d. \u041c\u0430\u043b\u043e\u043f\u043e\u0434\u0432\u0438\u0436\u043d\u044b\u0439 \u043e\u0431\u0440\u0430\u0437 \u0436\u0438\u0437\u043d\u0438, \u043d\u0435\u043f\u0440\u0430\u0432\u0438\u043b\u044c\u043d\u043e\u0435 \u043f\u0438\u0442\u0430\u043d\u0438\u0435, \u043a\u0443\u0440\u0435\u043d\u0438\u0435 \u0438 \u0434\u0430\u0436\u0435 \u0433\u0435\u043d\u0435\u0442\u0438\u0447\u0435\u0441\u043a\u0438\u0435 \u0444\u0430\u043a\u0442\u043e\u0440\u044b \u043d\u0430\u0440\u0443\u0448\u0430\u044e\u0442 \u043a\u0440\u043e\u0432\u043e\u043e\u0431\u0440\u0430\u0449\u0435\u043d\u0438\u0435 \u0438 \u043f\u0440\u0438\u0432\u043e\u0434\u044f\u0442 \u043a \u043e\u0431\u0440\u0430\u0437\u043e\u0432\u0430\u043d\u0438\u044e \u0432\u0430\u0440\u0438\u043a\u043e\u0437\u043d\u043e\u0433\u043e \u0440\u0430\u0441\u0448\u0438\u0440\u0435\u043d\u0438\u044f \u0432\u0435\u043d.<\/p><p>\u00a0<\/p>\t\t\t\t\t\t\t\t<\/div>\n\t\t\t\t<\/div>\n\t\t<div class=\"elementor-element elementor-element-46835710 e-con-full e-flex e-con e-child\" data-id=\"46835710\" data-element_type=\"container\" data-e-type=\"container\">\n\t\t<div class=\"elementor-element elementor-element-18bb4e1 e-con-full e-flex e-con e-child\" data-id=\"18bb4e1\" data-element_type=\"container\" data-e-type=\"container\">\n\t\t\t\t<div class=\"elementor-element elementor-element-430908b elementor-invisible elementor-widget elementor-widget-heading\" data-id=\"430908b\" data-element_type=\"widget\" data-e-type=\"widget\" data-settings=\"{&quot;_animation&quot;:&quot;fadeIn&quot;}\" data-widget_type=\"heading.default\">\n\t\t\t\t<div class=\"elementor-widget-container\">\n\t\t\t\t\t<h2 class=\"elementor-heading-title elementor-size-default\">\u041b\u0435\u0447\u0435\u043d\u0438\u0435<\/h2>\t\t\t\t<\/div>\n\t\t\t\t<\/div>\n\t\t\t\t<div class=\"elementor-element elementor-element-47ffcca1 elementor-icon-list--layout-traditional elementor-list-item-link-full_width elementor-widget elementor-widget-icon-list\" data-id=\"47ffcca1\" data-element_type=\"widget\" data-e-type=\"widget\" data-widget_type=\"icon-list.default\">\n\t\t\t\t<div class=\"elementor-widget-container\">\n\t\t\t\t\t\t\t<ul class=\"elementor-icon-list-items\">\n\t\t\t\t\t\t\t<li class=\"elementor-icon-list-item\">\n\t\t\t\t\t\t\t\t\t\t\t<a href=\"#Aumento%20de%20Labios\">\n\n\t\t\t\t\t\t\t\t\t\t\t\t<span class=\"elementor-icon-list-icon\">\n\t\t\t\t\t\t\t<svg aria-hidden=\"true\" class=\"e-font-icon-svg e-fas-check\" viewbox=\"0 0 512 512\" xmlns=\"http:\/\/www.w3.org\/2000\/svg\"><path d=\"M173.898 439.404l-166.4-166.4c-9.997-9.997-9.997-26.206 0-36.204l36.203-36.204c9.997-9.998 26.207-9.998 36.204 0L192 312.69 432.095 72.596c9.997-9.997 26.207-9.997 36.204 0l36.203 36.204c9.997 9.997 9.997 26.206 0 36.204l-294.4 294.401c-9.998 9.997-26.207 9.997-36.204-.001z\"><\/path><\/svg>\t\t\t\t\t\t<\/span>\n\t\t\t\t\t\t\t\t\t\t<span class=\"elementor-icon-list-text\">\u0414\u0438\u0430\u0433\u043d\u043e\u0441\u0442\u0438\u043a\u0430 ECO-DOPLER<\/span>\n\t\t\t\t\t\t\t\t\t\t\t<\/a>\n\t\t\t\t\t\t\t\t\t<\/li>\n\t\t\t\t\t\t\t\t<li class=\"elementor-icon-list-item\">\n\t\t\t\t\t\t\t\t\t\t\t<a href=\"#minilipo\">\n\n\t\t\t\t\t\t\t\t\t\t\t\t<span class=\"elementor-icon-list-icon\">\n\t\t\t\t\t\t\t<svg aria-hidden=\"true\" class=\"e-font-icon-svg e-fas-check\" viewbox=\"0 0 512 512\" xmlns=\"http:\/\/www.w3.org\/2000\/svg\"><path d=\"M173.898 439.404l-166.4-166.4c-9.997-9.997-9.997-26.206 0-36.204l36.203-36.204c9.997-9.998 26.207-9.998 36.204 0L192 312.69 432.095 72.596c9.997-9.997 26.207-9.997 36.204 0l36.203 36.204c9.997 9.997 9.997 26.206 0 36.204l-294.4 294.401c-9.998 9.997-26.207 9.997-36.204-.001z\"><\/path><\/svg>\t\t\t\t\t\t<\/span>\n\t\t\t\t\t\t\t\t\t\t<span class=\"elementor-icon-list-text\">\u041d\u0435\u0434\u043e\u0441\u0442\u0430\u0442\u043e\u0447\u043d\u043e\u0441\u0442\u044c \u0434\u043b\u0438\u043d\u043d\u043e\u0439 \u043f\u043e\u0434\u043a\u043e\u0436\u043d\u043e\u0439 \u0432\u0435\u043d\u044b<\/span>\n\t\t\t\t\t\t\t\t\t\t\t<\/a>\n\t\t\t\t\t\t\t\t\t<\/li>\n\t\t\t\t\t\t<\/ul>\n\t\t\t\t\t\t<\/div>\n\t\t\t\t<\/div>\n\t\t\t\t<\/div>\n\t\t\t\t<\/div>\n\t\t\t\t<\/div>\n\t\t<div class=\"elementor-element elementor-element-0a5c125 e-con-full e-flex e-con e-child\" data-id=\"0a5c125\" data-element_type=\"container\" data-e-type=\"container\">\n\t\t\t\t<div class=\"elementor-element elementor-element-aae305d elementor-widget elementor-widget-image\" data-id=\"aae305d\" data-element_type=\"widget\" data-e-type=\"widget\" data-widget_type=\"image.default\">\n\t\t\t\t<div class=\"elementor-widget-container\">\n\t\t\t\t\t\t\t\t\t\t\t\t\t\t\t<img fetchpriority=\"high\" decoding=\"async\" width=\"600\" height=\"600\" src=\"https:\/\/cemel.es\/wp-content\/uploads\/2024\/01\/cemeyq_tratamientos_unidadvarices_2.jpg\" class=\"attachment-large size-large wp-image-923\" alt=\"\" srcset=\"https:\/\/cemel.es\/wp-content\/uploads\/2024\/01\/cemeyq_tratamientos_unidadvarices_2.jpg 600w, https:\/\/cemel.es\/wp-content\/uploads\/2024\/01\/cemeyq_tratamientos_unidadvarices_2-300x300.jpg 300w, https:\/\/cemel.es\/wp-content\/uploads\/2024\/01\/cemeyq_tratamientos_unidadvarices_2-150x150.jpg 150w, https:\/\/cemel.es\/wp-content\/uploads\/2024\/01\/cemeyq_tratamientos_unidadvarices_2-12x12.jpg 12w\" sizes=\"(max-width: 600px) 100vw, 600px\" \/>\t\t\t\t\t\t\t\t\t\t\t\t\t\t\t<\/div>\n\t\t\t\t<\/div>\n\t\t\t\t<\/div>\n\t\t\t\t\t<\/div>\n\t\t\t\t<\/div>\n\t\t<div class=\"elementor-element elementor-element-5d3408c e-flex e-con-boxed e-con e-parent\" data-id=\"5d3408c\" data-element_type=\"container\" data-e-type=\"container\">\n\t\t\t\t\t<div class=\"e-con-inner\">\n\t\t\t\t<div class=\"elementor-element elementor-element-f03e28e elementor-widget elementor-widget-video\" data-id=\"f03e28e\" data-element_type=\"widget\" data-e-type=\"widget\" data-settings=\"{&quot;youtube_url&quot;:&quot;https:\\\/\\\/youtu.be\\\/wmWmidgLLQo?si=iBmAdY3lkIY38PpL&quot;,&quot;video_type&quot;:&quot;youtube&quot;,&quot;controls&quot;:&quot;yes&quot;}\" data-widget_type=\"video.default\">\n\t\t\t\t<div class=\"elementor-widget-container\">\n\t\t\t\t\t\t\t<div class=\"elementor-wrapper elementor-open-inline\">\n\t\t\t<div class=\"elementor-video\"><\/div>\t\t<\/div>\n\t\t\t\t\t\t<\/div>\n\t\t\t\t<\/div>\n\t\t\t\t\t<\/div>\n\t\t\t\t<\/div>\n\t\t<div class=\"elementor-element elementor-element-6e7ea385 e-flex e-con-boxed e-con e-parent\" data-id=\"6e7ea385\" data-element_type=\"container\" data-e-type=\"container\" id=\"Aumento de Labios\" data-settings=\"{&quot;background_background&quot;:&quot;classic&quot;}\">\n\t\t\t\t\t<div class=\"e-con-inner\">\n\t\t<div class=\"elementor-element elementor-element-5b5d32b9 e-con-full e-flex e-con e-child\" data-id=\"5b5d32b9\" data-element_type=\"container\" data-e-type=\"container\">\n\t\t\t\t<div class=\"elementor-element elementor-element-0e38007 elementor-invisible elementor-widget elementor-widget-image\" data-id=\"0e38007\" data-element_type=\"widget\" data-e-type=\"widget\" data-settings=\"{&quot;_animation&quot;:&quot;zoomIn&quot;}\" data-widget_type=\"image.default\">\n\t\t\t\t<div class=\"elementor-widget-container\">\n\t\t\t\t\t\t\t\t\t\t\t\t\t\t\t<img decoding=\"async\" width=\"349\" height=\"350\" src=\"https:\/\/cemel.es\/wp-content\/uploads\/2024\/03\/ultrasonido-doppler-arterial-miembro-pelvico.webp\" class=\"attachment-full size-full wp-image-2110\" alt=\"\" srcset=\"https:\/\/cemel.es\/wp-content\/uploads\/2024\/03\/ultrasonido-doppler-arterial-miembro-pelvico.webp 349w, https:\/\/cemel.es\/wp-content\/uploads\/2024\/03\/ultrasonido-doppler-arterial-miembro-pelvico-300x300.webp 300w, https:\/\/cemel.es\/wp-content\/uploads\/2024\/03\/ultrasonido-doppler-arterial-miembro-pelvico-150x150.webp 150w, https:\/\/cemel.es\/wp-content\/uploads\/2024\/03\/ultrasonido-doppler-arterial-miembro-pelvico-12x12.webp 12w\" sizes=\"(max-width: 349px) 100vw, 349px\" \/>\t\t\t\t\t\t\t\t\t\t\t\t\t\t\t<\/div>\n\t\t\t\t<\/div>\n\t\t\t\t<\/div>\n\t\t<div class=\"elementor-element elementor-element-dbefa6c e-con-full e-flex e-con e-child\" data-id=\"dbefa6c\" data-element_type=\"container\" data-e-type=\"container\">\n\t\t\t\t<div class=\"elementor-element elementor-element-2502de02 elementor-widget elementor-widget-heading\" data-id=\"2502de02\" data-element_type=\"widget\" data-e-type=\"widget\" id=\"lipo\" data-widget_type=\"heading.default\">\n\t\t\t\t<div class=\"elementor-widget-container\">\n\t\t\t\t\t<h2 class=\"elementor-heading-title elementor-size-default\">\u0420\u0435\u0442\u0438\u043a\u0443\u043b\u044f\u0440\u043d\u044b\u0435 \u0432\u0430\u0440\u0438\u043a\u043e\u0437\u043d\u044b\u0435 \u0432\u0435\u043d\u044b \u0438 \u043f\u0430\u0443\u043a\u043e\u043e\u0431\u0440\u0430\u0437\u043d\u044b\u0435 \u0432\u0435\u043d\u044b<\/h2>\t\t\t\t<\/div>\n\t\t\t\t<\/div>\n\t\t\t\t<div class=\"elementor-element elementor-element-b9ba402 elementor-widget elementor-widget-text-editor\" data-id=\"b9ba402\" data-element_type=\"widget\" data-e-type=\"widget\" data-widget_type=\"text-editor.default\">\n\t\t\t\t<div class=\"elementor-widget-container\">\n\t\t\t\t\t\t\t\t\t\u0421\u043a\u043b\u0435\u0440\u043e\u0437\u0438\u0440\u043e\u0432\u0430\u043d\u0438\u0435 \u0441 \u043f\u043e\u043c\u043e\u0449\u044c\u044e \u043c\u0438\u043a\u0440\u043e\u043f\u0435\u043d\u044b Polidocanol \u0438 \u043d\u0435\u043e\u0434\u0438\u043c\u043e\u0432\u044b\u0439 Yag-\u043b\u0430\u0437\u0435\u0440 - \u043b\u0443\u0447\u0448\u0438\u0435 \u043c\u0435\u0442\u043e\u0434\u044b \u043b\u0435\u0447\u0435\u043d\u0438\u044f \u044d\u0442\u043e\u0433\u043e \u0442\u0438\u043f\u0430 \u0432\u0430\u0440\u0438\u043a\u043e\u0437\u043d\u043e\u0433\u043e \u0440\u0430\u0441\u0448\u0438\u0440\u0435\u043d\u0438\u044f \u0432\u0435\u043d. \u041d\u0430\u0438\u0431\u043e\u043b\u044c\u0448\u0443\u044e \u0441\u043b\u043e\u0436\u043d\u043e\u0441\u0442\u044c \u043f\u0440\u0435\u0434\u0441\u0442\u0430\u0432\u043b\u044f\u044e\u0442 \u0442\u0435\u043b\u0435\u0430\u043d\u0433\u0438\u044d\u043a\u0442\u0430\u0437\u0438\u0438 \u0438\u043b\u0438 \u043f\u0430\u0443\u043a\u043e\u043e\u0431\u0440\u0430\u0437\u043d\u044b\u0435 \u0432\u0435\u043d\u044b, \u0442\u0430\u043a \u043a\u0430\u043a \u043d\u0430 \u043d\u0438\u0445 \u043e\u043a\u0430\u0437\u044b\u0432\u0430\u0435\u0442\u0441\u044f \u0441\u0438\u043b\u044c\u043d\u043e\u0435 \u0434\u0430\u0432\u043b\u0435\u043d\u0438\u0435. \u041a\u0440\u043e\u043c\u0435 \u0442\u043e\u0433\u043e, \u0432\u043e \u0432\u0440\u0435\u043c\u044f \u043b\u0435\u0447\u0435\u043d\u0438\u044f \u043f\u0430\u0446\u0438\u0435\u043d\u0442\u044b \u0434\u043e\u043b\u0436\u043d\u044b \u043d\u043e\u0441\u0438\u0442\u044c \u043a\u043e\u043c\u043f\u0440\u0435\u0441\u0441\u0438\u043e\u043d\u043d\u044b\u0435 \u0447\u0443\u043b\u043a\u0438 \u0438 \u0438\u0437\u0431\u0435\u0433\u0430\u0442\u044c \u0441\u043e\u043b\u043d\u0446\u0430.\t\t\t\t\t\t\t\t<\/div>\n\t\t\t\t<\/div>\n\t\t\t\t<div class=\"elementor-element elementor-element-fc3855d elementor-icon-list--layout-traditional elementor-list-item-link-full_width elementor-widget elementor-widget-icon-list\" data-id=\"fc3855d\" data-element_type=\"widget\" data-e-type=\"widget\" data-widget_type=\"icon-list.default\">\n\t\t\t\t<div class=\"elementor-widget-container\">\n\t\t\t\t\t\t\t<ul class=\"elementor-icon-list-items\">\n\t\t\t\t\t\t\t<li class=\"elementor-icon-list-item\">\n\t\t\t\t\t\t\t\t\t\t\t<a href=\"#Aumento%20de%20Labios\">\n\n\t\t\t\t\t\t\t\t\t\t\t\t<span class=\"elementor-icon-list-icon\">\n\t\t\t\t\t\t\t<svg aria-hidden=\"true\" class=\"e-font-icon-svg e-fas-check\" viewbox=\"0 0 512 512\" xmlns=\"http:\/\/www.w3.org\/2000\/svg\"><path d=\"M173.898 439.404l-166.4-166.4c-9.997-9.997-9.997-26.206 0-36.204l36.203-36.204c9.997-9.998 26.207-9.998 36.204 0L192 312.69 432.095 72.596c9.997-9.997 26.207-9.997 36.204 0l36.203 36.204c9.997 9.997 9.997 26.206 0 36.204l-294.4 294.401c-9.998 9.997-26.207 9.997-36.204-.001z\"><\/path><\/svg>\t\t\t\t\t\t<\/span>\n\t\t\t\t\t\t\t\t\t\t<span class=\"elementor-icon-list-text\">\u042d\u0445\u043e-\u0434\u043e\u043f\u043f\u043b\u0435\u0440\u043e\u0433\u0440\u0430\u0444\u0438\u0447\u0435\u0441\u043a\u0430\u044f \u0434\u0438\u0430\u0433\u043d\u043e\u0441\u0442\u0438\u043a\u0430 \u0432\u0435\u043d\u043e\u0437\u043d\u043e\u0439 \u043d\u0435\u0434\u043e\u0441\u0442\u0430\u0442\u043e\u0447\u043d\u043e\u0441\u0442\u0438<\/span>\n\t\t\t\t\t\t\t\t\t\t\t<\/a>\n\t\t\t\t\t\t\t\t\t<\/li>\n\t\t\t\t\t\t\t\t<li class=\"elementor-icon-list-item\">\n\t\t\t\t\t\t\t\t\t\t\t<a href=\"#minilipo\">\n\n\t\t\t\t\t\t\t\t\t\t\t\t<span class=\"elementor-icon-list-icon\">\n\t\t\t\t\t\t\t<svg aria-hidden=\"true\" class=\"e-font-icon-svg e-fas-check\" viewbox=\"0 0 512 512\" xmlns=\"http:\/\/www.w3.org\/2000\/svg\"><path d=\"M173.898 439.404l-166.4-166.4c-9.997-9.997-9.997-26.206 0-36.204l36.203-36.204c9.997-9.998 26.207-9.998 36.204 0L192 312.69 432.095 72.596c9.997-9.997 26.207-9.997 36.204 0l36.203 36.204c9.997 9.997 9.997 26.206 0 36.204l-294.4 294.401c-9.998 9.997-26.207 9.997-36.204-.001z\"><\/path><\/svg>\t\t\t\t\t\t<\/span>\n\t\t\t\t\t\t\t\t\t\t<span class=\"elementor-icon-list-text\">\u0421\u043a\u043b\u0435\u0440\u043e\u0437\u0438\u0440\u043e\u0432\u0430\u043d\u0438\u0435: \u043c\u0438\u043a\u0440\u043e\u043f\u0435\u043d\u043d\u043e\u0435, \u0436\u0438\u0434\u043a\u043e\u0441\u0442\u043d\u043e\u0435 \u0438 \u0443\u043b\u044c\u0442\u0440\u0430\u0437\u0432\u0443\u043a\u043e\u0432\u043e\u0435 \u0441\u043a\u043b\u0435\u0440\u043e\u0437\u0438\u0440\u043e\u0432\u0430\u043d\u0438\u0435<\/span>\n\t\t\t\t\t\t\t\t\t\t\t<\/a>\n\t\t\t\t\t\t\t\t\t<\/li>\n\t\t\t\t\t\t\t\t<li class=\"elementor-icon-list-item\">\n\t\t\t\t\t\t\t\t\t\t\t<a href=\"#minilipo\">\n\n\t\t\t\t\t\t\t\t\t\t\t\t<span class=\"elementor-icon-list-icon\">\n\t\t\t\t\t\t\t<svg aria-hidden=\"true\" class=\"e-font-icon-svg e-fas-check\" viewbox=\"0 0 512 512\" xmlns=\"http:\/\/www.w3.org\/2000\/svg\"><path d=\"M173.898 439.404l-166.4-166.4c-9.997-9.997-9.997-26.206 0-36.204l36.203-36.204c9.997-9.998 26.207-9.998 36.204 0L192 312.69 432.095 72.596c9.997-9.997 26.207-9.997 36.204 0l36.203 36.204c9.997 9.997 9.997 26.206 0 36.204l-294.4 294.401c-9.998 9.997-26.207 9.997-36.204-.001z\"><\/path><\/svg>\t\t\t\t\t\t<\/span>\n\t\t\t\t\t\t\t\t\t\t<span class=\"elementor-icon-list-text\">\u041d\u0435\u043e\u0434\u0438\u043c\u043e\u0432\u043e-\u042f\u0433 \u043b\u0430\u0437\u0435\u0440<\/span>\n\t\t\t\t\t\t\t\t\t\t\t<\/a>\n\t\t\t\t\t\t\t\t\t<\/li>\n\t\t\t\t\t\t<\/ul>\n\t\t\t\t\t\t<\/div>\n\t\t\t\t<\/div>\n\t\t\t\t<\/div>\n\t\t\t\t\t<\/div>\n\t\t\t\t<\/div>\n\t\t<div class=\"elementor-element elementor-element-0a6c2fc e-flex e-con-boxed e-con e-parent\" data-id=\"0a6c2fc\" data-element_type=\"container\" data-e-type=\"container\" id=\"Aumento de Ment\u00f3n y Redefinici\u00f3n de Mand\u00edbula\" data-settings=\"{&quot;background_background&quot;:&quot;classic&quot;}\">\n\t\t\t\t\t<div class=\"e-con-inner\">\n\t\t<div class=\"elementor-element elementor-element-56d3310 e-con-full e-flex e-con e-child\" data-id=\"56d3310\" data-element_type=\"container\" data-e-type=\"container\">\n\t\t\t\t<div class=\"elementor-element elementor-element-13ec9a8 elementor-invisible elementor-widget elementor-widget-image\" data-id=\"13ec9a8\" data-element_type=\"widget\" data-e-type=\"widget\" data-settings=\"{&quot;_animation&quot;:&quot;zoomIn&quot;}\" data-widget_type=\"image.default\">\n\t\t\t\t<div class=\"elementor-widget-container\">\n\t\t\t\t\t\t\t\t\t\t\t\t\t\t\t<img decoding=\"async\" width=\"600\" height=\"600\" src=\"https:\/\/cemel.es\/wp-content\/uploads\/2024\/01\/cemeyq_tratamientos_unidadvarices_1.jpg\" class=\"attachment-full size-full wp-image-925\" alt=\"\" srcset=\"https:\/\/cemel.es\/wp-content\/uploads\/2024\/01\/cemeyq_tratamientos_unidadvarices_1.jpg 600w, https:\/\/cemel.es\/wp-content\/uploads\/2024\/01\/cemeyq_tratamientos_unidadvarices_1-300x300.jpg 300w, https:\/\/cemel.es\/wp-content\/uploads\/2024\/01\/cemeyq_tratamientos_unidadvarices_1-150x150.jpg 150w, https:\/\/cemel.es\/wp-content\/uploads\/2024\/01\/cemeyq_tratamientos_unidadvarices_1-12x12.jpg 12w\" sizes=\"(max-width: 600px) 100vw, 600px\" \/>\t\t\t\t\t\t\t\t\t\t\t\t\t\t\t<\/div>\n\t\t\t\t<\/div>\n\t\t\t\t<\/div>\n\t\t<div class=\"elementor-element elementor-element-4d1e49e e-con-full e-flex e-con e-child\" data-id=\"4d1e49e\" data-element_type=\"container\" data-e-type=\"container\">\n\t\t\t\t<div class=\"elementor-element elementor-element-42f28d6 elementor-widget elementor-widget-heading\" data-id=\"42f28d6\" data-element_type=\"widget\" data-e-type=\"widget\" id=\"mini\" data-widget_type=\"heading.default\">\n\t\t\t\t<div class=\"elementor-widget-container\">\n\t\t\t\t\t<h2 class=\"elementor-heading-title elementor-size-default\">\u041d\u0435\u0434\u043e\u0441\u0442\u0430\u0442\u043e\u0447\u043d\u043e\u0441\u0442\u044c \u0434\u043b\u0438\u043d\u043d\u043e\u0439 \u043f\u043e\u0434\u043a\u043e\u0436\u043d\u043e\u0439 \u0432\u0435\u043d\u044b<\/h2>\t\t\t\t<\/div>\n\t\t\t\t<\/div>\n\t\t\t\t<div class=\"elementor-element elementor-element-06eeb2b elementor-widget elementor-widget-text-editor\" data-id=\"06eeb2b\" data-element_type=\"widget\" data-e-type=\"widget\" data-widget_type=\"text-editor.default\">\n\t\t\t\t<div class=\"elementor-widget-container\">\n\t\t\t\t\t\t\t\t\t<p>\u041b\u0443\u0447\u0448\u0438\u0435 \u043c\u0435\u0442\u043e\u0434\u044b \u043b\u0435\u0447\u0435\u043d\u0438\u044f - \u044d\u043d\u0434\u043e\u0432\u0430\u0441\u043a\u0443\u043b\u044f\u0440\u043d\u044b\u0435: \u044d\u043d\u0434\u043e\u043b\u0430\u0437\u0435\u0440\u043d\u044b\u0439, \u044d\u043d\u0434\u043e\u0440\u0430\u0434\u0438\u043e\u0447\u0430\u0441\u0442\u043e\u0442\u043d\u044b\u0439 \u0438\u043b\u0438 \u0434\u0430\u0436\u0435 \u044d\u0445\u043e\u0433\u0435\u043d\u043d\u0430\u044f \u043f\u0435\u043d\u0430 \u043f\u043e\u043b\u0438\u0434\u043e\u043a\u0430\u043d\u043e\u043b\u0430 \u0438 \u0434\u0440. \u041e\u043d\u0438 \u0437\u0430\u043a\u043b\u044e\u0447\u0430\u044e\u0442\u0441\u044f \u0432 \u0442\u043e\u043c, \u0447\u0442\u043e \u043b\u0430\u0437\u0435\u0440\u043d\u043e\u0435 \u0432\u043e\u043b\u043e\u043a\u043d\u043e \u0438\u043b\u0438 \u0440\u0430\u0434\u0438\u043e\u0447\u0430\u0441\u0442\u043e\u0442\u0430 \u0432\u0432\u043e\u0434\u044f\u0442\u0441\u044f \u043d\u0430 \u0434\u0438\u0441\u0442\u0430\u043b\u044c\u043d\u043e\u043c \u0443\u0440\u043e\u0432\u043d\u0435, \u0442\u043e \u0435\u0441\u0442\u044c \u0441\u0443\u043f\u0440\u0430\u043c\u0430\u043b\u043b\u0435\u043e\u043b\u044f\u0440\u043d\u043e \u0438\u043b\u0438 \u0438\u043d\u0444\u0440\u0430\u0440\u043e\u0442\u0443\u043b\u044f\u0440\u043d\u043e, \u0434\u043e\u0441\u0442\u0438\u0433\u0430\u044e\u0442 \u0432\u0442\u043e\u0440\u043e\u0433\u043e \u043a\u043b\u0430\u043f\u0430\u043d\u0430 \u043f\u043e\u0434\u043a\u043e\u0436\u043d\u043e\u0439 \u0434\u0443\u0433\u0438, \u043f\u0440\u0438\u043c\u0435\u0440\u043d\u043e \u0432 2 \u0441\u0430\u043d\u0442\u0438\u043c\u0435\u0442\u0440\u0430\u0445 \u043e\u0442 \u043d\u0435\u0433\u043e, \u0438 \u0432\u044b\u0436\u0438\u0433\u0430\u044e\u0442 \u0432\u0430\u0440\u0438\u043a\u043e\u0437\u043d\u0443\u044e \u0432\u0435\u043d\u0443 \u0438\u0437\u043d\u0443\u0442\u0440\u0438. \u0421\u043e\u0447\u0435\u0442\u0430\u0439\u0442\u0435 \u043f\u0440\u043e\u0446\u0435\u0434\u0443\u0440\u044b \u0441 \u043b\u0438\u043c\u0444\u043e\u0434\u0440\u0435\u043d\u0430\u0436\u0435\u043c \u0438 \u043f\u0440\u0435\u0441\u0441\u043e\u0442\u0435\u0440\u0430\u043f\u0438\u0435\u0439, \u0443\u0441\u0438\u043b\u0438\u0432\u0430\u044f \u043a\u0440\u043e\u0432\u043e\u043e\u0431\u0440\u0430\u0449\u0435\u043d\u0438\u0435 \u0438 \u043f\u0440\u0435\u0434\u043e\u0442\u0432\u0440\u0430\u0449\u0430\u044f \u043f\u043e\u044f\u0432\u043b\u0435\u043d\u0438\u0435 \u043d\u043e\u0432\u044b\u0445 \u0432\u0430\u0440\u0438\u043a\u043e\u0437\u043d\u044b\u0445 \u0432\u0435\u043d.<\/p>\t\t\t\t\t\t\t\t<\/div>\n\t\t\t\t<\/div>\n\t\t\t\t<\/div>\n\t\t\t\t\t<\/div>\n\t\t\t\t<\/div>\n\t\t<div class=\"elementor-element elementor-element-fe6eba4 e-flex e-con-boxed e-con e-parent\" data-id=\"fe6eba4\" data-element_type=\"container\" data-e-type=\"container\">\n\t\t\t\t\t<div class=\"e-con-inner\">\n\t\t\t\t<div class=\"elementor-element elementor-element-329eacf elementor-widget elementor-widget-video\" data-id=\"329eacf\" data-element_type=\"widget\" data-e-type=\"widget\" data-settings=\"{&quot;youtube_url&quot;:&quot;https:\\\/\\\/youtu.be\\\/gyCpWIfeJ4o&quot;,&quot;video_type&quot;:&quot;youtube&quot;,&quot;controls&quot;:&quot;yes&quot;}\" data-widget_type=\"video.default\">\n\t\t\t\t<div class=\"elementor-widget-container\">\n\t\t\t\t\t\t\t<div class=\"elementor-wrapper elementor-open-inline\">\n\t\t\t<div class=\"elementor-video\"><\/div>\t\t<\/div>\n\t\t\t\t\t\t<\/div>\n\t\t\t\t<\/div>\n\t\t\t\t\t<\/div>\n\t\t\t\t<\/div>\n\t\t\t\t<\/div>","protected":false},"excerpt":{"rendered":"<p>Unidad de Varices Lucir unas piernas atractivas ya es posible. CEMEL pone a tu disposici\u00f3n su unidad especializada en el tratamiento de prevenci\u00f3n y eliminaci\u00f3n de varices. Un estilo de vida sedentario, la mala alimentaci\u00f3n, el tabaquismo e incluso factores gen\u00e9ticos interfieren en la mala circulaci\u00f3n llevando al paciente a la formaci\u00f3n de varices. \u00a0 [&hellip;]<\/p>\n","protected":false},"author":1,"featured_media":0,"parent":831,"menu_order":0,"comment_status":"closed","ping_status":"closed","template":"","meta":{"footnotes":""},"class_list":["post-921","page","type-page","status-publish","hentry"],"_links":{"self":[{"href":"https:\/\/cemel.es\/ru\/wp-json\/wp\/v2\/pages\/921","targetHints":{"allow":["GET"]}}],"collection":[{"href":"https:\/\/cemel.es\/ru\/wp-json\/wp\/v2\/pages"}],"about":[{"href":"https:\/\/cemel.es\/ru\/wp-json\/wp\/v2\/types\/page"}],"author":[{"embeddable":true,"href":"https:\/\/cemel.es\/ru\/wp-json\/wp\/v2\/users\/1"}],"replies":[{"embeddable":true,"href":"https:\/\/cemel.es\/ru\/wp-json\/wp\/v2\/comments?post=921"}],"version-history":[{"count":40,"href":"https:\/\/cemel.es\/ru\/wp-json\/wp\/v2\/pages\/921\/revisions"}],"predecessor-version":[{"id":2239,"href":"https:\/\/cemel.es\/ru\/wp-json\/wp\/v2\/pages\/921\/revisions\/2239"}],"up":[{"embeddable":true,"href":"https:\/\/cemel.es\/ru\/wp-json\/wp\/v2\/pages\/831"}],"wp:attachment":[{"href":"https:\/\/cemel.es\/ru\/wp-json\/wp\/v2\/media?parent=921"}],"curies":[{"name":"wp","href":"https:\/\/api.w.org\/{rel}","templated":true}]}}