{"id":819,"date":"2024-01-08T09:01:05","date_gmt":"2024-01-08T09:01:05","guid":{"rendered":"https:\/\/cemel.es\/?page_id=819"},"modified":"2024-01-08T09:30:41","modified_gmt":"2024-01-08T09:30:41","slug":"cirugia-de-gluteos","status":"publish","type":"page","link":"https:\/\/cemel.es\/ru\/cirugia-estetica\/cirugia-de-gluteos\/","title":{"rendered":"\u041f\u043b\u0430\u0441\u0442\u0438\u043a\u0430 \u044f\u0433\u043e\u0434\u0438\u0446"},"content":{"rendered":"<div data-elementor-type=\"wp-page\" data-elementor-id=\"819\" class=\"elementor elementor-819\" data-elementor-post-type=\"page\">\n\t\t\t\t<div class=\"elementor-element elementor-element-5f1429d1 e-flex e-con-boxed e-con e-parent\" data-id=\"5f1429d1\" data-element_type=\"container\" data-e-type=\"container\">\n\t\t\t\t\t<div class=\"e-con-inner\">\n\t\t<div class=\"elementor-element elementor-element-5c8b6da2 e-con-full e-flex e-con e-child\" data-id=\"5c8b6da2\" data-element_type=\"container\" data-e-type=\"container\">\n\t\t\t\t<div class=\"elementor-element elementor-element-5d7ab15a elementor-invisible elementor-widget elementor-widget-heading\" data-id=\"5d7ab15a\" data-element_type=\"widget\" data-e-type=\"widget\" data-settings=\"{&quot;_animation&quot;:&quot;fadeInLeft&quot;}\" data-widget_type=\"heading.default\">\n\t\t\t\t<div class=\"elementor-widget-container\">\n\t\t\t\t\t<h1 class=\"elementor-heading-title elementor-size-default\">\u041f\u043b\u0430\u0441\u0442\u0438\u043a\u0430 \u044f\u0433\u043e\u0434\u0438\u0446<\/h1>\t\t\t\t<\/div>\n\t\t\t\t<\/div>\n\t\t\t\t<div class=\"elementor-element elementor-element-6aeaf1c elementor-invisible elementor-widget elementor-widget-heading\" data-id=\"6aeaf1c\" data-element_type=\"widget\" data-e-type=\"widget\" data-settings=\"{&quot;_animation&quot;:&quot;fadeInLeft&quot;}\" data-widget_type=\"heading.default\">\n\t\t\t\t<div class=\"elementor-widget-container\">\n\t\t\t\t\t<h1 class=\"elementor-heading-title elementor-size-default\">\u0423\u0432\u0435\u043b\u0438\u0447\u0435\u043d\u0438\u0435 \u044f\u0433\u043e\u0434\u0438\u0446<\/h1>\t\t\t\t<\/div>\n\t\t\t\t<\/div>\n\t\t\t\t<div class=\"elementor-element elementor-element-4707f2bf elementor-widget elementor-widget-text-editor\" data-id=\"4707f2bf\" data-element_type=\"widget\" data-e-type=\"widget\" data-widget_type=\"text-editor.default\">\n\t\t\t\t<div class=\"elementor-widget-container\">\n\t\t\t\t\t\t\t\t\t<div class=\"elementor-element elementor-element-209c6c7 elementor-widget elementor-widget-text-editor\" data-id=\"209c6c7\" data-element_type=\"widget\" data-widget_type=\"text-editor.default\"><div class=\"elementor-widget-container\"><p class=\"Standard\">\u041d\u0430 \u0441\u0435\u0433\u043e\u0434\u043d\u044f\u0448\u043d\u0438\u0439 \u0434\u0435\u043d\u044c \u044d\u0442\u043e \u043e\u0434\u043d\u0430 \u0438\u0437 \u0441\u0430\u043c\u044b\u0445 \u0432\u043e\u0441\u0442\u0440\u0435\u0431\u043e\u0432\u0430\u043d\u043d\u044b\u0445 \u044d\u0441\u0442\u0435\u0442\u0438\u0447\u0435\u0441\u043a\u0438\u0445 \u043e\u043f\u0435\u0440\u0430\u0446\u0438\u0439, \u0447\u0442\u043e \u0441\u0432\u044f\u0437\u0430\u043d\u043e \u0441 \u0438\u0437\u043c\u0435\u043d\u0435\u043d\u0438\u0435\u043c \u043a\u0430\u043d\u043e\u043d\u043e\u0432 \u043a\u0440\u0430\u0441\u043e\u0442\u044b, \u043f\u043e\u044f\u0432\u0438\u0432\u0448\u0438\u0445\u0441\u044f \u0432 \u043f\u043e\u0441\u043b\u0435\u0434\u043d\u0438\u0435 \u0433\u043e\u0434\u044b. \u0421\u0435\u0433\u043e\u0434\u043d\u044f \u0441\u0442\u0435\u0440\u0435\u043e\u0442\u0438\u043f \u043a\u0440\u0430\u0441\u043e\u0442\u044b \u0442\u0435\u043b\u0430 \u043e\u0441\u043d\u043e\u0432\u044b\u0432\u0430\u0435\u0442\u0441\u044f \u043d\u0430 \u0431\u043e\u043b\u0435\u0435 \u0430\u0442\u043b\u0435\u0442\u0438\u0447\u043d\u043e\u043c \u0438 \u0441\u043b\u0430\u0434\u043e\u0441\u0442\u0440\u0430\u0441\u0442\u043d\u043e\u043c \u0442\u0435\u043b\u0435, \u043e\u0442\u043a\u0430\u0437\u0430\u0432\u0448\u0438\u0441\u044c \u043e\u0442 \u044d\u043a\u0441\u0442\u0440\u0435\u043c\u0430\u043b\u044c\u043d\u043e\u0439 \u0445\u0443\u0434\u043e\u0431\u044b \u043f\u0440\u0435\u0434\u044b\u0434\u0443\u0449\u0438\u0445 \u044d\u0442\u0430\u043f\u043e\u0432. \u0421 \u043e\u0431\u044a\u0435\u043c\u043d\u044b\u043c\u0438 \u0438 \u043e\u043a\u0440\u0443\u0433\u043b\u044b\u043c\u0438 \u044f\u0433\u043e\u0434\u0438\u0446\u0430\u043c\u0438 \u043c\u044b \u043f\u043e\u043b\u0443\u0447\u0438\u043c \u0431\u043e\u043b\u0435\u0435 \u0444\u0438\u0433\u0443\u0440\u0438\u0441\u0442\u0443\u044e \u0444\u0438\u0433\u0443\u0440\u0443, \u0431\u043b\u0430\u0433\u043e\u0434\u0430\u0440\u044f \u0447\u0435\u043c\u0443 \u043e\u043f\u0440\u0435\u0434\u0435\u043b\u0435\u043d\u043d\u0430\u044f \u043e\u0434\u0435\u0436\u0434\u0430 \u0431\u0443\u0434\u0435\u0442 \u043b\u0443\u0447\u0448\u0435 \u043f\u043e\u0434\u0445\u043e\u0434\u0438\u0442\u044c \u043a \u043d\u0430\u0448\u0435\u043c\u0443 \u0441\u0438\u043b\u0443\u044d\u0442\u0443.<\/p><p>Cemeyq \u043f\u0440\u0435\u0434\u043b\u0430\u0433\u0430\u0435\u0442 \u0432\u0430\u043c \u0441\u043b\u0435\u0434\u0443\u044e\u0449\u0438\u0435 \u0442\u0435\u0445\u043d\u0438\u043a\u0438:<\/p><\/div><\/div>\t\t\t\t\t\t\t\t<\/div>\n\t\t\t\t<\/div>\n\t\t<div class=\"elementor-element elementor-element-61294c29 e-con-full e-flex e-con e-child\" data-id=\"61294c29\" data-element_type=\"container\" data-e-type=\"container\">\n\t\t<div class=\"elementor-element elementor-element-23129c1d e-con-full e-flex e-con e-child\" data-id=\"23129c1d\" data-element_type=\"container\" data-e-type=\"container\">\n\t\t\t\t<div class=\"elementor-element elementor-element-75cb9a29 elementor-invisible elementor-widget elementor-widget-heading\" data-id=\"75cb9a29\" data-element_type=\"widget\" data-e-type=\"widget\" data-settings=\"{&quot;_animation&quot;:&quot;fadeIn&quot;}\" data-widget_type=\"heading.default\">\n\t\t\t\t<div class=\"elementor-widget-container\">\n\t\t\t\t\t<h2 class=\"elementor-heading-title elementor-size-default\">\u041b\u0435\u0447\u0435\u043d\u0438\u0435<\/h2>\t\t\t\t<\/div>\n\t\t\t\t<\/div>\n\t\t\t\t<div class=\"elementor-element elementor-element-5cce8bc5 elementor-widget__width-initial elementor-icon-list--layout-traditional elementor-list-item-link-full_width elementor-widget elementor-widget-icon-list\" data-id=\"5cce8bc5\" data-element_type=\"widget\" data-e-type=\"widget\" data-widget_type=\"icon-list.default\">\n\t\t\t\t<div class=\"elementor-widget-container\">\n\t\t\t\t\t\t\t<ul class=\"elementor-icon-list-items\">\n\t\t\t\t\t\t\t<li class=\"elementor-icon-list-item\">\n\t\t\t\t\t\t\t\t\t\t\t<a href=\"#lipo\">\n\n\t\t\t\t\t\t\t\t\t\t\t\t<span class=\"elementor-icon-list-icon\">\n\t\t\t\t\t\t\t<svg aria-hidden=\"true\" class=\"e-font-icon-svg e-fas-check\" viewbox=\"0 0 512 512\" xmlns=\"http:\/\/www.w3.org\/2000\/svg\"><path d=\"M173.898 439.404l-166.4-166.4c-9.997-9.997-9.997-26.206 0-36.204l36.203-36.204c9.997-9.998 26.207-9.998 36.204 0L192 312.69 432.095 72.596c9.997-9.997 26.207-9.997 36.204 0l36.203 36.204c9.997 9.997 9.997 26.206 0 36.204l-294.4 294.401c-9.998 9.997-26.207 9.997-36.204-.001z\"><\/path><\/svg>\t\t\t\t\t\t<\/span>\n\t\t\t\t\t\t\t\t\t\t<span class=\"elementor-icon-list-text\">\u0423\u0432\u0435\u043b\u0438\u0447\u0435\u043d\u0438\u0435 \u044f\u0433\u043e\u0434\u0438\u0446 \u0441 \u043f\u043e\u043c\u043e\u0449\u044c\u044e \u0430\u0443\u0442\u043e\u043b\u043e\u0433\u0438\u0447\u043d\u043e\u0433\u043e \u0436\u0438\u0440\u0430 \u0438\u043b\u0438 \u0433\u0438\u0430\u043b\u0443\u0440\u043e\u043d\u043e\u0432\u043e\u0439 \u043a\u0438\u0441\u043b\u043e\u0442\u044b <\/span>\n\t\t\t\t\t\t\t\t\t\t\t<\/a>\n\t\t\t\t\t\t\t\t\t<\/li>\n\t\t\t\t\t\t\t\t<li class=\"elementor-icon-list-item\">\n\t\t\t\t\t\t\t\t\t\t\t<a href=\"#minilipo\">\n\n\t\t\t\t\t\t\t\t\t\t\t\t<span class=\"elementor-icon-list-icon\">\n\t\t\t\t\t\t\t<svg aria-hidden=\"true\" class=\"e-font-icon-svg e-fas-check\" viewbox=\"0 0 512 512\" xmlns=\"http:\/\/www.w3.org\/2000\/svg\"><path d=\"M173.898 439.404l-166.4-166.4c-9.997-9.997-9.997-26.206 0-36.204l36.203-36.204c9.997-9.998 26.207-9.998 36.204 0L192 312.69 432.095 72.596c9.997-9.997 26.207-9.997 36.204 0l36.203 36.204c9.997 9.997 9.997 26.206 0 36.204l-294.4 294.401c-9.998 9.997-26.207 9.997-36.204-.001z\"><\/path><\/svg>\t\t\t\t\t\t<\/span>\n\t\t\t\t\t\t\t\t\t\t<span class=\"elementor-icon-list-text\">\u0423\u0432\u0435\u043b\u0438\u0447\u0435\u043d\u0438\u0435 \u044f\u0433\u043e\u0434\u0438\u0446 \u0441 \u043f\u043e\u043c\u043e\u0449\u044c\u044e \u043f\u0440\u043e\u0442\u0435\u0437\u0430<\/span>\n\t\t\t\t\t\t\t\t\t\t\t<\/a>\n\t\t\t\t\t\t\t\t\t<\/li>\n\t\t\t\t\t\t<\/ul>\n\t\t\t\t\t\t<\/div>\n\t\t\t\t<\/div>\n\t\t\t\t<\/div>\n\t\t\t\t<\/div>\n\t\t\t\t<\/div>\n\t\t<div class=\"elementor-element elementor-element-6f604364 e-con-full e-flex e-con e-child\" data-id=\"6f604364\" data-element_type=\"container\" data-e-type=\"container\">\n\t\t\t\t<div class=\"elementor-element elementor-element-43fa83e6 elementor-widget elementor-widget-image\" data-id=\"43fa83e6\" data-element_type=\"widget\" data-e-type=\"widget\" data-widget_type=\"image.default\">\n\t\t\t\t<div class=\"elementor-widget-container\">\n\t\t\t\t\t\t\t\t\t\t\t\t\t\t\t<img fetchpriority=\"high\" decoding=\"async\" width=\"600\" height=\"600\" src=\"https:\/\/cemel.es\/wp-content\/uploads\/2024\/01\/cemeyq_aumentodegluteos_1.jpg\" class=\"attachment-large size-large wp-image-822\" alt=\"\" srcset=\"https:\/\/cemel.es\/wp-content\/uploads\/2024\/01\/cemeyq_aumentodegluteos_1.jpg 600w, https:\/\/cemel.es\/wp-content\/uploads\/2024\/01\/cemeyq_aumentodegluteos_1-300x300.jpg 300w, https:\/\/cemel.es\/wp-content\/uploads\/2024\/01\/cemeyq_aumentodegluteos_1-150x150.jpg 150w, https:\/\/cemel.es\/wp-content\/uploads\/2024\/01\/cemeyq_aumentodegluteos_1-12x12.jpg 12w\" sizes=\"(max-width: 600px) 100vw, 600px\" \/>\t\t\t\t\t\t\t\t\t\t\t\t\t\t\t<\/div>\n\t\t\t\t<\/div>\n\t\t\t\t<\/div>\n\t\t\t\t\t<\/div>\n\t\t\t\t<\/div>\n\t\t<div class=\"elementor-element elementor-element-1e653d39 e-flex e-con-boxed e-con e-parent\" data-id=\"1e653d39\" data-element_type=\"container\" data-e-type=\"container\" id=\"aumento\" data-settings=\"{&quot;background_background&quot;:&quot;classic&quot;}\">\n\t\t\t\t\t<div class=\"e-con-inner\">\n\t\t<div class=\"elementor-element elementor-element-3707dce1 e-con-full e-flex e-con e-child\" data-id=\"3707dce1\" data-element_type=\"container\" data-e-type=\"container\">\n\t\t\t\t<div class=\"elementor-element elementor-element-4ac5c640 elementor-widget elementor-widget-heading\" data-id=\"4ac5c640\" data-element_type=\"widget\" data-e-type=\"widget\" id=\"lipo\" data-widget_type=\"heading.default\">\n\t\t\t\t<div class=\"elementor-widget-container\">\n\t\t\t\t\t<h2 class=\"elementor-heading-title elementor-size-default\">\u0423\u0432\u0435\u043b\u0438\u0447\u0435\u043d\u0438\u0435 \u044f\u0433\u043e\u0434\u0438\u0446 \u0441 \u043f\u043e\u043c\u043e\u0449\u044c\u044e \u0430\u0443\u0442\u043e\u043b\u043e\u0433\u0438\u0447\u043d\u043e\u0433\u043e \u0436\u0438\u0440\u0430 \u0438\u043b\u0438 \u0433\u0438\u0430\u043b\u0443\u0440\u043e\u043d\u043e\u0432\u043e\u0439 \u043a\u0438\u0441\u043b\u043e\u0442\u044b <\/h2>\t\t\t\t<\/div>\n\t\t\t\t<\/div>\n\t\t\t\t<div class=\"elementor-element elementor-element-2e0861f6 elementor-widget elementor-widget-text-editor\" data-id=\"2e0861f6\" data-element_type=\"widget\" data-e-type=\"widget\" data-widget_type=\"text-editor.default\">\n\t\t\t\t<div class=\"elementor-widget-container\">\n\t\t\t\t\t\t\t\t\t<p>\u0423\u0432\u0435\u043b\u0438\u0447\u0435\u043d\u0438\u0435 \u044f\u0433\u043e\u0434\u0438\u0446 \u0441 \u043f\u043e\u043c\u043e\u0449\u044c\u044e \u0430\u0443\u0442\u043e\u043b\u043e\u0433\u0438\u0447\u043d\u043e\u0433\u043e \u0436\u0438\u0440\u0430 \u0438\u043b\u0438 \u0431\u0440\u0430\u0437\u0438\u043b\u044c\u0441\u043a\u0438\u0439 \u043b\u0438\u0444\u0442\u0438\u043d\u0433 \u044f\u0433\u043e\u0434\u0438\u0446 - \u044d\u0442\u043e \u043f\u0435\u0440\u0435\u043d\u043e\u0441 \u0436\u0438\u0440\u0430 \u0441 \u043f\u043e\u043c\u043e\u0449\u044c\u044e \u043b\u0438\u043f\u043e\u0441\u0430\u043a\u0446\u0438\u0438 \u0438\u0437 \u0434\u043e\u043d\u043e\u0440\u0441\u043a\u043e\u0439 \u043e\u0431\u043b\u0430\u0441\u0442\u0438 \u0442\u0435\u043b\u0430 \u0432 \u044f\u0433\u043e\u0434\u0438\u0446\u044b \u0441 \u0446\u0435\u043b\u044c\u044e \u043f\u0440\u0438\u0434\u0430\u043d\u0438\u044f \u0438\u043c \u0444\u043e\u0440\u043c\u044b, \u043f\u0440\u043e\u0435\u043a\u0446\u0438\u0438 \u0438 \u0443\u0432\u0435\u043b\u0438\u0447\u0435\u043d\u0438\u044f \u043e\u0431\u044a\u0435\u043c\u0430. \u0412 \u0442\u0435\u0445 \u0441\u043b\u0443\u0447\u0430\u044f\u0445, \u043a\u043e\u0433\u0434\u0430 \u0443 \u043d\u0430\u0448\u0438\u0445 \u043f\u0430\u0446\u0438\u0435\u043d\u0442\u043e\u0432 \u0441\u043d\u0438\u0436\u0435\u043d \u0438\u043d\u0434\u0435\u043a\u0441 \u0436\u0438\u0440\u0430 \u0432 \u043e\u0440\u0433\u0430\u043d\u0438\u0437\u043c\u0435, \u0445\u0438\u0440\u0443\u0440\u0433 \u043c\u043e\u0436\u0435\u0442 \u0443\u0432\u0435\u043b\u0438\u0447\u0438\u0442\u044c \u043e\u0431\u044a\u0435\u043c \u044f\u0433\u043e\u0434\u0438\u0446 \u0441 \u043f\u043e\u043c\u043e\u0449\u044c\u044e \u0438\u043d\u044a\u0435\u043a\u0446\u0438\u0439 \u0433\u0438\u0430\u043b\u0443\u0440\u043e\u043d\u043e\u0432\u043e\u0439 \u043a\u0438\u0441\u043b\u043e\u0442\u044b.<\/p><p>\u00a0<\/p>\t\t\t\t\t\t\t\t<\/div>\n\t\t\t\t<\/div>\n\t\t\t\t<\/div>\n\t\t<div class=\"elementor-element elementor-element-f513a58 e-con-full e-flex e-con e-child\" data-id=\"f513a58\" data-element_type=\"container\" data-e-type=\"container\">\n\t\t\t\t<div class=\"elementor-element elementor-element-0558960 elementor-widget elementor-widget-heading\" data-id=\"0558960\" data-element_type=\"widget\" data-e-type=\"widget\" data-widget_type=\"heading.default\">\n\t\t\t\t<div class=\"elementor-widget-container\">\n\t\t\t\t\t<h2 class=\"elementor-heading-title elementor-size-default\">\u0423\u0432\u0435\u043b\u0438\u0447\u0435\u043d\u0438\u0435 \u044f\u0433\u043e\u0434\u0438\u0446 \u0441 \u043f\u043e\u043c\u043e\u0449\u044c\u044e \u043f\u0440\u043e\u0442\u0435\u0437\u0430<\/h2>\t\t\t\t<\/div>\n\t\t\t\t<\/div>\n\t\t\t\t<div class=\"elementor-element elementor-element-15b87a3 elementor-widget elementor-widget-text-editor\" data-id=\"15b87a3\" data-element_type=\"widget\" data-e-type=\"widget\" data-widget_type=\"text-editor.default\">\n\t\t\t\t<div class=\"elementor-widget-container\">\n\t\t\t\t\t\t\t\t\t<p>\u0421\u043f\u0435\u0446\u0438\u0430\u043b\u044c\u043d\u043e \u0438\u0437\u0433\u043e\u0442\u043e\u0432\u043b\u0435\u043d\u043d\u044b\u0435 \u043f\u0440\u043e\u0442\u0435\u0437\u044b \u0432\u0432\u043e\u0434\u044f\u0442\u0441\u044f \u0432 \u044f\u0433\u043e\u0434\u0438\u0447\u043d\u0443\u044e \u043c\u044b\u0448\u0446\u0443 \u0447\u0435\u0440\u0435\u0437 \u0440\u0430\u0437\u0440\u0435\u0437 \u0434\u043b\u0438\u043d\u043e\u0439 4 \u0441\u043c, \u043a\u043e\u0442\u043e\u0440\u044b\u0439 \u0431\u0443\u0434\u0435\u0442 \u043d\u0435\u0437\u0430\u043c\u0435\u0442\u0435\u043d \u0432 \u0441\u043a\u043b\u0430\u0434\u043a\u0435 \u043c\u0435\u0436\u0434\u0443 \u044f\u0433\u043e\u0434\u0438\u0446\u0430\u043c\u0438.<\/p><p>\u00a0<\/p>\t\t\t\t\t\t\t\t<\/div>\n\t\t\t\t<\/div>\n\t\t\t\t<\/div>\n\t\t\t\t\t<\/div>\n\t\t\t\t<\/div>\n\t\t\t\t<\/div>","protected":false},"excerpt":{"rendered":"<p>Cirug\u00eda de Gl\u00fateos Aumento de Gl\u00fateos En la actualidad es una de las cirug\u00edas est\u00e9ticas m\u00e1s demandas, debido al cambio de los c\u00e1nones de belleza que han surgido en los \u00faltimos a\u00f1os. Hoy en d\u00eda el estereotipo de belleza corporal se basa en un cuerpo m\u00e1s atl\u00e9tico y m\u00e1s voluptuoso, abandonando la delgadez extrema de [&hellip;]<\/p>\n","protected":false},"author":1,"featured_media":0,"parent":747,"menu_order":0,"comment_status":"closed","ping_status":"closed","template":"","meta":{"footnotes":""},"class_list":["post-819","page","type-page","status-publish","hentry"],"_links":{"self":[{"href":"https:\/\/cemel.es\/ru\/wp-json\/wp\/v2\/pages\/819","targetHints":{"allow":["GET"]}}],"collection":[{"href":"https:\/\/cemel.es\/ru\/wp-json\/wp\/v2\/pages"}],"about":[{"href":"https:\/\/cemel.es\/ru\/wp-json\/wp\/v2\/types\/page"}],"author":[{"embeddable":true,"href":"https:\/\/cemel.es\/ru\/wp-json\/wp\/v2\/users\/1"}],"replies":[{"embeddable":true,"href":"https:\/\/cemel.es\/ru\/wp-json\/wp\/v2\/comments?post=819"}],"version-history":[{"count":7,"href":"https:\/\/cemel.es\/ru\/wp-json\/wp\/v2\/pages\/819\/revisions"}],"predecessor-version":[{"id":828,"href":"https:\/\/cemel.es\/ru\/wp-json\/wp\/v2\/pages\/819\/revisions\/828"}],"up":[{"embeddable":true,"href":"https:\/\/cemel.es\/ru\/wp-json\/wp\/v2\/pages\/747"}],"wp:attachment":[{"href":"https:\/\/cemel.es\/ru\/wp-json\/wp\/v2\/media?parent=819"}],"curies":[{"name":"wp","href":"https:\/\/api.w.org\/{rel}","templated":true}]}}