{"id":40,"date":"2023-12-20T13:28:17","date_gmt":"2023-12-20T13:28:17","guid":{"rendered":"https:\/\/cemel.es\/?page_id=40"},"modified":"2024-01-29T18:00:28","modified_gmt":"2024-01-29T18:00:28","slug":"lgtb","status":"publish","type":"page","link":"https:\/\/cemel.es\/ru\/lgtb\/","title":{"rendered":"\u0413\u0435\u043d\u0434\u0435\u0440"},"content":{"rendered":"<div data-elementor-type=\"wp-page\" data-elementor-id=\"40\" class=\"elementor elementor-40\" data-elementor-post-type=\"page\">\n\t\t\t\t<div class=\"elementor-element elementor-element-b486ec9 e-flex e-con-boxed e-con e-parent\" data-id=\"b486ec9\" data-element_type=\"container\" data-e-type=\"container\" data-settings=\"{&quot;background_background&quot;:&quot;classic&quot;}\">\n\t\t\t\t\t<div class=\"e-con-inner\">\n\t\t<div class=\"elementor-element elementor-element-fe3a5dd e-con-full e-flex e-con e-child\" data-id=\"fe3a5dd\" data-element_type=\"container\" data-e-type=\"container\">\n\t\t\t\t<div class=\"elementor-element elementor-element-72acfe7 elementor-widget elementor-widget-image\" data-id=\"72acfe7\" data-element_type=\"widget\" data-e-type=\"widget\" data-widget_type=\"image.default\">\n\t\t\t\t<div class=\"elementor-widget-container\">\n\t\t\t\t\t\t\t\t\t\t\t\t\t\t\t<img fetchpriority=\"high\" decoding=\"async\" width=\"602\" height=\"429\" src=\"https:\/\/cemel.es\/wp-content\/uploads\/2024\/01\/cemeyq_corazon_diversidad-e1705345041754.png\" class=\"attachment-large size-large wp-image-1177\" alt=\"\" srcset=\"https:\/\/cemel.es\/wp-content\/uploads\/2024\/01\/cemeyq_corazon_diversidad-e1705345041754.png 602w, https:\/\/cemel.es\/wp-content\/uploads\/2024\/01\/cemeyq_corazon_diversidad-e1705345041754-300x214.png 300w, https:\/\/cemel.es\/wp-content\/uploads\/2024\/01\/cemeyq_corazon_diversidad-e1705345041754-18x12.png 18w\" sizes=\"(max-width: 602px) 100vw, 602px\" \/>\t\t\t\t\t\t\t\t\t\t\t\t\t\t\t<\/div>\n\t\t\t\t<\/div>\n\t\t\t\t<div class=\"elementor-element elementor-element-888e652 elementor-widget elementor-widget-text-editor\" data-id=\"888e652\" data-element_type=\"widget\" data-e-type=\"widget\" data-widget_type=\"text-editor.default\">\n\t\t\t\t<div class=\"elementor-widget-container\">\n\t\t\t\t\t\t\t\t\t<p>\u041d\u0430\u0448\u0438 \u043a\u043b\u0438\u043d\u0438\u043a\u0438 CEMEL \u043f\u0440\u0438\u043d\u044f\u043b\u0438 \u044d\u0442\u0438 \u0430\u0431\u0431\u0440\u0435\u0432\u0438\u0430\u0442\u0443\u0440\u044b, \u043a\u043e\u0442\u043e\u0440\u044b\u0435 \u043f\u0440\u0435\u0434\u0441\u0442\u0430\u0432\u043b\u044f\u044e\u0442 \u0441\u043e\u0431\u043e\u0439 \u0435\u0434\u0438\u043d\u0441\u0442\u0432\u043e \u0438 \u0440\u0430\u0437\u043d\u043e\u043e\u0431\u0440\u0430\u0437\u0438\u0435, \u0432 \u043a\u0430\u0447\u0435\u0441\u0442\u0432\u0435 \u0438\u0434\u0435\u043d\u0442\u0438\u0444\u0438\u043a\u0430\u0446\u0438\u043e\u043d\u043d\u043e\u0433\u043e \u0441\u0438\u043c\u0432\u043e\u043b\u0430, \u043f\u043e\u0442\u043e\u043c\u0443 \u0447\u0442\u043e \u0434\u043b\u044f \u043d\u0430\u0441 \u043a\u0440\u0430\u0441\u043e\u0442\u0430 \u0443\u043d\u0438\u0432\u0435\u0440\u0441\u0430\u043b\u044c\u043d\u0430 \u0438 \u043d\u0435 \u0440\u0430\u0437\u043b\u0438\u0447\u0430\u0435\u0442 \u043f\u043e\u043b\u043e\u0432.<\/p><p>\u00a0<\/p>\t\t\t\t\t\t\t\t<\/div>\n\t\t\t\t<\/div>\n\t\t\t\t<\/div>\n\t\t<div class=\"elementor-element elementor-element-fd8e0ff e-con-full e-flex e-con e-child\" data-id=\"fd8e0ff\" data-element_type=\"container\" data-e-type=\"container\">\n\t\t\t\t<div class=\"elementor-element elementor-element-09d341f elementor-widget elementor-widget-image\" data-id=\"09d341f\" data-element_type=\"widget\" data-e-type=\"widget\" data-widget_type=\"image.default\">\n\t\t\t\t<div class=\"elementor-widget-container\">\n\t\t\t\t\t\t\t\t\t\t\t\t\t\t\t<img decoding=\"async\" width=\"800\" height=\"534\" src=\"https:\/\/cemel.es\/wp-content\/uploads\/2024\/01\/pareja-gay-alegre-retrato-arco-iris-amor-mientras-une-casa-creado-ai-generativo-1024x683.jpg\" class=\"attachment-large size-large wp-image-1175\" alt=\"\" srcset=\"https:\/\/cemel.es\/wp-content\/uploads\/2024\/01\/pareja-gay-alegre-retrato-arco-iris-amor-mientras-une-casa-creado-ai-generativo-1024x683.jpg 1024w, https:\/\/cemel.es\/wp-content\/uploads\/2024\/01\/pareja-gay-alegre-retrato-arco-iris-amor-mientras-une-casa-creado-ai-generativo-300x200.jpg 300w, https:\/\/cemel.es\/wp-content\/uploads\/2024\/01\/pareja-gay-alegre-retrato-arco-iris-amor-mientras-une-casa-creado-ai-generativo-768x512.jpg 768w, https:\/\/cemel.es\/wp-content\/uploads\/2024\/01\/pareja-gay-alegre-retrato-arco-iris-amor-mientras-une-casa-creado-ai-generativo-18x12.jpg 18w, https:\/\/cemel.es\/wp-content\/uploads\/2024\/01\/pareja-gay-alegre-retrato-arco-iris-amor-mientras-une-casa-creado-ai-generativo.jpg 1500w\" sizes=\"(max-width: 800px) 100vw, 800px\" \/>\t\t\t\t\t\t\t\t\t\t\t\t\t\t\t<\/div>\n\t\t\t\t<\/div>\n\t\t\t\t<\/div>\n\t\t\t\t\t<\/div>\n\t\t\t\t<\/div>\n\t\t<div class=\"elementor-element elementor-element-4a21033 e-flex e-con-boxed e-con e-parent\" data-id=\"4a21033\" data-element_type=\"container\" data-e-type=\"container\">\n\t\t\t\t\t<div class=\"e-con-inner\">\n\t\t<div class=\"elementor-element elementor-element-9abe641 e-con-full e-flex e-con e-child\" data-id=\"9abe641\" data-element_type=\"container\" data-e-type=\"container\">\n\t\t\t\t<div class=\"elementor-element elementor-element-13bfd4a elementor-widget elementor-widget-text-editor\" data-id=\"13bfd4a\" data-element_type=\"widget\" data-e-type=\"widget\" data-widget_type=\"text-editor.default\">\n\t\t\t\t<div class=\"elementor-widget-container\">\n\t\t\t\t\t\t\t\t\t<p>\u041d\u0430\u0448\u0435 \u0432\u0438\u0434\u0435\u043d\u0438\u0435 \u0431\u044b\u043b\u043e \u044f\u0441\u043d\u043e \u0441 \u0441\u0430\u043c\u043e\u0433\u043e \u043d\u0430\u0447\u0430\u043b\u0430. \u041c\u044b \u0445\u043e\u0442\u0435\u043b\u0438 \u043f\u0440\u0438\u0434\u0430\u0442\u044c \u0440\u0435\u0430\u043b\u044c\u043d\u043e\u0435 \u0437\u043d\u0430\u0447\u0435\u043d\u0438\u0435 \u0442\u043e\u043c\u0443, \u0447\u0442\u043e \u043f\u0440\u0435\u0434\u0441\u0442\u0430\u0432\u043b\u044f\u0435\u0442 \u0441\u043e\u0431\u043e\u0439 \u043a\u043e\u0441\u043c\u0435\u0442\u0438\u0447\u0435\u0441\u043a\u0430\u044f \u0445\u0438\u0440\u0443\u0440\u0433\u0438\u044f, - \"\u043f\u0435\u0440\u0435\u043c\u0435\u043d\u0430\u043c \u043a \u043b\u0443\u0447\u0448\u0435\u043c\u0443\", \u0438 \u0438\u043c\u0435\u043d\u043d\u043e \u044d\u0442\u043e \u043c\u044b \u0438 \u0441\u043e\u0431\u0438\u0440\u0430\u043b\u0438\u0441\u044c \u0441\u0434\u0435\u043b\u0430\u0442\u044c, \u0447\u0442\u043e\u0431\u044b \u043d\u0435\u043f\u043e\u0441\u0440\u0435\u0434\u0441\u0442\u0432\u0435\u043d\u043d\u043e \u043f\u0440\u0438\u043d\u044f\u0442\u044c \u044d\u0442\u0443 \u043d\u043e\u0432\u0443\u044e \u0432\u043e\u043b\u043d\u0443 \u043e\u0441\u043e\u0437\u043d\u0430\u043d\u0438\u044f \u0441\u043e\u0446\u0438\u0430\u043b\u044c\u043d\u043e\u0439 \u0441\u043f\u0440\u0430\u0432\u0435\u0434\u043b\u0438\u0432\u043e\u0441\u0442\u0438, \u0432 \u043a\u043e\u0442\u043e\u0440\u043e\u0439 CEMEL \u0445\u043e\u0447\u0435\u0442 \u0431\u044b\u0442\u044c \u0447\u0430\u0441\u0442\u044c\u044e \u0432\u0441\u0435\u0445 \u044d\u0442\u0438\u0445 \u043c\u0435\u0447\u0442\u0430\u043d\u0438\u0439 \u0438 \u0446\u0435\u043b\u0435\u0439, \u0447\u0442\u043e\u0431\u044b \u0431\u044b\u0442\u044c \u0432\u044b\u043f\u043e\u043b\u043d\u0435\u043d\u043d\u044b\u043c\u0438, \u043f\u043e\u043c\u043e\u0433\u0430\u044f \u043f\u043e\u0434\u0447\u0435\u0440\u043a\u043d\u0443\u0442\u044c \u043d\u043e\u0432\u0443\u044e \u0440\u0435\u0430\u043b\u044c\u043d\u043e\u0441\u0442\u044c:<\/p><p>\u00a0<\/p>\t\t\t\t\t\t\t\t<\/div>\n\t\t\t\t<\/div>\n\t\t\t\t<div class=\"elementor-element elementor-element-208c5f8 elementor-widget elementor-widget-heading\" data-id=\"208c5f8\" data-element_type=\"widget\" data-e-type=\"widget\" data-widget_type=\"heading.default\">\n\t\t\t\t<div class=\"elementor-widget-container\">\n\t\t\t\t\t<h2 class=\"elementor-heading-title elementor-size-default\">\"\u041a\u0420\u0410\u0421\u041e\u0422\u0410 \u041a\u0420\u041e\u0415\u0422\u0421\u042f \u0412 \u0420\u0410\u0417\u041d\u041e\u041e\u0411\u0420\u0410\u0417\u0418\u0418\". <\/h2>\t\t\t\t<\/div>\n\t\t\t\t<\/div>\n\t\t\t\t<\/div>\n\t\t<div class=\"elementor-element elementor-element-c8e0a32 e-con-full e-flex e-con e-child\" data-id=\"c8e0a32\" data-element_type=\"container\" data-e-type=\"container\">\n\t\t\t\t<div class=\"elementor-element elementor-element-6a86ee4 elementor-widget elementor-widget-text-editor\" data-id=\"6a86ee4\" data-element_type=\"widget\" data-e-type=\"widget\" data-widget_type=\"text-editor.default\">\n\t\t\t\t<div class=\"elementor-widget-container\">\n\t\t\t\t\t\t\t\t\t<p>\u0412\u0441\u044f \u043a\u043e\u043c\u0430\u043d\u0434\u0430 \u0432\u0440\u0430\u0447\u0435\u0439 CEMEL \u0431\u0443\u0434\u0435\u0442 \u043f\u043e\u043c\u043e\u0433\u0430\u0442\u044c \u0432\u0430\u043c \u0432\u043e \u0432\u0440\u0435\u043c\u044f \u043f\u0440\u043e\u0446\u0435\u0441\u0441\u0430, \u043a\u0430\u043a\u0438\u043c \u0431\u044b \u043e\u043d \u043d\u0438 \u0431\u044b\u043b. \u041e\u0431\u0440\u0430\u0437\u0443\u044f \u0438\u0434\u0435\u0430\u043b\u044c\u043d\u044b\u0439 \u0442\u0430\u043d\u0434\u0435\u043c, \u0432 \u043a\u043e\u0442\u043e\u0440\u043e\u043c \u0440\u0435\u0430\u043b\u044c\u043d\u0430\u044f \u043a\u043e\u043d\u0446\u0435\u043f\u0446\u0438\u044f \u044d\u0441\u0442\u0435\u0442\u0438\u0447\u0435\u0441\u043a\u043e\u0439 \u043c\u0435\u0434\u0438\u0446\u0438\u043d\u044b \u0432\u043e\u043f\u043b\u043e\u0442\u0438\u0442\u0441\u044f \u0432 \u0436\u0438\u0437\u043d\u044c, \u0430 \u043d\u0430\u0448\u0438 \u0441\u043f\u0435\u0446\u0438\u0430\u043b\u0438\u0441\u0442\u044b \u0438 \u043d\u0430\u0448\u0438 \u043f\u0430\u0446\u0438\u0435\u043d\u0442\u044b \u0431\u0443\u0434\u0443\u0442 \u0447\u0443\u0432\u0441\u0442\u0432\u043e\u0432\u0430\u0442\u044c \u0441\u0435\u0431\u044f \u043f\u043e\u043b\u043d\u043e\u0441\u0442\u044c\u044e \u0443\u0434\u043e\u0432\u043b\u0435\u0442\u0432\u043e\u0440\u0435\u043d\u043d\u044b\u043c\u0438 \u044d\u0442\u043e\u0439 \u0440\u0435\u0430\u043b\u044c\u043d\u043e\u0439 \u0446\u0435\u043b\u044c\u044e. \u041c\u044b \u043d\u0430\u0445\u043e\u0434\u0438\u043c\u0441\u044f \u0432 \u0430\u0432\u0430\u043d\u0433\u0430\u0440\u0434\u0435 \u0441\u0430\u043c\u044b\u0445 \u0438\u043d\u043d\u043e\u0432\u0430\u0446\u0438\u043e\u043d\u043d\u044b\u0445 \u044d\u0441\u0442\u0435\u0442\u0438\u0447\u0435\u0441\u043a\u0438\u0445 \u043c\u0435\u0434\u0438\u0446\u0438\u043d\u0441\u043a\u0438\u0445 \u043f\u0440\u043e\u0446\u0435\u0434\u0443\u0440, \u0441 \u043f\u043e\u043c\u043e\u0449\u044c\u044e \u043a\u043e\u0442\u043e\u0440\u044b\u0445 \u043c\u044b \u043c\u043e\u0436\u0435\u043c \u043f\u043e\u043c\u043e\u0447\u044c \u0432\u0430\u043c...<\/p><p>\u00a0<\/p>\t\t\t\t\t\t\t\t<\/div>\n\t\t\t\t<\/div>\n\t\t\t\t<div class=\"elementor-element elementor-element-13a76b3 elementor-widget elementor-widget-heading\" data-id=\"13a76b3\" data-element_type=\"widget\" data-e-type=\"widget\" data-widget_type=\"heading.default\">\n\t\t\t\t<div class=\"elementor-widget-container\">\n\t\t\t\t\t<h2 class=\"elementor-heading-title elementor-size-default\">...\u0412\u042b \u041c\u041e\u0416\u0415\u0422\u0415 \u0411\u042b\u0422\u042c \u0422\u0415\u041c, \u041a\u0415\u041c \u0412\u042b \u0420\u0415\u0428\u0418\u041b\u0418 \u0421\u0422\u0410\u0422\u042c. <\/h2>\t\t\t\t<\/div>\n\t\t\t\t<\/div>\n\t\t\t\t<\/div>\n\t\t\t\t\t<\/div>\n\t\t\t\t<\/div>\n\t\t<div class=\"elementor-element elementor-element-01f466d e-flex e-con-boxed e-con e-parent\" data-id=\"01f466d\" data-element_type=\"container\" data-e-type=\"container\">\n\t\t\t\t\t<div class=\"e-con-inner\">\n\t\t\t\t<div class=\"elementor-element elementor-element-d1e92a0 elementor-widget elementor-widget-image\" data-id=\"d1e92a0\" data-element_type=\"widget\" data-e-type=\"widget\" data-widget_type=\"image.default\">\n\t\t\t\t<div class=\"elementor-widget-container\">\n\t\t\t\t\t\t\t\t\t\t\t\t\t\t\t<img decoding=\"async\" width=\"768\" height=\"512\" src=\"https:\/\/cemel.es\/wp-content\/uploads\/2024\/01\/cemeyq_gender_30-768x512.jpg\" class=\"attachment-medium_large size-medium_large wp-image-1176\" alt=\"\" srcset=\"https:\/\/cemel.es\/wp-content\/uploads\/2024\/01\/cemeyq_gender_30-768x512.jpg 768w, https:\/\/cemel.es\/wp-content\/uploads\/2024\/01\/cemeyq_gender_30-300x200.jpg 300w, https:\/\/cemel.es\/wp-content\/uploads\/2024\/01\/cemeyq_gender_30-1024x683.jpg 1024w, https:\/\/cemel.es\/wp-content\/uploads\/2024\/01\/cemeyq_gender_30-1536x1024.jpg 1536w, https:\/\/cemel.es\/wp-content\/uploads\/2024\/01\/cemeyq_gender_30-18x12.jpg 18w, https:\/\/cemel.es\/wp-content\/uploads\/2024\/01\/cemeyq_gender_30.jpg 1800w\" sizes=\"(max-width: 768px) 100vw, 768px\" \/>\t\t\t\t\t\t\t\t\t\t\t\t\t\t\t<\/div>\n\t\t\t\t<\/div>\n\t\t\t\t\t<\/div>\n\t\t\t\t<\/div>\n\t\t<div class=\"elementor-element elementor-element-b36307c e-flex e-con-boxed e-con e-parent\" data-id=\"b36307c\" data-element_type=\"container\" data-e-type=\"container\">\n\t\t\t\t\t<div class=\"e-con-inner\">\n\t\t<div class=\"elementor-element elementor-element-9491095 e-flex e-con-boxed e-con e-child\" data-id=\"9491095\" data-element_type=\"container\" data-e-type=\"container\">\n\t\t\t\t\t<div class=\"e-con-inner\">\n\t\t\t\t\t<\/div>\n\t\t\t\t<\/div>\n\t\t<div class=\"elementor-element elementor-element-c340814 e-flex e-con-boxed e-con e-child\" data-id=\"c340814\" data-element_type=\"container\" data-e-type=\"container\">\n\t\t\t\t\t<div class=\"e-con-inner\">\n\t\t\t\t<div class=\"elementor-element elementor-element-d5fb505 elementor-widget elementor-widget-text-editor\" data-id=\"d5fb505\" data-element_type=\"widget\" data-e-type=\"widget\" data-widget_type=\"text-editor.default\">\n\t\t\t\t<div class=\"elementor-widget-container\">\n\t\t\t\t\t\t\t\t\t<p>\"\u0415\u0441\u043b\u0438 \u0432\u044b \u043d\u0435 \u043f\u043e\u0434\u0434\u0435\u0440\u0436\u0438\u0432\u0430\u0435\u0442\u0435 \u0447\u0435\u0440\u043d\u043e\u043a\u043e\u0436\u0438\u0445, \u0442\u0440\u0430\u043d\u0441\u0433\u0435\u043d\u0434\u0435\u0440\u043d\u044b\u0445 \u0436\u0435\u043d\u0449\u0438\u043d, \u0441\u0435\u043a\u0441-\u0440\u0430\u0431\u043e\u0442\u043d\u0438\u043a\u043e\u0432 \u0438 \u043b\u044e\u0434\u0435\u0439, \u0436\u0438\u0432\u0443\u0449\u0438\u0445 \u0441 \u0412\u0418\u0427, \u0442\u043e \u0432\u044b \u043d\u0435 \u043f\u0440\u0430\u0437\u0434\u043d\u0443\u0435\u0442\u0435 \u0433\u043e\u0440\u0434\u043e\u0441\u0442\u044c\".<\/p><p>- \u041c\u0430\u0440\u0448\u0430 \u041f. \u0414\u0436\u043e\u043d\u0441\u043e\u043d<\/p><p><strong>\u041c\u0430\u0440\u0448\u0430 \u041f. \u0414\u0436\u043e\u043d\u0441\u043e\u043d<\/strong> \u0442\u0440\u0430\u043d\u0441\u0433\u0435\u043d\u0434\u0435\u0440\u043d\u0430\u044f \u0430\u0444\u0440\u043e\u0430\u043c\u0435\u0440\u0438\u043a\u0430\u043d\u043a\u0430 \u0438 \u0440\u0435\u0432\u043e\u043b\u044e\u0446\u0438\u043e\u043d\u043d\u0430\u044f \u0430\u043a\u0442\u0438\u0432\u0438\u0441\u0442\u043a\u0430, \u0432\u044b\u0441\u0442\u0443\u043f\u0430\u0432\u0448\u0430\u044f \u0437\u0430 \u043f\u0440\u0430\u0432\u0430 LGTBIQ. \u0411\u0443\u043a\u0432\u0430 P \u0432 \u0435\u0435 \u0438\u043c\u0435\u043d\u0438 \u043f\u043e\u044f\u0432\u0438\u043b\u0430\u0441\u044c \u0431\u043b\u0430\u0433\u043e\u0434\u0430\u0440\u044f \u0435\u0435 \u043b\u0435\u0433\u0435\u043d\u0434\u0430\u0440\u043d\u043e\u043c\u0443 \u043b\u043e\u0437\u0443\u043d\u0433\u0443 \"\u041d\u0435 \u043e\u0431\u0440\u0430\u0449\u0430\u0439 \u0432\u043d\u0438\u043c\u0430\u043d\u0438\u044f\", \u043a\u043e\u0442\u043e\u0440\u044b\u0439 \u0441\u0442\u0430\u043b \u0435\u0435 \u0444\u0438\u0440\u043c\u0435\u043d\u043d\u043e\u0439 \u0444\u0440\u0430\u0437\u043e\u0439.<\/p><p>\u00a0<\/p>\t\t\t\t\t\t\t\t<\/div>\n\t\t\t\t<\/div>\n\t\t\t\t\t<\/div>\n\t\t\t\t<\/div>\n\t\t\t\t\t<\/div>\n\t\t\t\t<\/div>\n\t\t<div class=\"elementor-element elementor-element-871894b e-flex e-con-boxed e-con e-parent\" data-id=\"871894b\" data-element_type=\"container\" data-e-type=\"container\">\n\t\t\t\t\t<div class=\"e-con-inner\">\n\t\t<div class=\"elementor-element elementor-element-5247ec2 e-con-full e-flex e-con e-child\" data-id=\"5247ec2\" data-element_type=\"container\" data-e-type=\"container\">\n\t\t\t\t<div class=\"elementor-element elementor-element-bb1e686 elementor-widget elementor-widget-heading\" data-id=\"bb1e686\" data-element_type=\"widget\" data-e-type=\"widget\" data-widget_type=\"heading.default\">\n\t\t\t\t<div class=\"elementor-widget-container\">\n\t\t\t\t\t<h2 class=\"elementor-heading-title elementor-size-default\">\u041b\u0435\u0447\u0435\u043d\u0438\u0435<\/h2>\t\t\t\t<\/div>\n\t\t\t\t<\/div>\n\t\t\t\t<div class=\"elementor-element elementor-element-6e2ea69 elementor-widget elementor-widget-text-editor\" data-id=\"6e2ea69\" data-element_type=\"widget\" data-e-type=\"widget\" data-widget_type=\"text-editor.default\">\n\t\t\t\t<div class=\"elementor-widget-container\">\n\t\t\t\t\t\t\t\t\t<p>\u041c\u044b \u043f\u0440\u0435\u0434\u043b\u0430\u0433\u0430\u0435\u043c \u0432\u0430\u043c \u0441\u0430\u043c\u044b\u0435 \u0438\u043d\u043d\u043e\u0432\u0430\u0446\u0438\u043e\u043d\u043d\u044b\u0435 \u044d\u0441\u0442\u0435\u0442\u0438\u0447\u0435\u0441\u043a\u0438\u0435 \u043f\u0440\u043e\u0446\u0435\u0434\u0443\u0440\u044b \u043d\u0430 \u0441\u0435\u0433\u043e\u0434\u043d\u044f\u0448\u043d\u0438\u0439 \u0434\u0435\u043d\u044c. \u041d\u0430\u0448 \u043c\u0435\u0434\u0438\u0446\u0438\u043d\u0441\u043a\u0438\u0439 \u0434\u0438\u0440\u0435\u043a\u0442\u043e\u0440 <strong>\u0414\u043e\u043a\u0442\u043e\u0440 \u0421\u0438\u0440\u0438\u0434\u0438\u043e\u043d \u0424\u043b\u0435\u0439\u0442\u0430\u0441 \u041b\u0430\u043d\u0442\u0438\u0433\u0443\u0430<\/strong> \u0432\u043d\u0435\u0434\u0440\u044f\u0435\u0442 \u0440\u0435\u0432\u043e\u043b\u044e\u0446\u0438\u043e\u043d\u043d\u044b\u0435 \u043c\u0435\u0442\u043e\u0434\u0438\u043a\u0438 \u0432 \u043d\u0430\u0448\u0438\u0445 \u043a\u043b\u0438\u043d\u0438\u043a\u0430\u0445 \u0438\u0437 \u0440\u0430\u0437\u043d\u044b\u0445 \u0443\u0433\u043e\u043b\u043a\u043e\u0432 \u043c\u0438\u0440\u0430, \u0442\u0430\u043a\u0438\u0445 \u043a\u0430\u043a \u0412\u0435\u043b\u0438\u043a\u043e\u0431\u0440\u0438\u0442\u0430\u043d\u0438\u044f, \u0421\u0428\u0410, \u0410\u0431\u0443\u0434\u0430\u0431\u0438 \u0438 \u0434\u0440.<\/p><p>\u00a0<\/p>\t\t\t\t\t\t\t\t<\/div>\n\t\t\t\t<\/div>\n\t\t\t\t<\/div>\n\t\t<div class=\"elementor-element elementor-element-a6f5b9f e-con-full e-flex e-con e-child\" data-id=\"a6f5b9f\" data-element_type=\"container\" data-e-type=\"container\">\n\t\t\t\t<div class=\"elementor-element elementor-element-c005da2 elementor-widget elementor-widget-image\" data-id=\"c005da2\" data-element_type=\"widget\" data-e-type=\"widget\" data-widget_type=\"image.default\">\n\t\t\t\t<div class=\"elementor-widget-container\">\n\t\t\t\t\t\t\t\t\t\t\t\t\t\t\t<img fetchpriority=\"high\" decoding=\"async\" width=\"602\" height=\"429\" src=\"https:\/\/cemel.es\/wp-content\/uploads\/2024\/01\/cemeyq_corazon_diversidad-e1705345041754.png\" class=\"attachment-large size-large wp-image-1177\" alt=\"\" srcset=\"https:\/\/cemel.es\/wp-content\/uploads\/2024\/01\/cemeyq_corazon_diversidad-e1705345041754.png 602w, https:\/\/cemel.es\/wp-content\/uploads\/2024\/01\/cemeyq_corazon_diversidad-e1705345041754-300x214.png 300w, https:\/\/cemel.es\/wp-content\/uploads\/2024\/01\/cemeyq_corazon_diversidad-e1705345041754-18x12.png 18w\" sizes=\"(max-width: 602px) 100vw, 602px\" \/>\t\t\t\t\t\t\t\t\t\t\t\t\t\t\t<\/div>\n\t\t\t\t<\/div>\n\t\t\t\t<\/div>\n\t\t\t\t\t<\/div>\n\t\t\t\t<\/div>\n\t\t<div class=\"elementor-element elementor-element-d9facd5 e-flex e-con-boxed e-con e-parent\" data-id=\"d9facd5\" data-element_type=\"container\" data-e-type=\"container\">\n\t\t\t\t\t<div class=\"e-con-inner\">\n\t\t<div class=\"elementor-element elementor-element-5b37133 e-con-full e-flex e-con e-child\" data-id=\"5b37133\" data-element_type=\"container\" data-e-type=\"container\">\n\t\t\t\t<div class=\"elementor-element elementor-element-69224a1 elementor-widget elementor-widget-image\" data-id=\"69224a1\" data-element_type=\"widget\" data-e-type=\"widget\" data-widget_type=\"image.default\">\n\t\t\t\t<div class=\"elementor-widget-container\">\n\t\t\t\t\t\t\t\t\t\t\t\t\t\t\t<img loading=\"lazy\" decoding=\"async\" width=\"500\" height=\"800\" src=\"https:\/\/cemel.es\/wp-content\/uploads\/2024\/01\/cemeyq_gender_31.jpg\" class=\"attachment-large size-large wp-image-1179\" alt=\"\" srcset=\"https:\/\/cemel.es\/wp-content\/uploads\/2024\/01\/cemeyq_gender_31.jpg 500w, https:\/\/cemel.es\/wp-content\/uploads\/2024\/01\/cemeyq_gender_31-188x300.jpg 188w, https:\/\/cemel.es\/wp-content\/uploads\/2024\/01\/cemeyq_gender_31-8x12.jpg 8w\" sizes=\"(max-width: 500px) 100vw, 500px\" \/>\t\t\t\t\t\t\t\t\t\t\t\t\t\t\t<\/div>\n\t\t\t\t<\/div>\n\t\t\t\t<div class=\"elementor-element elementor-element-9708988 elementor-widget elementor-widget-heading\" data-id=\"9708988\" data-element_type=\"widget\" data-e-type=\"widget\" data-widget_type=\"heading.default\">\n\t\t\t\t<div class=\"elementor-widget-container\">\n\t\t\t\t\t<h2 class=\"elementor-heading-title elementor-size-default\">\u0416\u0435\u043d\u0449\u0438\u043d\u0430-\u0442\u0440\u0430\u043d\u0441\u0432\u0435\u0441\u0442\u0438\u0442<\/h2>\t\t\t\t<\/div>\n\t\t\t\t<\/div>\n\t\t\t\t<div class=\"elementor-element elementor-element-e6c0259 elementor-widget elementor-widget-button\" data-id=\"e6c0259\" data-element_type=\"widget\" data-e-type=\"widget\" data-widget_type=\"button.default\">\n\t\t\t\t<div class=\"elementor-widget-container\">\n\t\t\t\t\t\t\t\t\t<div class=\"elementor-button-wrapper\">\n\t\t\t\t\t<a class=\"elementor-button elementor-button-link elementor-size-md\" href=\"https:\/\/cemel.es\/ru\/mujeres-trans\/\">\n\t\t\t\t\t\t<span class=\"elementor-button-content-wrapper\">\n\t\t\t\t\t\t\t\t\t<span class=\"elementor-button-text\">\u0421\u043c. \u043f\u043e\u0434\u0440\u043e\u0431\u043d\u0435\u0435<\/span>\n\t\t\t\t\t<\/span>\n\t\t\t\t\t<\/a>\n\t\t\t\t<\/div>\n\t\t\t\t\t\t\t\t<\/div>\n\t\t\t\t<\/div>\n\t\t\t\t<\/div>\n\t\t<div class=\"elementor-element elementor-element-91318b4 e-con-full e-flex e-con e-child\" data-id=\"91318b4\" data-element_type=\"container\" data-e-type=\"container\">\n\t\t\t\t<div class=\"elementor-element elementor-element-9de00be elementor-widget elementor-widget-image\" data-id=\"9de00be\" data-element_type=\"widget\" data-e-type=\"widget\" data-widget_type=\"image.default\">\n\t\t\t\t<div class=\"elementor-widget-container\">\n\t\t\t\t\t\t\t\t\t\t\t\t\t\t\t<img loading=\"lazy\" decoding=\"async\" width=\"500\" height=\"800\" src=\"https:\/\/cemel.es\/wp-content\/uploads\/2024\/01\/cemeyq_gender_27.jpg\" class=\"attachment-large size-large wp-image-1178\" alt=\"\" srcset=\"https:\/\/cemel.es\/wp-content\/uploads\/2024\/01\/cemeyq_gender_27.jpg 500w, https:\/\/cemel.es\/wp-content\/uploads\/2024\/01\/cemeyq_gender_27-188x300.jpg 188w, https:\/\/cemel.es\/wp-content\/uploads\/2024\/01\/cemeyq_gender_27-8x12.jpg 8w\" sizes=\"(max-width: 500px) 100vw, 500px\" \/>\t\t\t\t\t\t\t\t\t\t\t\t\t\t\t<\/div>\n\t\t\t\t<\/div>\n\t\t\t\t<div class=\"elementor-element elementor-element-3095323 elementor-widget elementor-widget-heading\" data-id=\"3095323\" data-element_type=\"widget\" data-e-type=\"widget\" data-widget_type=\"heading.default\">\n\t\t\t\t<div class=\"elementor-widget-container\">\n\t\t\t\t\t<h2 class=\"elementor-heading-title elementor-size-default\">\u041c\u0443\u0436\u0447\u0438\u043d\u0430-\u0442\u0440\u0430\u043d\u0441<\/h2>\t\t\t\t<\/div>\n\t\t\t\t<\/div>\n\t\t\t\t<div class=\"elementor-element elementor-element-6487cab elementor-widget elementor-widget-button\" data-id=\"6487cab\" data-element_type=\"widget\" data-e-type=\"widget\" data-widget_type=\"button.default\">\n\t\t\t\t<div class=\"elementor-widget-container\">\n\t\t\t\t\t\t\t\t\t<div class=\"elementor-button-wrapper\">\n\t\t\t\t\t<a class=\"elementor-button elementor-button-link elementor-size-md\" href=\"https:\/\/cemel.es\/ru\/hombres-trans\/\">\n\t\t\t\t\t\t<span class=\"elementor-button-content-wrapper\">\n\t\t\t\t\t\t\t\t\t<span class=\"elementor-button-text\">\u0421\u043c. \u043f\u043e\u0434\u0440\u043e\u0431\u043d\u0435\u0435<\/span>\n\t\t\t\t\t<\/span>\n\t\t\t\t\t<\/a>\n\t\t\t\t<\/div>\n\t\t\t\t\t\t\t\t<\/div>\n\t\t\t\t<\/div>\n\t\t\t\t<\/div>\n\t\t\t\t\t<\/div>\n\t\t\t\t<\/div>\n\t\t\t\t<\/div>","protected":false},"excerpt":{"rendered":"<p>Nuestras Cl\u00ednicas CEMEL han adoptado estas siglas, que representan unidad y variedad como s\u00edmbolo identificativo, porque para nosotros La Belleza es Vers\u00e1til y no entiende de G\u00e9neros. \u00a0 Nuestra visi\u00f3n fue clara desde el principio. Quer\u00edamos darle el significado real a lo que la cirug\u00eda est\u00e9tica representa, \u201ccambiar para mejor\u201d y eso es lo que [&hellip;]<\/p>\n","protected":false},"author":1,"featured_media":0,"parent":0,"menu_order":0,"comment_status":"closed","ping_status":"closed","template":"","meta":{"footnotes":""},"class_list":["post-40","page","type-page","status-publish","hentry"],"_links":{"self":[{"href":"https:\/\/cemel.es\/ru\/wp-json\/wp\/v2\/pages\/40","targetHints":{"allow":["GET"]}}],"collection":[{"href":"https:\/\/cemel.es\/ru\/wp-json\/wp\/v2\/pages"}],"about":[{"href":"https:\/\/cemel.es\/ru\/wp-json\/wp\/v2\/types\/page"}],"author":[{"embeddable":true,"href":"https:\/\/cemel.es\/ru\/wp-json\/wp\/v2\/users\/1"}],"replies":[{"embeddable":true,"href":"https:\/\/cemel.es\/ru\/wp-json\/wp\/v2\/comments?post=40"}],"version-history":[{"count":26,"href":"https:\/\/cemel.es\/ru\/wp-json\/wp\/v2\/pages\/40\/revisions"}],"predecessor-version":[{"id":1636,"href":"https:\/\/cemel.es\/ru\/wp-json\/wp\/v2\/pages\/40\/revisions\/1636"}],"wp:attachment":[{"href":"https:\/\/cemel.es\/ru\/wp-json\/wp\/v2\/media?parent=40"}],"curies":[{"name":"wp","href":"https:\/\/api.w.org\/{rel}","templated":true}]}}