{"id":1989,"date":"2024-03-04T13:36:52","date_gmt":"2024-03-04T13:36:52","guid":{"rendered":"https:\/\/cemel.es\/?page_id=1989"},"modified":"2024-03-05T11:57:07","modified_gmt":"2024-03-05T11:57:07","slug":"aparotologia","status":"publish","type":"page","link":"https:\/\/cemel.es\/ru\/tratamientos-esteticos\/aparotologia\/","title":{"rendered":"\u0410\u043f\u043f\u0430\u0440\u0430\u0442\u043e\u043b\u043e\u0433\u0438\u044f"},"content":{"rendered":"<div data-elementor-type=\"wp-page\" data-elementor-id=\"1989\" class=\"elementor elementor-1989\" data-elementor-post-type=\"page\">\n\t\t\t\t<div class=\"elementor-element elementor-element-4ecd1b7f e-flex e-con-boxed e-con e-parent\" data-id=\"4ecd1b7f\" data-element_type=\"container\" data-e-type=\"container\">\n\t\t\t\t\t<div class=\"e-con-inner\">\n\t\t<div class=\"elementor-element elementor-element-6032f656 e-con-full e-flex e-con e-child\" data-id=\"6032f656\" data-element_type=\"container\" data-e-type=\"container\">\n\t\t\t\t<div class=\"elementor-element elementor-element-a2478a4 elementor-invisible elementor-widget elementor-widget-heading\" data-id=\"a2478a4\" data-element_type=\"widget\" data-e-type=\"widget\" data-settings=\"{&quot;_animation&quot;:&quot;fadeInLeft&quot;}\" data-widget_type=\"heading.default\">\n\t\t\t\t<div class=\"elementor-widget-container\">\n\t\t\t\t\t<h1 class=\"elementor-heading-title elementor-size-default\">\u0410\u043f\u043f\u0430\u0440\u0430\u0442\u043e\u043b\u043e\u0433\u0438\u044f<\/h1>\t\t\t\t<\/div>\n\t\t\t\t<\/div>\n\t\t\t\t<div class=\"elementor-element elementor-element-2b524112 elementor-widget elementor-widget-text-editor\" data-id=\"2b524112\" data-element_type=\"widget\" data-e-type=\"widget\" data-widget_type=\"text-editor.default\">\n\t\t\t\t<div class=\"elementor-widget-container\">\n\t\t\t\t\t\t\t\t\t<ol><li>\u0424\u0440\u0430\u043a\u0446\u0438\u043e\u043d\u0438\u0440\u043e\u0432\u0430\u043d\u043d\u044b\u0439 CO2-\u043b\u0430\u0437\u0435\u0440: \u0431\u043e\u0440\u043e\u0434\u0430\u0432\u043a\u0438, \u043a\u0438\u0441\u0442\u044b, \u0440\u043e\u0434\u0438\u043d\u043a\u0438, \u043a\u0435\u0440\u0430\u0442\u043e\u0437, \u0430\u0442\u0440\u043e\u0444\u0438\u0447\u0435\u0441\u043a\u0438\u0435 \u0440\u0443\u0431\u0446\u044b, \u043d\u0435\u0434\u0435\u0440\u0436\u0430\u043d\u0438\u0435 \u043c\u043e\u0447\u0438, \u0441\u0438\u043d\u0434\u0440\u043e\u043c \u0448\u0438\u0440\u043e\u043a\u043e\u0433\u043e \u0432\u043b\u0430\u0433\u0430\u043b\u0438\u0449\u0430.<\/li><li>Q-switched Neodymium Yag \u043b\u0430\u0437\u0435\u0440: \u0441\u0438\u043d\u0438\u0435, \u0447\u0435\u0440\u043d\u044b\u0435, \u043a\u0440\u0430\u0441\u043d\u044b\u0435 \u043f\u044f\u0442\u043d\u0430 \u0438 \u0442\u0430\u0442\u0443\u0438\u0440\u043e\u0432\u043a\u0438 \u0438 \u0442.\u0434.<\/li><li>\u0410\u043b\u0435\u043a\u0441\u0430\u043d\u0434\u0440\u0438\u0442\u043e\u0432\u044b\u0439 \u043b\u0430\u0437\u0435\u0440 \u0441 Q-switched: \u0437\u0435\u043b\u0435\u043d\u044b\u0435 \u043f\u044f\u0442\u043d\u0430 \u0438 \u0442\u0430\u0442\u0443\u0438\u0440\u043e\u0432\u043a\u0438.<\/li><li>\u041b\u0430\u0437\u0435\u0440 \u0441 \u0438\u043c\u043f\u0443\u043b\u044c\u0441\u043d\u044b\u043c \u043a\u0440\u0430\u0441\u0438\u0442\u0435\u043b\u0435\u043c: \u0430\u043d\u0433\u0438\u043e\u043c\u044b, \u043a\u0443\u043f\u0435\u0440\u043e\u0437, \u0440\u043e\u0437\u0430\u0446\u0435\u0430 \u0438 \u043a\u0440\u0430\u0441\u043d\u044b\u0435 \u0448\u0440\u0430\u043c\u044b.<\/li><li>\u041d\u0435\u043e\u0434\u0438\u043c\u043e\u0432\u044b\u0439 Yag-\u043b\u0430\u0437\u0435\u0440: \u0432\u0430\u0440\u0438\u043a\u043e\u0437\u043d\u043e\u0435 \u0440\u0430\u0441\u0448\u0438\u0440\u0435\u043d\u0438\u0435 \u0432\u0435\u043d, \u0444\u043e\u0442\u043e\u044d\u043f\u0438\u043b\u044f\u0446\u0438\u044f \u0444\u043e\u0442\u043e\u0442\u0438\u043f\u043e\u0432 IV-VI.<\/li><li>\u0414\u0438\u043e\u0434\u043d\u044b\u0439 \u0438 \u0430\u043b\u0435\u043a\u0441\u0430\u043d\u0434\u0440\u0438\u0442\u043e\u0432\u044b\u0439 \u043b\u0430\u0437\u0435\u0440\u044b: \u0444\u043e\u0442\u043e\u044d\u043f\u0438\u043b\u044f\u0446\u0438\u044f \u0444\u043e\u0442\u043e\u0442\u0438\u043f\u043e\u0432 I-III.<\/li><li>\u042d\u043d\u0434\u043e\u043b\u0430\u0437\u0435\u0440: \u043b\u0430\u0437\u0435\u0440\u043d\u044b\u0439 \u043b\u0438\u043f\u043e\u043b\u0438\u0437.<\/li><li>\u041a\u0430\u0432\u0438\u0442\u0430\u0446\u0438\u044f: \u043b\u0438\u043f\u043e\u043b\u0438\u0437<\/li><li>\u0424\u0440\u0430\u043a\u0446\u0438\u043e\u043d\u043d\u0430\u044f \u0440\u0430\u0434\u0438\u043e\u0447\u0430\u0441\u0442\u043e\u0442\u0430: \u0440\u0443\u0431\u0446\u044b \u0438 \u0432\u044f\u043b\u043e\u0441\u0442\u044c.<\/li><li>\u0420\u0430\u0434\u0438\u043e\u0447\u0430\u0441\u0442\u043e\u0442\u0430 Venus \u0438 Accent: \u0432\u044f\u043b\u043e\u0441\u0442\u044c.<\/li><li>HIFU: \u0432\u044f\u043b\u043e\u0441\u0442\u044c.<\/li><li>Velasmooth: \u0446\u0435\u043b\u043b\u044e\u043b\u0438\u0442.<\/li><li>\u041f\u0440\u0435\u0441\u0441\u043e\u0442\u0435\u0440\u0430\u043f\u0438\u044f: \u0446\u0435\u043b\u043b\u044e\u043b\u0438\u0442.<\/li><li>\u041a\u0430\u0440\u0431\u043e\u043a\u0441\u0438\u0442\u0435\u0440\u0430\u043f\u0438\u044f: \u0446\u0435\u043b\u043b\u044e\u043b\u0438\u0442 \u0438 \u0448\u0440\u0430\u043c\u044b<\/li><li>\u042d\u0445\u043e-\u0434\u043e\u043f\u043f\u043b\u0435\u0440: \u0443\u043b\u044c\u0442\u0440\u0430\u0437\u0432\u0443\u043a\u043e\u0432\u043e\u0439 \u0438 \u0432\u0435\u043d\u043e\u0437\u043d\u044b\u0439 \u044d\u0445\u043e-\u0434\u043e\u043f\u043f\u043b\u0435\u0440.<\/li><li>\u0424\u043e\u0442\u043e\u0434\u0438\u043d\u0430\u043c\u0438\u0447\u0435\u0441\u043a\u0430\u044f \u0442\u0435\u0440\u0430\u043f\u0438\u044f: \u0430\u043a\u043d\u0435.<\/li><li>\u0418\u043d\u0442\u0435\u043d\u0441\u0438\u0432\u043d\u044b\u0439 \u0438\u043c\u043f\u0443\u043b\u044c\u0441\u043d\u044b\u0439 \u0441\u0432\u0435\u0442: \u0444\u043e\u0442\u043e\u043e\u043c\u043e\u043b\u043e\u0436\u0435\u043d\u0438\u0435.<\/li><li>\u0426\u0435\u043d\u0442\u0440\u0438\u0444\u0443\u0433\u0430: \u0431\u043e\u0433\u0430\u0442\u0430\u044f \u0442\u0440\u043e\u043c\u0431\u043e\u0446\u0438\u0442\u0430\u043c\u0438 \u043f\u043b\u0430\u0437\u043c\u0430 \u0438 \u043b\u0438\u043f\u043e\u0444\u0438\u043b\u0438\u043d\u0433.<\/li><li>\u0422\u042d\u041d\u044b: \u044d\u043b\u0435\u043a\u0442\u0440\u043e\u0441\u0442\u0438\u043c\u0443\u043b\u044f\u0446\u0438\u044f \u043c\u044b\u0448\u0446.<\/li><li>\u041e\u0437\u043e\u043d\u043e\u0442\u0435\u0440\u0430\u043f\u0438\u044f: \u0430\u043d\u0442\u0438\u043e\u043a\u0441\u0438\u0434\u0430\u043d\u0442.<\/li><li>\u042d\u043b\u0435\u043a\u0442\u0440\u043e\u043f\u043e\u0440\u0430\u0442\u043e\u0440: \u0432\u0438\u0440\u0442\u0443\u0430\u043b\u044c\u043d\u0430\u044f \u043c\u0435\u0437\u043e\u0442\u0435\u0440\u0430\u043f\u0438\u044f<\/li><li>\u041c\u0438\u043a\u0440\u043e\u043f\u0438\u0433\u043c\u0435\u043d\u0442\u0430\u0446\u0438\u044f \u0438\u043b\u0438: \u043c\u0438\u043a\u0440\u043e\u043f\u0438\u0433\u043c\u0435\u043d\u0442\u0430\u0446\u0438\u044f<\/li><\/ol>\t\t\t\t\t\t\t\t<\/div>\n\t\t\t\t<\/div>\n\t\t\t\t<\/div>\n\t\t<div class=\"elementor-element elementor-element-0a5c125 e-con-full e-flex e-con e-child\" data-id=\"0a5c125\" data-element_type=\"container\" data-e-type=\"container\">\n\t\t\t\t<div class=\"elementor-element elementor-element-4209d2d elementor-widget elementor-widget-image-carousel\" data-id=\"4209d2d\" data-element_type=\"widget\" data-e-type=\"widget\" data-settings=\"{&quot;slides_to_show&quot;:&quot;1&quot;,&quot;navigation&quot;:&quot;none&quot;,&quot;autoplay&quot;:&quot;yes&quot;,&quot;pause_on_hover&quot;:&quot;yes&quot;,&quot;pause_on_interaction&quot;:&quot;yes&quot;,&quot;autoplay_speed&quot;:5000,&quot;infinite&quot;:&quot;yes&quot;,&quot;effect&quot;:&quot;slide&quot;,&quot;speed&quot;:500}\" data-widget_type=\"image-carousel.default\">\n\t\t\t\t<div class=\"elementor-widget-container\">\n\t\t\t\t\t\t\t<div class=\"elementor-image-carousel-wrapper swiper\" role=\"region\" aria-roledescription=\"carousel\" aria-label=\"Carosello d&#039;immagini\" dir=\"ltr\">\n\t\t\t<div class=\"elementor-image-carousel swiper-wrapper\" aria-live=\"off\">\n\t\t\t\t\t\t\t\t<div class=\"swiper-slide\" role=\"group\" aria-roledescription=\"slide\" aria-label=\"1 di 1\"><figure class=\"swiper-slide-inner\"><img decoding=\"async\" class=\"swiper-slide-image\" src=\"https:\/\/cemel.es\/wp-content\/uploads\/2024\/03\/descarga-12.jpeg\" alt=\"descarga (12)\" \/><\/figure><\/div>\t\t\t<\/div>\n\t\t\t\t\t<\/div>\n\t\t\t\t\t\t<\/div>\n\t\t\t\t<\/div>\n\t\t\t\t<div class=\"elementor-element elementor-element-335a147 elementor-widget elementor-widget-image\" data-id=\"335a147\" data-element_type=\"widget\" data-e-type=\"widget\" data-widget_type=\"image.default\">\n\t\t\t\t<div class=\"elementor-widget-container\">\n\t\t\t\t\t\t\t\t\t\t\t\t\t\t\t<img fetchpriority=\"high\" decoding=\"async\" width=\"300\" height=\"300\" src=\"https:\/\/cemel.es\/wp-content\/uploads\/2024\/03\/28-Velasmooth-300x300-1.jpeg\" class=\"attachment-large size-large wp-image-2183\" alt=\"\" srcset=\"https:\/\/cemel.es\/wp-content\/uploads\/2024\/03\/28-Velasmooth-300x300-1.jpeg 300w, https:\/\/cemel.es\/wp-content\/uploads\/2024\/03\/28-Velasmooth-300x300-1-150x150.jpeg 150w, https:\/\/cemel.es\/wp-content\/uploads\/2024\/03\/28-Velasmooth-300x300-1-12x12.jpeg 12w\" sizes=\"(max-width: 300px) 100vw, 300px\" \/>\t\t\t\t\t\t\t\t\t\t\t\t\t\t\t<\/div>\n\t\t\t\t<\/div>\n\t\t\t\t<\/div>\n\t\t\t\t\t<\/div>\n\t\t\t\t<\/div>\n\t\t\t\t<\/div>","protected":false},"excerpt":{"rendered":"<p>Aparatolog\u00eda L\u00e1ser de CO2 fraccionado: verrugas, quistes, lunares, queratosis, cicatrices atr\u00f3ficas, incontinencia de orina, s\u00edndrome de vagina amplia. L\u00e1ser Q-switch de Neodimio Yag: manchas y tatuajes azules, negros, rojos, etc. L\u00e1ser Q-switch de Alejandrita: manchas y tatuajes verdes. L\u00e1ser de Colorante Pulsado: angiomas, cuperosis, ros\u00e1cea y cicatrices rojas. L\u00e1ser de Neodimio Yag: varices, fotodepilaci\u00f3n fototipos [&hellip;]<\/p>\n","protected":false},"author":2,"featured_media":0,"parent":929,"menu_order":0,"comment_status":"closed","ping_status":"closed","template":"","meta":{"footnotes":""},"class_list":["post-1989","page","type-page","status-publish","hentry"],"_links":{"self":[{"href":"https:\/\/cemel.es\/ru\/wp-json\/wp\/v2\/pages\/1989","targetHints":{"allow":["GET"]}}],"collection":[{"href":"https:\/\/cemel.es\/ru\/wp-json\/wp\/v2\/pages"}],"about":[{"href":"https:\/\/cemel.es\/ru\/wp-json\/wp\/v2\/types\/page"}],"author":[{"embeddable":true,"href":"https:\/\/cemel.es\/ru\/wp-json\/wp\/v2\/users\/2"}],"replies":[{"embeddable":true,"href":"https:\/\/cemel.es\/ru\/wp-json\/wp\/v2\/comments?post=1989"}],"version-history":[{"count":7,"href":"https:\/\/cemel.es\/ru\/wp-json\/wp\/v2\/pages\/1989\/revisions"}],"predecessor-version":[{"id":2186,"href":"https:\/\/cemel.es\/ru\/wp-json\/wp\/v2\/pages\/1989\/revisions\/2186"}],"up":[{"embeddable":true,"href":"https:\/\/cemel.es\/ru\/wp-json\/wp\/v2\/pages\/929"}],"wp:attachment":[{"href":"https:\/\/cemel.es\/ru\/wp-json\/wp\/v2\/media?parent=1989"}],"curies":[{"name":"wp","href":"https:\/\/api.w.org\/{rel}","templated":true}]}}