{"id":1923,"date":"2024-03-04T12:04:31","date_gmt":"2024-03-04T12:04:31","guid":{"rendered":"https:\/\/cemel.es\/?page_id=1923"},"modified":"2024-03-04T12:10:55","modified_gmt":"2024-03-04T12:10:55","slug":"antiaging","status":"publish","type":"page","link":"https:\/\/cemel.es\/ru\/tratamientos-esteticos\/antiaging\/","title":{"rendered":"\u0410\u041d\u0422\u0418\u042d\u0419\u0414\u0416\u0418\u041d\u0413 \u0418 \u0417\u0414\u041e\u0420\u041e\u0412\u041e\u0415 \u0421\u0422\u0410\u0420\u0415\u041d\u0418\u0415"},"content":{"rendered":"<div data-elementor-type=\"wp-page\" data-elementor-id=\"1923\" class=\"elementor elementor-1923\" data-elementor-post-type=\"page\">\n\t\t\t\t<div class=\"elementor-element elementor-element-4ecd1b7f e-flex e-con-boxed e-con e-parent\" data-id=\"4ecd1b7f\" data-element_type=\"container\" data-e-type=\"container\">\n\t\t\t\t\t<div class=\"e-con-inner\">\n\t\t<div class=\"elementor-element elementor-element-766606b e-con-full e-flex e-con e-child\" data-id=\"766606b\" data-element_type=\"container\" data-e-type=\"container\">\n\t\t\t\t<div class=\"elementor-element elementor-element-4d643f8 elementor-invisible elementor-widget elementor-widget-heading\" data-id=\"4d643f8\" data-element_type=\"widget\" data-e-type=\"widget\" data-settings=\"{&quot;_animation&quot;:&quot;fadeInLeft&quot;}\" data-widget_type=\"heading.default\">\n\t\t\t\t<div class=\"elementor-widget-container\">\n\t\t\t\t\t<h1 class=\"elementor-heading-title elementor-size-default\">\u0413\u043e\u0440\u043c\u043e\u043d\u0430\u043b\u044c\u043d\u0430\u044f \u043c\u043e\u0434\u0443\u043b\u044f\u0446\u0438\u044f \u0438 \u0434\u043e\u043f\u043e\u043b\u043d\u0438\u0442\u0435\u043b\u044c\u043d\u0430\u044f \u0442\u0435\u0440\u0430\u043f\u0438\u044f<\/h1>\t\t\t\t<\/div>\n\t\t\t\t<\/div>\n\t\t\t\t<div class=\"elementor-element elementor-element-5763d5f elementor-widget elementor-widget-text-editor\" data-id=\"5763d5f\" data-element_type=\"widget\" data-e-type=\"widget\" data-widget_type=\"text-editor.default\">\n\t\t\t\t<div class=\"elementor-widget-container\">\n\t\t\t\t\t\t\t\t\t<p>\u0412 \u043d\u0430\u0441\u0442\u043e\u044f\u0449\u0435\u0435 \u0432\u0440\u0435\u043c\u044f, \u043a\u043e\u0433\u0434\u0430 \u043d\u0430\u0441\u0435\u043b\u0435\u043d\u0438\u0435 \u0432\u0441\u0435 \u0431\u043e\u043b\u044c\u0448\u0435 \u0441\u0442\u0430\u0440\u0435\u0435\u0442, \u043d\u0435\u043e\u0431\u0445\u043e\u0434\u0438\u043c\u043e \u043f\u0440\u0438\u043d\u0438\u043c\u0430\u0442\u044c \u043c\u0435\u0440\u044b \u0438 \u0440\u0435\u043a\u043e\u043c\u0435\u043d\u0434\u0430\u0446\u0438\u0438, \u0447\u0442\u043e\u0431\u044b \u044d\u0442\u0438 \u0433\u043e\u0434\u044b \u0436\u0438\u0437\u043d\u0438 \u0431\u044b\u043b\u0438 \u043c\u0430\u043a\u0441\u0438\u043c\u0430\u043b\u044c\u043d\u043e \u043a\u0430\u0447\u0435\u0441\u0442\u0432\u0435\u043d\u043d\u044b\u043c\u0438. \u0414\u043b\u044f \u044d\u0442\u043e\u0433\u043e \u043d\u0435\u043e\u0431\u0445\u043e\u0434\u0438\u043c\u043e \u0432\u043e\u0437\u0434\u0435\u0439\u0441\u0442\u0432\u043e\u0432\u0430\u0442\u044c \u043d\u0430 \u0432\u0441\u0435 \u043c\u0435\u0445\u0430\u043d\u0438\u0437\u043c\u044b, \u0441\u0432\u044f\u0437\u0430\u043d\u043d\u044b\u0435 \u0441 \u043f\u043e\u0434\u0434\u0435\u0440\u0436\u0430\u043d\u0438\u0435\u043c \u0437\u0434\u043e\u0440\u043e\u0432\u044c\u044f \u0432 \u043f\u0435\u0440\u0438\u043e\u0434 \u043c\u0435\u043d\u043e\u043f\u0430\u0443\u0437\u044b, \u043f\u0435\u0440\u0438\u043c\u0435\u043d\u043e\u043f\u0430\u0443\u0437\u044b \u0438 \u0430\u043d\u0434\u0440\u043e\u043f\u0430\u0443\u0437\u044b:<\/p><p>\u0412 \u0433\u043e\u0440\u043c\u043e\u043d\u0430\u043b\u044c\u043d\u043e\u0439 \u043c\u043e\u0434\u0443\u043b\u044f\u0446\u0438\u0438 \u0438 \u0442\u0435\u0440\u0430\u043f\u0438\u0438 \u0434\u043e\u0431\u0430\u0432\u043a\u0430\u043c\u0438 \u043c\u044b \u0440\u0430\u0441\u043f\u043e\u043b\u0430\u0433\u0430\u0435\u043c \u0442\u0435\u0440\u0430\u043f\u0435\u0432\u0442\u0438\u0447\u0435\u0441\u043a\u0438\u043c \u0430\u0440\u0441\u0435\u043d\u0430\u043b\u043e\u043c, \u0432\u043a\u043b\u044e\u0447\u0430\u044e\u0449\u0438\u043c \u043f\u0435\u0440\u043e\u0440\u0430\u043b\u044c\u043d\u044b\u0435, \u0442\u043e\u043f\u0438\u0447\u0435\u0441\u043a\u0438\u0435 \u0438 \u043f\u043e\u0434\u043a\u043e\u0436\u043d\u044b\u0435 \u0433\u043e\u0440\u043c\u043e\u043d\u0430\u043b\u044c\u043d\u044b\u0435 \u0433\u0440\u0430\u043d\u0443\u043b\u044b.<\/p>\t\t\t\t\t\t\t\t<\/div>\n\t\t\t\t<\/div>\n\t\t\t\t<\/div>\n\t\t<div class=\"elementor-element elementor-element-0a5c125 e-con-full e-flex e-con e-child\" data-id=\"0a5c125\" data-element_type=\"container\" data-e-type=\"container\">\n\t\t\t\t<div class=\"elementor-element elementor-element-4209d2d elementor-widget elementor-widget-image-carousel\" data-id=\"4209d2d\" data-element_type=\"widget\" data-e-type=\"widget\" data-settings=\"{&quot;slides_to_show&quot;:&quot;1&quot;,&quot;navigation&quot;:&quot;none&quot;,&quot;autoplay&quot;:&quot;yes&quot;,&quot;pause_on_hover&quot;:&quot;yes&quot;,&quot;pause_on_interaction&quot;:&quot;yes&quot;,&quot;autoplay_speed&quot;:5000,&quot;infinite&quot;:&quot;yes&quot;,&quot;effect&quot;:&quot;slide&quot;,&quot;speed&quot;:500}\" data-widget_type=\"image-carousel.default\">\n\t\t\t\t<div class=\"elementor-widget-container\">\n\t\t\t\t\t\t\t<div class=\"elementor-image-carousel-wrapper swiper\" role=\"region\" aria-roledescription=\"carousel\" aria-label=\"\u041a\u0430\u0440\u0443\u0441\u0435\u043b\u044c \u0438\u0437\u043e\u0431\u0440\u0430\u0436\u0435\u043d\u0438\u0439\" dir=\"ltr\">\n\t\t\t<div class=\"elementor-image-carousel swiper-wrapper swiper-image-stretch\" aria-live=\"off\">\n\t\t\t\t\t\t\t\t<div class=\"swiper-slide\" role=\"group\" aria-roledescription=\"slide\" aria-label=\"1 \u0438\u0437 2\"><figure class=\"swiper-slide-inner\"><img decoding=\"async\" class=\"swiper-slide-image\" src=\"https:\/\/cemel.es\/wp-content\/uploads\/2024\/03\/descarga-1.jpeg\" alt=\"descarga (1)\" \/><\/figure><\/div><div class=\"swiper-slide\" role=\"group\" aria-roledescription=\"slide\" aria-label=\"2 \u0438\u0437 2\"><figure class=\"swiper-slide-inner\"><img decoding=\"async\" class=\"swiper-slide-image\" src=\"https:\/\/cemel.es\/wp-content\/uploads\/2024\/03\/descarga.jpeg\" alt=\"descarga\" \/><\/figure><\/div>\t\t\t<\/div>\n\t\t\t\t\t\t\t\n\t\t\t\t\t\t\t\t\t<\/div>\n\t\t\t\t\t\t<\/div>\n\t\t\t\t<\/div>\n\t\t\t\t<\/div>\n\t\t\t\t\t<\/div>\n\t\t\t\t<\/div>\n\t\t<div class=\"elementor-element elementor-element-ddce141 e-flex e-con-boxed e-con e-parent\" data-id=\"ddce141\" data-element_type=\"container\" data-e-type=\"container\">\n\t\t\t\t\t<div class=\"e-con-inner\">\n\t\t<div class=\"elementor-element elementor-element-48b614e e-con-full e-flex e-con e-child\" data-id=\"48b614e\" data-element_type=\"container\" data-e-type=\"container\">\n\t\t\t\t<div class=\"elementor-element elementor-element-19f17f1 elementor-invisible elementor-widget elementor-widget-heading\" data-id=\"19f17f1\" data-element_type=\"widget\" data-e-type=\"widget\" data-settings=\"{&quot;_animation&quot;:&quot;fadeInLeft&quot;}\" data-widget_type=\"heading.default\">\n\t\t\t\t<div class=\"elementor-widget-container\">\n\t\t\t\t\t<h1 class=\"elementor-heading-title elementor-size-default\">\u041e\u0437\u043e\u043d\u043e\u0432\u0430\u044f \u0442\u0435\u0440\u0430\u043f\u0438\u044f<\/h1>\t\t\t\t<\/div>\n\t\t\t\t<\/div>\n\t\t\t\t<div class=\"elementor-element elementor-element-999f939 elementor-widget elementor-widget-text-editor\" data-id=\"999f939\" data-element_type=\"widget\" data-e-type=\"widget\" data-widget_type=\"text-editor.default\">\n\t\t\t\t<div class=\"elementor-widget-container\">\n\t\t\t\t\t\t\t\t\t<p>\u041e\u043d\u0430 \u0437\u0430\u043a\u043b\u044e\u0447\u0430\u0435\u0442\u0441\u044f \u0432\u043e \u0432\u0432\u0435\u0434\u0435\u043d\u0438\u0438 \u0432 \u043e\u0440\u0433\u0430\u043d\u0438\u0437\u043c \u043e\u0437\u043e\u043d\u0430 \u0434\u043b\u044f \u0430\u043a\u0442\u0438\u0432\u0430\u0446\u0438\u0438 \u0430\u043d\u0442\u0438\u043e\u043a\u0441\u0438\u0434\u0430\u043d\u0442\u043d\u044b\u0445 \u043c\u0435\u0445\u0430\u043d\u0438\u0437\u043c\u043e\u0432 \u043e\u0440\u0433\u0430\u043d\u0438\u0437\u043c\u0430.<\/p>\t\t\t\t\t\t\t\t<\/div>\n\t\t\t\t<\/div>\n\t\t\t\t<\/div>\n\t\t<div class=\"elementor-element elementor-element-07615d0 e-con-full e-flex e-con e-child\" data-id=\"07615d0\" data-element_type=\"container\" data-e-type=\"container\">\n\t\t\t\t<div class=\"elementor-element elementor-element-37f7f35 elementor-widget elementor-widget-image-carousel\" data-id=\"37f7f35\" data-element_type=\"widget\" data-e-type=\"widget\" data-settings=\"{&quot;slides_to_show&quot;:&quot;1&quot;,&quot;navigation&quot;:&quot;none&quot;,&quot;autoplay&quot;:&quot;yes&quot;,&quot;pause_on_hover&quot;:&quot;yes&quot;,&quot;pause_on_interaction&quot;:&quot;yes&quot;,&quot;autoplay_speed&quot;:5000,&quot;infinite&quot;:&quot;yes&quot;,&quot;effect&quot;:&quot;slide&quot;,&quot;speed&quot;:500}\" data-widget_type=\"image-carousel.default\">\n\t\t\t\t<div class=\"elementor-widget-container\">\n\t\t\t\t\t\t\t<div class=\"elementor-image-carousel-wrapper swiper\" role=\"region\" aria-roledescription=\"carousel\" aria-label=\"\u041a\u0430\u0440\u0443\u0441\u0435\u043b\u044c \u0438\u0437\u043e\u0431\u0440\u0430\u0436\u0435\u043d\u0438\u0439\" dir=\"ltr\">\n\t\t\t<div class=\"elementor-image-carousel swiper-wrapper swiper-image-stretch\" aria-live=\"off\">\n\t\t\t\t\t\t\t\t<div class=\"swiper-slide\" role=\"group\" aria-roledescription=\"slide\" aria-label=\"1 \u0438\u0437 2\"><figure class=\"swiper-slide-inner\"><img decoding=\"async\" class=\"swiper-slide-image\" src=\"https:\/\/cemel.es\/wp-content\/uploads\/2024\/03\/images-1.jpeg\" alt=\"images (1)\" \/><\/figure><\/div><div class=\"swiper-slide\" role=\"group\" aria-roledescription=\"slide\" aria-label=\"2 \u0438\u0437 2\"><figure class=\"swiper-slide-inner\"><img decoding=\"async\" class=\"swiper-slide-image\" src=\"https:\/\/cemel.es\/wp-content\/uploads\/2024\/03\/images.jpeg\" alt=\"images\" \/><\/figure><\/div>\t\t\t<\/div>\n\t\t\t\t\t\t\t\n\t\t\t\t\t\t\t\t\t<\/div>\n\t\t\t\t\t\t<\/div>\n\t\t\t\t<\/div>\n\t\t\t\t<\/div>\n\t\t\t\t\t<\/div>\n\t\t\t\t<\/div>\n\t\t<div class=\"elementor-element elementor-element-d758273 e-flex e-con-boxed e-con e-parent\" data-id=\"d758273\" data-element_type=\"container\" data-e-type=\"container\">\n\t\t\t\t\t<div class=\"e-con-inner\">\n\t\t<div class=\"elementor-element elementor-element-ba60f8c e-con-full e-flex e-con e-child\" data-id=\"ba60f8c\" data-element_type=\"container\" data-e-type=\"container\">\n\t\t\t\t<div class=\"elementor-element elementor-element-fd11ff2 elementor-invisible elementor-widget elementor-widget-heading\" data-id=\"fd11ff2\" data-element_type=\"widget\" data-e-type=\"widget\" data-settings=\"{&quot;_animation&quot;:&quot;fadeInLeft&quot;}\" data-widget_type=\"heading.default\">\n\t\t\t\t<div class=\"elementor-widget-container\">\n\t\t\t\t\t<h1 class=\"elementor-heading-title elementor-size-default\">\u0413\u0435\u043d\u0435\u0442\u0438\u0447\u0435\u0441\u043a\u0438\u0435 \u0442\u0435\u0441\u0442\u044b \u043f\u0440\u043e\u0442\u0438\u0432 \u0441\u0442\u0430\u0440\u0435\u043d\u0438\u044f<\/h1>\t\t\t\t<\/div>\n\t\t\t\t<\/div>\n\t\t\t\t<div class=\"elementor-element elementor-element-06f6608 elementor-widget elementor-widget-text-editor\" data-id=\"06f6608\" data-element_type=\"widget\" data-e-type=\"widget\" data-widget_type=\"text-editor.default\">\n\t\t\t\t<div class=\"elementor-widget-container\">\n\t\t\t\t\t\t\t\t\t<p>\u041c\u044b \u043f\u0440\u043e\u0432\u043e\u0434\u0438\u043c \u0438\u0445 \u0434\u043b\u044f \u0442\u043e\u0433\u043e, \u0447\u0442\u043e\u0431\u044b \u0443\u0437\u043d\u0430\u0442\u044c \u043f\u043e\u043b\u0438\u043c\u043e\u0440\u0444\u0438\u0437\u043c\u044b \u043a\u0430\u0436\u0434\u043e\u0433\u043e \u0447\u0435\u043b\u043e\u0432\u0435\u043a\u0430 \u0438, \u0442\u0430\u043a\u0438\u043c \u043e\u0431\u0440\u0430\u0437\u043e\u043c, \u0441\u043e\u0441\u0442\u0430\u0432\u0438\u0442\u044c \u0434\u043b\u044f \u043d\u0435\u0433\u043e \u043a\u043e\u043d\u043a\u0440\u0435\u0442\u043d\u044b\u0435 \u0440\u0435\u043a\u043e\u043c\u0435\u043d\u0434\u0430\u0446\u0438\u0438.<\/p>\t\t\t\t\t\t\t\t<\/div>\n\t\t\t\t<\/div>\n\t\t\t\t<\/div>\n\t\t<div class=\"elementor-element elementor-element-bcc0688 e-con-full e-flex e-con e-child\" data-id=\"bcc0688\" data-element_type=\"container\" data-e-type=\"container\">\n\t\t\t\t<div class=\"elementor-element elementor-element-9b5d584 elementor-widget elementor-widget-image-carousel\" data-id=\"9b5d584\" data-element_type=\"widget\" data-e-type=\"widget\" data-settings=\"{&quot;slides_to_show&quot;:&quot;1&quot;,&quot;navigation&quot;:&quot;none&quot;,&quot;autoplay&quot;:&quot;yes&quot;,&quot;pause_on_hover&quot;:&quot;yes&quot;,&quot;pause_on_interaction&quot;:&quot;yes&quot;,&quot;autoplay_speed&quot;:5000,&quot;infinite&quot;:&quot;yes&quot;,&quot;effect&quot;:&quot;slide&quot;,&quot;speed&quot;:500}\" data-widget_type=\"image-carousel.default\">\n\t\t\t\t<div class=\"elementor-widget-container\">\n\t\t\t\t\t\t\t<div class=\"elementor-image-carousel-wrapper swiper\" role=\"region\" aria-roledescription=\"carousel\" aria-label=\"\u041a\u0430\u0440\u0443\u0441\u0435\u043b\u044c \u0438\u0437\u043e\u0431\u0440\u0430\u0436\u0435\u043d\u0438\u0439\" dir=\"ltr\">\n\t\t\t<div class=\"elementor-image-carousel swiper-wrapper swiper-image-stretch\" aria-live=\"off\">\n\t\t\t\t\t\t\t\t<div class=\"swiper-slide\" role=\"group\" aria-roledescription=\"slide\" aria-label=\"1 \u0438\u0437 1\"><figure class=\"swiper-slide-inner\"><img decoding=\"async\" class=\"swiper-slide-image\" src=\"https:\/\/cemel.es\/wp-content\/uploads\/2024\/03\/descarga-2-1.jpeg\" alt=\"descarga (2)\" \/><\/figure><\/div>\t\t\t<\/div>\n\t\t\t\t\t<\/div>\n\t\t\t\t\t\t<\/div>\n\t\t\t\t<\/div>\n\t\t\t\t<\/div>\n\t\t\t\t\t<\/div>\n\t\t\t\t<\/div>\n\t\t<div class=\"elementor-element elementor-element-63f5d5c e-flex e-con-boxed e-con e-parent\" data-id=\"63f5d5c\" data-element_type=\"container\" data-e-type=\"container\">\n\t\t\t\t\t<div class=\"e-con-inner\">\n\t\t<div class=\"elementor-element elementor-element-e76d8f4 e-con-full e-flex e-con e-child\" data-id=\"e76d8f4\" data-element_type=\"container\" data-e-type=\"container\">\n\t\t\t\t<div class=\"elementor-element elementor-element-a495a44 elementor-invisible elementor-widget elementor-widget-heading\" data-id=\"a495a44\" data-element_type=\"widget\" data-e-type=\"widget\" data-settings=\"{&quot;_animation&quot;:&quot;fadeInLeft&quot;}\" data-widget_type=\"heading.default\">\n\t\t\t\t<div class=\"elementor-widget-container\">\n\t\t\t\t\t<h1 class=\"elementor-heading-title elementor-size-default\">\u0410\u043d\u0442\u0438\u0432\u043e\u0437\u0440\u0430\u0441\u0442\u043d\u044b\u0435 \u043a\u043e\u043a\u0442\u0435\u0439\u043b\u0438 \u0438 \u0434\u043e\u0431\u0430\u0432\u043a\u0438<\/h1>\t\t\t\t<\/div>\n\t\t\t\t<\/div>\n\t\t\t\t<div class=\"elementor-element elementor-element-506c862 elementor-widget elementor-widget-text-editor\" data-id=\"506c862\" data-element_type=\"widget\" data-e-type=\"widget\" data-widget_type=\"text-editor.default\">\n\t\t\t\t<div class=\"elementor-widget-container\">\n\t\t\t\t\t\t\t\t\t<p>\u041c\u044b \u0432\u0432\u043e\u0434\u0438\u043c \u0440\u0430\u0437\u043b\u0438\u0447\u043d\u044b\u0435 \u0438\u043d\u0434\u0438\u0432\u0438\u0434\u0443\u0430\u043b\u044c\u043d\u044b\u0435 \u043a\u043e\u043a\u0442\u0435\u0439\u043b\u0438 \u043f\u0435\u0440\u043e\u0440\u0430\u043b\u044c\u043d\u043e \u0438 \u0432\u043d\u0443\u0442\u0440\u0438\u0432\u0435\u043d\u043d\u043e.<\/p>\t\t\t\t\t\t\t\t<\/div>\n\t\t\t\t<\/div>\n\t\t\t\t<\/div>\n\t\t<div class=\"elementor-element elementor-element-436abb6 e-con-full e-flex e-con e-child\" data-id=\"436abb6\" data-element_type=\"container\" data-e-type=\"container\">\n\t\t\t\t<div class=\"elementor-element elementor-element-7cd6fad elementor-widget elementor-widget-image-carousel\" data-id=\"7cd6fad\" data-element_type=\"widget\" data-e-type=\"widget\" data-settings=\"{&quot;slides_to_show&quot;:&quot;1&quot;,&quot;navigation&quot;:&quot;none&quot;,&quot;autoplay&quot;:&quot;yes&quot;,&quot;pause_on_hover&quot;:&quot;yes&quot;,&quot;pause_on_interaction&quot;:&quot;yes&quot;,&quot;autoplay_speed&quot;:5000,&quot;infinite&quot;:&quot;yes&quot;,&quot;effect&quot;:&quot;slide&quot;,&quot;speed&quot;:500}\" data-widget_type=\"image-carousel.default\">\n\t\t\t\t<div class=\"elementor-widget-container\">\n\t\t\t\t\t\t\t<div class=\"elementor-image-carousel-wrapper swiper\" role=\"region\" aria-roledescription=\"carousel\" aria-label=\"\u041a\u0430\u0440\u0443\u0441\u0435\u043b\u044c \u0438\u0437\u043e\u0431\u0440\u0430\u0436\u0435\u043d\u0438\u0439\" dir=\"ltr\">\n\t\t\t<div class=\"elementor-image-carousel swiper-wrapper swiper-image-stretch\" aria-live=\"off\">\n\t\t\t\t\t\t\t\t<div class=\"swiper-slide\" role=\"group\" aria-roledescription=\"slide\" aria-label=\"1 \u0438\u0437 1\"><figure class=\"swiper-slide-inner\"><img decoding=\"async\" class=\"swiper-slide-image\" src=\"https:\/\/cemel.es\/wp-content\/uploads\/2024\/03\/descarga-4.jpeg\" alt=\"descarga (4)\" \/><\/figure><\/div>\t\t\t<\/div>\n\t\t\t\t\t<\/div>\n\t\t\t\t\t\t<\/div>\n\t\t\t\t<\/div>\n\t\t\t\t<\/div>\n\t\t\t\t\t<\/div>\n\t\t\t\t<\/div>\n\t\t\t\t<\/div>","protected":false},"excerpt":{"rendered":"<p>Terapia de Modulaci\u00f3n y Suplementaci\u00f3n Hormonal Actualmente con el envejecimiento cada vez mayor de la poblaci\u00f3n son necesarios adoptar tratamientos y recomendaciones para que esos a\u00f1os de vida ganados sean con la mejor calidad posible. Para ello es fundamental actuar en todos los mecanismos implicados en el mantenimiento de la salud durante la menopausia, perimenopausia [&hellip;]<\/p>\n","protected":false},"author":2,"featured_media":0,"parent":929,"menu_order":0,"comment_status":"closed","ping_status":"closed","template":"","meta":{"footnotes":""},"class_list":["post-1923","page","type-page","status-publish","hentry"],"_links":{"self":[{"href":"https:\/\/cemel.es\/ru\/wp-json\/wp\/v2\/pages\/1923","targetHints":{"allow":["GET"]}}],"collection":[{"href":"https:\/\/cemel.es\/ru\/wp-json\/wp\/v2\/pages"}],"about":[{"href":"https:\/\/cemel.es\/ru\/wp-json\/wp\/v2\/types\/page"}],"author":[{"embeddable":true,"href":"https:\/\/cemel.es\/ru\/wp-json\/wp\/v2\/users\/2"}],"replies":[{"embeddable":true,"href":"https:\/\/cemel.es\/ru\/wp-json\/wp\/v2\/comments?post=1923"}],"version-history":[{"count":3,"href":"https:\/\/cemel.es\/ru\/wp-json\/wp\/v2\/pages\/1923\/revisions"}],"predecessor-version":[{"id":1934,"href":"https:\/\/cemel.es\/ru\/wp-json\/wp\/v2\/pages\/1923\/revisions\/1934"}],"up":[{"embeddable":true,"href":"https:\/\/cemel.es\/ru\/wp-json\/wp\/v2\/pages\/929"}],"wp:attachment":[{"href":"https:\/\/cemel.es\/ru\/wp-json\/wp\/v2\/media?parent=1923"}],"curies":[{"name":"wp","href":"https:\/\/api.w.org\/{rel}","templated":true}]}}