{"id":1543,"date":"2024-01-25T09:11:55","date_gmt":"2024-01-25T09:11:55","guid":{"rendered":"https:\/\/cemel.es\/?page_id=1543"},"modified":"2024-01-25T09:14:58","modified_gmt":"2024-01-25T09:14:58","slug":"dermoabrasioncon-punta-de-diamante","status":"publish","type":"page","link":"https:\/\/cemel.es\/ru\/medicina-estetica\/dermoabrasioncon-punta-de-diamante\/","title":{"rendered":"DERMOABRASI\u00d3NCON PUNTA DE DIAMANTE"},"content":{"rendered":"<div data-elementor-type=\"wp-page\" data-elementor-id=\"1543\" class=\"elementor elementor-1543\" data-elementor-post-type=\"page\">\n\t\t\t\t<div class=\"elementor-element elementor-element-4ecd1b7f e-flex e-con-boxed e-con e-parent\" data-id=\"4ecd1b7f\" data-element_type=\"container\" data-e-type=\"container\">\n\t\t\t\t\t<div class=\"e-con-inner\">\n\t\t<div class=\"elementor-element elementor-element-6032f656 e-con-full e-flex e-con e-child\" data-id=\"6032f656\" data-element_type=\"container\" data-e-type=\"container\">\n\t\t\t\t<div class=\"elementor-element elementor-element-a2478a4 elementor-invisible elementor-widget elementor-widget-heading\" data-id=\"a2478a4\" data-element_type=\"widget\" data-e-type=\"widget\" data-settings=\"{&quot;_animation&quot;:&quot;fadeInLeft&quot;}\" data-widget_type=\"heading.default\">\n\t\t\t\t<div class=\"elementor-widget-container\">\n\t\t\t\t\t<h1 class=\"elementor-heading-title elementor-size-default\">\u0414\u0435\u0440\u043c\u0430\u0431\u0440\u0430\u0437\u0438\u044f \u0441 \u0430\u043b\u043c\u0430\u0437\u043d\u044b\u043c \u043d\u0430\u043a\u043e\u043d\u0435\u0447\u043d\u0438\u043a\u043e\u043c<\/h1>\t\t\t\t<\/div>\n\t\t\t\t<\/div>\n\t\t\t\t<div class=\"elementor-element elementor-element-47b1b81 elementor-widget elementor-widget-text-editor\" data-id=\"47b1b81\" data-element_type=\"widget\" data-e-type=\"widget\" data-widget_type=\"text-editor.default\">\n\t\t\t\t<div class=\"elementor-widget-container\">\n\t\t\t\t\t\t\t\t\t<p>\u0413\u043b\u0443\u0431\u043e\u043a\u0430\u044f \u0447\u0438\u0441\u0442\u043a\u0430 \u043b\u0438\u0446\u0430 \u0441 \u0430\u043b\u043c\u0430\u0437\u043d\u044b\u043c \u043d\u0430\u043a\u043e\u043d\u0435\u0447\u043d\u0438\u043a\u043e\u043c, \u0442\u0430\u043a\u0436\u0435 \u0438\u0437\u0432\u0435\u0441\u0442\u043d\u0430\u044f \u043a\u0430\u043a \u043c\u0435\u0445\u0430\u043d\u0438\u0447\u0435\u0441\u043a\u043e\u0435 \u043e\u0442\u0448\u0435\u043b\u0443\u0448\u0438\u0432\u0430\u043d\u0438\u0435, \u043d\u0430\u043f\u0440\u0430\u0432\u043b\u0435\u043d\u0430 \u043d\u0430 \u0443\u0434\u0430\u043b\u0435\u043d\u0438\u0435 \u043e\u043c\u0435\u0440\u0442\u0432\u0435\u0432\u0448\u0438\u0445 \u043a\u043b\u0435\u0442\u043e\u043a \u043a\u043e\u0436\u0438 \u0441 \u043f\u043e\u043c\u043e\u0449\u044c\u044e \u0430\u043f\u043f\u0430\u0440\u0430\u0442\u0430, \u043d\u0435 \u043f\u0440\u0438\u0447\u0438\u043d\u044f\u044f \u0431\u043e\u043b\u0438 \u0438 \u043d\u0435 \u0432\u044b\u0437\u044b\u0432\u0430\u044f \u0430\u0433\u0440\u0435\u0441\u0441\u0438\u0438 \u043d\u0430 \u043a\u043e\u0436\u0435 \u043b\u0438\u0446\u0430. \u041f\u043e\u043c\u0438\u043c\u043e \u043f\u043e\u0441\u0442\u0435\u043f\u0435\u043d\u043d\u043e\u0439 \u0448\u043b\u0438\u0444\u043e\u0432\u043a\u0438 \u0432\u0441\u0435\u0445 \u0441\u043b\u043e\u0435\u0432 \u0438 \u0441\u0442\u0438\u043c\u0443\u043b\u0438\u0440\u043e\u0432\u0430\u043d\u0438\u044f \u0432\u044b\u0440\u0430\u0431\u043e\u0442\u043a\u0438 \u043a\u043e\u043b\u043b\u0430\u0433\u0435\u043d\u0430, \u0447\u0442\u043e \u0438 \u044f\u0432\u043b\u044f\u0435\u0442\u0441\u044f \u043e\u0441\u043d\u043e\u0432\u043d\u043e\u0439 \u0437\u0430\u0434\u0430\u0447\u0435\u0439.<\/p>\n<p>\u00a0<\/p>\t\t\t\t\t\t\t\t<\/div>\n\t\t\t\t<\/div>\n\t\t<div class=\"elementor-element elementor-element-7b0298c e-con-full e-flex e-con e-child\" data-id=\"7b0298c\" data-element_type=\"container\" data-e-type=\"container\">\n\t\t<div class=\"elementor-element elementor-element-b136ef7 e-con-full e-flex e-con e-child\" data-id=\"b136ef7\" data-element_type=\"container\" data-e-type=\"container\">\n\t\t\t\t<\/div>\n\t\t\t\t<\/div>\n\t\t\t\t<\/div>\n\t\t<div class=\"elementor-element elementor-element-0a5c125 e-con-full e-flex e-con e-child\" data-id=\"0a5c125\" data-element_type=\"container\" data-e-type=\"container\">\n\t\t\t\t<div class=\"elementor-element elementor-element-aae305d elementor-widget elementor-widget-image\" data-id=\"aae305d\" data-element_type=\"widget\" data-e-type=\"widget\" data-widget_type=\"image.default\">\n\t\t\t\t<div class=\"elementor-widget-container\">\n\t\t\t\t\t\t\t\t\t\t\t\t\t\t\t<img fetchpriority=\"high\" decoding=\"async\" width=\"645\" height=\"665\" src=\"https:\/\/cemel.es\/wp-content\/uploads\/2024\/01\/mujer-joven-centro-bienestar-tratamiento-cosmetico-e1706174093850.jpg\" class=\"attachment-full size-full wp-image-1549\" alt=\"\" srcset=\"https:\/\/cemel.es\/wp-content\/uploads\/2024\/01\/mujer-joven-centro-bienestar-tratamiento-cosmetico-e1706174093850.jpg 645w, https:\/\/cemel.es\/wp-content\/uploads\/2024\/01\/mujer-joven-centro-bienestar-tratamiento-cosmetico-e1706174093850-291x300.jpg 291w, https:\/\/cemel.es\/wp-content\/uploads\/2024\/01\/mujer-joven-centro-bienestar-tratamiento-cosmetico-e1706174093850-12x12.jpg 12w\" sizes=\"(max-width: 645px) 100vw, 645px\" \/>\t\t\t\t\t\t\t\t\t\t\t\t\t\t\t<\/div>\n\t\t\t\t<\/div>\n\t\t\t\t<\/div>\n\t\t\t\t\t<\/div>\n\t\t\t\t<\/div>\n\t\t\t\t<\/div>","protected":false},"excerpt":{"rendered":"<p>Dermoabrasi\u00f3n con punta de diamante Tambi\u00e9n conocido como exfoliaci\u00f3n mec\u00e1nica, la limpieza facial profunda con punta de diamante busca extraer las c\u00e9lulas muertas con una m\u00e1quina, sin ocasionar dolor o agredir la piel del rostro. Adem\u00e1s de ir puliendo de forma gradual toda las capas y estimular la producci\u00f3n de col\u00e1geno que es el objetivo [&hellip;]<\/p>\n","protected":false},"author":1,"featured_media":0,"parent":831,"menu_order":0,"comment_status":"closed","ping_status":"closed","template":"","meta":{"footnotes":""},"class_list":["post-1543","page","type-page","status-publish","hentry"],"_links":{"self":[{"href":"https:\/\/cemel.es\/ru\/wp-json\/wp\/v2\/pages\/1543","targetHints":{"allow":["GET"]}}],"collection":[{"href":"https:\/\/cemel.es\/ru\/wp-json\/wp\/v2\/pages"}],"about":[{"href":"https:\/\/cemel.es\/ru\/wp-json\/wp\/v2\/types\/page"}],"author":[{"embeddable":true,"href":"https:\/\/cemel.es\/ru\/wp-json\/wp\/v2\/users\/1"}],"replies":[{"embeddable":true,"href":"https:\/\/cemel.es\/ru\/wp-json\/wp\/v2\/comments?post=1543"}],"version-history":[{"count":7,"href":"https:\/\/cemel.es\/ru\/wp-json\/wp\/v2\/pages\/1543\/revisions"}],"predecessor-version":[{"id":1552,"href":"https:\/\/cemel.es\/ru\/wp-json\/wp\/v2\/pages\/1543\/revisions\/1552"}],"up":[{"embeddable":true,"href":"https:\/\/cemel.es\/ru\/wp-json\/wp\/v2\/pages\/831"}],"wp:attachment":[{"href":"https:\/\/cemel.es\/ru\/wp-json\/wp\/v2\/media?parent=1543"}],"curies":[{"name":"wp","href":"https:\/\/api.w.org\/{rel}","templated":true}]}}