{"id":1451,"date":"2024-01-25T07:13:13","date_gmt":"2024-01-25T07:13:13","guid":{"rendered":"https:\/\/cemel.es\/?page_id=1451"},"modified":"2024-03-05T11:48:51","modified_gmt":"2024-03-05T11:48:51","slug":"cuello","status":"publish","type":"page","link":"https:\/\/cemel.es\/ru\/cirugia-estetica\/cuello\/","title":{"rendered":"\u0412\u043e\u0440\u043e\u0442\u043d\u0438\u043a"},"content":{"rendered":"<div data-elementor-type=\"wp-page\" data-elementor-id=\"1451\" class=\"elementor elementor-1451\" data-elementor-post-type=\"page\">\n\t\t\t\t<div class=\"elementor-element elementor-element-4ecd1b7f e-flex e-con-boxed e-con e-parent\" data-id=\"4ecd1b7f\" data-element_type=\"container\" data-e-type=\"container\">\n\t\t\t\t\t<div class=\"e-con-inner\">\n\t\t<div class=\"elementor-element elementor-element-6032f656 e-con-full e-flex e-con e-child\" data-id=\"6032f656\" data-element_type=\"container\" data-e-type=\"container\">\n\t\t\t\t<div class=\"elementor-element elementor-element-a2478a4 elementor-invisible elementor-widget elementor-widget-heading\" data-id=\"a2478a4\" data-element_type=\"widget\" data-e-type=\"widget\" data-settings=\"{&quot;_animation&quot;:&quot;fadeInLeft&quot;}\" data-widget_type=\"heading.default\">\n\t\t\t\t<div class=\"elementor-widget-container\">\n\t\t\t\t\t<h1 class=\"elementor-heading-title elementor-size-default\">\u0412\u043e\u0440\u043e\u0442\u043d\u0438\u043a\n<\/h1>\t\t\t\t<\/div>\n\t\t\t\t<\/div>\n\t\t<div class=\"elementor-element elementor-element-46835710 e-con-full e-flex e-con e-child\" data-id=\"46835710\" data-element_type=\"container\" data-e-type=\"container\">\n\t\t<div class=\"elementor-element elementor-element-18bb4e1 e-con-full e-flex e-con e-child\" data-id=\"18bb4e1\" data-element_type=\"container\" data-e-type=\"container\">\n\t\t\t\t<div class=\"elementor-element elementor-element-430908b elementor-invisible elementor-widget elementor-widget-heading\" data-id=\"430908b\" data-element_type=\"widget\" data-e-type=\"widget\" data-settings=\"{&quot;_animation&quot;:&quot;fadeIn&quot;}\" data-widget_type=\"heading.default\">\n\t\t\t\t<div class=\"elementor-widget-container\">\n\t\t\t\t\t<h2 class=\"elementor-heading-title elementor-size-default\">\u0412\u044f\u043b\u043e\u0441\u0442\u044c<\/h2>\t\t\t\t<\/div>\n\t\t\t\t<\/div>\n\t\t\t\t<div class=\"elementor-element elementor-element-adbf1be elementor-invisible elementor-widget elementor-widget-heading\" data-id=\"adbf1be\" data-element_type=\"widget\" data-e-type=\"widget\" data-settings=\"{&quot;_animation&quot;:&quot;fadeInLeft&quot;}\" data-widget_type=\"heading.default\">\n\t\t\t\t<div class=\"elementor-widget-container\">\n\t\t\t\t\t<h1 class=\"elementor-heading-title elementor-size-default\">\u0423\u043c\u0435\u043d\u044c\u0448\u0435\u043d\u0438\u0435 \u0434\u0440\u044f\u0431\u043b\u043e\u0441\u0442\u0438 \u0448\u0435\u0438 \u0442\u0435\u043f\u0435\u0440\u044c \u0432\u043e\u0437\u043c\u043e\u0436\u043d\u043e \u0432 CEMEL. \u041c\u044b \u043f\u0440\u0435\u0434\u043b\u0430\u0433\u0430\u0435\u043c \u0432\u0430\u043c \u043b\u0443\u0447\u0448\u0435\u0435 \u043e\u0431\u043e\u0440\u0443\u0434\u043e\u0432\u0430\u043d\u0438\u0435, \u0441 \u043f\u043e\u043c\u043e\u0449\u044c\u044e \u043a\u043e\u0442\u043e\u0440\u043e\u0433\u043e \u0432\u044b \u0432\u043e\u0441\u0441\u0442\u0430\u043d\u043e\u0432\u0438\u0442\u0435 \u044d\u043b\u0430\u0441\u0442\u0438\u043d\u043e\u0432\u044b\u0435 \u0438 \u043a\u043e\u043b\u043b\u0430\u0433\u0435\u043d\u043e\u0432\u044b\u0435 \u0432\u043e\u043b\u043e\u043a\u043d\u0430, \u043e\u0442\u0432\u0435\u0447\u0430\u044e\u0449\u0438\u0435 \u0437\u0430 \u0443\u043f\u0440\u0443\u0433\u043e\u0441\u0442\u044c \u0438 \u044d\u043b\u0430\u0441\u0442\u0438\u0447\u043d\u043e\u0441\u0442\u044c \u043a\u043e\u0436\u0438.\n<\/h1>\t\t\t\t<\/div>\n\t\t\t\t<\/div>\n\t\t\t\t<div class=\"elementor-element elementor-element-47ffcca1 elementor-icon-list--layout-traditional elementor-list-item-link-full_width elementor-widget elementor-widget-icon-list\" data-id=\"47ffcca1\" data-element_type=\"widget\" data-e-type=\"widget\" data-widget_type=\"icon-list.default\">\n\t\t\t\t<div class=\"elementor-widget-container\">\n\t\t\t\t\t\t\t<ul class=\"elementor-icon-list-items\">\n\t\t\t\t\t\t\t<li class=\"elementor-icon-list-item\">\n\t\t\t\t\t\t\t\t\t\t\t<span class=\"elementor-icon-list-icon\">\n\t\t\t\t\t\t\t<svg aria-hidden=\"true\" class=\"e-font-icon-svg e-fas-check\" viewbox=\"0 0 512 512\" xmlns=\"http:\/\/www.w3.org\/2000\/svg\"><path d=\"M173.898 439.404l-166.4-166.4c-9.997-9.997-9.997-26.206 0-36.204l36.203-36.204c9.997-9.998 26.207-9.998 36.204 0L192 312.69 432.095 72.596c9.997-9.997 26.207-9.997 36.204 0l36.203 36.204c9.997 9.997 9.997 26.206 0 36.204l-294.4 294.401c-9.998 9.997-26.207 9.997-36.204-.001z\"><\/path><\/svg>\t\t\t\t\t\t<\/span>\n\t\t\t\t\t\t\t\t\t\t<span class=\"elementor-icon-list-text\">\u0417\u0430\u0442\u044f\u0436\u043a\u0438 \u0434\u043b\u044f \u0440\u0435\u0437\u044c\u0431\u044b<\/span>\n\t\t\t\t\t\t\t\t\t<\/li>\n\t\t\t\t\t\t\t\t<li class=\"elementor-icon-list-item\">\n\t\t\t\t\t\t\t\t\t\t\t<span class=\"elementor-icon-list-icon\">\n\t\t\t\t\t\t\t<svg aria-hidden=\"true\" class=\"e-font-icon-svg e-fas-check\" viewbox=\"0 0 512 512\" xmlns=\"http:\/\/www.w3.org\/2000\/svg\"><path d=\"M173.898 439.404l-166.4-166.4c-9.997-9.997-9.997-26.206 0-36.204l36.203-36.204c9.997-9.998 26.207-9.998 36.204 0L192 312.69 432.095 72.596c9.997-9.997 26.207-9.997 36.204 0l36.203 36.204c9.997 9.997 9.997 26.206 0 36.204l-294.4 294.401c-9.998 9.997-26.207 9.997-36.204-.001z\"><\/path><\/svg>\t\t\t\t\t\t<\/span>\n\t\t\t\t\t\t\t\t\t\t<span class=\"elementor-icon-list-text\">\u0421\u0442\u0438\u043c\u0443\u043b\u044f\u0442\u043e\u0440\u044b \u043a\u043e\u043b\u043b\u0430\u0433\u0435\u043d\u0430: \u043f\u043e\u043b\u0438\u043c\u043e\u043b\u043e\u0447\u043d\u0430\u044f \u043a\u0438\u0441\u043b\u043e\u0442\u0430, \u043f\u043e\u043b\u0438\u0434\u0438\u043e\u043a\u0441\u0430\u043d\u043e\u043d \u0438 \u0433\u0438\u0434\u0440\u043e\u043a\u0441\u0438\u0430\u043f\u0430\u0442\u0438\u0442 \u043a\u0430\u043b\u044c\u0446\u0438\u044f<\/span>\n\t\t\t\t\t\t\t\t\t<\/li>\n\t\t\t\t\t\t\t\t<li class=\"elementor-icon-list-item\">\n\t\t\t\t\t\t\t\t\t\t\t<span class=\"elementor-icon-list-icon\">\n\t\t\t\t\t\t\t<svg aria-hidden=\"true\" class=\"e-font-icon-svg e-fas-check\" viewbox=\"0 0 512 512\" xmlns=\"http:\/\/www.w3.org\/2000\/svg\"><path d=\"M173.898 439.404l-166.4-166.4c-9.997-9.997-9.997-26.206 0-36.204l36.203-36.204c9.997-9.998 26.207-9.998 36.204 0L192 312.69 432.095 72.596c9.997-9.997 26.207-9.997 36.204 0l36.203 36.204c9.997 9.997 9.997 26.206 0 36.204l-294.4 294.401c-9.998 9.997-26.207 9.997-36.204-.001z\"><\/path><\/svg>\t\t\t\t\t\t<\/span>\n\t\t\t\t\t\t\t\t\t\t<span class=\"elementor-icon-list-text\">\u0424\u0440\u0430\u043a\u0446\u0438\u043e\u043d\u043d\u044b\u0439 CO2-\u043b\u0430\u0437\u0435\u0440, Endolaser, Venus, Accent \u0438 \u0444\u0440\u0430\u043a\u0446\u0438\u043e\u043d\u043d\u0430\u044f \u0440\u0430\u0434\u0438\u043e\u0447\u0430\u0441\u0442\u043e\u0442\u0430, \u0432\u044b\u0441\u043e\u043a\u043e\u0438\u043d\u0442\u0435\u043d\u0441\u0438\u0432\u043d\u044b\u0439 \u0444\u043e\u043a\u0443\u0441\u0438\u0440\u043e\u0432\u0430\u043d\u043d\u044b\u0439 \u0443\u043b\u044c\u0442\u0440\u0430\u0437\u0432\u0443\u043a (HIFU): \u043e\u043d\u0438 \u0434\u0435\u0439\u0441\u0442\u0432\u0443\u044e\u0442 \u0437\u0430 \u0441\u0447\u0435\u0442 \u043f\u043e\u0432\u044b\u0448\u0435\u043d\u0438\u044f \u0442\u0435\u043c\u043f\u0435\u0440\u0430\u0442\u0443\u0440\u044b \u0442\u043a\u0430\u043d\u0435\u0439, \u0447\u0442\u043e\u0431\u044b \u0434\u043e\u0431\u0438\u0442\u044c\u0441\u044f \u0432\u0442\u044f\u0433\u0438\u0432\u0430\u043d\u0438\u044f \u043a\u043e\u043b\u043b\u0430\u0433\u0435\u043d\u043e\u0432\u044b\u0445 \u0432\u043e\u043b\u043e\u043a\u043e\u043d.<\/span>\n\t\t\t\t\t\t\t\t\t<\/li>\n\t\t\t\t\t\t\t\t<li class=\"elementor-icon-list-item\">\n\t\t\t\t\t\t\t\t\t\t\t<span class=\"elementor-icon-list-icon\">\n\t\t\t\t\t\t\t<svg aria-hidden=\"true\" class=\"e-font-icon-svg e-fas-check\" viewbox=\"0 0 512 512\" xmlns=\"http:\/\/www.w3.org\/2000\/svg\"><path d=\"M173.898 439.404l-166.4-166.4c-9.997-9.997-9.997-26.206 0-36.204l36.203-36.204c9.997-9.998 26.207-9.998 36.204 0L192 312.69 432.095 72.596c9.997-9.997 26.207-9.997 36.204 0l36.203 36.204c9.997 9.997 9.997 26.206 0 36.204l-294.4 294.401c-9.998 9.997-26.207 9.997-36.204-.001z\"><\/path><\/svg>\t\t\t\t\t\t<\/span>\n\t\t\t\t\t\t\t\t\t\t<span class=\"elementor-icon-list-text\">\u041f\u043b\u0430\u0437\u043c\u0435\u043d\u043d\u0430\u044f \u0440\u0443\u0447\u043a\u0430<\/span>\n\t\t\t\t\t\t\t\t\t<\/li>\n\t\t\t\t\t\t\t\t<li class=\"elementor-icon-list-item\">\n\t\t\t\t\t\t\t\t\t\t\t<span class=\"elementor-icon-list-icon\">\n\t\t\t\t\t\t\t<svg aria-hidden=\"true\" class=\"e-font-icon-svg e-fas-check\" viewbox=\"0 0 512 512\" xmlns=\"http:\/\/www.w3.org\/2000\/svg\"><path d=\"M173.898 439.404l-166.4-166.4c-9.997-9.997-9.997-26.206 0-36.204l36.203-36.204c9.997-9.998 26.207-9.998 36.204 0L192 312.69 432.095 72.596c9.997-9.997 26.207-9.997 36.204 0l36.203 36.204c9.997 9.997 9.997 26.206 0 36.204l-294.4 294.401c-9.998 9.997-26.207 9.997-36.204-.001z\"><\/path><\/svg>\t\t\t\t\t\t<\/span>\n\t\t\t\t\t\t\t\t\t\t<span class=\"elementor-icon-list-text\">\u0412\u0438\u0440\u0442\u0443\u0430\u043b\u044c\u043d\u0430\u044f \u0438 \u043c\u0438\u043a\u0440\u043e\u0438\u0433\u043e\u043b\u044c\u0447\u0430\u0442\u0430\u044f \u043c\u0435\u0437\u043e\u0442\u0435\u0440\u0430\u043f\u0438\u044f \u0441 \u0438\u0441\u043f\u043e\u043b\u044c\u0437\u043e\u0432\u0430\u043d\u0438\u0435\u043c \u0440\u0430\u0437\u043b\u0438\u0447\u043d\u044b\u0445 \u0430\u043a\u0442\u0438\u0432\u043d\u044b\u0445 \u0438\u043d\u0433\u0440\u0435\u0434\u0438\u0435\u043d\u0442\u043e\u0432 \u0432 \u0437\u0430\u0432\u0438\u0441\u0438\u043c\u043e\u0441\u0442\u0438 \u043e\u0442 \u043f\u043e\u0442\u0440\u0435\u0431\u043d\u043e\u0441\u0442\u0435\u0439 \u043f\u0430\u0446\u0438\u0435\u043d\u0442\u0430: DMAE, \u0431\u043e\u0433\u0430\u0442\u0430\u044f \u0442\u0440\u043e\u043c\u0431\u043e\u0446\u0438\u0442\u0430\u043c\u0438 \u043f\u043b\u0430\u0437\u043c\u0430 (prp) \u0438 \u044d\u043a\u0437\u043e\u0441\u043e\u043c\u044b.<\/span>\n\t\t\t\t\t\t\t\t\t<\/li>\n\t\t\t\t\t\t<\/ul>\n\t\t\t\t\t\t<\/div>\n\t\t\t\t<\/div>\n\t\t\t\t<\/div>\n\t\t\t\t<\/div>\n\t\t<div class=\"elementor-element elementor-element-6c429f3 e-con-full e-flex e-con e-child\" data-id=\"6c429f3\" data-element_type=\"container\" data-e-type=\"container\">\n\t\t<div class=\"elementor-element elementor-element-727b56d e-con-full e-flex e-con e-child\" data-id=\"727b56d\" data-element_type=\"container\" data-e-type=\"container\">\n\t\t\t\t<div class=\"elementor-element elementor-element-7dc72ec elementor-invisible elementor-widget elementor-widget-heading\" data-id=\"7dc72ec\" data-element_type=\"widget\" data-e-type=\"widget\" data-settings=\"{&quot;_animation&quot;:&quot;fadeIn&quot;}\" data-widget_type=\"heading.default\">\n\t\t\t\t<div class=\"elementor-widget-container\">\n\t\t\t\t\t<h2 class=\"elementor-heading-title elementor-size-default\">\u041b\u0438\u043d\u0438\u0438 \u044d\u043a\u0441\u043f\u0440\u0435\u0441\u0441\u0438\u0438 \u0438 \u043f\u043b\u0430\u0442\u0438\u0437\u043c\u0435\u043d\u043d\u044b\u0435 \u0433\u0440\u0443\u043f\u043f\u044b<\/h2>\t\t\t\t<\/div>\n\t\t\t\t<\/div>\n\t\t\t\t<div class=\"elementor-element elementor-element-88f4930 elementor-invisible elementor-widget elementor-widget-heading\" data-id=\"88f4930\" data-element_type=\"widget\" data-e-type=\"widget\" data-settings=\"{&quot;_animation&quot;:&quot;fadeInLeft&quot;}\" data-widget_type=\"heading.default\">\n\t\t\t\t<div class=\"elementor-widget-container\">\n\t\t\t\t\t<h1 class=\"elementor-heading-title elementor-size-default\">\u041c\u044b \u0438\u0441\u043f\u043e\u043b\u044c\u0437\u0443\u0435\u043c \u0441\u0448\u0438\u0442\u0443\u044e \u0433\u0438\u0430\u043b\u0443\u0440\u043e\u043d\u043e\u0432\u0443\u044e \u043a\u0438\u0441\u043b\u043e\u0442\u0443 \u0432 \u043c\u0435\u0437\u043e\u0442\u0435\u0440\u0430\u043f\u0438\u0438 \u0438 \u0431\u043e\u0442\u0443\u043b\u043e\u0442\u043e\u043a\u0441\u0438\u043d.<\/h1>\t\t\t\t<\/div>\n\t\t\t\t<\/div>\n\t\t\t\t<\/div>\n\t\t\t\t<\/div>\n\t\t<div class=\"elementor-element elementor-element-30365ae e-con-full e-flex e-con e-child\" data-id=\"30365ae\" data-element_type=\"container\" data-e-type=\"container\">\n\t\t<div class=\"elementor-element elementor-element-b706f81 e-con-full e-flex e-con e-child\" data-id=\"b706f81\" data-element_type=\"container\" data-e-type=\"container\">\n\t\t\t\t<div class=\"elementor-element elementor-element-5d9eb5b elementor-invisible elementor-widget elementor-widget-heading\" data-id=\"5d9eb5b\" data-element_type=\"widget\" data-e-type=\"widget\" data-settings=\"{&quot;_animation&quot;:&quot;fadeIn&quot;}\" data-widget_type=\"heading.default\">\n\t\t\t\t<div class=\"elementor-widget-container\">\n\t\t\t\t\t<h2 class=\"elementor-heading-title elementor-size-default\">\u041b\u043e\u043a\u0430\u043b\u0438\u0437\u043e\u0432\u0430\u043d\u043d\u044b\u0439 \u0436\u0438\u0440 \u0438\u043b\u0438 \u0434\u0432\u043e\u0439\u043d\u043e\u0439 \u043f\u043e\u0434\u0431\u043e\u0440\u043e\u0434\u043e\u043a<\/h2>\t\t\t\t<\/div>\n\t\t\t\t<\/div>\n\t\t\t\t<div class=\"elementor-element elementor-element-a68ce69 elementor-invisible elementor-widget elementor-widget-heading\" data-id=\"a68ce69\" data-element_type=\"widget\" data-e-type=\"widget\" data-settings=\"{&quot;_animation&quot;:&quot;fadeInLeft&quot;}\" data-widget_type=\"heading.default\">\n\t\t\t\t<div class=\"elementor-widget-container\">\n\t\t\t\t\t<h1 class=\"elementor-heading-title elementor-size-default\">\u041c\u044b \u0438\u0441\u043f\u043e\u043b\u044c\u0437\u0443\u0435\u043c \u0440\u0430\u0437\u043b\u0438\u0447\u043d\u044b\u0435 \u043c\u0435\u0442\u043e\u0434\u0438\u043a\u0438, \u0442\u0430\u043a\u0438\u0435 \u043a\u0430\u043a \u0438\u043d\u0442\u0440\u0430\u043b\u0438\u043f\u043e\u0442\u0435\u0440\u0430\u043f\u0438\u044f \u0438\u043b\u0438 \u044d\u043d\u0434\u043e\u043b\u0430\u0437\u0435\u0440.<\/h1>\t\t\t\t<\/div>\n\t\t\t\t<\/div>\n\t\t\t\t<\/div>\n\t\t\t\t<\/div>\n\t\t\t\t<\/div>\n\t\t<div class=\"elementor-element elementor-element-0a5c125 e-con-full e-flex e-con e-child\" data-id=\"0a5c125\" data-element_type=\"container\" data-e-type=\"container\">\n\t\t\t\t<div class=\"elementor-element elementor-element-aae305d elementor-widget elementor-widget-image\" data-id=\"aae305d\" data-element_type=\"widget\" data-e-type=\"widget\" data-widget_type=\"image.default\">\n\t\t\t\t<div class=\"elementor-widget-container\">\n\t\t\t\t\t\t\t\t\t\t\t\t\t\t\t<img fetchpriority=\"high\" decoding=\"async\" width=\"738\" height=\"666\" src=\"https:\/\/cemel.es\/wp-content\/uploads\/2024\/01\/esteticista-medico-realiza-inyecciones-frente-belleza-paciente-inyecciones-belleza-cosmetologia-concepto-belleza-e1706167354585.jpg\" class=\"attachment-large size-large wp-image-1454\" alt=\"\" srcset=\"https:\/\/cemel.es\/wp-content\/uploads\/2024\/01\/esteticista-medico-realiza-inyecciones-frente-belleza-paciente-inyecciones-belleza-cosmetologia-concepto-belleza-e1706167354585.jpg 738w, https:\/\/cemel.es\/wp-content\/uploads\/2024\/01\/esteticista-medico-realiza-inyecciones-frente-belleza-paciente-inyecciones-belleza-cosmetologia-concepto-belleza-e1706167354585-300x271.jpg 300w, https:\/\/cemel.es\/wp-content\/uploads\/2024\/01\/esteticista-medico-realiza-inyecciones-frente-belleza-paciente-inyecciones-belleza-cosmetologia-concepto-belleza-e1706167354585-13x12.jpg 13w\" sizes=\"(max-width: 738px) 100vw, 738px\" \/>\t\t\t\t\t\t\t\t\t\t\t\t\t\t\t<\/div>\n\t\t\t\t<\/div>\n\t\t\t\t<\/div>\n\t\t\t\t\t<\/div>\n\t\t\t\t<\/div>\n\t\t<div class=\"elementor-element elementor-element-e1cb943 e-flex e-con-boxed e-con e-parent\" data-id=\"e1cb943\" data-element_type=\"container\" data-e-type=\"container\">\n\t\t\t\t\t<div class=\"e-con-inner\">\n\t\t\t\t<div class=\"elementor-element elementor-element-18aeaa8 elementor-widget elementor-widget-video\" data-id=\"18aeaa8\" data-element_type=\"widget\" data-e-type=\"widget\" data-settings=\"{&quot;youtube_url&quot;:&quot;https:\\\/\\\/youtu.be\\\/79pefP7O_8Y?si=uzfn1ax8cEBTOvfm&quot;,&quot;video_type&quot;:&quot;youtube&quot;,&quot;controls&quot;:&quot;yes&quot;}\" data-widget_type=\"video.default\">\n\t\t\t\t<div class=\"elementor-widget-container\">\n\t\t\t\t\t\t\t<div class=\"elementor-wrapper elementor-open-inline\">\n\t\t\t<div class=\"elementor-video\"><\/div>\t\t<\/div>\n\t\t\t\t\t\t<\/div>\n\t\t\t\t<\/div>\n\t\t\t\t\t<\/div>\n\t\t\t\t<\/div>\n\t\t\t\t<\/div>","protected":false},"excerpt":{"rendered":"<p>Cuello Flacidez Disminuir la flacidez del cuello ya es posible en CEMEL, Ponemos a tu disposici\u00f3n la mejor aparatolog\u00eda con la que recuperar\u00e1s las fibras de elastina y col\u00e1geno, encargadas de aportar elasticidad y resistencia a la piel. Hilos Tensores Estimuladores del col\u00e1geno: \u00e1cido polil\u00e1ctico, polidioxanona e hidroxiapatita de calcio L\u00e1ser de CO2 fraccionado, Endol\u00e1ser, [&hellip;]<\/p>\n","protected":false},"author":1,"featured_media":0,"parent":747,"menu_order":0,"comment_status":"closed","ping_status":"closed","template":"","meta":{"footnotes":""},"class_list":["post-1451","page","type-page","status-publish","hentry"],"_links":{"self":[{"href":"https:\/\/cemel.es\/ru\/wp-json\/wp\/v2\/pages\/1451","targetHints":{"allow":["GET"]}}],"collection":[{"href":"https:\/\/cemel.es\/ru\/wp-json\/wp\/v2\/pages"}],"about":[{"href":"https:\/\/cemel.es\/ru\/wp-json\/wp\/v2\/types\/page"}],"author":[{"embeddable":true,"href":"https:\/\/cemel.es\/ru\/wp-json\/wp\/v2\/users\/1"}],"replies":[{"embeddable":true,"href":"https:\/\/cemel.es\/ru\/wp-json\/wp\/v2\/comments?post=1451"}],"version-history":[{"count":13,"href":"https:\/\/cemel.es\/ru\/wp-json\/wp\/v2\/pages\/1451\/revisions"}],"predecessor-version":[{"id":2176,"href":"https:\/\/cemel.es\/ru\/wp-json\/wp\/v2\/pages\/1451\/revisions\/2176"}],"up":[{"embeddable":true,"href":"https:\/\/cemel.es\/ru\/wp-json\/wp\/v2\/pages\/747"}],"wp:attachment":[{"href":"https:\/\/cemel.es\/ru\/wp-json\/wp\/v2\/media?parent=1451"}],"curies":[{"name":"wp","href":"https:\/\/api.w.org\/{rel}","templated":true}]}}