{"id":1203,"date":"2024-01-15T20:03:29","date_gmt":"2024-01-15T20:03:29","guid":{"rendered":"https:\/\/cemel.es\/?page_id=1203"},"modified":"2024-01-15T21:30:56","modified_gmt":"2024-01-15T21:30:56","slug":"hombres-trans","status":"publish","type":"page","link":"https:\/\/cemel.es\/ru\/hombres-trans\/","title":{"rendered":"\u041c\u0423\u0416\u0427\u0418\u041d\u042b-\u0422\u0420\u0410\u041d\u0421\u0412\u0415\u0421\u0422\u0418\u0422\u042b"},"content":{"rendered":"<div data-elementor-type=\"wp-page\" data-elementor-id=\"1203\" class=\"elementor elementor-1203\" data-elementor-post-type=\"page\">\n\t\t\t\t<div class=\"elementor-element elementor-element-e0cf916 e-flex e-con-boxed e-con e-parent\" data-id=\"e0cf916\" data-element_type=\"container\" data-e-type=\"container\">\n\t\t\t\t\t<div class=\"e-con-inner\">\n\t\t<div class=\"elementor-element elementor-element-ce47286 e-con-full e-flex e-con e-child\" data-id=\"ce47286\" data-element_type=\"container\" data-e-type=\"container\">\n\t\t\t\t<div class=\"elementor-element elementor-element-c35345e elementor-widget elementor-widget-heading\" data-id=\"c35345e\" data-element_type=\"widget\" data-e-type=\"widget\" data-widget_type=\"heading.default\">\n\t\t\t\t<div class=\"elementor-widget-container\">\n\t\t\t\t\t<h2 class=\"elementor-heading-title elementor-size-default\">\u041d\u0430\u0448\u0438 \u0441\u0430\u043c\u044b\u0435 \u043f\u043e\u043f\u0443\u043b\u044f\u0440\u043d\u044b\u0435 \u043f\u0440\u043e\u0446\u0435\u0434\u0443\u0440\u044b<\/h2>\t\t\t\t<\/div>\n\t\t\t\t<\/div>\n\t\t\t\t<div class=\"elementor-element elementor-element-1ed83de elementor-widget elementor-widget-heading\" data-id=\"1ed83de\" data-element_type=\"widget\" data-e-type=\"widget\" data-widget_type=\"heading.default\">\n\t\t\t\t<div class=\"elementor-widget-container\">\n\t\t\t\t\t<h2 class=\"elementor-heading-title elementor-size-default\">\u041c\u0423\u0416\u0427\u0418\u041d\u042b-\u0422\u0420\u0410\u041d\u0421\u0412\u0415\u0421\u0422\u0418\u0422\u042b<\/h2>\t\t\t\t<\/div>\n\t\t\t\t<\/div>\n\t\t\t\t<div class=\"elementor-element elementor-element-873eb82 elementor-widget elementor-widget-image\" data-id=\"873eb82\" data-element_type=\"widget\" data-e-type=\"widget\" data-widget_type=\"image.default\">\n\t\t\t\t<div class=\"elementor-widget-container\">\n\t\t\t\t\t\t\t\t\t\t\t\t\t\t\t<img fetchpriority=\"high\" decoding=\"async\" width=\"500\" height=\"800\" src=\"https:\/\/cemel.es\/wp-content\/uploads\/2024\/01\/cemeyq_gender_27.jpg\" class=\"attachment-large size-large wp-image-1178\" alt=\"\" srcset=\"https:\/\/cemel.es\/wp-content\/uploads\/2024\/01\/cemeyq_gender_27.jpg 500w, https:\/\/cemel.es\/wp-content\/uploads\/2024\/01\/cemeyq_gender_27-188x300.jpg 188w, https:\/\/cemel.es\/wp-content\/uploads\/2024\/01\/cemeyq_gender_27-8x12.jpg 8w\" sizes=\"(max-width: 500px) 100vw, 500px\" \/>\t\t\t\t\t\t\t\t\t\t\t\t\t\t\t<\/div>\n\t\t\t\t<\/div>\n\t\t\t\t<\/div>\n\t\t<div class=\"elementor-element elementor-element-9e6ae7d e-con-full e-flex e-con e-child\" data-id=\"9e6ae7d\" data-element_type=\"container\" data-e-type=\"container\">\n\t\t\t\t<div class=\"elementor-element elementor-element-a3d2ffe elementor-widget elementor-widget-heading\" data-id=\"a3d2ffe\" data-element_type=\"widget\" data-e-type=\"widget\" data-widget_type=\"heading.default\">\n\t\t\t\t<div class=\"elementor-widget-container\">\n\t\t\t\t\t<h2 class=\"elementor-heading-title elementor-size-default\">\t\n\u041c\u0430\u0441\u043a\u0443\u043b\u0438\u043d\u0438\u0437\u0430\u0446\u0438\u044f \u0425\u0438\u0440\u0443\u0440\u0433\u0438\u044f \u0442\u0435\u043b\u0430\n<\/h2>\t\t\t\t<\/div>\n\t\t\t\t<\/div>\n\t\t\t\t<div class=\"elementor-element elementor-element-b85c361 elementor-widget elementor-widget-text-editor\" data-id=\"b85c361\" data-element_type=\"widget\" data-e-type=\"widget\" data-widget_type=\"text-editor.default\">\n\t\t\t\t<div class=\"elementor-widget-container\">\n\t\t\t\t\t\t\t\t\t\n\n\u0421 \u043f\u043e\u043c\u043e\u0449\u044c\u044e \u044d\u0442\u043e\u0433\u043e \u0432\u0438\u0434\u0430 \u043a\u043e\u043c\u0431\u0438\u043d\u0438\u0440\u043e\u0432\u0430\u043d\u043d\u043e\u0439 \u043f\u0440\u043e\u0446\u0435\u0434\u0443\u0440\u044b \u043c\u044b \u043c\u043e\u0436\u0435\u043c \u0434\u043e\u0431\u0438\u0442\u044c\u0441\u044f \u043c\u0443\u0436\u0435\u0441\u0442\u0432\u0435\u043d\u043d\u043e\u0441\u0442\u0438 \u0438 \u043f\u0440\u0438\u0434\u0430\u0442\u044c \u0430\u0442\u043b\u0435\u0442\u0438\u0447\u0435\u0441\u043a\u0438\u0439 \u0432\u0438\u0434, \u0445\u0430\u0440\u0430\u043a\u0442\u0435\u0440\u043d\u044b\u0439 \u0434\u043b\u044f \u043c\u0443\u0436\u0447\u0438\u043d.\n\n\u041b\u0438\u043f\u043e\u0441\u0430\u043a\u0446\u0438\u044f HD (High Definition)\n\n\u041c\u0443\u0436\u0441\u043a\u043e\u0435 \u0442\u0435\u043b\u043e \u0438\u043c\u0435\u0435\u0442 \u0441\u043e\u0432\u0435\u0440\u0448\u0435\u043d\u043d\u043e \u0438\u043d\u044b\u0435 \u043f\u0440\u043e\u043f\u043e\u0440\u0446\u0438\u0438, \u0447\u0435\u043c \u0436\u0435\u043d\u0441\u043a\u043e\u0435, \u043f\u043e\u0441\u043a\u043e\u043b\u044c\u043a\u0443 \u0436\u0438\u0440 \u043d\u0430\u043a\u0430\u043f\u043b\u0438\u0432\u0430\u0435\u0442\u0441\u044f \u0432 \u043e\u0440\u0433\u0430\u043d\u0438\u0437\u043c\u0435 \u043e\u0431\u043e\u0438\u0445 \u043f\u043e-\u0440\u0430\u0437\u043d\u043e\u043c\u0443. \u041b\u0438\u043f\u043e\u0441\u043a\u0443\u043b\u044c\u043f\u0442\u0443\u0440\u0430 HD \u043f\u043e\u0437\u0432\u043e\u043b\u044f\u0435\u0442 \u0438\u0437\u043c\u0435\u043d\u0438\u0442\u044c \u0441\u0438\u043b\u0443\u044d\u0442 \u0442\u0440\u0430\u043d\u0441-\u043c\u0443\u0436\u0447\u0438\u043d\u044b \u0438 \u0442\u0435\u043c \u0441\u0430\u043c\u044b\u043c \u0434\u043e\u0431\u0438\u0442\u044c\u0441\u044f \u0431\u043e\u043b\u0435\u0435 \u043c\u0443\u0436\u0435\u0441\u0442\u0432\u0435\u043d\u043d\u043e\u0433\u043e \u0438 \u043c\u0443\u0441\u043a\u0443\u043b\u0438\u0441\u0442\u043e\u0433\u043e \u0442\u0435\u043b\u0430.\n\t\t\t\t\t\t\t\t<\/div>\n\t\t\t\t<\/div>\n\t\t\t\t<div class=\"elementor-element elementor-element-58f6775 elementor-widget elementor-widget-image\" data-id=\"58f6775\" data-element_type=\"widget\" data-e-type=\"widget\" data-widget_type=\"image.default\">\n\t\t\t\t<div class=\"elementor-widget-container\">\n\t\t\t\t\t\t\t\t\t\t\t\t\t\t\t<img decoding=\"async\" width=\"500\" height=\"800\" src=\"https:\/\/cemel.es\/wp-content\/uploads\/2024\/01\/cemeyq_gender_28.jpg\" class=\"attachment-large size-large wp-image-1206\" alt=\"\" srcset=\"https:\/\/cemel.es\/wp-content\/uploads\/2024\/01\/cemeyq_gender_28.jpg 500w, https:\/\/cemel.es\/wp-content\/uploads\/2024\/01\/cemeyq_gender_28-188x300.jpg 188w, https:\/\/cemel.es\/wp-content\/uploads\/2024\/01\/cemeyq_gender_28-8x12.jpg 8w\" sizes=\"(max-width: 500px) 100vw, 500px\" \/>\t\t\t\t\t\t\t\t\t\t\t\t\t\t\t<\/div>\n\t\t\t\t<\/div>\n\t\t\t\t<\/div>\n\t\t\t\t\t<\/div>\n\t\t\t\t<\/div>\n\t\t<div class=\"elementor-element elementor-element-2fd5b2b e-flex e-con-boxed e-con e-parent\" data-id=\"2fd5b2b\" data-element_type=\"container\" data-e-type=\"container\">\n\t\t\t\t\t<div class=\"e-con-inner\">\n\t\t<div class=\"elementor-element elementor-element-05cdc02 e-flex e-con-boxed e-con e-child\" data-id=\"05cdc02\" data-element_type=\"container\" data-e-type=\"container\">\n\t\t\t\t\t<div class=\"e-con-inner\">\n\t\t\t\t<div class=\"elementor-element elementor-element-dc1f589 elementor-widget elementor-widget-image\" data-id=\"dc1f589\" data-element_type=\"widget\" data-e-type=\"widget\" data-widget_type=\"image.default\">\n\t\t\t\t<div class=\"elementor-widget-container\">\n\t\t\t\t\t\t\t\t\t\t\t\t\t\t\t<img decoding=\"async\" width=\"600\" height=\"400\" src=\"https:\/\/cemel.es\/wp-content\/uploads\/2024\/01\/cemeyq_gender_29.jpg\" class=\"attachment-large size-large wp-image-1207\" alt=\"\" srcset=\"https:\/\/cemel.es\/wp-content\/uploads\/2024\/01\/cemeyq_gender_29.jpg 600w, https:\/\/cemel.es\/wp-content\/uploads\/2024\/01\/cemeyq_gender_29-300x200.jpg 300w, https:\/\/cemel.es\/wp-content\/uploads\/2024\/01\/cemeyq_gender_29-18x12.jpg 18w\" sizes=\"(max-width: 600px) 100vw, 600px\" \/>\t\t\t\t\t\t\t\t\t\t\t\t\t\t\t<\/div>\n\t\t\t\t<\/div>\n\t\t\t\t\t<\/div>\n\t\t\t\t<\/div>\n\t\t<div class=\"elementor-element elementor-element-f6c2809 e-flex e-con-boxed e-con e-child\" data-id=\"f6c2809\" data-element_type=\"container\" data-e-type=\"container\">\n\t\t\t\t\t<div class=\"e-con-inner\">\n\t\t\t\t<div class=\"elementor-element elementor-element-b8160a0 elementor-widget elementor-widget-text-editor\" data-id=\"b8160a0\" data-element_type=\"widget\" data-e-type=\"widget\" data-widget_type=\"text-editor.default\">\n\t\t\t\t<div class=\"elementor-widget-container\">\n\t\t\t\t\t\t\t\t\t<p><strong>\u0423\u0432\u0435\u043b\u0438\u0447\u0435\u043d\u0438\u0435 \u0433\u0440\u0443\u0434\u0438\u043d\u044b:<\/strong><\/p><p>\u042d\u0442\u0430 \u043f\u0440\u043e\u0446\u0435\u0434\u0443\u0440\u0430 \u0443\u0432\u0435\u043b\u0438\u0447\u0438\u0432\u0430\u0435\u0442, \u043f\u0440\u043e\u0435\u0446\u0438\u0440\u0443\u0435\u0442 \u0438 \u043e\u043f\u0440\u0435\u0434\u0435\u043b\u044f\u0435\u0442 \u043e\u0431\u043b\u0430\u0441\u0442\u044c \u043c\u0443\u0436\u0441\u043a\u043e\u0439 \u0433\u0440\u0443\u0434\u0438 \u0441 \u043f\u043e\u043c\u043e\u0449\u044c\u044e \u0441\u043e\u0431\u0441\u0442\u0432\u0435\u043d\u043d\u043e\u0439 \u0436\u0438\u0440\u043e\u0432\u043e\u0439 \u0442\u043a\u0430\u043d\u0438 \u043f\u0430\u0446\u0438\u0435\u043d\u0442\u0430 \u0438\u043b\u0438 \u043b\u0438\u043f\u043e\u0444\u0438\u043b\u0438\u043d\u0433\u0430. \u0411\u043b\u0430\u0433\u043e\u0434\u0430\u0440\u044f \u044d\u0442\u043e\u0439 \u043e\u043f\u0435\u0440\u0430\u0446\u0438\u0438 \u0442\u0440\u0430\u043d\u0441\u0433\u0435\u043d\u0434\u0435\u0440\u043d\u044b\u0439 \u043c\u0443\u0436\u0447\u0438\u043d\u0430 \u043f\u043e\u043b\u0443\u0447\u0430\u0435\u0442 \u043c\u0443\u0441\u043a\u0443\u043b\u0438\u0441\u0442\u0443\u044e, \u0433\u0430\u0440\u043c\u043e\u043d\u0438\u0447\u043d\u0443\u044e \u0438 \u043f\u0440\u0438\u0432\u043b\u0435\u043a\u0430\u0442\u0435\u043b\u044c\u043d\u0443\u044e \u0433\u0440\u0443\u0434\u043d\u0443\u044e \u043a\u043b\u0435\u0442\u043a\u0443.<\/p><p><strong>\u0410\u0431\u0434\u043e\u043c\u0438\u043d\u043e\u043f\u043b\u0430\u0441\u0442\u0438\u043a\u0430:<\/strong><\/p><p>\u0410\u0431\u0434\u043e\u043c\u0438\u043d\u043e\u043f\u043b\u0430\u0441\u0442\u0438\u043a\u0430 - \u044d\u0442\u043e \u0445\u0438\u0440\u0443\u0440\u0433\u0438\u0447\u0435\u0441\u043a\u0430\u044f \u0442\u0435\u0445\u043d\u0438\u043a\u0430, \u0438\u0441\u043f\u043e\u043b\u044c\u0437\u0443\u0435\u043c\u0430\u044f \u0434\u043b\u044f \u0443\u0434\u0430\u043b\u0435\u043d\u0438\u044f \u0438\u0437\u0431\u044b\u0442\u043a\u0430 \u043a\u043e\u0436\u0438 \u0438 \u0436\u0438\u0440\u0430 \u0441 \u0436\u0438\u0432\u043e\u0442\u0430 \u0438 \u0443\u043b\u0443\u0447\u0448\u0435\u043d\u0438\u044f \u0441\u0438\u043b\u0443\u044d\u0442\u0430, \u043e\u0441\u043e\u0431\u0435\u043d\u043d\u043e \u0442\u0430\u043b\u0438\u0438. \u041f\u043e\u0441\u043a\u043e\u043b\u044c\u043a\u0443 \u0442\u0430\u043b\u0438\u044f \u044f\u0432\u043b\u044f\u0435\u0442\u0441\u044f \u043d\u0430\u0438\u0431\u043e\u043b\u0435\u0435 \u0445\u0430\u0440\u0430\u043a\u0442\u0435\u0440\u043d\u043e\u0439 \u0437\u043e\u043d\u043e\u0439 \u043c\u0435\u0436\u0434\u0443 \u043c\u0443\u0436\u0447\u0438\u043d\u043e\u0439 \u0438 \u0436\u0435\u043d\u0449\u0438\u043d\u043e\u0439, \u0430\u0431\u0434\u043e\u043c\u0438\u043d\u043e\u043f\u043b\u0430\u0441\u0442\u0438\u043a\u0430 \u0438\u0441\u043f\u043e\u043b\u044c\u0437\u0443\u0435\u0442\u0441\u044f \u0434\u043b\u044f \u043f\u0440\u0438\u0434\u0430\u043d\u0438\u044f \u043c\u0443\u0436\u0435\u0441\u0442\u0432\u0435\u043d\u043d\u043e\u0441\u0442\u0438 \u043e\u0431\u043b\u0430\u0441\u0442\u0438 \u0436\u0438\u0432\u043e\u0442\u0430. \u042d\u0442\u0430 \u043f\u0440\u043e\u0446\u0435\u0434\u0443\u0440\u0430 \u0442\u0430\u043a\u0436\u0435 \u043c\u043e\u0436\u0435\u0442 \u0431\u044b\u0442\u044c \u0438\u0441\u043f\u043e\u043b\u044c\u0437\u043e\u0432\u0430\u043d\u0430 \u0434\u043b\u044f \u0432\u043e\u0441\u0441\u0442\u0430\u043d\u043e\u0432\u043b\u0435\u043d\u0438\u044f \u043c\u044b\u0448\u0446 \u0431\u0440\u044e\u0448\u043d\u043e\u0439 \u0441\u0442\u0435\u043d\u043a\u0438.<\/p><p>\u00a0<\/p>\t\t\t\t\t\t\t\t<\/div>\n\t\t\t\t<\/div>\n\t\t\t\t\t<\/div>\n\t\t\t\t<\/div>\n\t\t\t\t\t<\/div>\n\t\t\t\t<\/div>\n\t\t\t\t<\/div>","protected":false},"excerpt":{"rendered":"<p>Nuestros tratamientos m\u00e1s demandados HOMBRES TRANS Cirug\u00eda Corporal de Masculinizaci\u00f3n Con este tipo de procedimientos combinados lograremos masculinizar y dar ese aspecto atl\u00e9tico, caracter\u00edstico en el hombre. Liposucci\u00f3n HD (Alta Definici\u00f3n) El cuerpo masculino tiene unas proporciones muy distintas al femenino porque la grasa se acumula de forma diferente en el cuerpo de ambos. La [&hellip;]<\/p>\n","protected":false},"author":1,"featured_media":0,"parent":0,"menu_order":0,"comment_status":"closed","ping_status":"closed","template":"","meta":{"footnotes":""},"class_list":["post-1203","page","type-page","status-publish","hentry"],"_links":{"self":[{"href":"https:\/\/cemel.es\/ru\/wp-json\/wp\/v2\/pages\/1203","targetHints":{"allow":["GET"]}}],"collection":[{"href":"https:\/\/cemel.es\/ru\/wp-json\/wp\/v2\/pages"}],"about":[{"href":"https:\/\/cemel.es\/ru\/wp-json\/wp\/v2\/types\/page"}],"author":[{"embeddable":true,"href":"https:\/\/cemel.es\/ru\/wp-json\/wp\/v2\/users\/1"}],"replies":[{"embeddable":true,"href":"https:\/\/cemel.es\/ru\/wp-json\/wp\/v2\/comments?post=1203"}],"version-history":[{"count":4,"href":"https:\/\/cemel.es\/ru\/wp-json\/wp\/v2\/pages\/1203\/revisions"}],"predecessor-version":[{"id":1210,"href":"https:\/\/cemel.es\/ru\/wp-json\/wp\/v2\/pages\/1203\/revisions\/1210"}],"wp:attachment":[{"href":"https:\/\/cemel.es\/ru\/wp-json\/wp\/v2\/media?parent=1203"}],"curies":[{"name":"wp","href":"https:\/\/api.w.org\/{rel}","templated":true}]}}