{"id":1195,"date":"2024-01-15T19:52:24","date_gmt":"2024-01-15T19:52:24","guid":{"rendered":"https:\/\/cemel.es\/?page_id=1195"},"modified":"2024-01-15T20:00:57","modified_gmt":"2024-01-15T20:00:57","slug":"mujeres-trans","status":"publish","type":"page","link":"https:\/\/cemel.es\/ru\/mujeres-trans\/","title":{"rendered":"\u0422\u0420\u0410\u041d\u0421-\u0416\u0415\u041d\u0429\u0418\u041d\u042b"},"content":{"rendered":"<div data-elementor-type=\"wp-page\" data-elementor-id=\"1195\" class=\"elementor elementor-1195\" data-elementor-post-type=\"page\">\n\t\t\t\t<div class=\"elementor-element elementor-element-e0cf916 e-flex e-con-boxed e-con e-parent\" data-id=\"e0cf916\" data-element_type=\"container\" data-e-type=\"container\">\n\t\t\t\t\t<div class=\"e-con-inner\">\n\t\t<div class=\"elementor-element elementor-element-ce47286 e-con-full e-flex e-con e-child\" data-id=\"ce47286\" data-element_type=\"container\" data-e-type=\"container\">\n\t\t\t\t<div class=\"elementor-element elementor-element-c35345e elementor-widget elementor-widget-heading\" data-id=\"c35345e\" data-element_type=\"widget\" data-e-type=\"widget\" data-widget_type=\"heading.default\">\n\t\t\t\t<div class=\"elementor-widget-container\">\n\t\t\t\t\t<h2 class=\"elementor-heading-title elementor-size-default\">\u041d\u0430\u0448\u0438 \u0441\u0430\u043c\u044b\u0435 \u043f\u043e\u043f\u0443\u043b\u044f\u0440\u043d\u044b\u0435 \u043f\u0440\u043e\u0446\u0435\u0434\u0443\u0440\u044b<\/h2>\t\t\t\t<\/div>\n\t\t\t\t<\/div>\n\t\t\t\t<div class=\"elementor-element elementor-element-1ed83de elementor-widget elementor-widget-heading\" data-id=\"1ed83de\" data-element_type=\"widget\" data-e-type=\"widget\" data-widget_type=\"heading.default\">\n\t\t\t\t<div class=\"elementor-widget-container\">\n\t\t\t\t\t<h2 class=\"elementor-heading-title elementor-size-default\">\u0422\u0420\u0410\u041d\u0421-\u0416\u0415\u041d\u0429\u0418\u041d\u042b<\/h2>\t\t\t\t<\/div>\n\t\t\t\t<\/div>\n\t\t\t\t<div class=\"elementor-element elementor-element-873eb82 elementor-widget elementor-widget-image\" data-id=\"873eb82\" data-element_type=\"widget\" data-e-type=\"widget\" data-widget_type=\"image.default\">\n\t\t\t\t<div class=\"elementor-widget-container\">\n\t\t\t\t\t\t\t\t\t\t\t\t\t\t\t<img fetchpriority=\"high\" decoding=\"async\" width=\"500\" height=\"800\" src=\"https:\/\/cemel.es\/wp-content\/uploads\/2024\/01\/cemeyq_gender_31.jpg\" class=\"attachment-large size-large wp-image-1179\" alt=\"\" srcset=\"https:\/\/cemel.es\/wp-content\/uploads\/2024\/01\/cemeyq_gender_31.jpg 500w, https:\/\/cemel.es\/wp-content\/uploads\/2024\/01\/cemeyq_gender_31-188x300.jpg 188w, https:\/\/cemel.es\/wp-content\/uploads\/2024\/01\/cemeyq_gender_31-8x12.jpg 8w\" sizes=\"(max-width: 500px) 100vw, 500px\" \/>\t\t\t\t\t\t\t\t\t\t\t\t\t\t\t<\/div>\n\t\t\t\t<\/div>\n\t\t\t\t<\/div>\n\t\t<div class=\"elementor-element elementor-element-9e6ae7d e-con-full e-flex e-con e-child\" data-id=\"9e6ae7d\" data-element_type=\"container\" data-e-type=\"container\">\n\t\t\t\t<div class=\"elementor-element elementor-element-a3d2ffe elementor-widget elementor-widget-heading\" data-id=\"a3d2ffe\" data-element_type=\"widget\" data-e-type=\"widget\" data-widget_type=\"heading.default\">\n\t\t\t\t<div class=\"elementor-widget-container\">\n\t\t\t\t\t<h2 class=\"elementor-heading-title elementor-size-default\">\u0424\u0435\u043c\u0438\u043d\u0438\u0437\u0430\u0446\u0438\u044f \u0425\u0438\u0440\u0443\u0440\u0433\u0438\u044f \u0442\u0435\u043b\u0430<\/h2>\t\t\t\t<\/div>\n\t\t\t\t<\/div>\n\t\t\t\t<div class=\"elementor-element elementor-element-b85c361 elementor-widget elementor-widget-text-editor\" data-id=\"b85c361\" data-element_type=\"widget\" data-e-type=\"widget\" data-widget_type=\"text-editor.default\">\n\t\t\t\t<div class=\"elementor-widget-container\">\n\t\t\t\t\t\t\t\t\t<p><strong>\u0410\u0443\u0433\u043c\u0435\u043d\u0442\u0430\u0446\u0438\u043e\u043d\u043d\u0430\u044f \u043c\u0430\u043c\u043c\u043e\u043f\u043b\u0430\u0441\u0442\u0438\u043a\u0430:<\/strong><br \/>\u042d\u0442\u0430 \u043f\u0440\u043e\u0446\u0435\u0434\u0443\u0440\u0430 \u043f\u0440\u0435\u0434\u043d\u0430\u0437\u043d\u0430\u0447\u0435\u043d\u0430 \u0434\u043b\u044f \u0432\u0441\u0435\u0445 \u0442\u0440\u0430\u043d\u0441\u0433\u0435\u043d\u0434\u0435\u0440\u043d\u044b\u0445 \u0436\u0435\u043d\u0449\u0438\u043d, \u043a\u043e\u0442\u043e\u0440\u044b\u0435 \u0432 \u043f\u0440\u043e\u0446\u0435\u0441\u0441\u0435 \u0441\u043c\u0435\u043d\u044b \u043f\u043e\u043b\u0430 \u0445\u043e\u0442\u044f\u0442 \u0443\u043b\u0443\u0447\u0448\u0438\u0442\u044c \u0432\u043d\u0435\u0448\u043d\u0438\u0439 \u0432\u0438\u0434 \u0433\u0440\u0443\u0434\u0438.<\/p><p><strong>\u0423\u0432\u0435\u043b\u0438\u0447\u0435\u043d\u0438\u0435 \u044f\u0433\u043e\u0434\u0438\u0446:<\/strong><br \/>\u0421 \u043f\u043e\u043c\u043e\u0449\u044c\u044e \u044d\u0442\u043e\u0439 \u0442\u0435\u0445\u043d\u0438\u043a\u0438 \u0442\u0440\u0430\u043d\u0441\u0441\u0435\u043a\u0441\u0443\u0430\u043b\u044b \u043c\u043e\u0433\u0443\u0442 \u043e\u043a\u0440\u0443\u0433\u043b\u0438\u0442\u044c \u0441\u0432\u043e\u0439 \u0441\u0438\u043b\u0443\u044d\u0442 \u0438 \u043f\u0440\u0438\u0434\u0430\u0442\u044c \u0435\u043c\u0443 \u0430\u0431\u0441\u043e\u043b\u044e\u0442\u043d\u043e \u0436\u0435\u043d\u0441\u0442\u0432\u0435\u043d\u043d\u044b\u0439 \u0432\u0438\u0434. \u0423\u0432\u0435\u043b\u0438\u0447\u0435\u043d\u0438\u0435 \u044f\u0433\u043e\u0434\u0438\u0446 \u043f\u043e\u043a\u0430\u0437\u0430\u043d\u043e \u043d\u0435 \u0442\u043e\u043b\u044c\u043a\u043e \u0438\u043c, \u043d\u043e \u0438 \u0432\u0441\u0435\u043c \u0442\u0435\u043c, \u043a\u0442\u043e \u0445\u043e\u0447\u0435\u0442 \u043f\u0440\u0438\u0434\u0430\u0442\u044c \u0441\u0432\u043e\u0438\u043c \u044f\u0433\u043e\u0434\u0438\u0446\u0430\u043c \u0431\u043e\u043b\u0435\u0435 \u043e\u0431\u044a\u0435\u043c\u043d\u044b\u0439 \u0438 \u0441\u043f\u043e\u0440\u0442\u0438\u0432\u043d\u044b\u0439 \u0432\u0438\u0434.<\/p><p><strong>\u0410\u0431\u0434\u043e\u043c\u0438\u043d\u0430\u043b\u044c\u043d\u0430\u044f \u0445\u0438\u0440\u0443\u0440\u0433\u0438\u044f:<\/strong><br \/>\u0421 \u043f\u043e\u043c\u043e\u0449\u044c\u044e \u044d\u0442\u043e\u0433\u043e \u0432\u0438\u0434\u0430 \u0445\u0438\u0440\u0443\u0440\u0433\u0438\u0438 \u043c\u044b \u043c\u043e\u0436\u0435\u043c \u0441\u043a\u0443\u043b\u044c\u043f\u0442\u0443\u0440\u0438\u0440\u043e\u0432\u0430\u0442\u044c \u0441\u0438\u043b\u0443\u044d\u0442. \u041c\u044b \u043c\u043e\u0436\u0435\u043c \u0434\u0430\u0436\u0435 \u0438\u0437\u043c\u0435\u043d\u0438\u0442\u044c \u043f\u043e\u043b\u043e\u0436\u0435\u043d\u0438\u0435 \u0438\u0437\u0432\u043b\u0435\u0447\u0435\u043d\u043d\u043e\u0439 \u0436\u0438\u0440\u043e\u0432\u043e\u0439 \u0442\u043a\u0430\u043d\u0438 \u0432 \u0441\u0442\u0440\u0430\u0442\u0435\u0433\u0438\u0447\u0435\u0441\u043a\u0438\u0445 \u043e\u0431\u043b\u0430\u0441\u0442\u044f\u0445, \u0432 \u0437\u0430\u0432\u0438\u0441\u0438\u043c\u043e\u0441\u0442\u0438 \u043e\u0442 \u0442\u043e\u0433\u043e, \u043a\u0430\u043a\u043e\u0439 \u0446\u0435\u043b\u0438 \u043c\u044b \u0445\u043e\u0442\u0438\u043c \u0434\u043e\u0441\u0442\u0438\u0447\u044c - \u0444\u0435\u043c\u0438\u043d\u0438\u0437\u0430\u0446\u0438\u0438 \u0438\u043b\u0438 \u043c\u0430\u0441\u043a\u0443\u043b\u0438\u043d\u0438\u0437\u0430\u0446\u0438\u0438. \u042d\u0442\u0430 \u0442\u0435\u0445\u043d\u0438\u043a\u0430 \u043e\u0431\u0435\u0441\u043f\u0435\u0447\u0438\u0432\u0430\u0435\u0442 \u0430\u0431\u0441\u043e\u043b\u044e\u0442\u043d\u043e \u0435\u0441\u0442\u0435\u0441\u0442\u0432\u0435\u043d\u043d\u044b\u0439 \u0440\u0435\u0437\u0443\u043b\u044c\u0442\u0430\u0442, \u043f\u043e\u0441\u043a\u043e\u043b\u044c\u043a\u0443 \u0440\u0435\u0447\u044c \u0438\u0434\u0435\u0442 \u043e\u0431 \u0430\u0443\u0442\u043e\u043b\u043e\u0433\u0438\u0447\u043d\u044b\u0445 \u0436\u0438\u0440\u043e\u0432\u044b\u0445 \u043d\u0430\u043f\u043e\u043b\u043d\u0438\u0442\u0435\u043b\u044f\u0445.<\/p><p>\u00a0<\/p>\t\t\t\t\t\t\t\t<\/div>\n\t\t\t\t<\/div>\n\t\t\t\t<div class=\"elementor-element elementor-element-58f6775 elementor-widget elementor-widget-image\" data-id=\"58f6775\" data-element_type=\"widget\" data-e-type=\"widget\" data-widget_type=\"image.default\">\n\t\t\t\t<div class=\"elementor-widget-container\">\n\t\t\t\t\t\t\t\t\t\t\t\t\t\t\t<img decoding=\"async\" width=\"800\" height=\"600\" src=\"https:\/\/cemel.es\/wp-content\/uploads\/2024\/01\/cemeyq_gender_17.jpg\" class=\"attachment-large size-large wp-image-1197\" alt=\"\" srcset=\"https:\/\/cemel.es\/wp-content\/uploads\/2024\/01\/cemeyq_gender_17.jpg 800w, https:\/\/cemel.es\/wp-content\/uploads\/2024\/01\/cemeyq_gender_17-300x225.jpg 300w, https:\/\/cemel.es\/wp-content\/uploads\/2024\/01\/cemeyq_gender_17-768x576.jpg 768w, https:\/\/cemel.es\/wp-content\/uploads\/2024\/01\/cemeyq_gender_17-16x12.jpg 16w\" sizes=\"(max-width: 800px) 100vw, 800px\" \/>\t\t\t\t\t\t\t\t\t\t\t\t\t\t\t<\/div>\n\t\t\t\t<\/div>\n\t\t\t\t<\/div>\n\t\t\t\t\t<\/div>\n\t\t\t\t<\/div>\n\t\t<div class=\"elementor-element elementor-element-2fd5b2b e-flex e-con-boxed e-con e-parent\" data-id=\"2fd5b2b\" data-element_type=\"container\" data-e-type=\"container\">\n\t\t\t\t\t<div class=\"e-con-inner\">\n\t\t<div class=\"elementor-element elementor-element-05cdc02 e-flex e-con-boxed e-con e-child\" data-id=\"05cdc02\" data-element_type=\"container\" data-e-type=\"container\">\n\t\t\t\t\t<div class=\"e-con-inner\">\n\t\t\t\t<div class=\"elementor-element elementor-element-dc1f589 elementor-widget elementor-widget-image\" data-id=\"dc1f589\" data-element_type=\"widget\" data-e-type=\"widget\" data-widget_type=\"image.default\">\n\t\t\t\t<div class=\"elementor-widget-container\">\n\t\t\t\t\t\t\t\t\t\t\t\t\t\t\t<img decoding=\"async\" width=\"800\" height=\"600\" src=\"https:\/\/cemel.es\/wp-content\/uploads\/2024\/01\/cemeyq_gender_24.jpg\" class=\"attachment-large size-large wp-image-1198\" alt=\"\" srcset=\"https:\/\/cemel.es\/wp-content\/uploads\/2024\/01\/cemeyq_gender_24.jpg 800w, https:\/\/cemel.es\/wp-content\/uploads\/2024\/01\/cemeyq_gender_24-300x225.jpg 300w, https:\/\/cemel.es\/wp-content\/uploads\/2024\/01\/cemeyq_gender_24-768x576.jpg 768w, https:\/\/cemel.es\/wp-content\/uploads\/2024\/01\/cemeyq_gender_24-16x12.jpg 16w\" sizes=\"(max-width: 800px) 100vw, 800px\" \/>\t\t\t\t\t\t\t\t\t\t\t\t\t\t\t<\/div>\n\t\t\t\t<\/div>\n\t\t\t\t\t<\/div>\n\t\t\t\t<\/div>\n\t\t<div class=\"elementor-element elementor-element-f6c2809 e-flex e-con-boxed e-con e-child\" data-id=\"f6c2809\" data-element_type=\"container\" data-e-type=\"container\">\n\t\t\t\t\t<div class=\"e-con-inner\">\n\t\t\t\t<div class=\"elementor-element elementor-element-0b549bf elementor-widget elementor-widget-heading\" data-id=\"0b549bf\" data-element_type=\"widget\" data-e-type=\"widget\" data-widget_type=\"heading.default\">\n\t\t\t\t<div class=\"elementor-widget-container\">\n\t\t\t\t\t<h2 class=\"elementor-heading-title elementor-size-default\">\t\n\u041e\u043f\u0435\u0440\u0430\u0446\u0438\u044f \u043f\u043e \u0444\u0435\u043c\u0438\u043d\u0438\u0437\u0430\u0446\u0438\u0438 \u043b\u0438\u0446\u0430\n<\/h2>\t\t\t\t<\/div>\n\t\t\t\t<\/div>\n\t\t\t\t<div class=\"elementor-element elementor-element-b8160a0 elementor-widget elementor-widget-text-editor\" data-id=\"b8160a0\" data-element_type=\"widget\" data-e-type=\"widget\" data-widget_type=\"text-editor.default\">\n\t\t\t\t<div class=\"elementor-widget-container\">\n\t\t\t\t\t\t\t\t\t\u041e\u043f\u0435\u0440\u0430\u0446\u0438\u044f \u043f\u043e \u0444\u0435\u043c\u0438\u043d\u0438\u0437\u0430\u0446\u0438\u0438 \u043b\u0438\u0446\u0430 \u0432\u043a\u043b\u044e\u0447\u0430\u0435\u0442 \u0432 \u0441\u0435\u0431\u044f \u0440\u044f\u0434 \u0445\u0438\u0440\u0443\u0440\u0433\u0438\u0447\u0435\u0441\u043a\u0438\u0445 \u043c\u0435\u0442\u043e\u0434\u043e\u0432, \u043e\u0441\u043d\u043e\u0432\u043d\u0430\u044f \u0446\u0435\u043b\u044c \u043a\u043e\u0442\u043e\u0440\u044b\u0445 - \u0441\u043c\u044f\u0433\u0447\u0435\u043d\u0438\u0435 \u0438 \u0444\u0435\u043c\u0438\u043d\u0438\u0437\u0430\u0446\u0438\u044f \u0447\u0435\u0440\u0442 \u043b\u0438\u0446\u0430.\n \n\u041b\u0438\u0446\u043e \u043e\u0431\u044b\u0447\u043d\u043e \u0434\u0435\u043b\u0438\u0442\u0441\u044f \u043d\u0430 \u0442\u0440\u0438 \u0447\u0430\u0441\u0442\u0438: \u0432\u0435\u0440\u0445\u043d\u044e\u044e, \u0441\u0440\u0435\u0434\u043d\u044e\u044e \u0438 \u043d\u0438\u0436\u043d\u044e\u044e \u0442\u0440\u0435\u0442\u044c. \u0412 \u043a\u0430\u0436\u0434\u043e\u0439 \u0438\u0437 \u044d\u0442\u0438\u0445 \u043e\u0431\u043b\u0430\u0441\u0442\u0435\u0439 \u043c\u043e\u0433\u0443\u0442 \u0431\u044b\u0442\u044c \u043f\u0440\u043e\u0432\u0435\u0434\u0435\u043d\u044b \u0440\u0430\u0437\u043b\u0438\u0447\u043d\u044b\u0435 \u043e\u043f\u0435\u0440\u0430\u0446\u0438\u0438 \u043f\u043e \u0444\u0435\u043c\u0438\u043d\u0438\u0437\u0430\u0446\u0438\u0438 \u043b\u0438\u0446\u0430, \u043a\u043e\u0442\u043e\u0440\u044b\u0435 \u043e\u043f\u0438\u0441\u0430\u043d\u044b \u0437\u0434\u0435\u0441\u044c.\n\u041a\u0440\u043e\u043c\u0435 \u0442\u043e\u0433\u043e, \u0441\u0443\u0449\u0435\u0441\u0442\u0432\u0443\u044e\u0442 \u0438 \u0434\u0440\u0443\u0433\u0438\u0435 \u043c\u0435\u0442\u043e\u0434\u0438\u043a\u0438, \u0442\u0430\u043a\u0438\u0435 \u043a\u0430\u043a \u043f\u043e\u0434\u0442\u044f\u0436\u043a\u0430 \u043b\u0438\u0446\u0430, \u043a\u043e\u0442\u043e\u0440\u0430\u044f \u043f\u0440\u043e\u0432\u043e\u0434\u0438\u0442\u0441\u044f \u043d\u0430 \u0432\u0441\u0435\u043c \u043b\u0438\u0446\u0435. \t\t\t\t\t\t\t\t<\/div>\n\t\t\t\t<\/div>\n\t\t\t\t\t<\/div>\n\t\t\t\t<\/div>\n\t\t\t\t\t<\/div>\n\t\t\t\t<\/div>\n\t\t<div class=\"elementor-element elementor-element-6962033 e-flex e-con-boxed e-con e-parent\" data-id=\"6962033\" data-element_type=\"container\" data-e-type=\"container\" data-settings=\"{&quot;background_background&quot;:&quot;classic&quot;}\">\n\t\t\t\t\t<div class=\"e-con-inner\">\n\t\t<div class=\"elementor-element elementor-element-99f386b e-flex e-con-boxed e-con e-child\" data-id=\"99f386b\" data-element_type=\"container\" data-e-type=\"container\">\n\t\t\t\t\t<div class=\"e-con-inner\">\n\t\t\t\t<div class=\"elementor-element elementor-element-482d063 elementor-widget elementor-widget-image\" data-id=\"482d063\" data-element_type=\"widget\" data-e-type=\"widget\" data-widget_type=\"image.default\">\n\t\t\t\t<div class=\"elementor-widget-container\">\n\t\t\t\t\t\t\t\t\t\t\t\t\t\t\t<img loading=\"lazy\" decoding=\"async\" width=\"600\" height=\"600\" src=\"https:\/\/cemel.es\/wp-content\/uploads\/2024\/01\/cemeyq_gender_25.jpg\" class=\"attachment-large size-large wp-image-1199\" alt=\"\" srcset=\"https:\/\/cemel.es\/wp-content\/uploads\/2024\/01\/cemeyq_gender_25.jpg 600w, https:\/\/cemel.es\/wp-content\/uploads\/2024\/01\/cemeyq_gender_25-300x300.jpg 300w, https:\/\/cemel.es\/wp-content\/uploads\/2024\/01\/cemeyq_gender_25-150x150.jpg 150w, https:\/\/cemel.es\/wp-content\/uploads\/2024\/01\/cemeyq_gender_25-12x12.jpg 12w\" sizes=\"(max-width: 600px) 100vw, 600px\" \/>\t\t\t\t\t\t\t\t\t\t\t\t\t\t\t<\/div>\n\t\t\t\t<\/div>\n\t\t\t\t\t<\/div>\n\t\t\t\t<\/div>\n\t\t<div class=\"elementor-element elementor-element-465e005 e-flex e-con-boxed e-con e-child\" data-id=\"465e005\" data-element_type=\"container\" data-e-type=\"container\">\n\t\t\t\t\t<div class=\"e-con-inner\">\n\t\t\t\t<div class=\"elementor-element elementor-element-5806e8b elementor-widget elementor-widget-heading\" data-id=\"5806e8b\" data-element_type=\"widget\" data-e-type=\"widget\" data-widget_type=\"heading.default\">\n\t\t\t\t<div class=\"elementor-widget-container\">\n\t\t\t\t\t<h2 class=\"elementor-heading-title elementor-size-default\">\n\u0424\u0435\u043c\u0438\u043d\u0438\u0437\u0430\u0446\u0438\u044f \u043b\u0438\u0446\u0430: \u0440\u0430\u0437\u043b\u0438\u0447\u0438\u044f \u043c\u0435\u0436\u0434\u0443 \u043c\u0443\u0436\u0441\u043a\u0438\u043c \u0438 \u0436\u0435\u043d\u0441\u043a\u0438\u043c \u0447\u0435\u0440\u0435\u043f\u043e\u043c.<\/h2>\t\t\t\t<\/div>\n\t\t\t\t<\/div>\n\t\t\t\t<div class=\"elementor-element elementor-element-634c58a elementor-widget elementor-widget-text-editor\" data-id=\"634c58a\" data-element_type=\"widget\" data-e-type=\"widget\" data-widget_type=\"text-editor.default\">\n\t\t\t\t<div class=\"elementor-widget-container\">\n\t\t\t\t\t\t\t\t\t<p><strong>\u0424\u0435\u043c\u0438\u043d\u0438\u0437\u0430\u0446\u0438\u044f \u043b\u0431\u0430:<\/strong><\/p><p>\u041e\u0431\u043b\u0430\u0441\u0442\u044c \u043b\u0431\u0430 \u043d\u0430\u0434\u0435\u043b\u044f\u0435\u0442 \u0447\u0435\u0440\u0442\u0430\u043c\u0438 \u0432\u0442\u043e\u0440\u0438\u0447\u043d\u043e\u0433\u043e \u043f\u043e\u043b\u043e\u0432\u043e\u0433\u043e \u0434\u0438\u043c\u043e\u0440\u0444\u0438\u0437\u043c\u0430, \u0432\u0435\u0441\u044c\u043c\u0430 \u0437\u0430\u043c\u0435\u0442\u043d\u043e\u0433\u043e \u043c\u0435\u0436\u0434\u0443 \u043c\u0443\u0436\u0447\u0438\u043d\u043e\u0439 \u0438 \u0436\u0435\u043d\u0449\u0438\u043d\u043e\u0439.<\/p><p>\u0427\u0442\u043e\u0431\u044b \u0434\u043e\u0431\u0438\u0442\u044c\u0441\u044f \u0436\u0435\u043d\u0441\u0442\u0432\u0435\u043d\u043d\u043e\u0433\u043e \u043b\u0438\u0446\u0430, \u043d\u0435\u043e\u0431\u0445\u043e\u0434\u0438\u043c\u043e \u0441\u043c\u044f\u0433\u0447\u0438\u0442\u044c \u0447\u0440\u0435\u0437\u043c\u0435\u0440\u043d\u043e\u0435 \u0443\u0432\u0435\u043b\u0438\u0447\u0435\u043d\u0438\u0435 \u043a\u043e\u0441\u0442\u0435\u0439 \u043d\u0430\u0434 \u0431\u0440\u043e\u0432\u044f\u043c\u0438, \u0442\u0430\u043a \u043a\u0430\u043a \u043e\u043d\u0438 \u043f\u0440\u0438\u0434\u0430\u044e\u0442 \u043b\u0438\u0446\u0443 \u0436\u0435\u0441\u0442\u043a\u0438\u0439 \u0438 \u043c\u0443\u0436\u0435\u0441\u0442\u0432\u0435\u043d\u043d\u044b\u0439 \u0432\u0438\u0434 \u0438 \u0432\u044b\u0440\u0430\u0436\u0435\u043d\u0438\u0435.<\/p><p>\u0422\u043e \u0436\u0435 \u0441\u0430\u043c\u043e\u0435 \u043c\u043e\u0436\u043d\u043e \u0441\u043a\u0430\u0437\u0430\u0442\u044c \u0438 \u043e \u0433\u043b\u0430\u0437\u043d\u0438\u0446\u0430\u0445. \u041e\u043d\u0438 \u0441\u043e\u0432\u0435\u0440\u0448\u0435\u043d\u043d\u043e \u0440\u0430\u0437\u043b\u0438\u0447\u043d\u044b \u0443 \u0434\u0432\u0443\u0445 \u043f\u043e\u043b\u043e\u0432: \u0443 \u043c\u0443\u0436\u0447\u0438\u043d \u043e\u043d\u0438 \u0431\u043e\u043b\u0435\u0435 \u043a\u0432\u0430\u0434\u0440\u0430\u0442\u043d\u044b\u0435 \u0438 \u043d\u0438\u0437\u043a\u0438\u0435, \u0430 \u0443 \u0436\u0435\u043d\u0449\u0438\u043d \u0431\u043e\u043b\u0435\u0435 \u0437\u0430\u043c\u0435\u0442\u043d\u044b \u043e\u043a\u0440\u0443\u0433\u043b\u044b\u0435 \u0438 \u0432\u044b\u0441\u043e\u043a\u0438\u0435 \u0444\u043e\u0440\u043c\u044b.<\/p><p>\u041f\u0440\u0438 \u0444\u0435\u043c\u0438\u043d\u0438\u0437\u0430\u0446\u0438\u0438 \u043b\u0431\u0430 \u043d\u0430\u043c \u0443\u0434\u0430\u0435\u0442\u0441\u044f \u0438\u0437\u043c\u0435\u043d\u0438\u0442\u044c \u0444\u043e\u0440\u043c\u0443 \u043b\u043e\u0431\u043d\u043e-\u043e\u0440\u0431\u0438\u0442\u0430\u043b\u044c\u043d\u043e\u0439 \u043e\u0431\u043b\u0430\u0441\u0442\u0438, \u0442\u0435\u043c \u0441\u0430\u043c\u044b\u043c \u0441\u043c\u044f\u0433\u0447\u0430\u044f \u0432\u043d\u0435\u0448\u043d\u0438\u0439 \u0432\u0438\u0434 \u043b\u0431\u0430 \u0438 \u0434\u043e\u0431\u0438\u0432\u0430\u044f\u0441\u044c \u0443\u0432\u0435\u043b\u0438\u0447\u0435\u043d\u0438\u044f \u0433\u043b\u0430\u0437.<\/p><p>\u00a0<\/p>\t\t\t\t\t\t\t\t<\/div>\n\t\t\t\t<\/div>\n\t\t\t\t\t<\/div>\n\t\t\t\t<\/div>\n\t\t\t\t\t<\/div>\n\t\t\t\t<\/div>\n\t\t\t\t<\/div>","protected":false},"excerpt":{"rendered":"<p>Nuestros tratamientos m\u00e1s demandados MUJERES TRANS Cirug\u00eda Corporal de Feminizaci\u00f3n Mamoplastia de Aumento:Este procedimiento va dirigido a todas aquellas mujeres trans que, durante su proceso de reasignaci\u00f3n de sexo, quieran aumentar el aspecto de la mama. Aumento de Gl\u00fateos:Mediante esta t\u00e9cnica las mujeres trans pueden redondear su silueta y darle un aspecto totalmente femenino. El [&hellip;]<\/p>\n","protected":false},"author":1,"featured_media":0,"parent":0,"menu_order":0,"comment_status":"closed","ping_status":"closed","template":"","meta":{"footnotes":""},"class_list":["post-1195","page","type-page","status-publish","hentry"],"_links":{"self":[{"href":"https:\/\/cemel.es\/ru\/wp-json\/wp\/v2\/pages\/1195","targetHints":{"allow":["GET"]}}],"collection":[{"href":"https:\/\/cemel.es\/ru\/wp-json\/wp\/v2\/pages"}],"about":[{"href":"https:\/\/cemel.es\/ru\/wp-json\/wp\/v2\/types\/page"}],"author":[{"embeddable":true,"href":"https:\/\/cemel.es\/ru\/wp-json\/wp\/v2\/users\/1"}],"replies":[{"embeddable":true,"href":"https:\/\/cemel.es\/ru\/wp-json\/wp\/v2\/comments?post=1195"}],"version-history":[{"count":4,"href":"https:\/\/cemel.es\/ru\/wp-json\/wp\/v2\/pages\/1195\/revisions"}],"predecessor-version":[{"id":1202,"href":"https:\/\/cemel.es\/ru\/wp-json\/wp\/v2\/pages\/1195\/revisions\/1202"}],"wp:attachment":[{"href":"https:\/\/cemel.es\/ru\/wp-json\/wp\/v2\/media?parent=1195"}],"curies":[{"name":"wp","href":"https:\/\/api.w.org\/{rel}","templated":true}]}}