{"id":979,"date":"2024-01-09T07:52:14","date_gmt":"2024-01-09T07:52:14","guid":{"rendered":"https:\/\/cemel.es\/?page_id=979"},"modified":"2024-03-07T17:31:58","modified_gmt":"2024-03-07T17:31:58","slug":"dr-siridion-fleitas-lantigua","status":"publish","type":"page","link":"https:\/\/cemel.es\/it\/dr-siridion-fleitas-lantigua\/","title":{"rendered":"Dr. Siridi\u00f3n Fleitas Lantigua"},"content":{"rendered":"<div data-elementor-type=\"wp-page\" data-elementor-id=\"979\" class=\"elementor elementor-979\" data-elementor-post-type=\"page\">\n\t\t\t\t<div class=\"elementor-element elementor-element-af52ab8 e-flex e-con-boxed e-con e-parent\" data-id=\"af52ab8\" data-element_type=\"container\" data-e-type=\"container\">\n\t\t\t\t\t<div class=\"e-con-inner\">\n\t\t<div class=\"elementor-element elementor-element-6279df90 e-con-full e-flex elementor-invisible e-con e-child\" data-id=\"6279df90\" data-element_type=\"container\" data-e-type=\"container\" data-settings=\"{&quot;animation&quot;:&quot;fadeInDown&quot;}\">\n\t\t\t\t<div class=\"elementor-element elementor-element-622f4f18 elementor-widget elementor-widget-heading\" data-id=\"622f4f18\" data-element_type=\"widget\" data-e-type=\"widget\" data-widget_type=\"heading.default\">\n\t\t\t\t<div class=\"elementor-widget-container\">\n\t\t\t\t\t<h6 class=\"elementor-heading-title elementor-size-default\">Esperto in Medicina e Chirurgia Estetica<\/h6>\t\t\t\t<\/div>\n\t\t\t\t<\/div>\n\t\t\t\t<div class=\"elementor-element elementor-element-44b7f9e2 elementor-widget elementor-widget-heading\" data-id=\"44b7f9e2\" data-element_type=\"widget\" data-e-type=\"widget\" data-widget_type=\"heading.default\">\n\t\t\t\t<div class=\"elementor-widget-container\">\n\t\t\t\t\t<h2 class=\"elementor-heading-title elementor-size-default\">Dr. Siridi\u00f3n Fleitas Lantigua<\/h2>\t\t\t\t<\/div>\n\t\t\t\t<\/div>\n\t\t\t\t<div class=\"elementor-element elementor-element-65be71f3 elementor-widget elementor-widget-text-editor\" data-id=\"65be71f3\" data-element_type=\"widget\" data-e-type=\"widget\" data-widget_type=\"text-editor.default\">\n\t\t\t\t<div class=\"elementor-widget-container\">\n\t\t\t\t\t\t\t\t\t<div class=\"elementor-element elementor-element-795679a elementor-widget elementor-widget-text-editor\" data-id=\"795679a\" data-element_type=\"widget\" data-widget_type=\"text-editor.default\"><div class=\"elementor-widget-container\"><p>Il Dr. Siridi\u00f3n Fleitas Lantigua \u00e8 un membro di spicco nel campo della medicina e della chirurgia estetica. Il suo percorso e la sua professionalit\u00e0 lo confermano. Nel 2012 ha aperto la sua prima clinica: CEMEL, in Avenida Jos\u00e9 Mesa y L\u00f3pez.<\/p><p>La visione del dottore era chiara: voleva offrire ai suoi pazienti un'\u00e9quipe medica eccezionale e una tecnologia all'avanguardia sul mercato, dove la qualit\u00e0 e il trattamento umano dei pazienti fossero imbattibili. Per questo motivo il Dr. Siridi\u00f3n Fleitas \u00e8 un pioniere nell'introduzione di tecniche di chirurgia e medicina estetica dagli Stati Uniti e dal Regno Unito, da dove importa nelle sue cliniche di Las Palmas de Gran Canaria idee innovative sulle tendenze di bellezza, nuovi trattamenti e tecniche all'avanguardia.<\/p><p>Grazie alle sue vaste conoscenze, ha tenuto corsi di chirurgia estetica presso Abudabi, dove il suo talento e la sua professionalit\u00e0 sono molto apprezzati. Il Dr. Siridi\u00f3n Fleitas Lantigua \u00e8 stato responsabile di Dermatologia laser e Medicina estetica presso la Cl\u00ednicas San Roque nel periodo 2006\/2012.<\/p><\/div><\/div>\t\t\t\t\t\t\t\t<\/div>\n\t\t\t\t<\/div>\n\t\t\t\t<div class=\"elementor-element elementor-element-93c297f elementor-widget elementor-widget-heading\" data-id=\"93c297f\" data-element_type=\"widget\" data-e-type=\"widget\" data-widget_type=\"heading.default\">\n\t\t\t\t<div class=\"elementor-widget-container\">\n\t\t\t\t\t<h6 class=\"elementor-heading-title elementor-size-default\">Curriculum vitae<\/h6>\t\t\t\t<\/div>\n\t\t\t\t<\/div>\n\t\t\t\t<div class=\"elementor-element elementor-element-41fefc3 elementor-widget elementor-widget-text-editor\" data-id=\"41fefc3\" data-element_type=\"widget\" data-e-type=\"widget\" data-widget_type=\"text-editor.default\">\n\t\t\t\t<div class=\"elementor-widget-container\">\n\t\t\t\t\t\t\t\t\t<ul><li>Laurea in Medicina e Chirurgia, Universit\u00e0 di Las Palmas de Gran Canaria (Spagna)<\/li><li>Dottore in Medicina (Cum Laude), Universit\u00e0 di Las Palmas de Gran Canaria (Spagna).<\/li><li>Master in Nutrizione. Dipartimento di Medicina Preventiva, Universit\u00e0 di Las Palmas de Gran Canaria (Spagna).<\/li><li>Specialit\u00e0 in idrologia medica.<\/li><li>Master in Medicina Estetica, Universit\u00e0 di Cordoba (Spagna).<\/li><li>Diploma di competenza in laser medico-chirurgico. Collegio dei medici di Barcellona (Spagna).<\/li><li>Specialista universitario in Dermatologia Tropicale, Universit\u00e0 di Elche, Ospedale Fondillos e Alfredo da Matta, Manaus-Amazonas (Brasile).<\/li><li>Diploma in Basi Cliniche in Medicina e Chirurgia Estetica: Modulo Chirurgia.<\/li><li>Modulo di Chirurgia Cosmetica del Viso e del Corpo del Diploma in Basi Cliniche di Medicina e Chirurgia Cosmetica. Universit\u00e0 Autonoma di Barcellona - Spagna.<\/li><li>Master in Flebologia e Linfologia, Universit\u00e0 di Alcal\u00e1 de Henares e Hospital Ruber Internacional (Madrid, Spagna).<\/li><li>Master in chirurgia estetica, Universidad Rey Juan Carlos (Madrid, Spagna).<\/li><li>Specializzazione in Ginecologia estetica e funzionale e in Chirurgia genitale estetica della donna. Universit\u00e0 di Barcellona, Spagna.<\/li><li>Direttore medico del Centro M\u00e9dico Est\u00e9tico y L\u00e1ser - CEMEL dal 2012. Las Palmas, G\u00e1ldar e Maspalomas.<\/li><li>Direttore medico del Centro di dermatologia e laser - Cl\u00ednica San Roque, 2006-2012.<\/li><li>Condirettore di Forma-Medic (www.forma-medic.com)<\/li><li>Docente del Master in Medicina Estetica dell'Universit\u00e0 di Valencia.<\/li><\/ul>\t\t\t\t\t\t\t\t<\/div>\n\t\t\t\t<\/div>\n\t\t\t\t<\/div>\n\t\t<div class=\"elementor-element elementor-element-3fa89ff6 e-con-full e-flex e-con e-child\" data-id=\"3fa89ff6\" data-element_type=\"container\" data-e-type=\"container\" data-settings=\"{&quot;background_background&quot;:&quot;classic&quot;}\">\n\t\t\t\t<div class=\"elementor-element elementor-element-60132ee elementor-widget elementor-widget-image\" data-id=\"60132ee\" data-element_type=\"widget\" data-e-type=\"widget\" data-widget_type=\"image.default\">\n\t\t\t\t<div class=\"elementor-widget-container\">\n\t\t\t\t\t\t\t\t\t\t\t\t\t\t\t<img fetchpriority=\"high\" decoding=\"async\" width=\"513\" height=\"880\" src=\"https:\/\/cemel.es\/wp-content\/uploads\/2024\/01\/CV-e1705750850278.jpeg\" class=\"attachment-large size-large wp-image-1346\" alt=\"\" srcset=\"https:\/\/cemel.es\/wp-content\/uploads\/2024\/01\/CV-e1705750850278.jpeg 513w, https:\/\/cemel.es\/wp-content\/uploads\/2024\/01\/CV-e1705750850278-175x300.jpeg 175w, https:\/\/cemel.es\/wp-content\/uploads\/2024\/01\/CV-e1705750850278-7x12.jpeg 7w\" sizes=\"(max-width: 513px) 100vw, 513px\" \/>\t\t\t\t\t\t\t\t\t\t\t\t\t\t\t<\/div>\n\t\t\t\t<\/div>\n\t\t\t\t<\/div>\n\t\t\t\t\t<\/div>\n\t\t\t\t<\/div>\n\t\t\t\t<\/div>","protected":false},"excerpt":{"rendered":"<p>Experto en Medicina y Cirug\u00eda Est\u00e9tica Dr. Siridi\u00f3n Fleitas Lantigua El doctor Siridi\u00f3n Fleitas Lantigua es un miembro destacado dentro del campo de la Medicina y de la Cirug\u00eda Est\u00e9tica. Su trayectoria y profesionalidad lo avalan. En 2012 di\u00f3 lugar a la apertura de su primera cl\u00ednica: CEMEL, en la Avenida Jos\u00e9 Mesa y L\u00f3pez. [&hellip;]<\/p>\n","protected":false},"author":1,"featured_media":0,"parent":0,"menu_order":0,"comment_status":"closed","ping_status":"closed","template":"","meta":{"footnotes":""},"class_list":["post-979","page","type-page","status-publish","hentry"],"_links":{"self":[{"href":"https:\/\/cemel.es\/it\/wp-json\/wp\/v2\/pages\/979","targetHints":{"allow":["GET"]}}],"collection":[{"href":"https:\/\/cemel.es\/it\/wp-json\/wp\/v2\/pages"}],"about":[{"href":"https:\/\/cemel.es\/it\/wp-json\/wp\/v2\/types\/page"}],"author":[{"embeddable":true,"href":"https:\/\/cemel.es\/it\/wp-json\/wp\/v2\/users\/1"}],"replies":[{"embeddable":true,"href":"https:\/\/cemel.es\/it\/wp-json\/wp\/v2\/comments?post=979"}],"version-history":[{"count":31,"href":"https:\/\/cemel.es\/it\/wp-json\/wp\/v2\/pages\/979\/revisions"}],"predecessor-version":[{"id":2233,"href":"https:\/\/cemel.es\/it\/wp-json\/wp\/v2\/pages\/979\/revisions\/2233"}],"wp:attachment":[{"href":"https:\/\/cemel.es\/it\/wp-json\/wp\/v2\/media?parent=979"}],"curies":[{"name":"wp","href":"https:\/\/api.w.org\/{rel}","templated":true}]}}