{"id":2448,"date":"2024-09-20T08:45:41","date_gmt":"2024-09-20T08:45:41","guid":{"rendered":"https:\/\/cemel.es\/?page_id=2448"},"modified":"2024-09-20T09:46:49","modified_gmt":"2024-09-20T09:46:49","slug":"cursos-rotation-one-to-one-de-medicina-estetica","status":"publish","type":"page","link":"https:\/\/cemel.es\/it\/cursos-rotation-one-to-one-de-medicina-estetica\/","title":{"rendered":"Rotazione Uno a Uno"},"content":{"rendered":"<div data-elementor-type=\"wp-page\" data-elementor-id=\"2448\" class=\"elementor elementor-2448\" data-elementor-post-type=\"page\">\n\t\t\t\t<div class=\"elementor-element elementor-element-8360675 e-flex e-con-boxed e-con e-parent\" data-id=\"8360675\" data-element_type=\"container\" data-e-type=\"container\">\n\t\t\t\t\t<div class=\"e-con-inner\">\n\t\t<div class=\"elementor-element elementor-element-6f83ab9 e-flex e-con-boxed e-con e-child\" data-id=\"6f83ab9\" data-element_type=\"container\" data-e-type=\"container\">\n\t\t\t\t\t<div class=\"e-con-inner\">\n\t\t\t\t<div class=\"elementor-element elementor-element-96334a8 elementor-widget elementor-widget-heading\" data-id=\"96334a8\" data-element_type=\"widget\" data-e-type=\"widget\" data-widget_type=\"heading.default\">\n\t\t\t\t<div class=\"elementor-widget-container\">\n\t\t\t\t\t<h2 class=\"elementor-heading-title elementor-size-default\">ROTAZIONE UNO A UNO<\/h2>\t\t\t\t<\/div>\n\t\t\t\t<\/div>\n\t\t\t\t<div class=\"elementor-element elementor-element-fd3a9b2 elementor-widget elementor-widget-text-editor\" data-id=\"fd3a9b2\" data-element_type=\"widget\" data-e-type=\"widget\" data-widget_type=\"text-editor.default\">\n\t\t\t\t<div class=\"elementor-widget-container\">\n\t\t\t\t\t\t\t\t\t<p class=\"p1\">Se volete imparare tutte le tecniche pi\u00f9 all'avanguardia della Medicina Estetica, potete fare una rotazione con la dottoressa Siridi\u00f3n Fleitas Lantigua presso la clinica CEMEL di Las Palmas de Gran Canaria. Riceverete un diploma che accredita questa rotazione. Potrete scegliere la modalit\u00e0 che preferite e portare i vostri pazienti per curarli.<\/p>\t\t\t\t\t\t\t\t<\/div>\n\t\t\t\t<\/div>\n\t\t\t\t\t<\/div>\n\t\t\t\t<\/div>\n\t\t\t\t\t<\/div>\n\t\t\t\t<\/div>\n\t\t<div class=\"elementor-element elementor-element-504d3a5 e-flex e-con-boxed e-con e-parent\" data-id=\"504d3a5\" data-element_type=\"container\" data-e-type=\"container\">\n\t\t\t\t\t<div class=\"e-con-inner\">\n\t\t<div class=\"elementor-element elementor-element-8b2bafe e-con-full e-flex e-con e-child\" data-id=\"8b2bafe\" data-element_type=\"container\" data-e-type=\"container\">\n\t\t\t\t<div class=\"elementor-element elementor-element-5147012 elementor-widget elementor-widget-text-editor\" data-id=\"5147012\" data-element_type=\"widget\" data-e-type=\"widget\" data-widget_type=\"text-editor.default\">\n\t\t\t\t<div class=\"elementor-widget-container\">\n\t\t\t\t\t\t\t\t\t<p>Corsi avanzati di medicina estetica con la dottoressa Siridi\u00f3n Fleitas Lantigua a Las Palmas de Gran Canaria<\/p><p>Presso la Clinica Cemel, situata a Las Palmas de Gran Canaria, la <strong>Dr. Siridi\u00f3n Fleitas Lantigua<\/strong> offre corsi di specializzazione in medicina estetica all'avanguardia attraverso il suo innovativo programma <strong>Rotazione Uno a Uno<\/strong>.<\/p><p>Questi corsi sono pensati per medici e professionisti della salute che desiderano affinare le proprie competenze in trattamenti estetici avanzati, con un approccio personalizzato e pratico.<\/p><p><strong>\u00a0Perch\u00e9 scegliere i corsi del Dr. Siridi\u00f3n Fleitas?<\/strong><\/p><p>Il Dr. Fleitas \u00e8 un punto di riferimento nel campo della medicina estetica, con anni di esperienza nell'applicazione di tecniche avanzate e trattamenti all'avanguardia. Attraverso la Rotazione One to One, i partecipanti hanno l'opportunit\u00e0 unica di lavorare direttamente con lui, ricevendo una formazione completamente personalizzata. Questo approccio garantisce che ogni professionista partecipante possa sviluppare le proprie competenze al proprio ritmo, imparando da uno dei leader nel campo della medicina estetica.<\/p><p><strong>Cosa comprende il programma di formazione?<\/strong><\/p><p>- Trattamenti estetici all'avanguardia: i corsi coprono tecniche moderne come l'uso della tossina botulinica, i filler dermici, il ringiovanimento del viso, i laser e altre tecnologie avanzate.<br \/>- Approccio pratico: la metodologia <strong>\"Uno a Uno<\/strong> permette ai partecipanti di esercitarsi direttamente su casi reali sotto la supervisione del Dr. Fleitas.<br \/>- Certificazione: al termine del corso, i partecipanti ricevono un diploma che certifica la loro conoscenza della medicina estetica avanzata.<\/p><p><strong>Dove si tengono i corsi?<\/strong><\/p><p>I corsi si tengono presso la Clinica Cemel, un centro di riferimento a Las Palmas de Gran Canaria specializzato nell'offerta di trattamenti estetici di alta qualit\u00e0. Dotata di tecnologie all'avanguardia, \u00e8 il luogo ideale per apprendere e praticare le pi\u00f9 recenti tecniche di medicina estetica.<\/p><p>Se siete alla ricerca di corsi avanzati di medicina estetica che vi offrano una formazione personalizzata e di alto livello, i programmi della Dott.ssa Siridi\u00f3n Fleitas Lantigua presso la Clinica Cemel sono la scelta migliore.<\/p><p style=\"text-align: center;\"><strong>Registratevi oggi stesso e portate la vostra carriera al livello successivo.<\/strong><\/p><p>\u00a0<\/p>\t\t\t\t\t\t\t\t<\/div>\n\t\t\t\t<\/div>\n\t\t\t\t<\/div>\n\t\t<div class=\"elementor-element elementor-element-3c806fc e-con-full e-flex e-con e-child\" data-id=\"3c806fc\" data-element_type=\"container\" data-e-type=\"container\">\n\t\t\t\t<div class=\"elementor-element elementor-element-7a7cac2 elementor-widget elementor-widget-image\" data-id=\"7a7cac2\" data-element_type=\"widget\" data-e-type=\"widget\" data-widget_type=\"image.default\">\n\t\t\t\t<div class=\"elementor-widget-container\">\n\t\t\t\t\t\t\t\t\t\t\t\t\t\t\t<img fetchpriority=\"high\" decoding=\"async\" width=\"513\" height=\"880\" src=\"https:\/\/cemel.es\/wp-content\/uploads\/2024\/01\/CV-e1705750850278.jpeg\" class=\"attachment-large size-large wp-image-1346\" alt=\"\" srcset=\"https:\/\/cemel.es\/wp-content\/uploads\/2024\/01\/CV-e1705750850278.jpeg 513w, https:\/\/cemel.es\/wp-content\/uploads\/2024\/01\/CV-e1705750850278-175x300.jpeg 175w, https:\/\/cemel.es\/wp-content\/uploads\/2024\/01\/CV-e1705750850278-7x12.jpeg 7w\" sizes=\"(max-width: 513px) 100vw, 513px\" \/>\t\t\t\t\t\t\t\t\t\t\t\t\t\t\t<\/div>\n\t\t\t\t<\/div>\n\t\t\t\t<\/div>\n\t\t\t\t\t<\/div>\n\t\t\t\t<\/div>\n\t\t<div class=\"elementor-element elementor-element-5565cc4 e-flex e-con-boxed e-con e-parent\" data-id=\"5565cc4\" data-element_type=\"container\" data-e-type=\"container\">\n\t\t\t\t\t<div class=\"e-con-inner\">\n\t\t\t\t<div class=\"elementor-element elementor-element-8ae0332 elementor-widget elementor-widget-price-table\" data-id=\"8ae0332\" data-element_type=\"widget\" data-e-type=\"widget\" data-widget_type=\"price-table.default\">\n\t\t\t\t<div class=\"elementor-widget-container\">\n\t\t\t\t\t\n\t\t<div class=\"elementor-price-table\">\n\t\t\t\t\t\t\t<div class=\"elementor-price-table__header\">\n\t\t\t\t\t\t\t\t\t\t\t<h3 class=\"elementor-price-table__heading\">\n\t\t\t\t\t\tPREZZI\t\t\t\t\t\t<\/h3>\n\t\t\t\t\t\n\t\t\t\t\t\t\t\t\t\t\t<span class=\"elementor-price-table__subheading\">\n\t\t\t\t\t\t\tCorsi specializzati Rotazione Uno a uno\t\t\t\t\t\t<\/span>\n\t\t\t\t\t\t\t\t\t<\/div>\n\t\t\t\n\t\t\t<div class=\"elementor-price-table__price\">\n\t\t\t\t\t\t\t\t\t\t\t\t\n\t\t\t\t\n\t\t\t\t\n\t\t\t\t\t\t\t<\/div>\n\n\t\t\t\t\t\t\t<ul class=\"elementor-price-table__features-list\">\n\t\t\t\t\t\t\t\t\t\t\t<li class=\"elementor-repeater-item-e074887\">\n\t\t\t\t\t\t\t<div class=\"elementor-price-table__feature-inner\">\n\t\t\t\t\t\t\t\t<svg aria-hidden=\"true\" class=\"e-font-icon-svg e-fas-check-circle\" viewbox=\"0 0 512 512\" xmlns=\"http:\/\/www.w3.org\/2000\/svg\"><path d=\"M504 256c0 136.967-111.033 248-248 248S8 392.967 8 256 119.033 8 256 8s248 111.033 248 248zM227.314 387.314l184-184c6.248-6.248 6.248-16.379 0-22.627l-22.627-22.627c-6.248-6.249-16.379-6.249-22.628 0L216 308.118l-70.059-70.059c-6.248-6.248-16.379-6.248-22.628 0l-22.627 22.627c-6.248 6.248-6.248 16.379 0 22.627l104 104c6.249 6.249 16.379 6.249 22.628.001z\"><\/path><\/svg>\t\t\t\t\t\t\t\t\t\t\t\t\t\t\t\t\t<span >\n\t\t\t\t\t\t\t\t\t\tPrezzo x 1 giorno - 1.000\u20ac.\t\t\t\t\t\t\t\t\t<\/span>\n\t\t\t\t\t\t\t\t\t\t\t\t\t\t\t\t<\/div>\n\t\t\t\t\t\t<\/li>\n\t\t\t\t\t\t\t\t\t\t\t<li class=\"elementor-repeater-item-8e85a5c\">\n\t\t\t\t\t\t\t<div class=\"elementor-price-table__feature-inner\">\n\t\t\t\t\t\t\t\t<svg aria-hidden=\"true\" class=\"e-font-icon-svg e-fas-check-circle\" viewbox=\"0 0 512 512\" xmlns=\"http:\/\/www.w3.org\/2000\/svg\"><path d=\"M504 256c0 136.967-111.033 248-248 248S8 392.967 8 256 119.033 8 256 8s248 111.033 248 248zM227.314 387.314l184-184c6.248-6.248 6.248-16.379 0-22.627l-22.627-22.627c-6.248-6.249-16.379-6.249-22.628 0L216 308.118l-70.059-70.059c-6.248-6.248-16.379-6.248-22.628 0l-22.627 22.627c-6.248 6.248-6.248 16.379 0 22.627l104 104c6.249 6.249 16.379 6.249 22.628.001z\"><\/path><\/svg>\t\t\t\t\t\t\t\t\t\t\t\t\t\t\t\t\t<span >\n\t\t\t\t\t\t\t\t\t\tPrezzo x 2 giorni - 1.500\u20ac.\t\t\t\t\t\t\t\t\t<\/span>\n\t\t\t\t\t\t\t\t\t\t\t\t\t\t\t\t<\/div>\n\t\t\t\t\t\t<\/li>\n\t\t\t\t\t\t\t\t\t\t\t<li class=\"elementor-repeater-item-5692667\">\n\t\t\t\t\t\t\t<div class=\"elementor-price-table__feature-inner\">\n\t\t\t\t\t\t\t\t<svg aria-hidden=\"true\" class=\"e-font-icon-svg e-fas-check-circle\" viewbox=\"0 0 512 512\" xmlns=\"http:\/\/www.w3.org\/2000\/svg\"><path d=\"M504 256c0 136.967-111.033 248-248 248S8 392.967 8 256 119.033 8 256 8s248 111.033 248 248zM227.314 387.314l184-184c6.248-6.248 6.248-16.379 0-22.627l-22.627-22.627c-6.248-6.249-16.379-6.249-22.628 0L216 308.118l-70.059-70.059c-6.248-6.248-16.379-6.248-22.628 0l-22.627 22.627c-6.248 6.248-6.248 16.379 0 22.627l104 104c6.249 6.249 16.379 6.249 22.628.001z\"><\/path><\/svg>\t\t\t\t\t\t\t\t\t\t\t\t\t\t\t\t\t<span >\n\t\t\t\t\t\t\t\t\t\tPrezzo x 3 giorni - 2.000\u20ac.\t\t\t\t\t\t\t\t\t<\/span>\n\t\t\t\t\t\t\t\t\t\t\t\t\t\t\t\t<\/div>\n\t\t\t\t\t\t<\/li>\n\t\t\t\t\t\t\t\t\t\t\t<li class=\"elementor-repeater-item-3a8718b\">\n\t\t\t\t\t\t\t<div class=\"elementor-price-table__feature-inner\">\n\t\t\t\t\t\t\t\t<svg aria-hidden=\"true\" class=\"e-font-icon-svg e-fas-check-circle\" viewbox=\"0 0 512 512\" xmlns=\"http:\/\/www.w3.org\/2000\/svg\"><path d=\"M504 256c0 136.967-111.033 248-248 248S8 392.967 8 256 119.033 8 256 8s248 111.033 248 248zM227.314 387.314l184-184c6.248-6.248 6.248-16.379 0-22.627l-22.627-22.627c-6.248-6.249-16.379-6.249-22.628 0L216 308.118l-70.059-70.059c-6.248-6.248-16.379-6.248-22.628 0l-22.627 22.627c-6.248 6.248-6.248 16.379 0 22.627l104 104c6.249 6.249 16.379 6.249 22.628.001z\"><\/path><\/svg>\t\t\t\t\t\t\t\t\t\t\t\t\t\t\t\t\t<span >\n\t\t\t\t\t\t\t\t\t\tPrezzo x 4 giorni - 3.000\u20ac.\t\t\t\t\t\t\t\t\t<\/span>\n\t\t\t\t\t\t\t\t\t\t\t\t\t\t\t\t<\/div>\n\t\t\t\t\t\t<\/li>\n\t\t\t\t\t\t\t\t\t\t\t<li class=\"elementor-repeater-item-36c016d\">\n\t\t\t\t\t\t\t<div class=\"elementor-price-table__feature-inner\">\n\t\t\t\t\t\t\t\t<svg aria-hidden=\"true\" class=\"e-font-icon-svg e-fas-check-circle\" viewbox=\"0 0 512 512\" xmlns=\"http:\/\/www.w3.org\/2000\/svg\"><path d=\"M504 256c0 136.967-111.033 248-248 248S8 392.967 8 256 119.033 8 256 8s248 111.033 248 248zM227.314 387.314l184-184c6.248-6.248 6.248-16.379 0-22.627l-22.627-22.627c-6.248-6.249-16.379-6.249-22.628 0L216 308.118l-70.059-70.059c-6.248-6.248-16.379-6.248-22.628 0l-22.627 22.627c-6.248 6.248-6.248 16.379 0 22.627l104 104c6.249 6.249 16.379 6.249 22.628.001z\"><\/path><\/svg>\t\t\t\t\t\t\t\t\t\t\t\t\t\t\t\t\t<span >\n\t\t\t\t\t\t\t\t\t\tPrezzo x 5 giorni - 3.500\u20ac.\t\t\t\t\t\t\t\t\t<\/span>\n\t\t\t\t\t\t\t\t\t\t\t\t\t\t\t\t<\/div>\n\t\t\t\t\t\t<\/li>\n\t\t\t\t\t\t\t\t\t<\/ul>\n\t\t\t\n\t\t\t\t\t\t\t<div class=\"elementor-price-table__footer\">\n\t\t\t\t\t\t\t\t\t\t\t<a class=\"elementor-price-table__button elementor-button elementor-size-md\" href=\"mailto:clinica@cemel.es\">\n\t\t\t\t\t\t\tPRENOTA IL TUO POSTO\t\t\t\t\t\t<\/a>\n\t\t\t\t\t\n\t\t\t\t\t\t\t\t\t\t\t<div class=\"elementor-price-table__additional_info\">\n\t\t\t\t\t\t\tChiamateci al numero 692 573121\t\t\t\t\t\t<\/div>\n\t\t\t\t\t\t\t\t\t<\/div>\n\t\t\t\t\t<\/div>\n\n\t\t\t\t\t\t<\/div>\n\t\t\t\t<\/div>\n\t\t\t\t\t<\/div>\n\t\t\t\t<\/div>\n\t\t\t\t<\/div>","protected":false},"excerpt":{"rendered":"<p>ROTATION ONE TO ONE Si quieres aprender todas las t\u00e9cnicas m\u00e1s vanguardistas de la Medicina Est\u00e9tica\u00a0 puedes realizar una rotaci\u00f3n con el Dr. Siridi\u00f3n Fleitas Lantigua en la cl\u00ednica CEMEL de Las Palmas de Gran Canaria. Obtendr\u00e1s un diploma acreditativo de dicha rotaci\u00f3n. Puedes elegir la modalidad que prefieras y puedes traer a tus propios [&hellip;]<\/p>\n","protected":false},"author":2,"featured_media":0,"parent":0,"menu_order":0,"comment_status":"closed","ping_status":"closed","template":"","meta":{"footnotes":""},"class_list":["post-2448","page","type-page","status-publish","hentry"],"_links":{"self":[{"href":"https:\/\/cemel.es\/it\/wp-json\/wp\/v2\/pages\/2448","targetHints":{"allow":["GET"]}}],"collection":[{"href":"https:\/\/cemel.es\/it\/wp-json\/wp\/v2\/pages"}],"about":[{"href":"https:\/\/cemel.es\/it\/wp-json\/wp\/v2\/types\/page"}],"author":[{"embeddable":true,"href":"https:\/\/cemel.es\/it\/wp-json\/wp\/v2\/users\/2"}],"replies":[{"embeddable":true,"href":"https:\/\/cemel.es\/it\/wp-json\/wp\/v2\/comments?post=2448"}],"version-history":[{"count":13,"href":"https:\/\/cemel.es\/it\/wp-json\/wp\/v2\/pages\/2448\/revisions"}],"predecessor-version":[{"id":2465,"href":"https:\/\/cemel.es\/it\/wp-json\/wp\/v2\/pages\/2448\/revisions\/2465"}],"wp:attachment":[{"href":"https:\/\/cemel.es\/it\/wp-json\/wp\/v2\/media?parent=2448"}],"curies":[{"name":"wp","href":"https:\/\/api.w.org\/{rel}","templated":true}]}}