{"id":1553,"date":"2024-01-25T09:15:44","date_gmt":"2024-01-25T09:15:44","guid":{"rendered":"https:\/\/cemel.es\/?page_id=1553"},"modified":"2024-01-25T09:17:58","modified_gmt":"2024-01-25T09:17:58","slug":"grasa-localizada-lipocryo","status":"publish","type":"page","link":"https:\/\/cemel.es\/it\/medicina-estetica\/grasa-localizada-lipocryo\/","title":{"rendered":"grasa localizada lipocryo"},"content":{"rendered":"<div data-elementor-type=\"wp-page\" data-elementor-id=\"1553\" class=\"elementor elementor-1553\" data-elementor-post-type=\"page\">\n\t\t\t\t<div class=\"elementor-element elementor-element-4ecd1b7f e-flex e-con-boxed e-con e-parent\" data-id=\"4ecd1b7f\" data-element_type=\"container\" data-e-type=\"container\">\n\t\t\t\t\t<div class=\"e-con-inner\">\n\t\t<div class=\"elementor-element elementor-element-6032f656 e-con-full e-flex e-con e-child\" data-id=\"6032f656\" data-element_type=\"container\" data-e-type=\"container\">\n\t\t\t\t<div class=\"elementor-element elementor-element-a2478a4 elementor-invisible elementor-widget elementor-widget-heading\" data-id=\"a2478a4\" data-element_type=\"widget\" data-e-type=\"widget\" data-settings=\"{&quot;_animation&quot;:&quot;fadeInLeft&quot;}\" data-widget_type=\"heading.default\">\n\t\t\t\t<div class=\"elementor-widget-container\">\n\t\t\t\t\t<h1 class=\"elementor-heading-title elementor-size-default\">LipoCryo del grasso localizzato<\/h1>\t\t\t\t<\/div>\n\t\t\t\t<\/div>\n\t\t\t\t<div class=\"elementor-element elementor-element-47b1b81 elementor-widget elementor-widget-text-editor\" data-id=\"47b1b81\" data-element_type=\"widget\" data-e-type=\"widget\" data-widget_type=\"text-editor.default\">\n\t\t\t\t<div class=\"elementor-widget-container\">\n\t\t\t\t\t\t\t\t\t<p>LipoCryo \u00e8 una nuova tecnologia che consente la riduzione del tessuto adiposo in modo selettivo e non invasivo. Come funziona? Un trasduttore viene applicato all'area prescelta per catturare il tessuto adiposo sottocutaneo e la criotecnologia selettiva viene utilizzata per raffreddarlo.<\/p>\n<p>\u00a0<\/p>\t\t\t\t\t\t\t\t<\/div>\n\t\t\t\t<\/div>\n\t\t<div class=\"elementor-element elementor-element-7b0298c e-con-full e-flex e-con e-child\" data-id=\"7b0298c\" data-element_type=\"container\" data-e-type=\"container\">\n\t\t<div class=\"elementor-element elementor-element-b136ef7 e-con-full e-flex e-con e-child\" data-id=\"b136ef7\" data-element_type=\"container\" data-e-type=\"container\">\n\t\t\t\t<\/div>\n\t\t\t\t<\/div>\n\t\t\t\t<\/div>\n\t\t<div class=\"elementor-element elementor-element-0a5c125 e-con-full e-flex e-con e-child\" data-id=\"0a5c125\" data-element_type=\"container\" data-e-type=\"container\">\n\t\t\t\t<div class=\"elementor-element elementor-element-aae305d elementor-widget elementor-widget-image\" data-id=\"aae305d\" data-element_type=\"widget\" data-e-type=\"widget\" data-widget_type=\"image.default\">\n\t\t\t\t<div class=\"elementor-widget-container\">\n\t\t\t\t\t\t\t\t\t\t\t\t\t\t\t<img fetchpriority=\"high\" decoding=\"async\" width=\"710\" height=\"666\" src=\"https:\/\/cemel.es\/wp-content\/uploads\/2024\/01\/vista-posterior-manos-guantes-dibujando-marcador-e1706174272641.jpg\" class=\"attachment-full size-full wp-image-1558\" alt=\"\" srcset=\"https:\/\/cemel.es\/wp-content\/uploads\/2024\/01\/vista-posterior-manos-guantes-dibujando-marcador-e1706174272641.jpg 710w, https:\/\/cemel.es\/wp-content\/uploads\/2024\/01\/vista-posterior-manos-guantes-dibujando-marcador-e1706174272641-300x281.jpg 300w, https:\/\/cemel.es\/wp-content\/uploads\/2024\/01\/vista-posterior-manos-guantes-dibujando-marcador-e1706174272641-13x12.jpg 13w\" sizes=\"(max-width: 710px) 100vw, 710px\" \/>\t\t\t\t\t\t\t\t\t\t\t\t\t\t\t<\/div>\n\t\t\t\t<\/div>\n\t\t\t\t<\/div>\n\t\t\t\t\t<\/div>\n\t\t\t\t<\/div>\n\t\t\t\t<\/div>","protected":false},"excerpt":{"rendered":"<p>Grasa localizada LipoCryo LipoCryo es una nueva tecnolog\u00eda que permite la reducci\u00f3n del tejido graso de manera selectiva y no invasiva. \u00bfC\u00f3mo funciona? Se aplica un transductor en la zona elegida para captar el tejido subcut\u00e1neo graso y criotecnolog\u00eda selectiva para enfriarlo. \u00a0<\/p>","protected":false},"author":1,"featured_media":0,"parent":831,"menu_order":0,"comment_status":"closed","ping_status":"closed","template":"","meta":{"footnotes":""},"class_list":["post-1553","page","type-page","status-publish","hentry"],"_links":{"self":[{"href":"https:\/\/cemel.es\/it\/wp-json\/wp\/v2\/pages\/1553","targetHints":{"allow":["GET"]}}],"collection":[{"href":"https:\/\/cemel.es\/it\/wp-json\/wp\/v2\/pages"}],"about":[{"href":"https:\/\/cemel.es\/it\/wp-json\/wp\/v2\/types\/page"}],"author":[{"embeddable":true,"href":"https:\/\/cemel.es\/it\/wp-json\/wp\/v2\/users\/1"}],"replies":[{"embeddable":true,"href":"https:\/\/cemel.es\/it\/wp-json\/wp\/v2\/comments?post=1553"}],"version-history":[{"count":7,"href":"https:\/\/cemel.es\/it\/wp-json\/wp\/v2\/pages\/1553\/revisions"}],"predecessor-version":[{"id":1562,"href":"https:\/\/cemel.es\/it\/wp-json\/wp\/v2\/pages\/1553\/revisions\/1562"}],"up":[{"embeddable":true,"href":"https:\/\/cemel.es\/it\/wp-json\/wp\/v2\/pages\/831"}],"wp:attachment":[{"href":"https:\/\/cemel.es\/it\/wp-json\/wp\/v2\/media?parent=1553"}],"curies":[{"name":"wp","href":"https:\/\/api.w.org\/{rel}","templated":true}]}}