{"id":1195,"date":"2024-01-15T19:52:24","date_gmt":"2024-01-15T19:52:24","guid":{"rendered":"https:\/\/cemel.es\/?page_id=1195"},"modified":"2024-01-15T20:00:57","modified_gmt":"2024-01-15T20:00:57","slug":"mujeres-trans","status":"publish","type":"page","link":"https:\/\/cemel.es\/it\/mujeres-trans\/","title":{"rendered":"DONNE TRANS"},"content":{"rendered":"<div data-elementor-type=\"wp-page\" data-elementor-id=\"1195\" class=\"elementor elementor-1195\" data-elementor-post-type=\"page\">\n\t\t\t\t<div class=\"elementor-element elementor-element-e0cf916 e-flex e-con-boxed e-con e-parent\" data-id=\"e0cf916\" data-element_type=\"container\" data-e-type=\"container\">\n\t\t\t\t\t<div class=\"e-con-inner\">\n\t\t<div class=\"elementor-element elementor-element-ce47286 e-con-full e-flex e-con e-child\" data-id=\"ce47286\" data-element_type=\"container\" data-e-type=\"container\">\n\t\t\t\t<div class=\"elementor-element elementor-element-c35345e elementor-widget elementor-widget-heading\" data-id=\"c35345e\" data-element_type=\"widget\" data-e-type=\"widget\" data-widget_type=\"heading.default\">\n\t\t\t\t<div class=\"elementor-widget-container\">\n\t\t\t\t\t<h2 class=\"elementor-heading-title elementor-size-default\">I nostri trattamenti pi\u00f9 richiesti<\/h2>\t\t\t\t<\/div>\n\t\t\t\t<\/div>\n\t\t\t\t<div class=\"elementor-element elementor-element-1ed83de elementor-widget elementor-widget-heading\" data-id=\"1ed83de\" data-element_type=\"widget\" data-e-type=\"widget\" data-widget_type=\"heading.default\">\n\t\t\t\t<div class=\"elementor-widget-container\">\n\t\t\t\t\t<h2 class=\"elementor-heading-title elementor-size-default\">DONNE TRANS<\/h2>\t\t\t\t<\/div>\n\t\t\t\t<\/div>\n\t\t\t\t<div class=\"elementor-element elementor-element-873eb82 elementor-widget elementor-widget-image\" data-id=\"873eb82\" data-element_type=\"widget\" data-e-type=\"widget\" data-widget_type=\"image.default\">\n\t\t\t\t<div class=\"elementor-widget-container\">\n\t\t\t\t\t\t\t\t\t\t\t\t\t\t\t<img fetchpriority=\"high\" decoding=\"async\" width=\"500\" height=\"800\" src=\"https:\/\/cemel.es\/wp-content\/uploads\/2024\/01\/cemeyq_gender_31.jpg\" class=\"attachment-large size-large wp-image-1179\" alt=\"\" srcset=\"https:\/\/cemel.es\/wp-content\/uploads\/2024\/01\/cemeyq_gender_31.jpg 500w, https:\/\/cemel.es\/wp-content\/uploads\/2024\/01\/cemeyq_gender_31-188x300.jpg 188w, https:\/\/cemel.es\/wp-content\/uploads\/2024\/01\/cemeyq_gender_31-8x12.jpg 8w\" sizes=\"(max-width: 500px) 100vw, 500px\" \/>\t\t\t\t\t\t\t\t\t\t\t\t\t\t\t<\/div>\n\t\t\t\t<\/div>\n\t\t\t\t<\/div>\n\t\t<div class=\"elementor-element elementor-element-9e6ae7d e-con-full e-flex e-con e-child\" data-id=\"9e6ae7d\" data-element_type=\"container\" data-e-type=\"container\">\n\t\t\t\t<div class=\"elementor-element elementor-element-a3d2ffe elementor-widget elementor-widget-heading\" data-id=\"a3d2ffe\" data-element_type=\"widget\" data-e-type=\"widget\" data-widget_type=\"heading.default\">\n\t\t\t\t<div class=\"elementor-widget-container\">\n\t\t\t\t\t<h2 class=\"elementor-heading-title elementor-size-default\">Chirurgia corporea di femminilizzazione<\/h2>\t\t\t\t<\/div>\n\t\t\t\t<\/div>\n\t\t\t\t<div class=\"elementor-element elementor-element-b85c361 elementor-widget elementor-widget-text-editor\" data-id=\"b85c361\" data-element_type=\"widget\" data-e-type=\"widget\" data-widget_type=\"text-editor.default\">\n\t\t\t\t<div class=\"elementor-widget-container\">\n\t\t\t\t\t\t\t\t\t<p><strong>Mammoplastica additiva:<\/strong><br \/>Questo intervento \u00e8 rivolto a tutte le donne trans che, durante il processo di riassegnazione del sesso, desiderano migliorare l'aspetto del seno.<\/p><p><strong>Aumento dei glutei:<\/strong><br \/>Grazie a questa tecnica, le donne trans possono arrotondare la loro silhouette e conferirle un aspetto totalmente femminile. La mastoplastica additiva non \u00e8 indicata solo per loro, ma per tutti coloro che desiderano un'immagine pi\u00f9 voluminosa e atletica dei propri glutei.<\/p><p><strong>Chirurgia addominale:<\/strong><br \/>Con questo tipo di intervento siamo in grado di scolpire la silhouette. Possiamo anche riposizionare il tessuto adiposo estratto in aree strategiche, a seconda dell'obiettivo che vogliamo raggiungere - femminilizzazione o mascolinizzazione. Questa tecnica consente di ottenere un risultato totalmente naturale, poich\u00e9 si tratta di filler di grasso autologo.<\/p><p>\u00a0<\/p>\t\t\t\t\t\t\t\t<\/div>\n\t\t\t\t<\/div>\n\t\t\t\t<div class=\"elementor-element elementor-element-58f6775 elementor-widget elementor-widget-image\" data-id=\"58f6775\" data-element_type=\"widget\" data-e-type=\"widget\" data-widget_type=\"image.default\">\n\t\t\t\t<div class=\"elementor-widget-container\">\n\t\t\t\t\t\t\t\t\t\t\t\t\t\t\t<img decoding=\"async\" width=\"800\" height=\"600\" src=\"https:\/\/cemel.es\/wp-content\/uploads\/2024\/01\/cemeyq_gender_17.jpg\" class=\"attachment-large size-large wp-image-1197\" alt=\"\" srcset=\"https:\/\/cemel.es\/wp-content\/uploads\/2024\/01\/cemeyq_gender_17.jpg 800w, https:\/\/cemel.es\/wp-content\/uploads\/2024\/01\/cemeyq_gender_17-300x225.jpg 300w, https:\/\/cemel.es\/wp-content\/uploads\/2024\/01\/cemeyq_gender_17-768x576.jpg 768w, https:\/\/cemel.es\/wp-content\/uploads\/2024\/01\/cemeyq_gender_17-16x12.jpg 16w\" sizes=\"(max-width: 800px) 100vw, 800px\" \/>\t\t\t\t\t\t\t\t\t\t\t\t\t\t\t<\/div>\n\t\t\t\t<\/div>\n\t\t\t\t<\/div>\n\t\t\t\t\t<\/div>\n\t\t\t\t<\/div>\n\t\t<div class=\"elementor-element elementor-element-2fd5b2b e-flex e-con-boxed e-con e-parent\" data-id=\"2fd5b2b\" data-element_type=\"container\" data-e-type=\"container\">\n\t\t\t\t\t<div class=\"e-con-inner\">\n\t\t<div class=\"elementor-element elementor-element-05cdc02 e-flex e-con-boxed e-con e-child\" data-id=\"05cdc02\" data-element_type=\"container\" data-e-type=\"container\">\n\t\t\t\t\t<div class=\"e-con-inner\">\n\t\t\t\t<div class=\"elementor-element elementor-element-dc1f589 elementor-widget elementor-widget-image\" data-id=\"dc1f589\" data-element_type=\"widget\" data-e-type=\"widget\" data-widget_type=\"image.default\">\n\t\t\t\t<div class=\"elementor-widget-container\">\n\t\t\t\t\t\t\t\t\t\t\t\t\t\t\t<img decoding=\"async\" width=\"800\" height=\"600\" src=\"https:\/\/cemel.es\/wp-content\/uploads\/2024\/01\/cemeyq_gender_24.jpg\" class=\"attachment-large size-large wp-image-1198\" alt=\"\" srcset=\"https:\/\/cemel.es\/wp-content\/uploads\/2024\/01\/cemeyq_gender_24.jpg 800w, https:\/\/cemel.es\/wp-content\/uploads\/2024\/01\/cemeyq_gender_24-300x225.jpg 300w, https:\/\/cemel.es\/wp-content\/uploads\/2024\/01\/cemeyq_gender_24-768x576.jpg 768w, https:\/\/cemel.es\/wp-content\/uploads\/2024\/01\/cemeyq_gender_24-16x12.jpg 16w\" sizes=\"(max-width: 800px) 100vw, 800px\" \/>\t\t\t\t\t\t\t\t\t\t\t\t\t\t\t<\/div>\n\t\t\t\t<\/div>\n\t\t\t\t\t<\/div>\n\t\t\t\t<\/div>\n\t\t<div class=\"elementor-element elementor-element-f6c2809 e-flex e-con-boxed e-con e-child\" data-id=\"f6c2809\" data-element_type=\"container\" data-e-type=\"container\">\n\t\t\t\t\t<div class=\"e-con-inner\">\n\t\t\t\t<div class=\"elementor-element elementor-element-0b549bf elementor-widget elementor-widget-heading\" data-id=\"0b549bf\" data-element_type=\"widget\" data-e-type=\"widget\" data-widget_type=\"heading.default\">\n\t\t\t\t<div class=\"elementor-widget-container\">\n\t\t\t\t\t<h2 class=\"elementor-heading-title elementor-size-default\">\t\nChirurgia di femminilizzazione del viso\n<\/h2>\t\t\t\t<\/div>\n\t\t\t\t<\/div>\n\t\t\t\t<div class=\"elementor-element elementor-element-b8160a0 elementor-widget elementor-widget-text-editor\" data-id=\"b8160a0\" data-element_type=\"widget\" data-e-type=\"widget\" data-widget_type=\"text-editor.default\">\n\t\t\t\t<div class=\"elementor-widget-container\">\n\t\t\t\t\t\t\t\t\tLa chirurgia di femminilizzazione del viso comprende una serie di tecniche chirurgiche il cui obiettivo principale \u00e8 quello di ammorbidire e femminilizzare i tratti del viso.\n \nIl viso \u00e8 solitamente diviso in tre parti: il terzo superiore, il terzo medio e il terzo inferiore. In ognuna di queste aree possono essere eseguiti diversi interventi di femminilizzazione del viso, che vengono descritti qui di seguito.\nEsistono inoltre altre tecniche, come il lifting, che vengono eseguite sull'intero viso. \t\t\t\t\t\t\t\t<\/div>\n\t\t\t\t<\/div>\n\t\t\t\t\t<\/div>\n\t\t\t\t<\/div>\n\t\t\t\t\t<\/div>\n\t\t\t\t<\/div>\n\t\t<div class=\"elementor-element elementor-element-6962033 e-flex e-con-boxed e-con e-parent\" data-id=\"6962033\" data-element_type=\"container\" data-e-type=\"container\" data-settings=\"{&quot;background_background&quot;:&quot;classic&quot;}\">\n\t\t\t\t\t<div class=\"e-con-inner\">\n\t\t<div class=\"elementor-element elementor-element-99f386b e-flex e-con-boxed e-con e-child\" data-id=\"99f386b\" data-element_type=\"container\" data-e-type=\"container\">\n\t\t\t\t\t<div class=\"e-con-inner\">\n\t\t\t\t<div class=\"elementor-element elementor-element-482d063 elementor-widget elementor-widget-image\" data-id=\"482d063\" data-element_type=\"widget\" data-e-type=\"widget\" data-widget_type=\"image.default\">\n\t\t\t\t<div class=\"elementor-widget-container\">\n\t\t\t\t\t\t\t\t\t\t\t\t\t\t\t<img loading=\"lazy\" decoding=\"async\" width=\"600\" height=\"600\" src=\"https:\/\/cemel.es\/wp-content\/uploads\/2024\/01\/cemeyq_gender_25.jpg\" class=\"attachment-large size-large wp-image-1199\" alt=\"\" srcset=\"https:\/\/cemel.es\/wp-content\/uploads\/2024\/01\/cemeyq_gender_25.jpg 600w, https:\/\/cemel.es\/wp-content\/uploads\/2024\/01\/cemeyq_gender_25-300x300.jpg 300w, https:\/\/cemel.es\/wp-content\/uploads\/2024\/01\/cemeyq_gender_25-150x150.jpg 150w, https:\/\/cemel.es\/wp-content\/uploads\/2024\/01\/cemeyq_gender_25-12x12.jpg 12w\" sizes=\"(max-width: 600px) 100vw, 600px\" \/>\t\t\t\t\t\t\t\t\t\t\t\t\t\t\t<\/div>\n\t\t\t\t<\/div>\n\t\t\t\t\t<\/div>\n\t\t\t\t<\/div>\n\t\t<div class=\"elementor-element elementor-element-465e005 e-flex e-con-boxed e-con e-child\" data-id=\"465e005\" data-element_type=\"container\" data-e-type=\"container\">\n\t\t\t\t\t<div class=\"e-con-inner\">\n\t\t\t\t<div class=\"elementor-element elementor-element-5806e8b elementor-widget elementor-widget-heading\" data-id=\"5806e8b\" data-element_type=\"widget\" data-e-type=\"widget\" data-widget_type=\"heading.default\">\n\t\t\t\t<div class=\"elementor-widget-container\">\n\t\t\t\t\t<h2 class=\"elementor-heading-title elementor-size-default\">\nFemminilizzazione del viso: differenze tra cranio maschile e femminile.<\/h2>\t\t\t\t<\/div>\n\t\t\t\t<\/div>\n\t\t\t\t<div class=\"elementor-element elementor-element-634c58a elementor-widget elementor-widget-text-editor\" data-id=\"634c58a\" data-element_type=\"widget\" data-e-type=\"widget\" data-widget_type=\"text-editor.default\">\n\t\t\t\t<div class=\"elementor-widget-container\">\n\t\t\t\t\t\t\t\t\t<p><strong>Femminilizzazione della fronte:<\/strong><\/p><p>L'area della fronte assegna caratteristiche di dimorfismo sessuale secondario piuttosto evidenti tra maschi e femmine.<\/p><p>Per ottenere un viso femminile dobbiamo attenuare l'aumento eccessivo delle ossa sopra le sopracciglia, che conferiscono un aspetto e un'espressione induriti e maschili.<\/p><p>Lo stesso vale per le orbite oculari. Sono totalmente diverse tra i due sessi: negli uomini la forma \u00e8 pi\u00f9 squadrata e bassa, mentre nelle donne si notano maggiormente le forme arrotondate e pi\u00f9 alte.<\/p><p>Con la femminilizzazione della fronte, riusciamo a rimodellare la zona fronto-orbitale, ammorbidendo cos\u00ec l'aspetto della fronte e ottenendo un ingrandimento degli occhi.<\/p><p>\u00a0<\/p>\t\t\t\t\t\t\t\t<\/div>\n\t\t\t\t<\/div>\n\t\t\t\t\t<\/div>\n\t\t\t\t<\/div>\n\t\t\t\t\t<\/div>\n\t\t\t\t<\/div>\n\t\t\t\t<\/div>","protected":false},"excerpt":{"rendered":"<p>Nuestros tratamientos m\u00e1s demandados MUJERES TRANS Cirug\u00eda Corporal de Feminizaci\u00f3n Mamoplastia de Aumento:Este procedimiento va dirigido a todas aquellas mujeres trans que, durante su proceso de reasignaci\u00f3n de sexo, quieran aumentar el aspecto de la mama. Aumento de Gl\u00fateos:Mediante esta t\u00e9cnica las mujeres trans pueden redondear su silueta y darle un aspecto totalmente femenino. El [&hellip;]<\/p>\n","protected":false},"author":1,"featured_media":0,"parent":0,"menu_order":0,"comment_status":"closed","ping_status":"closed","template":"","meta":{"footnotes":""},"class_list":["post-1195","page","type-page","status-publish","hentry"],"_links":{"self":[{"href":"https:\/\/cemel.es\/it\/wp-json\/wp\/v2\/pages\/1195","targetHints":{"allow":["GET"]}}],"collection":[{"href":"https:\/\/cemel.es\/it\/wp-json\/wp\/v2\/pages"}],"about":[{"href":"https:\/\/cemel.es\/it\/wp-json\/wp\/v2\/types\/page"}],"author":[{"embeddable":true,"href":"https:\/\/cemel.es\/it\/wp-json\/wp\/v2\/users\/1"}],"replies":[{"embeddable":true,"href":"https:\/\/cemel.es\/it\/wp-json\/wp\/v2\/comments?post=1195"}],"version-history":[{"count":4,"href":"https:\/\/cemel.es\/it\/wp-json\/wp\/v2\/pages\/1195\/revisions"}],"predecessor-version":[{"id":1202,"href":"https:\/\/cemel.es\/it\/wp-json\/wp\/v2\/pages\/1195\/revisions\/1202"}],"wp:attachment":[{"href":"https:\/\/cemel.es\/it\/wp-json\/wp\/v2\/media?parent=1195"}],"curies":[{"name":"wp","href":"https:\/\/api.w.org\/{rel}","templated":true}]}}