{"id":1059,"date":"2024-01-10T08:28:04","date_gmt":"2024-01-10T08:28:04","guid":{"rendered":"https:\/\/cemel.es\/?page_id=1059"},"modified":"2024-01-10T08:28:18","modified_gmt":"2024-01-10T08:28:18","slug":"politica-de-privacidad","status":"publish","type":"page","link":"https:\/\/cemel.es\/it\/politica-de-privacidad\/","title":{"rendered":"Informativa sulla privacy"},"content":{"rendered":"<p>La comunicazione con il Centro M\u00e9dico est\u00e9tico L\u00e1ser (CEMEL) con qualsiasi mezzo o attraverso il vostro indirizzo e-mail, o i moduli presenti su questo sito web o la vostra e-mail, implica il vostro esplicito consenso all'inserimento dei vostri dati personali negli archivi di propriet\u00e0 del Dr. D. Siridi\u00f3n Fleitas Lantigua - Centro M\u00e9dico est\u00e9tico L\u00e1ser (CEMEL), il cui indirizzo \u00e8 Avenida Jos\u00e9 Mesa y L\u00f3pez, 54.<\/p>\n\n\n\n<p>I dati personali saranno trattati in conformit\u00e0 alle disposizioni della Legge Organica 15\/1999, del 13 dicembre, sulla Protezione dei Dati Personali.<\/p>\n\n\n\n<p>Pertanto, l'interessato pu\u00f2 esercitare il diritto di accesso, rettifica, cancellazione e opposizione in relazione ai dati personali contenuti nei suddetti archivi e pu\u00f2 revocare il proprio consenso per iscritto in qualsiasi momento.<\/p>\n\n\n\n<p>Possono farlo tramite comunicazione scritta indirizzata a:<\/p>\n\n\n\n<p>Dr. D. Siridi\u00f3n Fleitas Lantigua - Centro Laser Medico Cosmetico (CEMEL)<br>Avenida Jos\u00e9 Mesa y L\u00f3pez, 54-103<br>C.P. 35010 - Spagna<br>Telefono: +34 928 26 92 23<br>cemel@hotmail.com<\/p>\n\n\n\n<p><strong>Utilizzo dei cookie<\/strong><\/p>\n\n\n\n<p>Il sito web di Siridi\u00f3n Fleitas Lantigua pu\u00f2 utilizzare i cookie (piccoli file di testo che il server invia al computer di chi accede alla pagina). Si tratta di una tecnica comunemente utilizzata su Internet per svolgere alcune funzioni ritenute essenziali per il corretto funzionamento e la visualizzazione del sito. I cookie utilizzati sul sito sono, in ogni caso, di natura temporanea al solo fine di rendere pi\u00f9 efficiente la successiva trasmissione e scompaiono al termine della sessione dell'utente. In nessun caso i cookie vengono utilizzati per raccogliere informazioni personali.<\/p>\n\n\n\n<p>\u00c8 possibile che il sito web del cliente possa reindirizzare al contenuto di siti web di terzi. Poich\u00e9 Siridi\u00f3n Fleitas Lantigua non pu\u00f2 sempre controllare i contenuti pubblicati da terzi sui loro siti web, non si assume alcuna responsabilit\u00e0 per tali contenuti. In ogni caso, Siridi\u00f3n Fleitas Lantigua si impegna a rimuovere immediatamente qualsiasi contenuto che possa contravvenire alla legislazione nazionale o internazionale, al buon costume o all'ordine pubblico, procedendo all'immediato ritiro del reindirizzamento a tale sito web, informando le autorit\u00e0 competenti del contenuto in questione.<\/p>\n\n\n\n<p>Come modificare le impostazioni dei cookie<\/p>\n\n\n\n<p>Potete consentire, bloccare o eliminare i cookie installati sul vostro computer o su questo sito web configurando le opzioni del vostro browser. Se li bloccate, alcuni servizi potrebbero non essere disponibili. Di seguito sono riportati i link alle informazioni su come attivare le preferenze nei principali browser:<\/p>\n\n\n\n<p><a href=\"https:\/\/support.google.com\/chrome\/answer\/95647?hl=es\" target=\"_blank\" rel=\"noreferrer noopener\">Google Chrome<\/a><\/p>\n\n\n\n<p><a href=\"https:\/\/support.mozilla.org\/es\/kb\/Borrar%20cookies\" target=\"_blank\" rel=\"noreferrer noopener\">Mozilla Firefox<\/a><\/p>\n\n\n\n<p><a href=\"http:\/\/windows.microsoft.com\/es-xl\/internet-explorer\/delete-manage-cookies#ie=ie-10\" target=\"_blank\" rel=\"noreferrer noopener\">Internet Explorer<\/a><\/p>\n\n\n\n<p><a href=\"http:\/\/www.apple.com\/es\/privacy\/use-of-cookies\/\" target=\"_blank\" rel=\"noreferrer noopener\">Safari<\/a><\/p>\n\n\n\n<p><a href=\"http:\/\/support.apple.com\/kb\/HT1677?viewlocale=es_ES\" target=\"_blank\" rel=\"noreferrer noopener\">Safari per iOS (iPhone, iPad)<\/a><\/p>\n\n\n\n<p>Inoltre, \u00e8 possibile gestire la memorizzazione dei cookie nel browser utilizzando strumenti come i seguenti:<\/p>\n\n\n\n<p>Ghostery: &nbsp;<a href=\"http:\/\/www.ghostery.com\/\" target=\"_blank\" rel=\"noreferrer noopener\">www.ghostery.com<\/a><\/p>\n\n\n\n<p>Le vostre scelte online: &nbsp;<a href=\"http:\/\/www.youronlinechoices.com\/es\" target=\"_blank\" rel=\"noreferrer noopener\">www.youronlinechoices.com<\/a><\/p>\n\n\n\n<p><strong>Protezione dei dati personali<\/strong><\/p>\n\n\n\n<p>Siridi\u00f3n Fleitas Lantigua rispetta la legislazione spagnola in materia di protezione dei dati personali, e garantisce il pieno rispetto degli obblighi previsti dal <a href=\"http:\/\/noticias.juridicas.com\/base_datos\/Admin\/lo15-1999.html\"><strong>Legge organica 15\/1999, del 13 dicembre, sulla protezione dei dati personali (LOPD).<\/strong><\/a>il <a href=\"http:\/\/noticias.juridicas.com\/base_datos\/Admin\/rd1720-2007.html\"><strong>Decreto reale 1720\/2007, del 21 dicembre, che approva il regolamento di attuazione della LOPD.<\/strong><\/a> e le altre normative vigenti in ogni momento, e garantisce il corretto utilizzo e trattamento dei dati personali dell'utente.<\/p>\n\n\n\n<p><strong>Politica antispam<\/strong><\/p>\n\n\n\n<p>Il Sig. Siridi\u00f3n Fleitas Lantigua \u00e8 assolutamente contrario all'invio di comunicazioni commerciali non richieste e a qualsiasi tipo di comportamento o manifestazione nota come \"spam\", e si impegna nella lotta contro questo tipo di pratiche abusive.<\/p>\n\n\n\n<p>Pertanto, il sig. Siridi\u00f3n Fleitas Lantigua garantisce all'utente che <strong>in nessun caso<\/strong> i dati personali raccolti sul sito web non saranno ceduti, condivisi, trasferiti o venduti a terzi.<\/p>\n\n\n\n<p>Per le stesse ragioni, il processo di registrazione non deve essere utilizzato per registrare indirizzi e-mail di terzi senza il consenso esplicito degli interessati. clinicemel.com implementa come contromisura a questa pratica una mailing list double opt-in che richiede una conferma esplicita da parte del proprietario dell'account e-mail indicato come indirizzo di iscrizione, prima di ricevere comunicazioni e-mail.<\/p>\n\n\n\n<p>Nel caso in cui anche allora un <strong>utente<\/strong> ricevere comunicazioni da questo sito web senza essersi registrati, o senza aver dato il proprio consenso esplicito a tale registrazione, \u00e8 possibile annullare l'iscrizione tramite i link forniti nella comunicazione stessa.<\/p>\n\n\n\n<p>Inoltre, l'utente pu\u00f2 contattarci attraverso il modulo di contatto presente sul sito, sia per segnalare l'accaduto che per richiedere l'immediata rimozione dei propri dati dal nostro sistema.<\/p>\n\n\n\n<p><strong>Google Analytics<\/strong><\/p>\n\n\n\n<p><a href=\"http:\/\/www.google.com\/intl\/es\/analytics\/\"><strong>Google Analytics<\/strong><\/a> \u00e8 un servizio di analisi statistica dei dati fornito dalla societ\u00e0 <strong>Google<\/strong> (<a href=\"http:\/\/www.google.com\/policies\/privacy\/\">Informativa sulla privacy<\/a>). CliniCemel.com utilizza questo servizio per tracciare le statistiche di utilizzo.<\/p>\n\n\n\n<p>Google Analytics utilizza i cookie per consentire al sito web di analizzare i dati statistici sull'utilizzo del sito (numero di visite totali, pagine pi\u00f9 viste, ecc.). Le informazioni generate dal cookie (compreso il vostro indirizzo IP) vengono trasmesse e memorizzate da Google su un server negli Stati Uniti.<\/p>\n\n\n\n<p>Google utilizzer\u00e0 queste informazioni per nostro conto allo scopo di generare informazioni statistiche sull'utilizzo di CliniCemel.com; Google non assocer\u00e0 il vostro indirizzo IP a nessun altro dato posseduto da Google. Google pu\u00f2 anche trasferire queste informazioni a terzi, se richiesto dalla legge o se tali terzi elaborano le informazioni per conto di Google.<\/p>\n\n\n\n<p>Potete rifiutare il trattamento dei dati o delle informazioni rifiutando l'uso dei cookie selezionando l'impostazione appropriata sul vostro browser, ma ci\u00f2 limiter\u00e0 la piena funzionalit\u00e0 di CliniCemel.com. Utilizzando il presente sito web, acconsentite al trattamento dei dati da parte di Google per le modalit\u00e0 e i fini sopraindicati.<\/p>\n\n\n\n<p><strong>Consenso al trattamento dei dati personali dell'utente<\/strong><\/p>\n\n\n\n<p>Nell'ambito delle sue attivit\u00e0, CliniCemel.com offre agli utenti la possibilit\u00e0 di registrarsi per inviare comunicazioni via e-mail, fare commenti sul blog e inviare messaggi tramite il modulo di contatto.<\/p>\n\n\n\n<p>Iscrivendosi al blog, formulando commenti o utilizzando il modulo di contatto, l'utente acconsente espressamente al trattamento dei dati personali forniti in conformit\u00e0 con le disposizioni del <a href=\"http:\/\/noticias.juridicas.com\/base_datos\/Admin\/lo15-1999.t2.html#a6\"><strong>Articolo 6<\/strong><\/a> della LOPD. L'utente pu\u00f2 esercitare il suo <strong>diritti<\/strong> secondo i termini del <a href=\"http:\/\/noticias.juridicas.com\/base_datos\/Admin\/lo15-1999.t2.html#a5\"><strong>Articolo 5<\/strong><\/a> della LOPD.<\/p>\n\n\n\n<p>Questi stessi atti implicano anche il consenso esplicito dell'utente al trasferimento internazionale dei dati che si verifica in termini di LOPD a causa dell'ubicazione fisica delle strutture dei suddetti fornitori.<\/p>\n\n\n\n<p>I dati personali richiesti in queste attivit\u00e0 saranno inseriti in un archivio il cui scopo \u00e8 la comunicazione di notizie relative al sito clinicemel.com, in qualit\u00e0 di <strong>persona responsabile della pratica<\/strong> su <strong>D. Siridi\u00f3n Fleitas Lantigua<\/strong>. I campi contrassegnati dall'asterisco devono essere compilati, e sar\u00e0 impossibile realizzare la finalit\u00e0 espressa se questi dati non vengono forniti. L'utente viene inoltre informato della possibilit\u00e0 di esercitare i diritti indicati nella sezione relativa ai diritti dell'utente.<\/p>\n\n\n\n<p><strong>Diritti dell'utente<\/strong><\/p>\n\n\n\n<p>In conformit\u00e0 con le disposizioni del <a href=\"http:\/\/noticias.juridicas.com\/base_datos\/Admin\/lo15-1999.t2.html#a5\"><strong>Articolo 5<\/strong><\/a> della LOPD, l'utente viene informato che la <strong>scopo esclusivo<\/strong> Lo scopo del database di registrazione \u00e8 quello di inviare informazioni sulle novit\u00e0 relative al sito CliniCemel.com. Solo i proprietari avranno accesso ai loro dati, che non saranno in nessun caso ceduti, condivisi, trasferiti o venduti a terzi.<\/p>\n\n\n\n<p>In conformit\u00e0 con le disposizioni della LOPD, la <strong>utente<\/strong> pu\u00f2 esercitare in qualsiasi momento il suo <strong>diritti di accesso<\/strong>, <strong>rettifica<\/strong>, <strong>annullamento<\/strong>, y<strong>opposizione<\/strong> prima del <strong>D. Siridi\u00f3n Fleitas Lantigua e<\/strong>n AVENIDA MESA Y LOPEZ, 54 - 103 CAP: 35010 Citt\u00e0: LAS PALMAS DE G.C. Provincia: LAS PALMAS Paese: SPAGNA.<\/p>\n\n\n\n<p>Al fine di facilitare l'esercizio di tali diritti, tutte le comunicazioni saranno corredate di una <strong>link per la richiesta di annullamento dell'iscrizione<\/strong> che si tradurr\u00e0 nella <strong>rimozione immediata<\/strong> dei dati personali dell'utente dal nostro database.<\/p>","protected":false},"excerpt":{"rendered":"<p>oda comunicaci\u00f3n con Centro M\u00e9dico est\u00e9tico L\u00e1ser (CEMEL) por cualquier medio o a eav\u00e9s de su direcci\u00f3n de correo electr\u00f3nico, o de los formularios presentes en este \u2018web site\u2019 o a su \u2018e-mail\u2019, supone el consentimiento expreso para que sus datos personales sean incorporados a ficheros titularidad de&nbsp;Dr. D. Siridi\u00f3n Fleitas Lantigua \u2013 Centro M\u00e9dico [&hellip;]<\/p>\n","protected":false},"author":1,"featured_media":0,"parent":0,"menu_order":0,"comment_status":"closed","ping_status":"closed","template":"","meta":{"footnotes":""},"class_list":["post-1059","page","type-page","status-publish","hentry"],"_links":{"self":[{"href":"https:\/\/cemel.es\/it\/wp-json\/wp\/v2\/pages\/1059","targetHints":{"allow":["GET"]}}],"collection":[{"href":"https:\/\/cemel.es\/it\/wp-json\/wp\/v2\/pages"}],"about":[{"href":"https:\/\/cemel.es\/it\/wp-json\/wp\/v2\/types\/page"}],"author":[{"embeddable":true,"href":"https:\/\/cemel.es\/it\/wp-json\/wp\/v2\/users\/1"}],"replies":[{"embeddable":true,"href":"https:\/\/cemel.es\/it\/wp-json\/wp\/v2\/comments?post=1059"}],"version-history":[{"count":2,"href":"https:\/\/cemel.es\/it\/wp-json\/wp\/v2\/pages\/1059\/revisions"}],"predecessor-version":[{"id":1061,"href":"https:\/\/cemel.es\/it\/wp-json\/wp\/v2\/pages\/1059\/revisions\/1061"}],"wp:attachment":[{"href":"https:\/\/cemel.es\/it\/wp-json\/wp\/v2\/media?parent=1059"}],"curies":[{"name":"wp","href":"https:\/\/api.w.org\/{rel}","templated":true}]}}