{"id":1056,"date":"2024-01-10T08:27:17","date_gmt":"2024-01-10T08:27:17","guid":{"rendered":"https:\/\/cemel.es\/?page_id=1056"},"modified":"2024-01-10T08:27:30","modified_gmt":"2024-01-10T08:27:30","slug":"aviso-legal","status":"publish","type":"page","link":"https:\/\/cemel.es\/it\/aviso-legal\/","title":{"rendered":"Avviso legale"},"content":{"rendered":"<h4 class=\"wp-block-heading\">Dettagli del proprietario:<\/h4>\n\n\n\n<p>In conformit\u00e0 alle disposizioni della Legge sui servizi della societ\u00e0 dell'informazione (LSSI), gli utenti di CliniCemel.com sono informati che questi sono i dati del proprietario di questo sito web:<\/p>\n\n\n\n<p>Nome: Siridi\u00f3n Fleitas<br>Indirizzo: Av. Jos\u00e9 Mesa y L\u00f3pez, 54. 1\u00aa Planta, n\u00famero 103. - 35010 - Las Palmas de Gran Canaria<br>NIF\/CIF\/NIE: 44309149V<br>Numero di telefono di contatto: 928 079 569<br>E-mail di contatto: cemel@hotmail.com<br>L'accesso al sito web CliniCemel.com, di propriet\u00e0 di Siridi\u00f3n Fleitas, e l'utilizzo dei servizi offerti da questo sito web, implica l'accettazione dei seguenti termini e condizioni d'uso:<\/p>\n\n\n\n<h4 class=\"wp-block-heading\">Propriet\u00e0 intellettuale:<\/h4>\n\n\n\n<p>Il design, il codice sorgente e i contenuti del sito web CliniCemel.com sono protetti dalla legge spagnola in materia di diritti di propriet\u00e0 intellettuale e industriale a favore di Siridi\u00f3n Fleitas, e ne \u00e8 vietata la riproduzione, la distribuzione o la comunicazione pubblica, totale o parziale, senza l'espressa autorizzazione di Siridi\u00f3n Fleitas.<\/p>\n\n\n\n<h4 class=\"wp-block-heading\">Informativa sulla privacy e sulla protezione dei dati (L.O.P.D.):<\/h4>\n\n\n\n<p>Siridi\u00f3n Fleitas informa gli utenti del sito web CliniCemel.com che pu\u00f2 creare un archivio automatizzato con i dati personali di cui viene a conoscenza, sia in seguito all'utilizzo dei servizi offerti su CliniCemel.com, sia in seguito all'invio all'indirizzo e-mail di contatto cemel@hotmail.com o all'utilizzo dei moduli di contatto o di registrazione presenti sul sito web. In ogni caso, l'archiviazione, la protezione e l'utilizzo di tali dati da parte di Siridi\u00f3n Fleitas avverr\u00e0 nel rigoroso rispetto delle disposizioni della legislazione sulla protezione dei dati.<\/p>\n\n\n\n<p>In conformit\u00e0 con le disposizioni della Legge Organica 15\/1999, del 13 dicembre, sulla Protezione dei Dati Personali, gli utenti possono, in qualsiasi momento, esercitare i diritti di accesso, rettifica, opposizione e cancellazione dei dati raccolti e archiviati. L'esercizio di tali diritti deve essere effettuato per iscritto a Siridi\u00f3n Fleitas (Av. Jos\u00e9 Mesa y L\u00f3pez, 54. 1\u00aa Planta, n\u00famero 103. - 35010 - Las Palmas de Gran Canaria) o all'indirizzo e-mail di contatto (cemel@hotmail.com) indicando, in entrambi i casi, come riferimento \"DATI PERSONALI\" e il diritto che si desidera esercitare, allegando una copia del proprio documento d'identit\u00e0 nazionale.<\/p>\n\n\n\n<h4 class=\"wp-block-heading\">Disponibilit\u00e0 e aggiornamenti:<\/h4>\n\n\n\n<p>Siridi\u00f3n Fleitas si riserva il diritto di interrompere l'accesso al sito web CliniCemel.com in qualsiasi momento e senza preavviso, nonch\u00e9 di modificare o eliminare la configurazione del sito, i contenuti in esso presenti o la fornitura di uno o tutti i servizi forniti attraverso di esso, sia per motivi tecnici, di sicurezza o di manutenzione, sia per qualsiasi altro motivo. Tale interruzione, modifica o eliminazione pu\u00f2 essere temporanea o permanente e Siridi\u00f3n Fleitas non potr\u00e0 essere ritenuta responsabile di tale interruzione, modifica o eliminazione.<\/p>\n\n\n\n<h4 class=\"wp-block-heading\">Utilizzo del sito web, dei suoi contenuti e dei suoi servizi:<\/h4>\n\n\n\n<p>L'accesso ai contenuti e ai servizi offerti su CliniCemel.com, e l'utilizzo degli stessi da parte dell'Utente, avviene a rischio e pericolo dell'Utente stesso.<\/p>\n\n\n\n<p>Siridi\u00f3n Fleitas non \u00e8 responsabile di eventuali danni o perdite che l'utente pu\u00f2 subire, n\u00e9 di eventuali problemi tecnici o guasti all'attrezzatura informatica dell'utente, che possono verificarsi a causa di:<\/p>\n\n\n\n<p>Uso improprio dei contenuti o dei servizi di CliniCemel.com da parte dell'utente.<br>Errori, difetti o omissioni nelle informazioni fornite quando queste provengono da fonti diverse da Siridi\u00f3n Fleitas.<br>Interferenze illegali al di fuori del controllo di Siridi\u00f3n Fleitas da parte di terzi.<\/p>\n\n\n\n<h4 class=\"wp-block-heading\">Marche:<\/h4>\n\n\n\n<p>Su CliniCemel.com possono essere citati indirettamente e a titolo informativo alcuni termini e loghi che sono marchi registrati dei rispettivi proprietari e non siamo responsabili dell'uso inappropriato che terzi possono fare di questi marchi.<\/p>\n\n\n\n<h4 class=\"wp-block-heading\">Collegamenti:<\/h4>\n\n\n\n<p>Siridi\u00f3n Fleitas non \u00e8 responsabile di altri dati, siti web o file a cui si pu\u00f2 accedere attraverso i link disponibili tra i contenuti di CliniCemel.com, dato che tali pagine o file collegati sono di responsabilit\u00e0 dei rispettivi proprietari. Siridi\u00f3n Fleitas, pertanto, non approva n\u00e9 sottoscrive i prodotti, i servizi, i contenuti, le informazioni, i dati, i file e qualsiasi tipo di materiale presente in tali pagine web o file e non controlla n\u00e9, in conformit\u00e0 alle disposizioni della LSSICE, \u00e8 responsabile della qualit\u00e0, della legalit\u00e0, dell'affidabilit\u00e0 e dell'utilit\u00e0 delle informazioni, dei contenuti, dei dati e dei servizi presenti nei siti collegati e che non sono correlati a CliniCemel.com. Nel caso in cui un organo competente dichiari l'illegalit\u00e0 dei dati, ne ordini il ritiro o ne renda impossibile l'accesso, o abbia dichiarato l'esistenza di un danno, i link indicati saranno immediatamente ritirati, non appena Siridi\u00f3n Fleitas ne sar\u00e0 espressamente informata.<\/p>","protected":false},"excerpt":{"rendered":"<p>Datos del propietario: Conforme a lo establecido en la ley de Servicios de la Sociedad de la Informaci\u00f3n (LSSI), se informa a los usuarios de CliniCemel.com que estos son los datos del propietario de este sitio web: Nombre: Siridi\u00f3n FleitasDirecci\u00f3n: Av. Jos\u00e9 Mesa y L\u00f3pez, 54. 1\u00aa Planta, n\u00famero 103. \u2013 35010 \u2013 Las Palmas [&hellip;]<\/p>\n","protected":false},"author":1,"featured_media":0,"parent":0,"menu_order":0,"comment_status":"closed","ping_status":"closed","template":"","meta":{"footnotes":""},"class_list":["post-1056","page","type-page","status-publish","hentry"],"_links":{"self":[{"href":"https:\/\/cemel.es\/it\/wp-json\/wp\/v2\/pages\/1056","targetHints":{"allow":["GET"]}}],"collection":[{"href":"https:\/\/cemel.es\/it\/wp-json\/wp\/v2\/pages"}],"about":[{"href":"https:\/\/cemel.es\/it\/wp-json\/wp\/v2\/types\/page"}],"author":[{"embeddable":true,"href":"https:\/\/cemel.es\/it\/wp-json\/wp\/v2\/users\/1"}],"replies":[{"embeddable":true,"href":"https:\/\/cemel.es\/it\/wp-json\/wp\/v2\/comments?post=1056"}],"version-history":[{"count":2,"href":"https:\/\/cemel.es\/it\/wp-json\/wp\/v2\/pages\/1056\/revisions"}],"predecessor-version":[{"id":1058,"href":"https:\/\/cemel.es\/it\/wp-json\/wp\/v2\/pages\/1056\/revisions\/1058"}],"wp:attachment":[{"href":"https:\/\/cemel.es\/it\/wp-json\/wp\/v2\/media?parent=1056"}],"curies":[{"name":"wp","href":"https:\/\/api.w.org\/{rel}","templated":true}]}}