{"id":979,"date":"2024-01-09T07:52:14","date_gmt":"2024-01-09T07:52:14","guid":{"rendered":"https:\/\/cemel.es\/?page_id=979"},"modified":"2024-03-07T17:31:58","modified_gmt":"2024-03-07T17:31:58","slug":"dr-siridion-fleitas-lantigua","status":"publish","type":"page","link":"https:\/\/cemel.es\/es_es\/dr-siridion-fleitas-lantigua\/","title":{"rendered":"Dr. Siridi\u00f3n Fleitas Lantigua"},"content":{"rendered":"\t\t<div data-elementor-type=\"wp-page\" data-elementor-id=\"979\" class=\"elementor elementor-979\" data-elementor-post-type=\"page\">\n\t\t\t\t<div class=\"elementor-element elementor-element-af52ab8 e-flex e-con-boxed e-con e-parent\" data-id=\"af52ab8\" data-element_type=\"container\" data-e-type=\"container\">\n\t\t\t\t\t<div class=\"e-con-inner\">\n\t\t<div class=\"elementor-element elementor-element-6279df90 e-con-full e-flex elementor-invisible e-con e-child\" data-id=\"6279df90\" data-element_type=\"container\" data-e-type=\"container\" data-settings=\"{&quot;animation&quot;:&quot;fadeInDown&quot;}\">\n\t\t\t\t<div class=\"elementor-element elementor-element-622f4f18 elementor-widget elementor-widget-heading\" data-id=\"622f4f18\" data-element_type=\"widget\" data-e-type=\"widget\" data-widget_type=\"heading.default\">\n\t\t\t\t<div class=\"elementor-widget-container\">\n\t\t\t\t\t<h6 class=\"elementor-heading-title elementor-size-default\">Experto en Medicina y Cirug\u00eda Est\u00e9tica<\/h6>\t\t\t\t<\/div>\n\t\t\t\t<\/div>\n\t\t\t\t<div class=\"elementor-element elementor-element-44b7f9e2 elementor-widget elementor-widget-heading\" data-id=\"44b7f9e2\" data-element_type=\"widget\" data-e-type=\"widget\" data-widget_type=\"heading.default\">\n\t\t\t\t<div class=\"elementor-widget-container\">\n\t\t\t\t\t<h2 class=\"elementor-heading-title elementor-size-default\">Dr. Siridi\u00f3n Fleitas Lantigua<\/h2>\t\t\t\t<\/div>\n\t\t\t\t<\/div>\n\t\t\t\t<div class=\"elementor-element elementor-element-65be71f3 elementor-widget elementor-widget-text-editor\" data-id=\"65be71f3\" data-element_type=\"widget\" data-e-type=\"widget\" data-widget_type=\"text-editor.default\">\n\t\t\t\t<div class=\"elementor-widget-container\">\n\t\t\t\t\t\t\t\t\t<div class=\"elementor-element elementor-element-795679a elementor-widget elementor-widget-text-editor\" data-id=\"795679a\" data-element_type=\"widget\" data-widget_type=\"text-editor.default\"><div class=\"elementor-widget-container\"><p>El doctor Siridi\u00f3n Fleitas Lantigua es un miembro destacado dentro del campo de la Medicina y de la Cirug\u00eda Est\u00e9tica. Su trayectoria y profesionalidad lo avalan. En 2012 di\u00f3 lugar a la apertura de su primera cl\u00ednica: CEMEL, en la Avenida Jos\u00e9 Mesa y L\u00f3pez.<\/p><p>La visi\u00f3n del doctor fue clara, quer\u00eda ofrecer a sus pacientes un equipo m\u00e9dico destacado y una tecnolog\u00eda a la vanguardia del mercado, donde la calidad y trato humano a los pacientes fuese inmejorable. Es por esto, que el Dr. Siridi\u00f3n Fleitas es pionero en introducir t\u00e9cnicas en cirug\u00eda y medicina est\u00e9tica, procedentes de EE.UU. y Reino Unido de donde importa ideas innovadoras de tendencias Beauty, tratamientos novedosos y t\u00e9cnicas punteras a sus cl\u00ednicas de Las Palmas de Gran Canaria.<\/p><p>Debido a sus amplios conocimientos, ha impartido cursos de cirug\u00eda est\u00e9tica en Abudabi, donde su talento y profesionalidad es sumamente admirado. El Dr. Siridi\u00f3n Fleitas Lantigua ha sido Jefe de Dermatolog\u00eda L\u00e1ser y Medicina Est\u00e9tica de Cl\u00ednicas San Roque 2006\/2012.<\/p><\/div><\/div>\t\t\t\t\t\t\t\t<\/div>\n\t\t\t\t<\/div>\n\t\t\t\t<div class=\"elementor-element elementor-element-93c297f elementor-widget elementor-widget-heading\" data-id=\"93c297f\" data-element_type=\"widget\" data-e-type=\"widget\" data-widget_type=\"heading.default\">\n\t\t\t\t<div class=\"elementor-widget-container\">\n\t\t\t\t\t<h6 class=\"elementor-heading-title elementor-size-default\">Curriculum vitae<\/h6>\t\t\t\t<\/div>\n\t\t\t\t<\/div>\n\t\t\t\t<div class=\"elementor-element elementor-element-41fefc3 elementor-widget elementor-widget-text-editor\" data-id=\"41fefc3\" data-element_type=\"widget\" data-e-type=\"widget\" data-widget_type=\"text-editor.default\">\n\t\t\t\t<div class=\"elementor-widget-container\">\n\t\t\t\t\t\t\t\t\t<ul><li>Licenciatura en Medicina y Cirug\u00eda, Universidad de Las Palmas de Gran Canaria (Espa\u00f1a)<\/li><li>Doctor en Medicina (Cum Laude), Universidad de Las Palmas de Gran Canaria (Espa\u00f1a).<\/li><li>M\u00e1ster en Nutrici\u00f3n. Departamento de Medicina Preventiva, Universidad de Las Palmas de Gran Canaria (Espa\u00f1a).<\/li><li>Especialidad en Hidrolog\u00eda M\u00e9dica.<\/li><li>M\u00e1ster en Medicina Est\u00e9tica, Universidad de C\u00f3rdoba (Espa\u00f1a).<\/li><li>Diploma de Competencia en L\u00e1ser M\u00e9dico Quir\u00fargico. Colegio de M\u00e9dicos de Barcelona (Espa\u00f1a).<\/li><li>Especialista Universitario en Dermatolog\u00eda Tropical, Universidad de Elche, Fondillos y Hospital Alfredo da Matta, Manaus-Amazonas (Brasil).<\/li><li>Diplomatura en Bases Cl\u00ednicas en Medicina y Cirug\u00eda Cosm\u00e9tica: M\u00f3dulo de Cirug\u00eda.<\/li><li>M\u00f3dulo de Cirug\u00eda Cosm\u00e9tica Facial y Corporal de la Diplomatura en Bases Cl\u00ednicas en Medicina y Cirug\u00eda Cosm\u00e9tica. Universidad Aut\u00f3noma de Barcelona- Espa\u00f1a.<\/li><li>M\u00e1ster en Flebolog\u00eda y Linfolog\u00eda, Universidad de Alcal\u00e1 de Henares y Hospital Ruber Internacional (Madrid, Espa\u00f1a).<\/li><li>M\u00e1ster en Cirug\u00eda Est\u00e9tica, Universidad Rey Juan Carlos (Madrid, Espa\u00f1a).<\/li><li>Especializaci\u00f3n en Ginecolog\u00eda Est\u00e9tica y Funcional y Cirug\u00eda Genital Cosm\u00e9tica de la Mujer. Universidad de Barcelona, Espa\u00f1a.<\/li><li>Director M\u00e9dico del Centro M\u00e9dico Est\u00e9tico y L\u00e1ser \u2013 CEMEL desde el a\u00f1o 2012. Las Palmas, G\u00e1ldar y Maspalomas.<\/li><li>Director M\u00e9dico del Centro de Dermatolog\u00eda y L\u00e1ser- Cl\u00ednica San Roque, a\u00f1os 2006-2012.<\/li><li>Co-director de Forma-Medic (www.forma-medic.com)<\/li><li>Profesor del M\u00e1ster de Medicina Est\u00e9tica de la Universidad de Valencia.<\/li><\/ul>\t\t\t\t\t\t\t\t<\/div>\n\t\t\t\t<\/div>\n\t\t\t\t<\/div>\n\t\t<div class=\"elementor-element elementor-element-3fa89ff6 e-con-full e-flex e-con e-child\" data-id=\"3fa89ff6\" data-element_type=\"container\" data-e-type=\"container\" data-settings=\"{&quot;background_background&quot;:&quot;classic&quot;}\">\n\t\t\t\t<div class=\"elementor-element elementor-element-60132ee elementor-widget elementor-widget-image\" data-id=\"60132ee\" data-element_type=\"widget\" data-e-type=\"widget\" data-widget_type=\"image.default\">\n\t\t\t\t<div class=\"elementor-widget-container\">\n\t\t\t\t\t\t\t\t\t\t\t\t\t\t\t<img fetchpriority=\"high\" decoding=\"async\" width=\"513\" height=\"880\" src=\"https:\/\/cemel.es\/wp-content\/uploads\/2024\/01\/CV-e1705750850278.jpeg\" class=\"attachment-large size-large wp-image-1346\" alt=\"\" srcset=\"https:\/\/cemel.es\/wp-content\/uploads\/2024\/01\/CV-e1705750850278.jpeg 513w, https:\/\/cemel.es\/wp-content\/uploads\/2024\/01\/CV-e1705750850278-175x300.jpeg 175w, https:\/\/cemel.es\/wp-content\/uploads\/2024\/01\/CV-e1705750850278-7x12.jpeg 7w\" sizes=\"(max-width: 513px) 100vw, 513px\" \/>\t\t\t\t\t\t\t\t\t\t\t\t\t\t\t<\/div>\n\t\t\t\t<\/div>\n\t\t\t\t<\/div>\n\t\t\t\t\t<\/div>\n\t\t\t\t<\/div>\n\t\t\t\t<\/div>\n\t\t","protected":false},"excerpt":{"rendered":"<p>Experto en Medicina y Cirug\u00eda Est\u00e9tica Dr. Siridi\u00f3n Fleitas Lantigua El doctor Siridi\u00f3n Fleitas Lantigua es un miembro destacado dentro del campo de la Medicina y de la Cirug\u00eda Est\u00e9tica. Su trayectoria y profesionalidad lo avalan. En 2012 di\u00f3 lugar a la apertura de su primera cl\u00ednica: CEMEL, en la Avenida Jos\u00e9 Mesa y L\u00f3pez. [&hellip;]<\/p>\n","protected":false},"author":1,"featured_media":0,"parent":0,"menu_order":0,"comment_status":"closed","ping_status":"closed","template":"","meta":{"footnotes":""},"class_list":["post-979","page","type-page","status-publish","hentry"],"_links":{"self":[{"href":"https:\/\/cemel.es\/es_es\/wp-json\/wp\/v2\/pages\/979","targetHints":{"allow":["GET"]}}],"collection":[{"href":"https:\/\/cemel.es\/es_es\/wp-json\/wp\/v2\/pages"}],"about":[{"href":"https:\/\/cemel.es\/es_es\/wp-json\/wp\/v2\/types\/page"}],"author":[{"embeddable":true,"href":"https:\/\/cemel.es\/es_es\/wp-json\/wp\/v2\/users\/1"}],"replies":[{"embeddable":true,"href":"https:\/\/cemel.es\/es_es\/wp-json\/wp\/v2\/comments?post=979"}],"version-history":[{"count":31,"href":"https:\/\/cemel.es\/es_es\/wp-json\/wp\/v2\/pages\/979\/revisions"}],"predecessor-version":[{"id":2233,"href":"https:\/\/cemel.es\/es_es\/wp-json\/wp\/v2\/pages\/979\/revisions\/2233"}],"wp:attachment":[{"href":"https:\/\/cemel.es\/es_es\/wp-json\/wp\/v2\/media?parent=979"}],"curies":[{"name":"wp","href":"https:\/\/api.w.org\/{rel}","templated":true}]}}