{"id":972,"date":"2024-01-08T21:31:10","date_gmt":"2024-01-08T21:31:10","guid":{"rendered":"https:\/\/cemel.es\/?page_id=972"},"modified":"2024-02-03T14:35:40","modified_gmt":"2024-02-03T14:35:40","slug":"dharma-spa","status":"publish","type":"page","link":"https:\/\/cemel.es\/es_es\/tratamientos-esteticos\/dharma-spa\/","title":{"rendered":"Dharma Spa"},"content":{"rendered":"\t\t<div data-elementor-type=\"wp-page\" data-elementor-id=\"972\" class=\"elementor elementor-972\" data-elementor-post-type=\"page\">\n\t\t\t\t<div class=\"elementor-element elementor-element-4ecd1b7f e-flex e-con-boxed e-con e-parent\" data-id=\"4ecd1b7f\" data-element_type=\"container\" data-e-type=\"container\">\n\t\t\t\t\t<div class=\"e-con-inner\">\n\t\t<div class=\"elementor-element elementor-element-6032f656 e-con-full e-flex e-con e-child\" data-id=\"6032f656\" data-element_type=\"container\" data-e-type=\"container\">\n\t\t\t\t<div class=\"elementor-element elementor-element-a2478a4 elementor-invisible elementor-widget elementor-widget-heading\" data-id=\"a2478a4\" data-element_type=\"widget\" data-e-type=\"widget\" data-settings=\"{&quot;_animation&quot;:&quot;fadeInLeft&quot;}\" data-widget_type=\"heading.default\">\n\t\t\t\t<div class=\"elementor-widget-container\">\n\t\t\t\t\t<h1 class=\"elementor-heading-title elementor-size-default\">Dharma Spa\n<\/h1>\t\t\t\t<\/div>\n\t\t\t\t<\/div>\n\t\t\t\t<div class=\"elementor-element elementor-element-2b524112 elementor-widget elementor-widget-text-editor\" data-id=\"2b524112\" data-element_type=\"widget\" data-e-type=\"widget\" data-widget_type=\"text-editor.default\">\n\t\t\t\t<div class=\"elementor-widget-container\">\n\t\t\t\t\t\t\t\t\t<div class=\"elementor-element elementor-element-e5db98b elementor-widget elementor-widget-text-editor\" data-id=\"e5db98b\" data-element_type=\"widget\" data-widget_type=\"text-editor.default\"><div class=\"elementor-widget-container\"><p>En nuestras cl\u00ednicas sabemos lo importante que es sentirse bien para proyectar la mejor imagen de nosotros mismos: \u00b4Mens sana in Corpore sano\u00b4, este es nuestro lema y como sabemos la importancia de \u00e9l, queremos recomendar a todos nuestros pacientes la importancia de la nutrici\u00f3n para alcanzar el equilibrio que todos ansiamos. La alimentaci\u00f3n juega un papel predominante en la regulaci\u00f3n hormonal, que es muy importante para la correcta producci\u00f3n de Serotonina y Dopamina entre otras. Estas hormonas son las encargadas de aportarnos bienestar y alegr\u00eda, aspectos fundamentales para una vida satisfactoria.<\/p><p>Te proponemos nuestro departamento cl\u00ednico de nutrici\u00f3n, adaptaremos un plan personalizado a tus necesidades nutricionales y con el cual notar\u00e1s, que tu salud f\u00edsica y psicol\u00f3gica mejoran considerablemente.<\/p><p><strong>PORQUE LA SALUD ES SIN\u00d3NIMO DE BELLEZA Y EN CL\u00cdNICA CEMEL NOS IMPORTA.<\/strong><\/p><p>Dentro de Dharma Spa podr\u00e1s disfrutar de masajes terap\u00e9uticos, que te ayuden a reforzar cuerpo y mente, disfrutando de una experiencia extrasensorial con nuestro gabinete Dharma Spa, donde el concepto de relax y bienestar cobraran vida como nunca antes lo hab\u00edas vivido.<\/p><\/div><\/div>\t\t\t\t\t\t\t\t<\/div>\n\t\t\t\t<\/div>\n\t\t\t\t<\/div>\n\t\t<div class=\"elementor-element elementor-element-0a5c125 e-con-full e-flex e-con e-child\" data-id=\"0a5c125\" data-element_type=\"container\" data-e-type=\"container\">\n\t\t\t\t<div class=\"elementor-element elementor-element-4209d2d elementor-widget elementor-widget-image-carousel\" data-id=\"4209d2d\" data-element_type=\"widget\" data-e-type=\"widget\" data-settings=\"{&quot;slides_to_show&quot;:&quot;1&quot;,&quot;navigation&quot;:&quot;none&quot;,&quot;autoplay&quot;:&quot;yes&quot;,&quot;pause_on_hover&quot;:&quot;yes&quot;,&quot;pause_on_interaction&quot;:&quot;yes&quot;,&quot;autoplay_speed&quot;:5000,&quot;infinite&quot;:&quot;yes&quot;,&quot;effect&quot;:&quot;slide&quot;,&quot;speed&quot;:500}\" data-widget_type=\"image-carousel.default\">\n\t\t\t\t<div class=\"elementor-widget-container\">\n\t\t\t\t\t\t\t<div class=\"elementor-image-carousel-wrapper swiper\" role=\"region\" aria-roledescription=\"carousel\" aria-label=\"Carrusel de im\u00e1genes\" dir=\"ltr\">\n\t\t\t<div class=\"elementor-image-carousel swiper-wrapper\" aria-live=\"off\">\n\t\t\t\t\t\t\t\t<div class=\"swiper-slide\" role=\"group\" aria-roledescription=\"slide\" aria-label=\"1 de 1\"><figure class=\"swiper-slide-inner\"><img decoding=\"async\" class=\"swiper-slide-image\" src=\"https:\/\/cemel.es\/wp-content\/uploads\/2024\/01\/cemeyq_tratamientosesteticos_11.jpg\" alt=\"cemeyq_tratamientosesteticos_11\" \/><\/figure><\/div>\t\t\t<\/div>\n\t\t\t\t\t<\/div>\n\t\t\t\t\t\t<\/div>\n\t\t\t\t<\/div>\n\t\t\t\t<\/div>\n\t\t\t\t\t<\/div>\n\t\t\t\t<\/div>\n\t\t\t\t<\/div>\n\t\t","protected":false},"excerpt":{"rendered":"<p>Dharma Spa En nuestras cl\u00ednicas sabemos lo importante que es sentirse bien para proyectar la mejor imagen de nosotros mismos: \u00b4Mens sana in Corpore sano\u00b4, este es nuestro lema y como sabemos la importancia de \u00e9l, queremos recomendar a todos nuestros pacientes la importancia de la nutrici\u00f3n para alcanzar el equilibrio que todos ansiamos. La [&hellip;]<\/p>\n","protected":false},"author":1,"featured_media":0,"parent":929,"menu_order":0,"comment_status":"closed","ping_status":"closed","template":"","meta":{"footnotes":""},"class_list":["post-972","page","type-page","status-publish","hentry"],"_links":{"self":[{"href":"https:\/\/cemel.es\/es_es\/wp-json\/wp\/v2\/pages\/972","targetHints":{"allow":["GET"]}}],"collection":[{"href":"https:\/\/cemel.es\/es_es\/wp-json\/wp\/v2\/pages"}],"about":[{"href":"https:\/\/cemel.es\/es_es\/wp-json\/wp\/v2\/types\/page"}],"author":[{"embeddable":true,"href":"https:\/\/cemel.es\/es_es\/wp-json\/wp\/v2\/users\/1"}],"replies":[{"embeddable":true,"href":"https:\/\/cemel.es\/es_es\/wp-json\/wp\/v2\/comments?post=972"}],"version-history":[{"count":7,"href":"https:\/\/cemel.es\/es_es\/wp-json\/wp\/v2\/pages\/972\/revisions"}],"predecessor-version":[{"id":1787,"href":"https:\/\/cemel.es\/es_es\/wp-json\/wp\/v2\/pages\/972\/revisions\/1787"}],"up":[{"embeddable":true,"href":"https:\/\/cemel.es\/es_es\/wp-json\/wp\/v2\/pages\/929"}],"wp:attachment":[{"href":"https:\/\/cemel.es\/es_es\/wp-json\/wp\/v2\/media?parent=972"}],"curies":[{"name":"wp","href":"https:\/\/api.w.org\/{rel}","templated":true}]}}