{"id":2448,"date":"2024-09-20T08:45:41","date_gmt":"2024-09-20T08:45:41","guid":{"rendered":"https:\/\/cemel.es\/?page_id=2448"},"modified":"2024-09-20T09:46:49","modified_gmt":"2024-09-20T09:46:49","slug":"cursos-rotation-one-to-one-de-medicina-estetica","status":"publish","type":"page","link":"https:\/\/cemel.es\/es_es\/cursos-rotation-one-to-one-de-medicina-estetica\/","title":{"rendered":"Rotation One to One"},"content":{"rendered":"\t\t<div data-elementor-type=\"wp-page\" data-elementor-id=\"2448\" class=\"elementor elementor-2448\" data-elementor-post-type=\"page\">\n\t\t\t\t<div class=\"elementor-element elementor-element-8360675 e-flex e-con-boxed e-con e-parent\" data-id=\"8360675\" data-element_type=\"container\" data-e-type=\"container\">\n\t\t\t\t\t<div class=\"e-con-inner\">\n\t\t<div class=\"elementor-element elementor-element-6f83ab9 e-flex e-con-boxed e-con e-child\" data-id=\"6f83ab9\" data-element_type=\"container\" data-e-type=\"container\">\n\t\t\t\t\t<div class=\"e-con-inner\">\n\t\t\t\t<div class=\"elementor-element elementor-element-96334a8 elementor-widget elementor-widget-heading\" data-id=\"96334a8\" data-element_type=\"widget\" data-e-type=\"widget\" data-widget_type=\"heading.default\">\n\t\t\t\t<div class=\"elementor-widget-container\">\n\t\t\t\t\t<h2 class=\"elementor-heading-title elementor-size-default\">ROTATION ONE TO ONE<\/h2>\t\t\t\t<\/div>\n\t\t\t\t<\/div>\n\t\t\t\t<div class=\"elementor-element elementor-element-fd3a9b2 elementor-widget elementor-widget-text-editor\" data-id=\"fd3a9b2\" data-element_type=\"widget\" data-e-type=\"widget\" data-widget_type=\"text-editor.default\">\n\t\t\t\t<div class=\"elementor-widget-container\">\n\t\t\t\t\t\t\t\t\t<p class=\"p1\">Si quieres aprender todas las t\u00e9cnicas m\u00e1s vanguardistas de la Medicina Est\u00e9tica\u00a0 puedes realizar una rotaci\u00f3n con el Dr. Siridi\u00f3n Fleitas Lantigua en la cl\u00ednica CEMEL de Las Palmas de Gran Canaria. Obtendr\u00e1s un diploma acreditativo de dicha rotaci\u00f3n. Puedes elegir la modalidad que prefieras y puedes traer a tus propios pacientes para tratarlos.<\/p>\t\t\t\t\t\t\t\t<\/div>\n\t\t\t\t<\/div>\n\t\t\t\t\t<\/div>\n\t\t\t\t<\/div>\n\t\t\t\t\t<\/div>\n\t\t\t\t<\/div>\n\t\t<div class=\"elementor-element elementor-element-504d3a5 e-flex e-con-boxed e-con e-parent\" data-id=\"504d3a5\" data-element_type=\"container\" data-e-type=\"container\">\n\t\t\t\t\t<div class=\"e-con-inner\">\n\t\t<div class=\"elementor-element elementor-element-8b2bafe e-con-full e-flex e-con e-child\" data-id=\"8b2bafe\" data-element_type=\"container\" data-e-type=\"container\">\n\t\t\t\t<div class=\"elementor-element elementor-element-5147012 elementor-widget elementor-widget-text-editor\" data-id=\"5147012\" data-element_type=\"widget\" data-e-type=\"widget\" data-widget_type=\"text-editor.default\">\n\t\t\t\t<div class=\"elementor-widget-container\">\n\t\t\t\t\t\t\t\t\t<p>Cursos de Medicina Est\u00e9tica Avanzada con el Doctor Siridi\u00f3n Fleitas Lantigua en Las Palmas de Gran Canaria<\/p><p>En la Cl\u00ednica Cemel, ubicada en Las Palmas de Gran Canaria, el <strong>Doctor Siridi\u00f3n Fleitas Lantigua<\/strong> ofrece cursos especializados en medicina est\u00e9tica de vanguardia a trav\u00e9s de su innovador programa <strong>Rotation One to One<\/strong>.<\/p><p>Estos cursos est\u00e1n dise\u00f1ados para m\u00e9dicos y profesionales de la salud que desean perfeccionar sus habilidades en tratamientos est\u00e9ticos avanzados, con un enfoque personalizado y pr\u00e1ctico.<\/p><p><strong>\u00a0\u00bfPor qu\u00e9 elegir los cursos del Doctor Siridi\u00f3n Fleitas?<\/strong><\/p><p>El Doctor Fleitas es un referente en el \u00e1mbito de la medicina est\u00e9tica, con a\u00f1os de experiencia en la implementaci\u00f3n de t\u00e9cnicas avanzadas y tratamientos de \u00faltima generaci\u00f3n. A trav\u00e9s de Rotation One to One, los participantes tienen la oportunidad \u00fanica de trabajar directamente con \u00e9l, recibiendo una formaci\u00f3n completamente individualizada. Este enfoque garantiza que cada profesional participante,\u00a0 pueda desarrollar sus competencias a su propio ritmo, aprendiendo de uno de los referentes en el campo de la medicina est\u00e9tica.<\/p><p><strong>\u00bfQu\u00e9 incluye el programa de formaci\u00f3n?<\/strong><\/p><p>&#8211; Tratamientos est\u00e9ticos de vanguardia: Los cursos cubren t\u00e9cnicas modernas como el uso de toxina botul\u00ednica, rellenos d\u00e9rmicos, rejuvenecimiento facial, l\u00e1seres y otras tecnolog\u00edas avanzadas.<br \/>&#8211; Enfoque pr\u00e1ctico: La metodolog\u00eda <strong>\u00abOne to One\u00bb<\/strong> permite a los participantes practicar directamente sobre casos reales bajo la supervisi\u00f3n del Doctor Fleitas.<br \/>&#8211; Certificaci\u00f3n: Al finalizar, los participantes reciben un diploma que avala sus conocimientos en medicina est\u00e9tica avanzada.<\/p><p><strong>\u00bfD\u00f3nde se imparten los cursos?<\/strong><\/p><p>Los cursos se imparten en la Cl\u00ednica Cemel, un centro de referencia en Las Palmas de Gran Canaria especializado en ofrecer tratamientos est\u00e9ticos de alta calidad. Equipado con tecnolog\u00eda de \u00faltima generaci\u00f3n, es el lugar perfecto para aprender y practicar las t\u00e9cnicas m\u00e1s novedosas en medicina est\u00e9tica.<\/p><p>Si est\u00e1s buscando cursos de medicina est\u00e9tica avanzados que te proporcionen una formaci\u00f3n personalizada y de alto nivel, los programas del Doctor Siridi\u00f3n Fleitas Lantigua en la Cl\u00ednica Cemel son la mejor opci\u00f3n.<\/p><p style=\"text-align: center;\"><strong>Inscr\u00edbete hoy y lleva tu carrera al siguiente nivel.<\/strong><\/p><p>\u00a0<\/p>\t\t\t\t\t\t\t\t<\/div>\n\t\t\t\t<\/div>\n\t\t\t\t<\/div>\n\t\t<div class=\"elementor-element elementor-element-3c806fc e-con-full e-flex e-con e-child\" data-id=\"3c806fc\" data-element_type=\"container\" data-e-type=\"container\">\n\t\t\t\t<div class=\"elementor-element elementor-element-7a7cac2 elementor-widget elementor-widget-image\" data-id=\"7a7cac2\" data-element_type=\"widget\" data-e-type=\"widget\" data-widget_type=\"image.default\">\n\t\t\t\t<div class=\"elementor-widget-container\">\n\t\t\t\t\t\t\t\t\t\t\t\t\t\t\t<img fetchpriority=\"high\" decoding=\"async\" width=\"513\" height=\"880\" src=\"https:\/\/cemel.es\/wp-content\/uploads\/2024\/01\/CV-e1705750850278.jpeg\" class=\"attachment-large size-large wp-image-1346\" alt=\"\" srcset=\"https:\/\/cemel.es\/wp-content\/uploads\/2024\/01\/CV-e1705750850278.jpeg 513w, https:\/\/cemel.es\/wp-content\/uploads\/2024\/01\/CV-e1705750850278-175x300.jpeg 175w, https:\/\/cemel.es\/wp-content\/uploads\/2024\/01\/CV-e1705750850278-7x12.jpeg 7w\" sizes=\"(max-width: 513px) 100vw, 513px\" \/>\t\t\t\t\t\t\t\t\t\t\t\t\t\t\t<\/div>\n\t\t\t\t<\/div>\n\t\t\t\t<\/div>\n\t\t\t\t\t<\/div>\n\t\t\t\t<\/div>\n\t\t<div class=\"elementor-element elementor-element-5565cc4 e-flex e-con-boxed e-con e-parent\" data-id=\"5565cc4\" data-element_type=\"container\" data-e-type=\"container\">\n\t\t\t\t\t<div class=\"e-con-inner\">\n\t\t\t\t<div class=\"elementor-element elementor-element-8ae0332 elementor-widget elementor-widget-price-table\" data-id=\"8ae0332\" data-element_type=\"widget\" data-e-type=\"widget\" data-widget_type=\"price-table.default\">\n\t\t\t\t<div class=\"elementor-widget-container\">\n\t\t\t\t\t\n\t\t<div class=\"elementor-price-table\">\n\t\t\t\t\t\t\t<div class=\"elementor-price-table__header\">\n\t\t\t\t\t\t\t\t\t\t\t<h3 class=\"elementor-price-table__heading\">\n\t\t\t\t\t\tPRECIOS\t\t\t\t\t\t<\/h3>\n\t\t\t\t\t\n\t\t\t\t\t\t\t\t\t\t\t<span class=\"elementor-price-table__subheading\">\n\t\t\t\t\t\t\tCursos Especializados Rotation One to one\t\t\t\t\t\t<\/span>\n\t\t\t\t\t\t\t\t\t<\/div>\n\t\t\t\n\t\t\t<div class=\"elementor-price-table__price\">\n\t\t\t\t\t\t\t\t\t\t\t\t\n\t\t\t\t\n\t\t\t\t\n\t\t\t\t\t\t\t<\/div>\n\n\t\t\t\t\t\t\t<ul class=\"elementor-price-table__features-list\">\n\t\t\t\t\t\t\t\t\t\t\t<li class=\"elementor-repeater-item-e074887\">\n\t\t\t\t\t\t\t<div class=\"elementor-price-table__feature-inner\">\n\t\t\t\t\t\t\t\t<svg aria-hidden=\"true\" class=\"e-font-icon-svg e-fas-check-circle\" viewBox=\"0 0 512 512\" xmlns=\"http:\/\/www.w3.org\/2000\/svg\"><path d=\"M504 256c0 136.967-111.033 248-248 248S8 392.967 8 256 119.033 8 256 8s248 111.033 248 248zM227.314 387.314l184-184c6.248-6.248 6.248-16.379 0-22.627l-22.627-22.627c-6.248-6.249-16.379-6.249-22.628 0L216 308.118l-70.059-70.059c-6.248-6.248-16.379-6.248-22.628 0l-22.627 22.627c-6.248 6.248-6.248 16.379 0 22.627l104 104c6.249 6.249 16.379 6.249 22.628.001z\"><\/path><\/svg>\t\t\t\t\t\t\t\t\t\t\t\t\t\t\t\t\t<span >\n\t\t\t\t\t\t\t\t\t\tPrecio x 1 d\u00eda - 1.000\u20ac\t\t\t\t\t\t\t\t\t<\/span>\n\t\t\t\t\t\t\t\t\t\t\t\t\t\t\t\t<\/div>\n\t\t\t\t\t\t<\/li>\n\t\t\t\t\t\t\t\t\t\t\t<li class=\"elementor-repeater-item-8e85a5c\">\n\t\t\t\t\t\t\t<div class=\"elementor-price-table__feature-inner\">\n\t\t\t\t\t\t\t\t<svg aria-hidden=\"true\" class=\"e-font-icon-svg e-fas-check-circle\" viewBox=\"0 0 512 512\" xmlns=\"http:\/\/www.w3.org\/2000\/svg\"><path d=\"M504 256c0 136.967-111.033 248-248 248S8 392.967 8 256 119.033 8 256 8s248 111.033 248 248zM227.314 387.314l184-184c6.248-6.248 6.248-16.379 0-22.627l-22.627-22.627c-6.248-6.249-16.379-6.249-22.628 0L216 308.118l-70.059-70.059c-6.248-6.248-16.379-6.248-22.628 0l-22.627 22.627c-6.248 6.248-6.248 16.379 0 22.627l104 104c6.249 6.249 16.379 6.249 22.628.001z\"><\/path><\/svg>\t\t\t\t\t\t\t\t\t\t\t\t\t\t\t\t\t<span >\n\t\t\t\t\t\t\t\t\t\tPrecio x 2 d\u00edas - 1.500\u20ac\t\t\t\t\t\t\t\t\t<\/span>\n\t\t\t\t\t\t\t\t\t\t\t\t\t\t\t\t<\/div>\n\t\t\t\t\t\t<\/li>\n\t\t\t\t\t\t\t\t\t\t\t<li class=\"elementor-repeater-item-5692667\">\n\t\t\t\t\t\t\t<div class=\"elementor-price-table__feature-inner\">\n\t\t\t\t\t\t\t\t<svg aria-hidden=\"true\" class=\"e-font-icon-svg e-fas-check-circle\" viewBox=\"0 0 512 512\" xmlns=\"http:\/\/www.w3.org\/2000\/svg\"><path d=\"M504 256c0 136.967-111.033 248-248 248S8 392.967 8 256 119.033 8 256 8s248 111.033 248 248zM227.314 387.314l184-184c6.248-6.248 6.248-16.379 0-22.627l-22.627-22.627c-6.248-6.249-16.379-6.249-22.628 0L216 308.118l-70.059-70.059c-6.248-6.248-16.379-6.248-22.628 0l-22.627 22.627c-6.248 6.248-6.248 16.379 0 22.627l104 104c6.249 6.249 16.379 6.249 22.628.001z\"><\/path><\/svg>\t\t\t\t\t\t\t\t\t\t\t\t\t\t\t\t\t<span >\n\t\t\t\t\t\t\t\t\t\tPrecio x 3 d\u00edas - 2.000\u20ac\t\t\t\t\t\t\t\t\t<\/span>\n\t\t\t\t\t\t\t\t\t\t\t\t\t\t\t\t<\/div>\n\t\t\t\t\t\t<\/li>\n\t\t\t\t\t\t\t\t\t\t\t<li class=\"elementor-repeater-item-3a8718b\">\n\t\t\t\t\t\t\t<div class=\"elementor-price-table__feature-inner\">\n\t\t\t\t\t\t\t\t<svg aria-hidden=\"true\" class=\"e-font-icon-svg e-fas-check-circle\" viewBox=\"0 0 512 512\" xmlns=\"http:\/\/www.w3.org\/2000\/svg\"><path d=\"M504 256c0 136.967-111.033 248-248 248S8 392.967 8 256 119.033 8 256 8s248 111.033 248 248zM227.314 387.314l184-184c6.248-6.248 6.248-16.379 0-22.627l-22.627-22.627c-6.248-6.249-16.379-6.249-22.628 0L216 308.118l-70.059-70.059c-6.248-6.248-16.379-6.248-22.628 0l-22.627 22.627c-6.248 6.248-6.248 16.379 0 22.627l104 104c6.249 6.249 16.379 6.249 22.628.001z\"><\/path><\/svg>\t\t\t\t\t\t\t\t\t\t\t\t\t\t\t\t\t<span >\n\t\t\t\t\t\t\t\t\t\tPrecio x 4 d\u00edas - 3.000\u20ac\t\t\t\t\t\t\t\t\t<\/span>\n\t\t\t\t\t\t\t\t\t\t\t\t\t\t\t\t<\/div>\n\t\t\t\t\t\t<\/li>\n\t\t\t\t\t\t\t\t\t\t\t<li class=\"elementor-repeater-item-36c016d\">\n\t\t\t\t\t\t\t<div class=\"elementor-price-table__feature-inner\">\n\t\t\t\t\t\t\t\t<svg aria-hidden=\"true\" class=\"e-font-icon-svg e-fas-check-circle\" viewBox=\"0 0 512 512\" xmlns=\"http:\/\/www.w3.org\/2000\/svg\"><path d=\"M504 256c0 136.967-111.033 248-248 248S8 392.967 8 256 119.033 8 256 8s248 111.033 248 248zM227.314 387.314l184-184c6.248-6.248 6.248-16.379 0-22.627l-22.627-22.627c-6.248-6.249-16.379-6.249-22.628 0L216 308.118l-70.059-70.059c-6.248-6.248-16.379-6.248-22.628 0l-22.627 22.627c-6.248 6.248-6.248 16.379 0 22.627l104 104c6.249 6.249 16.379 6.249 22.628.001z\"><\/path><\/svg>\t\t\t\t\t\t\t\t\t\t\t\t\t\t\t\t\t<span >\n\t\t\t\t\t\t\t\t\t\tPrecio x 5 d\u00edas - 3.500\u20ac\t\t\t\t\t\t\t\t\t<\/span>\n\t\t\t\t\t\t\t\t\t\t\t\t\t\t\t\t<\/div>\n\t\t\t\t\t\t<\/li>\n\t\t\t\t\t\t\t\t\t<\/ul>\n\t\t\t\n\t\t\t\t\t\t\t<div class=\"elementor-price-table__footer\">\n\t\t\t\t\t\t\t\t\t\t\t<a class=\"elementor-price-table__button elementor-button elementor-size-md\" href=\"mailto:clinica@cemel.es\">\n\t\t\t\t\t\t\tRESERVA TU PLAZA\t\t\t\t\t\t<\/a>\n\t\t\t\t\t\n\t\t\t\t\t\t\t\t\t\t\t<div class=\"elementor-price-table__additional_info\">\n\t\t\t\t\t\t\tLl\u00e1manos al 692 573121\t\t\t\t\t\t<\/div>\n\t\t\t\t\t\t\t\t\t<\/div>\n\t\t\t\t\t<\/div>\n\n\t\t\t\t\t\t<\/div>\n\t\t\t\t<\/div>\n\t\t\t\t\t<\/div>\n\t\t\t\t<\/div>\n\t\t\t\t<\/div>\n\t\t","protected":false},"excerpt":{"rendered":"<p>ROTATION ONE TO ONE Si quieres aprender todas las t\u00e9cnicas m\u00e1s vanguardistas de la Medicina Est\u00e9tica\u00a0 puedes realizar una rotaci\u00f3n con el Dr. Siridi\u00f3n Fleitas Lantigua en la cl\u00ednica CEMEL de Las Palmas de Gran Canaria. Obtendr\u00e1s un diploma acreditativo de dicha rotaci\u00f3n. Puedes elegir la modalidad que prefieras y puedes traer a tus propios [&hellip;]<\/p>\n","protected":false},"author":2,"featured_media":0,"parent":0,"menu_order":0,"comment_status":"closed","ping_status":"closed","template":"","meta":{"footnotes":""},"class_list":["post-2448","page","type-page","status-publish","hentry"],"_links":{"self":[{"href":"https:\/\/cemel.es\/es_es\/wp-json\/wp\/v2\/pages\/2448","targetHints":{"allow":["GET"]}}],"collection":[{"href":"https:\/\/cemel.es\/es_es\/wp-json\/wp\/v2\/pages"}],"about":[{"href":"https:\/\/cemel.es\/es_es\/wp-json\/wp\/v2\/types\/page"}],"author":[{"embeddable":true,"href":"https:\/\/cemel.es\/es_es\/wp-json\/wp\/v2\/users\/2"}],"replies":[{"embeddable":true,"href":"https:\/\/cemel.es\/es_es\/wp-json\/wp\/v2\/comments?post=2448"}],"version-history":[{"count":13,"href":"https:\/\/cemel.es\/es_es\/wp-json\/wp\/v2\/pages\/2448\/revisions"}],"predecessor-version":[{"id":2465,"href":"https:\/\/cemel.es\/es_es\/wp-json\/wp\/v2\/pages\/2448\/revisions\/2465"}],"wp:attachment":[{"href":"https:\/\/cemel.es\/es_es\/wp-json\/wp\/v2\/media?parent=2448"}],"curies":[{"name":"wp","href":"https:\/\/api.w.org\/{rel}","templated":true}]}}