{"id":1203,"date":"2024-01-15T20:03:29","date_gmt":"2024-01-15T20:03:29","guid":{"rendered":"https:\/\/cemel.es\/?page_id=1203"},"modified":"2024-01-15T21:30:56","modified_gmt":"2024-01-15T21:30:56","slug":"hombres-trans","status":"publish","type":"page","link":"https:\/\/cemel.es\/es_es\/hombres-trans\/","title":{"rendered":"HOMBRES TRANS"},"content":{"rendered":"\t\t<div data-elementor-type=\"wp-page\" data-elementor-id=\"1203\" class=\"elementor elementor-1203\" data-elementor-post-type=\"page\">\n\t\t\t\t<div class=\"elementor-element elementor-element-e0cf916 e-flex e-con-boxed e-con e-parent\" data-id=\"e0cf916\" data-element_type=\"container\" data-e-type=\"container\">\n\t\t\t\t\t<div class=\"e-con-inner\">\n\t\t<div class=\"elementor-element elementor-element-ce47286 e-con-full e-flex e-con e-child\" data-id=\"ce47286\" data-element_type=\"container\" data-e-type=\"container\">\n\t\t\t\t<div class=\"elementor-element elementor-element-c35345e elementor-widget elementor-widget-heading\" data-id=\"c35345e\" data-element_type=\"widget\" data-e-type=\"widget\" data-widget_type=\"heading.default\">\n\t\t\t\t<div class=\"elementor-widget-container\">\n\t\t\t\t\t<h2 class=\"elementor-heading-title elementor-size-default\">Nuestros tratamientos m\u00e1s demandados<\/h2>\t\t\t\t<\/div>\n\t\t\t\t<\/div>\n\t\t\t\t<div class=\"elementor-element elementor-element-1ed83de elementor-widget elementor-widget-heading\" data-id=\"1ed83de\" data-element_type=\"widget\" data-e-type=\"widget\" data-widget_type=\"heading.default\">\n\t\t\t\t<div class=\"elementor-widget-container\">\n\t\t\t\t\t<h2 class=\"elementor-heading-title elementor-size-default\">HOMBRES TRANS<\/h2>\t\t\t\t<\/div>\n\t\t\t\t<\/div>\n\t\t\t\t<div class=\"elementor-element elementor-element-873eb82 elementor-widget elementor-widget-image\" data-id=\"873eb82\" data-element_type=\"widget\" data-e-type=\"widget\" data-widget_type=\"image.default\">\n\t\t\t\t<div class=\"elementor-widget-container\">\n\t\t\t\t\t\t\t\t\t\t\t\t\t\t\t<img fetchpriority=\"high\" decoding=\"async\" width=\"500\" height=\"800\" src=\"https:\/\/cemel.es\/wp-content\/uploads\/2024\/01\/cemeyq_gender_27.jpg\" class=\"attachment-large size-large wp-image-1178\" alt=\"\" srcset=\"https:\/\/cemel.es\/wp-content\/uploads\/2024\/01\/cemeyq_gender_27.jpg 500w, https:\/\/cemel.es\/wp-content\/uploads\/2024\/01\/cemeyq_gender_27-188x300.jpg 188w, https:\/\/cemel.es\/wp-content\/uploads\/2024\/01\/cemeyq_gender_27-8x12.jpg 8w\" sizes=\"(max-width: 500px) 100vw, 500px\" \/>\t\t\t\t\t\t\t\t\t\t\t\t\t\t\t<\/div>\n\t\t\t\t<\/div>\n\t\t\t\t<\/div>\n\t\t<div class=\"elementor-element elementor-element-9e6ae7d e-con-full e-flex e-con e-child\" data-id=\"9e6ae7d\" data-element_type=\"container\" data-e-type=\"container\">\n\t\t\t\t<div class=\"elementor-element elementor-element-a3d2ffe elementor-widget elementor-widget-heading\" data-id=\"a3d2ffe\" data-element_type=\"widget\" data-e-type=\"widget\" data-widget_type=\"heading.default\">\n\t\t\t\t<div class=\"elementor-widget-container\">\n\t\t\t\t\t<h2 class=\"elementor-heading-title elementor-size-default\">\t\nCirug\u00eda Corporal de Masculinizaci\u00f3n\n<\/h2>\t\t\t\t<\/div>\n\t\t\t\t<\/div>\n\t\t\t\t<div class=\"elementor-element elementor-element-b85c361 elementor-widget elementor-widget-text-editor\" data-id=\"b85c361\" data-element_type=\"widget\" data-e-type=\"widget\" data-widget_type=\"text-editor.default\">\n\t\t\t\t<div class=\"elementor-widget-container\">\n\t\t\t\t\t\t\t\t\t\n\nCon este tipo de procedimientos combinados lograremos masculinizar y dar ese aspecto atl\u00e9tico, caracter\u00edstico en el hombre.\n\nLiposucci\u00f3n HD (Alta Definici\u00f3n)\n\nEl cuerpo masculino tiene unas proporciones muy distintas al femenino porque la grasa se acumula de forma diferente en el cuerpo de ambos. La Lipoescultura HD nos permite remodelar la silueta del hombre trans y as\u00ed, lograr un cuerpo m\u00e1s varonil y musculoso.\n\t\t\t\t\t\t\t\t<\/div>\n\t\t\t\t<\/div>\n\t\t\t\t<div class=\"elementor-element elementor-element-58f6775 elementor-widget elementor-widget-image\" data-id=\"58f6775\" data-element_type=\"widget\" data-e-type=\"widget\" data-widget_type=\"image.default\">\n\t\t\t\t<div class=\"elementor-widget-container\">\n\t\t\t\t\t\t\t\t\t\t\t\t\t\t\t<img decoding=\"async\" width=\"500\" height=\"800\" src=\"https:\/\/cemel.es\/wp-content\/uploads\/2024\/01\/cemeyq_gender_28.jpg\" class=\"attachment-large size-large wp-image-1206\" alt=\"\" srcset=\"https:\/\/cemel.es\/wp-content\/uploads\/2024\/01\/cemeyq_gender_28.jpg 500w, https:\/\/cemel.es\/wp-content\/uploads\/2024\/01\/cemeyq_gender_28-188x300.jpg 188w, https:\/\/cemel.es\/wp-content\/uploads\/2024\/01\/cemeyq_gender_28-8x12.jpg 8w\" sizes=\"(max-width: 500px) 100vw, 500px\" \/>\t\t\t\t\t\t\t\t\t\t\t\t\t\t\t<\/div>\n\t\t\t\t<\/div>\n\t\t\t\t<\/div>\n\t\t\t\t\t<\/div>\n\t\t\t\t<\/div>\n\t\t<div class=\"elementor-element elementor-element-2fd5b2b e-flex e-con-boxed e-con e-parent\" data-id=\"2fd5b2b\" data-element_type=\"container\" data-e-type=\"container\">\n\t\t\t\t\t<div class=\"e-con-inner\">\n\t\t<div class=\"elementor-element elementor-element-05cdc02 e-flex e-con-boxed e-con e-child\" data-id=\"05cdc02\" data-element_type=\"container\" data-e-type=\"container\">\n\t\t\t\t\t<div class=\"e-con-inner\">\n\t\t\t\t<div class=\"elementor-element elementor-element-dc1f589 elementor-widget elementor-widget-image\" data-id=\"dc1f589\" data-element_type=\"widget\" data-e-type=\"widget\" data-widget_type=\"image.default\">\n\t\t\t\t<div class=\"elementor-widget-container\">\n\t\t\t\t\t\t\t\t\t\t\t\t\t\t\t<img decoding=\"async\" width=\"600\" height=\"400\" src=\"https:\/\/cemel.es\/wp-content\/uploads\/2024\/01\/cemeyq_gender_29.jpg\" class=\"attachment-large size-large wp-image-1207\" alt=\"\" srcset=\"https:\/\/cemel.es\/wp-content\/uploads\/2024\/01\/cemeyq_gender_29.jpg 600w, https:\/\/cemel.es\/wp-content\/uploads\/2024\/01\/cemeyq_gender_29-300x200.jpg 300w, https:\/\/cemel.es\/wp-content\/uploads\/2024\/01\/cemeyq_gender_29-18x12.jpg 18w\" sizes=\"(max-width: 600px) 100vw, 600px\" \/>\t\t\t\t\t\t\t\t\t\t\t\t\t\t\t<\/div>\n\t\t\t\t<\/div>\n\t\t\t\t\t<\/div>\n\t\t\t\t<\/div>\n\t\t<div class=\"elementor-element elementor-element-f6c2809 e-flex e-con-boxed e-con e-child\" data-id=\"f6c2809\" data-element_type=\"container\" data-e-type=\"container\">\n\t\t\t\t\t<div class=\"e-con-inner\">\n\t\t\t\t<div class=\"elementor-element elementor-element-b8160a0 elementor-widget elementor-widget-text-editor\" data-id=\"b8160a0\" data-element_type=\"widget\" data-e-type=\"widget\" data-widget_type=\"text-editor.default\">\n\t\t\t\t<div class=\"elementor-widget-container\">\n\t\t\t\t\t\t\t\t\t<p><strong>Aumento de los Pectorales:<\/strong><\/p><p>Esta intervenci\u00f3n logra aumentar, proyectar y definir la zona del pecho masculino mediante el propio tejido adiposo del paciente o lipofilling. Esta cirug\u00eda permite otorgar al hombre trans un aspecto musculado, arm\u00f3nico y atractivo de sus pectorales.<\/p><p><strong>Abdominoplastia:<\/strong><\/p><p>La Abdominoplastia es la t\u00e9cnica quir\u00fargica que se utiliza para eliminar el exceso de piel y grasa del abdomen y para mejorar la silueta, sobre todo de la cintura. Siendo la cintura la zona m\u00e1s caracter\u00edstica entre un hombre y una mujer, por lo que, mediante la Abdominoplastia lograremos masculinizar la zona del abdomen. Aprovechando tambi\u00e9n este procedimiento para reparar la musculatura de la pared abdominal.<\/p><p>\u00a0<\/p>\t\t\t\t\t\t\t\t<\/div>\n\t\t\t\t<\/div>\n\t\t\t\t\t<\/div>\n\t\t\t\t<\/div>\n\t\t\t\t\t<\/div>\n\t\t\t\t<\/div>\n\t\t\t\t<\/div>\n\t\t","protected":false},"excerpt":{"rendered":"<p>Nuestros tratamientos m\u00e1s demandados HOMBRES TRANS Cirug\u00eda Corporal de Masculinizaci\u00f3n Con este tipo de procedimientos combinados lograremos masculinizar y dar ese aspecto atl\u00e9tico, caracter\u00edstico en el hombre. Liposucci\u00f3n HD (Alta Definici\u00f3n) El cuerpo masculino tiene unas proporciones muy distintas al femenino porque la grasa se acumula de forma diferente en el cuerpo de ambos. La [&hellip;]<\/p>\n","protected":false},"author":1,"featured_media":0,"parent":0,"menu_order":0,"comment_status":"closed","ping_status":"closed","template":"","meta":{"footnotes":""},"class_list":["post-1203","page","type-page","status-publish","hentry"],"_links":{"self":[{"href":"https:\/\/cemel.es\/es_es\/wp-json\/wp\/v2\/pages\/1203","targetHints":{"allow":["GET"]}}],"collection":[{"href":"https:\/\/cemel.es\/es_es\/wp-json\/wp\/v2\/pages"}],"about":[{"href":"https:\/\/cemel.es\/es_es\/wp-json\/wp\/v2\/types\/page"}],"author":[{"embeddable":true,"href":"https:\/\/cemel.es\/es_es\/wp-json\/wp\/v2\/users\/1"}],"replies":[{"embeddable":true,"href":"https:\/\/cemel.es\/es_es\/wp-json\/wp\/v2\/comments?post=1203"}],"version-history":[{"count":4,"href":"https:\/\/cemel.es\/es_es\/wp-json\/wp\/v2\/pages\/1203\/revisions"}],"predecessor-version":[{"id":1210,"href":"https:\/\/cemel.es\/es_es\/wp-json\/wp\/v2\/pages\/1203\/revisions\/1210"}],"wp:attachment":[{"href":"https:\/\/cemel.es\/es_es\/wp-json\/wp\/v2\/media?parent=1203"}],"curies":[{"name":"wp","href":"https:\/\/api.w.org\/{rel}","templated":true}]}}