{"id":1059,"date":"2024-01-10T08:28:04","date_gmt":"2024-01-10T08:28:04","guid":{"rendered":"https:\/\/cemel.es\/?page_id=1059"},"modified":"2024-01-10T08:28:18","modified_gmt":"2024-01-10T08:28:18","slug":"politica-de-privacidad","status":"publish","type":"page","link":"https:\/\/cemel.es\/es_es\/politica-de-privacidad\/","title":{"rendered":"Pol\u00edtica de privacidad"},"content":{"rendered":"\n<p>oda comunicaci\u00f3n con Centro M\u00e9dico est\u00e9tico L\u00e1ser (CEMEL) por cualquier medio o a eav\u00e9s de su direcci\u00f3n de correo electr\u00f3nico, o de los formularios presentes en este \u2018web site\u2019 o a su \u2018e-mail\u2019, supone el consentimiento expreso para que sus datos personales sean incorporados a ficheros titularidad de&nbsp;Dr. D. Siridi\u00f3n Fleitas Lantigua \u2013 Centro M\u00e9dico est\u00e9tico L\u00e1ser (CEMEL), cuya direcci\u00f3n es Avenida Jos\u00e9 Mesa y L\u00f3pez, 54.<\/p>\n\n\n\n<p>Estos datos de car\u00e1cter personal ser\u00e1n tratados conforme a lo dispuesto en la Ley Org\u00e1nica 15\/1999, de 13 de diciembre, de Protecci\u00f3n de Datos de Car\u00e1cter Personal.<\/p>\n\n\n\n<p>Por tanto, el interesado podr\u00e1 ejercer derecho de acceso, rectificaci\u00f3n, cancelaci\u00f3n y oposici\u00f3n con respecto a los datos personales que consten en los expresados ficheros, pudiendo revocar su consentimiento por escrito en cualquier momento.<\/p>\n\n\n\n<p>Para ello lo podr\u00e1n hacer mediante comunicaci\u00f3n escrita dirigida a:<\/p>\n\n\n\n<p>Dr. D. Siridi\u00f3n Fleitas Lantigua \u2013 Centro M\u00e9dico est\u00e9tico L\u00e1ser(CEMEL)<br>Avenida Jos\u00e9 Mesa y L\u00f3pez, 54-103<br>C.P. 35010 \u2013 Espa\u00f1a<br>Tel\u00e9fono: +34 928 26 92 23<br>cemel@hotmail.com<\/p>\n\n\n\n<p><strong>Uso de Cookies<\/strong><\/p>\n\n\n\n<p>El sitio web del D. Siridi\u00f3n Fleitas Lantigua puede utilizar cookies (peque\u00f1os archivos de texto que el servidor env\u00eda al ordenador de quien accede a la p\u00e1gina). Se trata de una t\u00e9cnica usada de manera habitual en Internet para llevar a cabo determinadas funciones que son consideradas imprescindibles para el correcto funcionamiento y visualizaci\u00f3n del sitio. Las cookies utilizadas en el sitio web tienen, en todo caso, car\u00e1cter temporal con la \u00fanica finalidad de hacer m\u00e1s eficaz su transmisi\u00f3n ulterior y desaparecen al terminar la sesi\u00f3n del usuario. En ning\u00fan caso se utilizar\u00e1n las cookies para recoger informaci\u00f3n de car\u00e1cter personal.<\/p>\n\n\n\n<p>Desde el sitio web del cliente es posible que se redirija a contenidos de terceros sitios web. Dado que el D. Siridi\u00f3n Fleitas Lantigua no puede controlar siempre los contenidos introducidos por los terceros en sus sitios web, \u00e9ste no asume ning\u00fan tipo de responsabilidad respecto a dichos contenidos. En todo caso, el D. Siridi\u00f3n Fleitas Lantigua se compromete a la retirada inmediata de cualquier contenido que pudiera contravenir la legislaci\u00f3n nacional o internacional, la moral o el orden p\u00fablico, procediendo a la retirada inmediata de la redirecci\u00f3n a dicho sitio web, poniendo en conocimiento de las autoridades competentes el contenido en cuesti\u00f3n.<\/p>\n\n\n\n<p>C\u00f3mo modificar la configuraci\u00f3n de las cookies<\/p>\n\n\n\n<p>Puede permitir, bloquear o eliminar las cookies instaladas en su equipo, o de esta p\u00e1gina Web mediante la configuraci\u00f3n de las opciones de su navegador. En el caso en que las bloquee, es posible que ciertos servicios no est\u00e9n disponibles. \u2028A continuaci\u00f3n le ofrecemos enlaces en los que encontrar\u00e1 informaci\u00f3n sobre c\u00f3mo puede activar sus preferencias en los principales navegadores:<\/p>\n\n\n\n<p><a href=\"https:\/\/support.google.com\/chrome\/answer\/95647?hl=es\" target=\"_blank\" rel=\"noreferrer noopener\">Google Chrome<\/a><\/p>\n\n\n\n<p><a href=\"https:\/\/support.mozilla.org\/es\/kb\/Borrar%20cookies\" target=\"_blank\" rel=\"noreferrer noopener\">Mozilla Firefox<\/a><\/p>\n\n\n\n<p><a href=\"http:\/\/windows.microsoft.com\/es-xl\/internet-explorer\/delete-manage-cookies#ie=ie-10\" target=\"_blank\" rel=\"noreferrer noopener\">Internet Explorer<\/a><\/p>\n\n\n\n<p><a href=\"http:\/\/www.apple.com\/es\/privacy\/use-of-cookies\/\" target=\"_blank\" rel=\"noreferrer noopener\">Safari<\/a><\/p>\n\n\n\n<p><a href=\"http:\/\/support.apple.com\/kb\/HT1677?viewlocale=es_ES\" target=\"_blank\" rel=\"noreferrer noopener\">Safari para IOS (iPhone, iPad)<\/a><\/p>\n\n\n\n<p>Adem\u00e1s, tambi\u00e9n puede gestionar el almac\u00e9n de cookies en su navegador a trav\u00e9s de herramientas como las siguientes:<\/p>\n\n\n\n<p>Ghostery: &nbsp;<a href=\"http:\/\/www.ghostery.com\/\" target=\"_blank\" rel=\"noreferrer noopener\">www.ghostery.com<\/a><\/p>\n\n\n\n<p>Your online choices: &nbsp;<a href=\"http:\/\/www.youronlinechoices.com\/es\" target=\"_blank\" rel=\"noreferrer noopener\">www.youronlinechoices.com<\/a><\/p>\n\n\n\n<p><strong>Protecci\u00f3n de datos personales<\/strong><\/p>\n\n\n\n<p>El D. Siridi\u00f3n Fleitas Lantigua cumple con la normativa espa\u00f1ola de protecci\u00f3n de datos de car\u00e1cter personal, y garantiza el cumplimiento \u00edntegro de las obligaciones dispuestas la <a href=\"http:\/\/noticias.juridicas.com\/base_datos\/Admin\/lo15-1999.html\"><strong>Ley Org\u00e1nica 15\/1999, de 13 de diciembre, de Protecci\u00f3n de Datos de Car\u00e1cter Personal (LOPD)<\/strong><\/a>, el <a href=\"http:\/\/noticias.juridicas.com\/base_datos\/Admin\/rd1720-2007.html\"><strong>Real Decreto 1720\/2007, de 21 de diciembre, por el que se aprueba el Reglamento de desarrollo de la LOPD<\/strong><\/a> y dem\u00e1s normativa vigente en cada momento, y vela por garantizar un correcto uso y tratamiento de los datos personales del usuario.<\/p>\n\n\n\n<p><strong>Pol\u00edtica anti-spam<\/strong><\/p>\n\n\n\n<p>El D. Siridi\u00f3n Fleitas Lantigua se declara completamente en contra del env\u00edo de comunicaciones comerciales no solicitadas y a cualquier tipo de conducta o manifestaci\u00f3n conocida como \u201cspam\u201d, asimismo se declara comprometido con la lucha contra este tipo de pr\u00e1cticas abusivas.<\/p>\n\n\n\n<p>Por tanto, el D. Siridi\u00f3n Fleitas Lantigua garantiza al usuario a que <strong>bajo ning\u00fan concepto<\/strong> los datos personales recogidos en el sitio web ser\u00e1n cedidos, compartidos, transferidos, ni vendidos a ning\u00fan tercero.<\/p>\n\n\n\n<p>Por las mismas razones, el proceso de registro no debe ser utilizado para inscribir direcciones de correo de personas ajenas sin el consentimiento expreso de las personas afectadas. clinicemel.com&nbsp;implementa como contramedida a esta pr\u00e1cticas una lista de correo de tipo double opt-in que necesita la confirmaci\u00f3n explicita por parte del titular de la cuenta de correo electr\u00f3nico indicada como direcci\u00f3n de suscripci\u00f3n, antes de recibir comunicaciones por correo electr\u00f3nico.<\/p>\n\n\n\n<p>En el caso de que aun as\u00ed un <strong>usuario<\/strong> reciba comunicaciones de este sitio web sin haberse registrado, o sin haber dado su consentimiento expreso a dicho registro, puede cancelar la suscripci\u00f3n desde los enlaces que se proporcionan en la propia comunicaci\u00f3n.<\/p>\n\n\n\n<p>Adem\u00e1s, el usuario puede ponerse en contacto con nosotros a trav\u00e9s del formulario de contacto que se mantiene en el sitio web, tanto para comunicar lo sucedido como para solicitar la eliminaci\u00f3n inmediata de sus datos de nuestro sistema.<\/p>\n\n\n\n<p><strong>Google Analytics<\/strong><\/p>\n\n\n\n<p><a href=\"http:\/\/www.google.com\/intl\/es\/analytics\/\"><strong>Google Analytics<\/strong><\/a> es un servicio an\u00e1lisis de datos estad\u00edsticas prestado por la empresa <strong>Google<\/strong> (<a href=\"http:\/\/www.google.com\/policies\/privacy\/\">pol\u00edtica de privacidad<\/a>). CliniCemel.com&nbsp;utiliza este servicio para realizar un seguimiento de las estad\u00edsticas de uso del mismo.<\/p>\n\n\n\n<p>Google Analytics utiliza cookies para ayudar al sitio web a analizar datos estad\u00edsticos sobre el uso del mismo (n\u00famero de visitas totales, p\u00e1ginas m\u00e1s vistas, etc.). La informaci\u00f3n que genera la cookie (incluyendo su direcci\u00f3n IP) ser\u00e1 directamente transmitida y archivada por Google en los servidores de Estados Unidos.<\/p>\n\n\n\n<p>Google usar\u00e1 esta informaci\u00f3n por cuenta nuestra con el prop\u00f3sito de generar informaci\u00f3n estad\u00edsticas sobre el uso de CliniCemel.com, Google no asociar\u00e1 su direcci\u00f3n IP con ning\u00fan otro dato del que disponga Google. Google podr\u00e1 transmitir dicha informaci\u00f3n a terceros cuando as\u00ed se lo requiera la legislaci\u00f3n, o cuando dichos terceros procesen la informaci\u00f3n por cuenta de Google.<\/p>\n\n\n\n<p>Puede Usted rechazar el tratamiento de los datos o la informaci\u00f3n rechazando el uso de cookies mediante la selecci\u00f3n de la configuraci\u00f3n apropiada de su navegador, sin embargo, de hacerlo, limitar\u00e1 la plena funcionabilidad de CliniCemel.com&nbsp;. Al utilizar este sitio web, da su consentimiento al tratamiento de informaci\u00f3n por Google en la forma y para los fines arriba indicados.<\/p>\n\n\n\n<p><strong>Consentimiento al tratamiento de los datos personales del usuario<\/strong><\/p>\n\n\n\n<p>En el marco de sus actividades, CliniCemel.com&nbsp;dispone de la posibilidad de registro de usuarios para el env\u00edo de comunicaciones por correo electr\u00f3nico, efectuar comentarios en el blog y enviar mensajes a trav\u00e9s del formulario de contacto.<\/p>\n\n\n\n<p>El usuario mediante los actos de suscripci\u00f3n al blog, la realizaci\u00f3n comentarios o el formulario de contacto estar\u00e1 dando su consentimiento expreso al tratamiento de los personales proporcionados seg\u00fan lo dispuesto en el <a href=\"http:\/\/noticias.juridicas.com\/base_datos\/Admin\/lo15-1999.t2.html#a6\"><strong>art\u00edculo 6<\/strong><\/a> de la LOPD. El usuario podr\u00e1 ejercer sus <strong>derechos<\/strong> en los t\u00e9rminos dispuestos por el <a href=\"http:\/\/noticias.juridicas.com\/base_datos\/Admin\/lo15-1999.t2.html#a5\"><strong>art\u00edculo 5<\/strong><\/a> de la LOPD.<\/p>\n\n\n\n<p>Estos mismos actos implican asimismo el consentimiento expreso del usuario a la transferencia internacional de datos que se produce en t\u00e9rminos de la LOPD debido a la ubicaci\u00f3n f\u00edsica de las instalaciones de los proveedores arriba mencionados.<\/p>\n\n\n\n<p>Los datos de car\u00e1cter personal solicitados en estas actividades, quedar\u00e1n incorporados a un fichero cuya finalidad es la comunicaci\u00f3n de novedades relativas al sitio web de clinicemel.com&nbsp;actuando como <strong>responsable del fichero<\/strong> el <strong>D. Siridi\u00f3n Fleitas Lantigua<\/strong>. Los campos marcados con asterisco son de cumplimentaci\u00f3n obligatoria, siendo imposible realizar la finalidad expresada si no se aportan estos datos. Queda igualmente informado de la posibilidad de ejercitar los derechos que se indican en el apartado relativo a los Derechos del usuario.<\/p>\n\n\n\n<p><strong>Derechos del usuario<\/strong><\/p>\n\n\n\n<p>De conformidad con lo establecido en el <a href=\"http:\/\/noticias.juridicas.com\/base_datos\/Admin\/lo15-1999.t2.html#a5\"><strong>art\u00edculo 5<\/strong><\/a> de la LOPD, se informa al usuario que la <strong>finalidad exclusiva<\/strong> de la base de datos de registro es el env\u00edo de informaci\u00f3n sobre novedades relacionadas con el sitio web CliniCemel.com&nbsp;. \u00danicamente los titulares tendr\u00e1n acceso a sus datos, y bajo ning\u00fan concepto, estos datos ser\u00e1n cedidos, compartidos, transferidos, ni vendidos a ning\u00fan tercero.<\/p>\n\n\n\n<p>De acuerdo con lo dispuesto en la LOPD, el <strong>usuario<\/strong> en cualquier momento podr\u00e1 ejercitar sus <strong>derechos de acceso<\/strong>, <strong>rectificaci\u00f3n<\/strong>, <strong>cancelaci\u00f3n<\/strong>, y<strong>oposici\u00f3n<\/strong> ante el <strong>D. Siridi\u00f3n Fleitas Lantigua&nbsp;e<\/strong>n AVENIDA MESA Y LOPEZ, 54 \u2013 103 C\u00f3digo Postal:35010 Poblaci\u00f3n:LAS PALMAS DE G.C. Provincia: LAS PALMAS Pa\u00eds: ESPA\u00d1A.<\/p>\n\n\n\n<p>Para facilitar el ejercicio de estos derechos se facilita en todas las comunicaciones un <strong>enlace de solicitud de baja<\/strong> que redundar\u00e1 en la <strong>eliminaci\u00f3n inmediata<\/strong> de los datos personales del usuario de nuestra base de datos.<\/p>\n","protected":false},"excerpt":{"rendered":"<p>oda comunicaci\u00f3n con Centro M\u00e9dico est\u00e9tico L\u00e1ser (CEMEL) por cualquier medio o a eav\u00e9s de su direcci\u00f3n de correo electr\u00f3nico, o de los formularios presentes en este \u2018web site\u2019 o a su \u2018e-mail\u2019, supone el consentimiento expreso para que sus datos personales sean incorporados a ficheros titularidad de&nbsp;Dr. D. Siridi\u00f3n Fleitas Lantigua \u2013 Centro M\u00e9dico [&hellip;]<\/p>\n","protected":false},"author":1,"featured_media":0,"parent":0,"menu_order":0,"comment_status":"closed","ping_status":"closed","template":"","meta":{"footnotes":""},"class_list":["post-1059","page","type-page","status-publish","hentry"],"_links":{"self":[{"href":"https:\/\/cemel.es\/es_es\/wp-json\/wp\/v2\/pages\/1059","targetHints":{"allow":["GET"]}}],"collection":[{"href":"https:\/\/cemel.es\/es_es\/wp-json\/wp\/v2\/pages"}],"about":[{"href":"https:\/\/cemel.es\/es_es\/wp-json\/wp\/v2\/types\/page"}],"author":[{"embeddable":true,"href":"https:\/\/cemel.es\/es_es\/wp-json\/wp\/v2\/users\/1"}],"replies":[{"embeddable":true,"href":"https:\/\/cemel.es\/es_es\/wp-json\/wp\/v2\/comments?post=1059"}],"version-history":[{"count":2,"href":"https:\/\/cemel.es\/es_es\/wp-json\/wp\/v2\/pages\/1059\/revisions"}],"predecessor-version":[{"id":1061,"href":"https:\/\/cemel.es\/es_es\/wp-json\/wp\/v2\/pages\/1059\/revisions\/1061"}],"wp:attachment":[{"href":"https:\/\/cemel.es\/es_es\/wp-json\/wp\/v2\/media?parent=1059"}],"curies":[{"name":"wp","href":"https:\/\/api.w.org\/{rel}","templated":true}]}}