{"id":1056,"date":"2024-01-10T08:27:17","date_gmt":"2024-01-10T08:27:17","guid":{"rendered":"https:\/\/cemel.es\/?page_id=1056"},"modified":"2024-01-10T08:27:30","modified_gmt":"2024-01-10T08:27:30","slug":"aviso-legal","status":"publish","type":"page","link":"https:\/\/cemel.es\/es_es\/aviso-legal\/","title":{"rendered":"Aviso legal"},"content":{"rendered":"\n<h4 class=\"wp-block-heading\">Datos del propietario:<\/h4>\n\n\n\n<p>Conforme a lo establecido en la ley de Servicios de la Sociedad de la Informaci\u00f3n (LSSI), se informa a los usuarios de CliniCemel.com que estos son los datos del propietario de este sitio web:<\/p>\n\n\n\n<p>Nombre: Siridi\u00f3n Fleitas<br>Direcci\u00f3n: Av. Jos\u00e9 Mesa y L\u00f3pez, 54. 1\u00aa Planta, n\u00famero 103. \u2013 35010 \u2013 Las Palmas de Gran Canaria<br>NIF\/CIF\/NIE: 44309149V<br>Tel\u00e9fono de contacto: 928 079 569<br>E-mail de contacto: cemel@hotmail.com<br>El acceso al sitio web CliniCemel.com, propiedad de Siridi\u00f3n Fleitas y el uso de los servicios que en este sitio web se ofrecen, implica la aceptaci\u00f3n de los siguientes t\u00e9rminos y condiciones de uso:<\/p>\n\n\n\n<h4 class=\"wp-block-heading\">Propiedad Intelectual:<\/h4>\n\n\n\n<p>El dise\u00f1o, c\u00f3digo fuente y contenidos del sitio web CliniCemel.com est\u00e1n protegidos por la legislaci\u00f3n espa\u00f1ola en lo referente a los derechos de propiedad intelectual e industrial a favor de Siridi\u00f3n Fleitas, quedando prohibida su reproducci\u00f3n, distribuci\u00f3n o comunicaci\u00f3n p\u00fablica, total o parcial, sin la autorizaci\u00f3n expresa de Siridi\u00f3n Fleitas.<\/p>\n\n\n\n<h4 class=\"wp-block-heading\">Pol\u00edtica de Privacidad y Protecci\u00f3n de Datos (L.O.P.D.):<\/h4>\n\n\n\n<p>Siridi\u00f3n Fleitas informa a los usuarios del sitio web CliniCemel.com, que podr\u00e1 crear un archivo automatizado con los datos personales que sean puestos en su conocimiento, ya sea como consecuencia de la utilizaci\u00f3n de los servicios ofrecidos en CliniCemel.com, a causa de env\u00edos al correo electr\u00f3nico de contacto cemel@hotmail.com o por el uso de formularios de contacto o inscripci\u00f3n presentes en el sitio web. En todo caso, el almacenamiento, protecci\u00f3n y uso de dichos datos por parte de Siridi\u00f3n Fleitas ser\u00e1 conforme al estricto cumplimiento de lo preceptuado por la legislaci\u00f3n en materia de protecci\u00f3n de datos.<\/p>\n\n\n\n<p>En cumplimiento de lo dispuesto en la Ley Org\u00e1nica 15\/1999, de 13 de diciembre, de Protecci\u00f3n de Datos de Car\u00e1cter Personal, los usuarios podr\u00e1n ejercitar, en cualquier momento, los derechos de acceso, rectificaci\u00f3n, oposici\u00f3n y cancelaci\u00f3n de sus datos, que hubiesen sido recopilados y archivados. El ejercicio de estos derechos deber\u00e1 efectuarse mediante comunicaci\u00f3n escrita dirigida a Siridi\u00f3n Fleitas (Av. Jos\u00e9 Mesa y L\u00f3pez, 54. 1\u00aa Planta, n\u00famero 103. \u2013 35010 \u2013 Las Palmas de Gran Canaria) o a la direcci\u00f3n de correo electr\u00f3nico de contacto (cemel@hotmail.com) indicando en cualquiera de los casos, como referencia \u00abDATOS PERSONALES\u00bb y el referido derecho que pretendan accionar, adjuntando copia de su Documento Nacional de Identidad.<\/p>\n\n\n\n<h4 class=\"wp-block-heading\">Disponibilidad y actualizaciones:<\/h4>\n\n\n\n<p>Siridi\u00f3n Fleitas se reserva el derecho a interrumpir en cualquier momento y sin previo aviso el acceso al sitio web CliniCemel.com, as\u00ed como a modificar o eliminar la configuraci\u00f3n del sitio, los contenidos que en el se muestran o la prestaci\u00f3n de cualquiera o de todos los servicios que se prestan a trav\u00e9s del mismo, ya sea por motivos t\u00e9cnicos, de seguridad, de mantenimiento o por cualquier otra causa. Dicha interrupci\u00f3n, edici\u00f3n o eliminaci\u00f3n podr\u00e1 tener car\u00e1cter temporal o definitivo, sin que de ello se derive ninguna responsabilidad para Siridi\u00f3n Fleitas.<\/p>\n\n\n\n<h4 class=\"wp-block-heading\">Uso del sitio web, sus contenidos y servicios:<\/h4>\n\n\n\n<p>El acceso a los contenidos y servicios que se ofrecen en CliniCemel.com, y la utilizaci\u00f3n de los mismos por parte del Usuario, se lleva a cabo por su propia cuenta y riesgo.<\/p>\n\n\n\n<p>Siridi\u00f3n Fleitas no se responsabiliza de posibles da\u00f1os o perjuicios que pueda sufrir el usuario, ni de posibles problemas t\u00e9cnicos o fallos en los equipos inform\u00e1ticos del usuario, que se produzcan debido a:<\/p>\n\n\n\n<p>Un mal uso de los contenidos o servicios de CliniCemel.com por parte del usuario.<br>Errores, defectos u omisiones en la informaci\u00f3n facilitada cuando proceda de fuentes ajenas a Siridi\u00f3n Fleitas.<br>Intromisiones ileg\u00edtimas fuera del control de Siridi\u00f3n Fleitas por parte de terceras personas.<\/p>\n\n\n\n<h4 class=\"wp-block-heading\">Marcas:<\/h4>\n\n\n\n<p>En CliniCemel.com puede que se mencionen de forma indirecta y a nivel informativo algunos t\u00e9rminos y logotipos, que constituyen marcas registradas por sus respectivos propietarios, no haci\u00e9ndonos responsable de la utilizaci\u00f3n inadecuada que pudieran hacer terceras personas respecto a dichas marcas.<\/p>\n\n\n\n<h4 class=\"wp-block-heading\">Enlaces:<\/h4>\n\n\n\n<p>Siridi\u00f3n Fleitas no se hace responsable de aquellos otros datos, sitios web u archivos a los que sea posible acceder a trav\u00e9s de enlaces (links) disponibles entre los contenidos de CliniCemel.com, dado que dichas p\u00e1ginas o archivos objeto de enlace son responsabilidad de sus respectivos titulares. Siridi\u00f3n Fleitas, por tanto, ni aprueba, ni hace suyos los productos, servicios, contenidos, informaci\u00f3n, datos, archivos y cualquier clase de material existente en tales p\u00e1ginas web o archivos y no controla ni, de conformidad con lo dispuesto en la LSSICE, se hace responsable de la calidad, licitud, fiabilidad y utilidad de la informaci\u00f3n, contenidos, datos y servicios existentes en los sitios enlazados y que son ajenos a CliniCemel.com. En el caso de que un \u00f3rgano competente declare la ilicitud de los datos, ordenado su retirada o que se imposibilite el acceso a los mismos, o se hubiera declarado la existencia de la lesi\u00f3n, los enlaces que se indiquen ser\u00edan inmediatamente retirados, en cuanto as\u00ed se le notifique expresamente a Siridi\u00f3n Fleitas.<\/p>\n","protected":false},"excerpt":{"rendered":"<p>Datos del propietario: Conforme a lo establecido en la ley de Servicios de la Sociedad de la Informaci\u00f3n (LSSI), se informa a los usuarios de CliniCemel.com que estos son los datos del propietario de este sitio web: Nombre: Siridi\u00f3n FleitasDirecci\u00f3n: Av. Jos\u00e9 Mesa y L\u00f3pez, 54. 1\u00aa Planta, n\u00famero 103. \u2013 35010 \u2013 Las Palmas [&hellip;]<\/p>\n","protected":false},"author":1,"featured_media":0,"parent":0,"menu_order":0,"comment_status":"closed","ping_status":"closed","template":"","meta":{"footnotes":""},"class_list":["post-1056","page","type-page","status-publish","hentry"],"_links":{"self":[{"href":"https:\/\/cemel.es\/es_es\/wp-json\/wp\/v2\/pages\/1056","targetHints":{"allow":["GET"]}}],"collection":[{"href":"https:\/\/cemel.es\/es_es\/wp-json\/wp\/v2\/pages"}],"about":[{"href":"https:\/\/cemel.es\/es_es\/wp-json\/wp\/v2\/types\/page"}],"author":[{"embeddable":true,"href":"https:\/\/cemel.es\/es_es\/wp-json\/wp\/v2\/users\/1"}],"replies":[{"embeddable":true,"href":"https:\/\/cemel.es\/es_es\/wp-json\/wp\/v2\/comments?post=1056"}],"version-history":[{"count":2,"href":"https:\/\/cemel.es\/es_es\/wp-json\/wp\/v2\/pages\/1056\/revisions"}],"predecessor-version":[{"id":1058,"href":"https:\/\/cemel.es\/es_es\/wp-json\/wp\/v2\/pages\/1056\/revisions\/1058"}],"wp:attachment":[{"href":"https:\/\/cemel.es\/es_es\/wp-json\/wp\/v2\/media?parent=1056"}],"curies":[{"name":"wp","href":"https:\/\/api.w.org\/{rel}","templated":true}]}}