{"id":979,"date":"2024-01-09T07:52:14","date_gmt":"2024-01-09T07:52:14","guid":{"rendered":"https:\/\/cemel.es\/?page_id=979"},"modified":"2024-03-07T17:31:58","modified_gmt":"2024-03-07T17:31:58","slug":"dr-siridion-fleitas-lantigua","status":"publish","type":"page","link":"https:\/\/cemel.es\/en\/dr-siridion-fleitas-lantigua\/","title":{"rendered":"Dr. Siridi\u00f3n Fleitas Lantigua"},"content":{"rendered":"<div data-elementor-type=\"wp-page\" data-elementor-id=\"979\" class=\"elementor elementor-979\" data-elementor-post-type=\"page\">\n\t\t\t\t<div class=\"elementor-element elementor-element-af52ab8 e-flex e-con-boxed e-con e-parent\" data-id=\"af52ab8\" data-element_type=\"container\" data-e-type=\"container\">\n\t\t\t\t\t<div class=\"e-con-inner\">\n\t\t<div class=\"elementor-element elementor-element-6279df90 e-con-full e-flex elementor-invisible e-con e-child\" data-id=\"6279df90\" data-element_type=\"container\" data-e-type=\"container\" data-settings=\"{&quot;animation&quot;:&quot;fadeInDown&quot;}\">\n\t\t\t\t<div class=\"elementor-element elementor-element-622f4f18 elementor-widget elementor-widget-heading\" data-id=\"622f4f18\" data-element_type=\"widget\" data-e-type=\"widget\" data-widget_type=\"heading.default\">\n\t\t\t\t<div class=\"elementor-widget-container\">\n\t\t\t\t\t<h6 class=\"elementor-heading-title elementor-size-default\">Expert in Aesthetic Medicine and Surgery<\/h6>\t\t\t\t<\/div>\n\t\t\t\t<\/div>\n\t\t\t\t<div class=\"elementor-element elementor-element-44b7f9e2 elementor-widget elementor-widget-heading\" data-id=\"44b7f9e2\" data-element_type=\"widget\" data-e-type=\"widget\" data-widget_type=\"heading.default\">\n\t\t\t\t<div class=\"elementor-widget-container\">\n\t\t\t\t\t<h2 class=\"elementor-heading-title elementor-size-default\">Dr. Siridi\u00f3n Fleitas Lantigua<\/h2>\t\t\t\t<\/div>\n\t\t\t\t<\/div>\n\t\t\t\t<div class=\"elementor-element elementor-element-65be71f3 elementor-widget elementor-widget-text-editor\" data-id=\"65be71f3\" data-element_type=\"widget\" data-e-type=\"widget\" data-widget_type=\"text-editor.default\">\n\t\t\t\t<div class=\"elementor-widget-container\">\n\t\t\t\t\t\t\t\t\t<div class=\"elementor-element elementor-element-795679a elementor-widget elementor-widget-text-editor\" data-id=\"795679a\" data-element_type=\"widget\" data-widget_type=\"text-editor.default\"><div class=\"elementor-widget-container\"><p>Dr. Siridi\u00f3n Fleitas Lantigua is an outstanding member of the field of Medicine and Cosmetic Surgery. His trajectory and professionalism endorse him. In 2012 he opened his first clinic: CEMEL, on Avenida Jos\u00e9 Mesa y L\u00f3pez.<\/p><p>The doctor's vision was clear, he wanted to offer his patients an outstanding medical team and technology at the forefront of the market, where the quality and humane treatment of patients was unbeatable. This is why Dr. Siridi\u00f3n Fleitas is a pioneer in introducing techniques in surgery and aesthetic medicine from the USA and the UK, from where he imports innovative ideas of beauty trends, new treatments and cutting-edge techniques to his clinics in Las Palmas de Gran Canaria.<\/p><p>Due to his extensive knowledge, he has taught cosmetic surgery courses at Abudabi, where his talent and professionalism is highly admired. Dr. Siridi\u00f3n Fleitas Lantigua has been Head of Laser Dermatology and Aesthetic Medicine at Cl\u00ednicas San Roque 2006\/2012.<\/p><\/div><\/div>\t\t\t\t\t\t\t\t<\/div>\n\t\t\t\t<\/div>\n\t\t\t\t<div class=\"elementor-element elementor-element-93c297f elementor-widget elementor-widget-heading\" data-id=\"93c297f\" data-element_type=\"widget\" data-e-type=\"widget\" data-widget_type=\"heading.default\">\n\t\t\t\t<div class=\"elementor-widget-container\">\n\t\t\t\t\t<h6 class=\"elementor-heading-title elementor-size-default\">Curriculum vitae<\/h6>\t\t\t\t<\/div>\n\t\t\t\t<\/div>\n\t\t\t\t<div class=\"elementor-element elementor-element-41fefc3 elementor-widget elementor-widget-text-editor\" data-id=\"41fefc3\" data-element_type=\"widget\" data-e-type=\"widget\" data-widget_type=\"text-editor.default\">\n\t\t\t\t<div class=\"elementor-widget-container\">\n\t\t\t\t\t\t\t\t\t<ul><li>Degree in Medicine and Surgery, University of Las Palmas de Gran Canaria (Spain)<\/li><li>Doctor of Medicine (Cum Laude), University of Las Palmas de Gran Canaria (Spain).<\/li><li>Master's Degree in Nutrition. Department of Preventive Medicine, University of Las Palmas de Gran Canaria (Spain).<\/li><li>Speciality in Medical Hydrology.<\/li><li>Master in Aesthetic Medicine, University of Cordoba (Spain).<\/li><li>Diploma of Competence in Medical Surgical Laser. Barcelona College of Physicians (Spain).<\/li><li>University Specialist in Tropical Dermatology, University of Elche, Fondillos and Alfredo da Matta Hospital, Manaus-Amazonas (Brazil).<\/li><li>Diploma in Clinical Bases in Cosmetic Medicine and Surgery: Surgery Module.<\/li><li>Facial and Body Cosmetic Surgery Module of the Diploma in Clinical Bases in Cosmetic Medicine and Surgery. Autonomous University of Barcelona- Spain.<\/li><li>Master in Phlebology and Lymphology, University of Alcal\u00e1 de Henares and Hospital Ruber Internacional (Madrid, Spain).<\/li><li>Master in Cosmetic Surgery, Universidad Rey Juan Carlos (Madrid, Spain).<\/li><li>Specialisation in Aesthetic and Functional Gynaecology and Cosmetic Genital Surgery of Women. University of Barcelona, Spain.<\/li><li>Medical Director of the Centro M\u00e9dico Est\u00e9tico y L\u00e1ser - CEMEL since 2012. Las Palmas, G\u00e1ldar and Maspalomas.<\/li><li>Medical Director of the Dermatology and Laser Centre - Cl\u00ednica San Roque, 2006-2012.<\/li><li>Co-director of Forma-Medic (www.forma-medic.com)<\/li><li>Lecturer on the Master's Degree in Aesthetic Medicine at the University of Valencia.<\/li><\/ul>\t\t\t\t\t\t\t\t<\/div>\n\t\t\t\t<\/div>\n\t\t\t\t<\/div>\n\t\t<div class=\"elementor-element elementor-element-3fa89ff6 e-con-full e-flex e-con e-child\" data-id=\"3fa89ff6\" data-element_type=\"container\" data-e-type=\"container\" data-settings=\"{&quot;background_background&quot;:&quot;classic&quot;}\">\n\t\t\t\t<div class=\"elementor-element elementor-element-60132ee elementor-widget elementor-widget-image\" data-id=\"60132ee\" data-element_type=\"widget\" data-e-type=\"widget\" data-widget_type=\"image.default\">\n\t\t\t\t<div class=\"elementor-widget-container\">\n\t\t\t\t\t\t\t\t\t\t\t\t\t\t\t<img fetchpriority=\"high\" decoding=\"async\" width=\"513\" height=\"880\" src=\"https:\/\/cemel.es\/wp-content\/uploads\/2024\/01\/CV-e1705750850278.jpeg\" class=\"attachment-large size-large wp-image-1346\" alt=\"\" srcset=\"https:\/\/cemel.es\/wp-content\/uploads\/2024\/01\/CV-e1705750850278.jpeg 513w, https:\/\/cemel.es\/wp-content\/uploads\/2024\/01\/CV-e1705750850278-175x300.jpeg 175w, https:\/\/cemel.es\/wp-content\/uploads\/2024\/01\/CV-e1705750850278-7x12.jpeg 7w\" sizes=\"(max-width: 513px) 100vw, 513px\" \/>\t\t\t\t\t\t\t\t\t\t\t\t\t\t\t<\/div>\n\t\t\t\t<\/div>\n\t\t\t\t<\/div>\n\t\t\t\t\t<\/div>\n\t\t\t\t<\/div>\n\t\t\t\t<\/div>","protected":false},"excerpt":{"rendered":"<p>Experto en Medicina y Cirug\u00eda Est\u00e9tica Dr. Siridi\u00f3n Fleitas Lantigua El doctor Siridi\u00f3n Fleitas Lantigua es un miembro destacado dentro del campo de la Medicina y de la Cirug\u00eda Est\u00e9tica. Su trayectoria y profesionalidad lo avalan. En 2012 di\u00f3 lugar a la apertura de su primera cl\u00ednica: CEMEL, en la Avenida Jos\u00e9 Mesa y L\u00f3pez. [&hellip;]<\/p>\n","protected":false},"author":1,"featured_media":0,"parent":0,"menu_order":0,"comment_status":"closed","ping_status":"closed","template":"","meta":{"footnotes":""},"class_list":["post-979","page","type-page","status-publish","hentry"],"_links":{"self":[{"href":"https:\/\/cemel.es\/en\/wp-json\/wp\/v2\/pages\/979","targetHints":{"allow":["GET"]}}],"collection":[{"href":"https:\/\/cemel.es\/en\/wp-json\/wp\/v2\/pages"}],"about":[{"href":"https:\/\/cemel.es\/en\/wp-json\/wp\/v2\/types\/page"}],"author":[{"embeddable":true,"href":"https:\/\/cemel.es\/en\/wp-json\/wp\/v2\/users\/1"}],"replies":[{"embeddable":true,"href":"https:\/\/cemel.es\/en\/wp-json\/wp\/v2\/comments?post=979"}],"version-history":[{"count":31,"href":"https:\/\/cemel.es\/en\/wp-json\/wp\/v2\/pages\/979\/revisions"}],"predecessor-version":[{"id":2233,"href":"https:\/\/cemel.es\/en\/wp-json\/wp\/v2\/pages\/979\/revisions\/2233"}],"wp:attachment":[{"href":"https:\/\/cemel.es\/en\/wp-json\/wp\/v2\/media?parent=979"}],"curies":[{"name":"wp","href":"https:\/\/api.w.org\/{rel}","templated":true}]}}