{"id":1989,"date":"2024-03-04T13:36:52","date_gmt":"2024-03-04T13:36:52","guid":{"rendered":"https:\/\/cemel.es\/?page_id=1989"},"modified":"2024-03-05T11:57:07","modified_gmt":"2024-03-05T11:57:07","slug":"aparotologia","status":"publish","type":"page","link":"https:\/\/cemel.es\/en\/tratamientos-esteticos\/aparotologia\/","title":{"rendered":"Apparatology"},"content":{"rendered":"<div data-elementor-type=\"wp-page\" data-elementor-id=\"1989\" class=\"elementor elementor-1989\" data-elementor-post-type=\"page\">\n\t\t\t\t<div class=\"elementor-element elementor-element-4ecd1b7f e-flex e-con-boxed e-con e-parent\" data-id=\"4ecd1b7f\" data-element_type=\"container\" data-e-type=\"container\">\n\t\t\t\t\t<div class=\"e-con-inner\">\n\t\t<div class=\"elementor-element elementor-element-6032f656 e-con-full e-flex e-con e-child\" data-id=\"6032f656\" data-element_type=\"container\" data-e-type=\"container\">\n\t\t\t\t<div class=\"elementor-element elementor-element-a2478a4 elementor-invisible elementor-widget elementor-widget-heading\" data-id=\"a2478a4\" data-element_type=\"widget\" data-e-type=\"widget\" data-settings=\"{&quot;_animation&quot;:&quot;fadeInLeft&quot;}\" data-widget_type=\"heading.default\">\n\t\t\t\t<div class=\"elementor-widget-container\">\n\t\t\t\t\t<h1 class=\"elementor-heading-title elementor-size-default\">Apparatology<\/h1>\t\t\t\t<\/div>\n\t\t\t\t<\/div>\n\t\t\t\t<div class=\"elementor-element elementor-element-2b524112 elementor-widget elementor-widget-text-editor\" data-id=\"2b524112\" data-element_type=\"widget\" data-e-type=\"widget\" data-widget_type=\"text-editor.default\">\n\t\t\t\t<div class=\"elementor-widget-container\">\n\t\t\t\t\t\t\t\t\t<ol><li>Fractionated CO2 laser: warts, cysts, moles, keratosis, atrophic scars, urinary incontinence, wide vagina syndrome.<\/li><li>Q-switched Neodymium Yag laser: blue, black, red spots and tattoos, etc.<\/li><li>Q-switched Alexandrite laser: green spots and tattoos.<\/li><li>Pulsed Dye Laser: angiomas, couperose, rosacea and red scars.<\/li><li>Neodymium Yag laser: varicose veins, photoepilation phototypes IV-VI.<\/li><li>Diode and Alexandrite laser: photoepilation phototypes I-III.<\/li><li>Endolaser: laser lipolysis.<\/li><li>Cavitation: lipolysis<\/li><li>Fractional radiofrequency: scars and flaccidity.<\/li><li>Venus and Accent radiofrequency: flaccidity.<\/li><li>HIFU: flaccidity.<\/li><li>Velasmooth: cellulite.<\/li><li>Pressotherapy: cellulite.<\/li><li>Carboxytherapy: cellulite and scars<\/li><li>Echo-Doppler: ultrasound and venous echo-Doppler.<\/li><li>Photodynamic therapy: acne.<\/li><li>Intense pulsed light: photo-rejuvenation.<\/li><li>Centrifuge: platelet-rich plasma and lipofilling.<\/li><li>TENs: muscle electrostimulation.<\/li><li>Ozone therapy: antioxidant.<\/li><li>Electroporator: virtual mesotherapy<\/li><li>Micropigmentandor: micropigmentation<\/li><\/ol>\t\t\t\t\t\t\t\t<\/div>\n\t\t\t\t<\/div>\n\t\t\t\t<\/div>\n\t\t<div class=\"elementor-element elementor-element-0a5c125 e-con-full e-flex e-con e-child\" data-id=\"0a5c125\" data-element_type=\"container\" data-e-type=\"container\">\n\t\t\t\t<div class=\"elementor-element elementor-element-4209d2d elementor-widget elementor-widget-image-carousel\" data-id=\"4209d2d\" data-element_type=\"widget\" data-e-type=\"widget\" data-settings=\"{&quot;slides_to_show&quot;:&quot;1&quot;,&quot;navigation&quot;:&quot;none&quot;,&quot;autoplay&quot;:&quot;yes&quot;,&quot;pause_on_hover&quot;:&quot;yes&quot;,&quot;pause_on_interaction&quot;:&quot;yes&quot;,&quot;autoplay_speed&quot;:5000,&quot;infinite&quot;:&quot;yes&quot;,&quot;effect&quot;:&quot;slide&quot;,&quot;speed&quot;:500}\" data-widget_type=\"image-carousel.default\">\n\t\t\t\t<div class=\"elementor-widget-container\">\n\t\t\t\t\t\t\t<div class=\"elementor-image-carousel-wrapper swiper\" role=\"region\" aria-roledescription=\"carousel\" aria-label=\"Image Carousel\" dir=\"ltr\">\n\t\t\t<div class=\"elementor-image-carousel swiper-wrapper\" aria-live=\"off\">\n\t\t\t\t\t\t\t\t<div class=\"swiper-slide\" role=\"group\" aria-roledescription=\"slide\" aria-label=\"1 of 1\" data-no-translation-aria-label=\"\"><figure class=\"swiper-slide-inner\"><img decoding=\"async\" class=\"swiper-slide-image\" src=\"https:\/\/cemel.es\/wp-content\/uploads\/2024\/03\/descarga-12.jpeg\" alt=\"descarga (12)\" \/><\/figure><\/div>\t\t\t<\/div>\n\t\t\t\t\t<\/div>\n\t\t\t\t\t\t<\/div>\n\t\t\t\t<\/div>\n\t\t\t\t<div class=\"elementor-element elementor-element-335a147 elementor-widget elementor-widget-image\" data-id=\"335a147\" data-element_type=\"widget\" data-e-type=\"widget\" data-widget_type=\"image.default\">\n\t\t\t\t<div class=\"elementor-widget-container\">\n\t\t\t\t\t\t\t\t\t\t\t\t\t\t\t<img fetchpriority=\"high\" decoding=\"async\" width=\"300\" height=\"300\" src=\"https:\/\/cemel.es\/wp-content\/uploads\/2024\/03\/28-Velasmooth-300x300-1.jpeg\" class=\"attachment-large size-large wp-image-2183\" alt=\"\" srcset=\"https:\/\/cemel.es\/wp-content\/uploads\/2024\/03\/28-Velasmooth-300x300-1.jpeg 300w, https:\/\/cemel.es\/wp-content\/uploads\/2024\/03\/28-Velasmooth-300x300-1-150x150.jpeg 150w, https:\/\/cemel.es\/wp-content\/uploads\/2024\/03\/28-Velasmooth-300x300-1-12x12.jpeg 12w\" sizes=\"(max-width: 300px) 100vw, 300px\" \/>\t\t\t\t\t\t\t\t\t\t\t\t\t\t\t<\/div>\n\t\t\t\t<\/div>\n\t\t\t\t<\/div>\n\t\t\t\t\t<\/div>\n\t\t\t\t<\/div>\n\t\t\t\t<\/div>","protected":false},"excerpt":{"rendered":"<p>Aparatolog\u00eda L\u00e1ser de CO2 fraccionado: verrugas, quistes, lunares, queratosis, cicatrices atr\u00f3ficas, incontinencia de orina, s\u00edndrome de vagina amplia. L\u00e1ser Q-switch de Neodimio Yag: manchas y tatuajes azules, negros, rojos, etc. L\u00e1ser Q-switch de Alejandrita: manchas y tatuajes verdes. L\u00e1ser de Colorante Pulsado: angiomas, cuperosis, ros\u00e1cea y cicatrices rojas. L\u00e1ser de Neodimio Yag: varices, fotodepilaci\u00f3n fototipos [&hellip;]<\/p>\n","protected":false},"author":2,"featured_media":0,"parent":929,"menu_order":0,"comment_status":"closed","ping_status":"closed","template":"","meta":{"footnotes":""},"class_list":["post-1989","page","type-page","status-publish","hentry"],"_links":{"self":[{"href":"https:\/\/cemel.es\/en\/wp-json\/wp\/v2\/pages\/1989","targetHints":{"allow":["GET"]}}],"collection":[{"href":"https:\/\/cemel.es\/en\/wp-json\/wp\/v2\/pages"}],"about":[{"href":"https:\/\/cemel.es\/en\/wp-json\/wp\/v2\/types\/page"}],"author":[{"embeddable":true,"href":"https:\/\/cemel.es\/en\/wp-json\/wp\/v2\/users\/2"}],"replies":[{"embeddable":true,"href":"https:\/\/cemel.es\/en\/wp-json\/wp\/v2\/comments?post=1989"}],"version-history":[{"count":7,"href":"https:\/\/cemel.es\/en\/wp-json\/wp\/v2\/pages\/1989\/revisions"}],"predecessor-version":[{"id":2186,"href":"https:\/\/cemel.es\/en\/wp-json\/wp\/v2\/pages\/1989\/revisions\/2186"}],"up":[{"embeddable":true,"href":"https:\/\/cemel.es\/en\/wp-json\/wp\/v2\/pages\/929"}],"wp:attachment":[{"href":"https:\/\/cemel.es\/en\/wp-json\/wp\/v2\/media?parent=1989"}],"curies":[{"name":"wp","href":"https:\/\/api.w.org\/{rel}","templated":true}]}}