{"id":1329,"date":"2024-01-18T08:16:49","date_gmt":"2024-01-18T08:16:49","guid":{"rendered":"https:\/\/cemel.es\/?page_id=1329"},"modified":"2024-01-25T09:00:09","modified_gmt":"2024-01-25T09:00:09","slug":"drenaje-linfatico","status":"publish","type":"page","link":"https:\/\/cemel.es\/en\/tratamientos-esteticos\/drenaje-linfatico\/","title":{"rendered":"Drenaje Linf\u00e1tico"},"content":{"rendered":"<div data-elementor-type=\"wp-page\" data-elementor-id=\"1329\" class=\"elementor elementor-1329\" data-elementor-post-type=\"page\">\n\t\t\t\t<div class=\"elementor-element elementor-element-4ecd1b7f e-flex e-con-boxed e-con e-parent\" data-id=\"4ecd1b7f\" data-element_type=\"container\" data-e-type=\"container\">\n\t\t\t\t\t<div class=\"e-con-inner\">\n\t\t<div class=\"elementor-element elementor-element-6032f656 e-con-full e-flex e-con e-child\" data-id=\"6032f656\" data-element_type=\"container\" data-e-type=\"container\">\n\t\t\t\t<div class=\"elementor-element elementor-element-3acf208 elementor-invisible elementor-widget elementor-widget-heading\" data-id=\"3acf208\" data-element_type=\"widget\" data-e-type=\"widget\" data-settings=\"{&quot;_animation&quot;:&quot;fadeInLeft&quot;}\" data-widget_type=\"heading.default\">\n\t\t\t\t<div class=\"elementor-widget-container\">\n\t\t\t\t\t<h1 class=\"elementor-heading-title elementor-size-default\">Lymphatic Drainage and Pressotherapy<\/h1>\t\t\t\t<\/div>\n\t\t\t\t<\/div>\n\t\t\t\t<div class=\"elementor-element elementor-element-a6df641 elementor-widget elementor-widget-text-editor\" data-id=\"a6df641\" data-element_type=\"widget\" data-e-type=\"widget\" data-widget_type=\"text-editor.default\">\n\t\t\t\t<div class=\"elementor-widget-container\">\n\t\t\t\t\t\t\t\t\tLymphatic Drainage, applied through Compressive Therapy or Pressure Therapy, is a medical-aesthetic procedure whose main characteristic is to perform lymphatic drainage through the use of air pressure in different parts of our body. By stimulating the lymph we manage to eliminate liquids, toxins and fats in the body.\t\t\t\t\t\t\t\t<\/div>\n\t\t\t\t<\/div>\n\t\t\t\t<\/div>\n\t\t<div class=\"elementor-element elementor-element-0a5c125 e-con-full e-flex e-con e-child\" data-id=\"0a5c125\" data-element_type=\"container\" data-e-type=\"container\">\n\t\t\t\t<div class=\"elementor-element elementor-element-4209d2d elementor-widget elementor-widget-image-carousel\" data-id=\"4209d2d\" data-element_type=\"widget\" data-e-type=\"widget\" data-settings=\"{&quot;slides_to_show&quot;:&quot;1&quot;,&quot;navigation&quot;:&quot;none&quot;,&quot;autoplay&quot;:&quot;yes&quot;,&quot;pause_on_hover&quot;:&quot;yes&quot;,&quot;pause_on_interaction&quot;:&quot;yes&quot;,&quot;autoplay_speed&quot;:5000,&quot;infinite&quot;:&quot;yes&quot;,&quot;effect&quot;:&quot;slide&quot;,&quot;speed&quot;:500}\" data-widget_type=\"image-carousel.default\">\n\t\t\t\t<div class=\"elementor-widget-container\">\n\t\t\t\t\t\t\t<div class=\"elementor-image-carousel-wrapper swiper\" role=\"region\" aria-roledescription=\"carousel\" aria-label=\"Carosello d&#039;immagini\" dir=\"ltr\" data-no-translation-aria-label=\"\">\n\t\t\t<div class=\"elementor-image-carousel swiper-wrapper\" aria-live=\"off\">\n\t\t\t\t\t\t\t\t<div class=\"swiper-slide\" role=\"group\" aria-roledescription=\"slide\" aria-label=\"1 di 1\" data-no-translation-aria-label=\"\"><figure class=\"swiper-slide-inner\"><img decoding=\"async\" class=\"swiper-slide-image\" src=\"https:\/\/cemel.es\/wp-content\/uploads\/2024\/01\/hermosa-joven-disfruta-masaje.jpg\" alt=\"hermosa-joven-disfruta-masaje\" \/><\/figure><\/div>\t\t\t<\/div>\n\t\t\t\t\t<\/div>\n\t\t\t\t\t\t<\/div>\n\t\t\t\t<\/div>\n\t\t\t\t<\/div>\n\t\t\t\t\t<\/div>\n\t\t\t\t<\/div>\n\t\t\t\t<\/div>","protected":false},"excerpt":{"rendered":"<p>Drenaje Linf\u00e1tico y Presoterapia El Drenaje Linf\u00e1tico, aplicado a trav\u00e9s de Terapia Compresiva o Presoterapia, es un procedimiento m\u00e9dico-est\u00e9tico cuya principal caracter\u00edstica es realizar el drenaje linf\u00e1tico mediante el uso de presi\u00f3n de aire en diferentes partes de nuestro cuerpo. Estimulando la Linfa logramos eliminar los l\u00edquidos, toxinas y grasas en el organismo.<\/p>","protected":false},"author":1,"featured_media":0,"parent":929,"menu_order":0,"comment_status":"closed","ping_status":"closed","template":"","meta":{"footnotes":""},"class_list":["post-1329","page","type-page","status-publish","hentry"],"_links":{"self":[{"href":"https:\/\/cemel.es\/en\/wp-json\/wp\/v2\/pages\/1329","targetHints":{"allow":["GET"]}}],"collection":[{"href":"https:\/\/cemel.es\/en\/wp-json\/wp\/v2\/pages"}],"about":[{"href":"https:\/\/cemel.es\/en\/wp-json\/wp\/v2\/types\/page"}],"author":[{"embeddable":true,"href":"https:\/\/cemel.es\/en\/wp-json\/wp\/v2\/users\/1"}],"replies":[{"embeddable":true,"href":"https:\/\/cemel.es\/en\/wp-json\/wp\/v2\/comments?post=1329"}],"version-history":[{"count":7,"href":"https:\/\/cemel.es\/en\/wp-json\/wp\/v2\/pages\/1329\/revisions"}],"predecessor-version":[{"id":1522,"href":"https:\/\/cemel.es\/en\/wp-json\/wp\/v2\/pages\/1329\/revisions\/1522"}],"up":[{"embeddable":true,"href":"https:\/\/cemel.es\/en\/wp-json\/wp\/v2\/pages\/929"}],"wp:attachment":[{"href":"https:\/\/cemel.es\/en\/wp-json\/wp\/v2\/media?parent=1329"}],"curies":[{"name":"wp","href":"https:\/\/api.w.org\/{rel}","templated":true}]}}