{"id":979,"date":"2024-01-09T07:52:14","date_gmt":"2024-01-09T07:52:14","guid":{"rendered":"https:\/\/cemel.es\/?page_id=979"},"modified":"2024-03-07T17:31:58","modified_gmt":"2024-03-07T17:31:58","slug":"dr-siridion-fleitas-lantigua","status":"publish","type":"page","link":"https:\/\/cemel.es\/de\/dr-siridion-fleitas-lantigua\/","title":{"rendered":"Dr. Siridi\u00f3n Fleitas Lantigua"},"content":{"rendered":"<div data-elementor-type=\"wp-page\" data-elementor-id=\"979\" class=\"elementor elementor-979\" data-elementor-post-type=\"page\">\n\t\t\t\t<div class=\"elementor-element elementor-element-af52ab8 e-flex e-con-boxed e-con e-parent\" data-id=\"af52ab8\" data-element_type=\"container\" data-e-type=\"container\">\n\t\t\t\t\t<div class=\"e-con-inner\">\n\t\t<div class=\"elementor-element elementor-element-6279df90 e-con-full e-flex elementor-invisible e-con e-child\" data-id=\"6279df90\" data-element_type=\"container\" data-e-type=\"container\" data-settings=\"{&quot;animation&quot;:&quot;fadeInDown&quot;}\">\n\t\t\t\t<div class=\"elementor-element elementor-element-622f4f18 elementor-widget elementor-widget-heading\" data-id=\"622f4f18\" data-element_type=\"widget\" data-e-type=\"widget\" data-widget_type=\"heading.default\">\n\t\t\t\t<div class=\"elementor-widget-container\">\n\t\t\t\t\t<h6 class=\"elementor-heading-title elementor-size-default\">Experte f\u00fcr \u00c4sthetische Medizin und Chirurgie<\/h6>\t\t\t\t<\/div>\n\t\t\t\t<\/div>\n\t\t\t\t<div class=\"elementor-element elementor-element-44b7f9e2 elementor-widget elementor-widget-heading\" data-id=\"44b7f9e2\" data-element_type=\"widget\" data-e-type=\"widget\" data-widget_type=\"heading.default\">\n\t\t\t\t<div class=\"elementor-widget-container\">\n\t\t\t\t\t<h2 class=\"elementor-heading-title elementor-size-default\">Dr. Siridi\u00f3n Fleitas Lantigua<\/h2>\t\t\t\t<\/div>\n\t\t\t\t<\/div>\n\t\t\t\t<div class=\"elementor-element elementor-element-65be71f3 elementor-widget elementor-widget-text-editor\" data-id=\"65be71f3\" data-element_type=\"widget\" data-e-type=\"widget\" data-widget_type=\"text-editor.default\">\n\t\t\t\t<div class=\"elementor-widget-container\">\n\t\t\t\t\t\t\t\t\t<div class=\"elementor-element elementor-element-795679a elementor-widget elementor-widget-text-editor\" data-id=\"795679a\" data-element_type=\"widget\" data-widget_type=\"text-editor.default\"><div class=\"elementor-widget-container\"><p>Dr. Siridi\u00f3n Fleitas Lantigua ist ein herausragendes Mitglied im Bereich der Medizin und der kosmetischen Chirurgie. Sein Werdegang und seine Professionalit\u00e4t sprechen f\u00fcr ihn. Im Jahr 2012 er\u00f6ffnete er seine erste Klinik: CEMEL, in der Avenida Jos\u00e9 Mesa y L\u00f3pez.<\/p><p>Die Vision des Arztes war klar: Er wollte seinen Patienten ein herausragendes medizinisches Team und eine Technologie an der Spitze des Marktes bieten, bei der die Qualit\u00e4t und die humane Behandlung der Patienten unschlagbar sind. Deshalb ist Dr. Siridi\u00f3n Fleitas ein Pionier bei der Einf\u00fchrung von Techniken in der Chirurgie und \u00e4sthetischen Medizin aus den USA und dem Vereinigten K\u00f6nigreich, von wo er innovative Ideen von Sch\u00f6nheitstrends, neue Behandlungen und modernste Techniken in seine Kliniken in Las Palmas de Gran Canaria importiert.<\/p><p>Aufgrund seiner umfassenden Kenntnisse hat er Kurse f\u00fcr kosmetische Chirurgie bei Abudabi gegeben, wo sein Talent und seine Professionalit\u00e4t sehr bewundert werden. Dr. Siridi\u00f3n Fleitas Lantigua ist seit 2006\/2012 Leiter der Laserdermatologie und \u00e4sthetischen Medizin bei Cl\u00ednicas San Roque.<\/p><\/div><\/div>\t\t\t\t\t\t\t\t<\/div>\n\t\t\t\t<\/div>\n\t\t\t\t<div class=\"elementor-element elementor-element-93c297f elementor-widget elementor-widget-heading\" data-id=\"93c297f\" data-element_type=\"widget\" data-e-type=\"widget\" data-widget_type=\"heading.default\">\n\t\t\t\t<div class=\"elementor-widget-container\">\n\t\t\t\t\t<h6 class=\"elementor-heading-title elementor-size-default\">Lebenslauf<\/h6>\t\t\t\t<\/div>\n\t\t\t\t<\/div>\n\t\t\t\t<div class=\"elementor-element elementor-element-41fefc3 elementor-widget elementor-widget-text-editor\" data-id=\"41fefc3\" data-element_type=\"widget\" data-e-type=\"widget\" data-widget_type=\"text-editor.default\">\n\t\t\t\t<div class=\"elementor-widget-container\">\n\t\t\t\t\t\t\t\t\t<ul><li>Abschluss in Medizin und Chirurgie, Universit\u00e4t von Las Palmas de Gran Canaria (Spanien)<\/li><li>Doktor der Medizin (Cum Laude), Universit\u00e4t von Las Palmas de Gran Canaria (Spanien).<\/li><li>Master-Abschluss in Ern\u00e4hrung. Abteilung f\u00fcr Pr\u00e4ventivmedizin, Universit\u00e4t Las Palmas de Gran Canaria (Spanien).<\/li><li>Spezialisierung auf medizinische Hydrologie.<\/li><li>Master in \u00c4sthetischer Medizin, Universit\u00e4t Cordoba (Spanien).<\/li><li>Kompetenzdiplom f\u00fcr medizinisch-chirurgische Laser. \u00c4rztliche Hochschule Barcelona (Spanien).<\/li><li>Universit\u00e4tsfacharzt f\u00fcr tropische Dermatologie, Universit\u00e4t Elche, Fondillos und Alfredo da Matta Hospital, Manaus-Amazonas (Brasilien).<\/li><li>Diplom in klinischen Grundlagen der kosmetischen Medizin und Chirurgie: Modul Chirurgie.<\/li><li>Modul f\u00fcr kosmetische Gesichts- und K\u00f6rperchirurgie im Rahmen des Diploms f\u00fcr klinische Grundlagen der kosmetischen Medizin und Chirurgie. Autonome Universit\u00e4t von Barcelona - Spanien.<\/li><li>Master in Phlebologie und Lymphologie, Universit\u00e4t von Alcal\u00e1 de Henares und Hospital Ruber Internacional (Madrid, Spanien).<\/li><li>Master in kosmetischer Chirurgie, Universidad Rey Juan Carlos (Madrid, Spanien).<\/li><li>Spezialisierung in \u00e4sthetischer und funktioneller Gyn\u00e4kologie und kosmetischer Genitalchirurgie der Frau. Universit\u00e4t von Barcelona, Spanien.<\/li><li>Medizinischer Direktor des Centro M\u00e9dico Est\u00e9tico y L\u00e1ser - CEMEL seit 2012. Las Palmas, G\u00e1ldar und Maspalomas.<\/li><li>Medizinischer Leiter des Zentrums f\u00fcr Dermatologie und Lasertherapie - Cl\u00ednica San Roque, 2006-2012.<\/li><li>Ko-Direktorin von Forma-Medic (www.forma-medic.com)<\/li><li>Dozentin f\u00fcr den Masterstudiengang \u00c4sthetische Medizin an der Universit\u00e4t Valencia.<\/li><\/ul>\t\t\t\t\t\t\t\t<\/div>\n\t\t\t\t<\/div>\n\t\t\t\t<\/div>\n\t\t<div class=\"elementor-element elementor-element-3fa89ff6 e-con-full e-flex e-con e-child\" data-id=\"3fa89ff6\" data-element_type=\"container\" data-e-type=\"container\" data-settings=\"{&quot;background_background&quot;:&quot;classic&quot;}\">\n\t\t\t\t<div class=\"elementor-element elementor-element-60132ee elementor-widget elementor-widget-image\" data-id=\"60132ee\" data-element_type=\"widget\" data-e-type=\"widget\" data-widget_type=\"image.default\">\n\t\t\t\t<div class=\"elementor-widget-container\">\n\t\t\t\t\t\t\t\t\t\t\t\t\t\t\t<img fetchpriority=\"high\" decoding=\"async\" width=\"513\" height=\"880\" src=\"https:\/\/cemel.es\/wp-content\/uploads\/2024\/01\/CV-e1705750850278.jpeg\" class=\"attachment-large size-large wp-image-1346\" alt=\"\" srcset=\"https:\/\/cemel.es\/wp-content\/uploads\/2024\/01\/CV-e1705750850278.jpeg 513w, https:\/\/cemel.es\/wp-content\/uploads\/2024\/01\/CV-e1705750850278-175x300.jpeg 175w, https:\/\/cemel.es\/wp-content\/uploads\/2024\/01\/CV-e1705750850278-7x12.jpeg 7w\" sizes=\"(max-width: 513px) 100vw, 513px\" \/>\t\t\t\t\t\t\t\t\t\t\t\t\t\t\t<\/div>\n\t\t\t\t<\/div>\n\t\t\t\t<\/div>\n\t\t\t\t\t<\/div>\n\t\t\t\t<\/div>\n\t\t\t\t<\/div>","protected":false},"excerpt":{"rendered":"<p>Experto en Medicina y Cirug\u00eda Est\u00e9tica Dr. Siridi\u00f3n Fleitas Lantigua El doctor Siridi\u00f3n Fleitas Lantigua es un miembro destacado dentro del campo de la Medicina y de la Cirug\u00eda Est\u00e9tica. Su trayectoria y profesionalidad lo avalan. En 2012 di\u00f3 lugar a la apertura de su primera cl\u00ednica: CEMEL, en la Avenida Jos\u00e9 Mesa y L\u00f3pez. [&hellip;]<\/p>\n","protected":false},"author":1,"featured_media":0,"parent":0,"menu_order":0,"comment_status":"closed","ping_status":"closed","template":"","meta":{"footnotes":""},"class_list":["post-979","page","type-page","status-publish","hentry"],"_links":{"self":[{"href":"https:\/\/cemel.es\/de\/wp-json\/wp\/v2\/pages\/979","targetHints":{"allow":["GET"]}}],"collection":[{"href":"https:\/\/cemel.es\/de\/wp-json\/wp\/v2\/pages"}],"about":[{"href":"https:\/\/cemel.es\/de\/wp-json\/wp\/v2\/types\/page"}],"author":[{"embeddable":true,"href":"https:\/\/cemel.es\/de\/wp-json\/wp\/v2\/users\/1"}],"replies":[{"embeddable":true,"href":"https:\/\/cemel.es\/de\/wp-json\/wp\/v2\/comments?post=979"}],"version-history":[{"count":31,"href":"https:\/\/cemel.es\/de\/wp-json\/wp\/v2\/pages\/979\/revisions"}],"predecessor-version":[{"id":2233,"href":"https:\/\/cemel.es\/de\/wp-json\/wp\/v2\/pages\/979\/revisions\/2233"}],"wp:attachment":[{"href":"https:\/\/cemel.es\/de\/wp-json\/wp\/v2\/media?parent=979"}],"curies":[{"name":"wp","href":"https:\/\/api.w.org\/{rel}","templated":true}]}}