{"id":2448,"date":"2024-09-20T08:45:41","date_gmt":"2024-09-20T08:45:41","guid":{"rendered":"https:\/\/cemel.es\/?page_id=2448"},"modified":"2024-09-20T09:46:49","modified_gmt":"2024-09-20T09:46:49","slug":"cursos-rotation-one-to-one-de-medicina-estetica","status":"publish","type":"page","link":"https:\/\/cemel.es\/de\/cursos-rotation-one-to-one-de-medicina-estetica\/","title":{"rendered":"Rotation Eins zu Eins"},"content":{"rendered":"<div data-elementor-type=\"wp-page\" data-elementor-id=\"2448\" class=\"elementor elementor-2448\" data-elementor-post-type=\"page\">\n\t\t\t\t<div class=\"elementor-element elementor-element-8360675 e-flex e-con-boxed e-con e-parent\" data-id=\"8360675\" data-element_type=\"container\" data-e-type=\"container\">\n\t\t\t\t\t<div class=\"e-con-inner\">\n\t\t<div class=\"elementor-element elementor-element-6f83ab9 e-flex e-con-boxed e-con e-child\" data-id=\"6f83ab9\" data-element_type=\"container\" data-e-type=\"container\">\n\t\t\t\t\t<div class=\"e-con-inner\">\n\t\t\t\t<div class=\"elementor-element elementor-element-96334a8 elementor-widget elementor-widget-heading\" data-id=\"96334a8\" data-element_type=\"widget\" data-e-type=\"widget\" data-widget_type=\"heading.default\">\n\t\t\t\t<div class=\"elementor-widget-container\">\n\t\t\t\t\t<h2 class=\"elementor-heading-title elementor-size-default\">ROTATION EINS ZU EINS<\/h2>\t\t\t\t<\/div>\n\t\t\t\t<\/div>\n\t\t\t\t<div class=\"elementor-element elementor-element-fd3a9b2 elementor-widget elementor-widget-text-editor\" data-id=\"fd3a9b2\" data-element_type=\"widget\" data-e-type=\"widget\" data-widget_type=\"text-editor.default\">\n\t\t\t\t<div class=\"elementor-widget-container\">\n\t\t\t\t\t\t\t\t\t<p class=\"p1\">Wenn Sie die modernsten Techniken der \u00e4sthetischen Medizin erlernen m\u00f6chten, k\u00f6nnen Sie ein Praktikum bei Dr. Siridi\u00f3n Fleitas Lantigua in der Klinik CEMEL in Las Palmas de Gran Canaria absolvieren. Sie erhalten ein Diplom, das Ihnen die Teilnahme an diesem Praktikum bescheinigt. Sie k\u00f6nnen die Modalit\u00e4t w\u00e4hlen, die Sie bevorzugen, und Sie k\u00f6nnen Ihre eigenen Patienten mitbringen, um sie zu behandeln.<\/p>\t\t\t\t\t\t\t\t<\/div>\n\t\t\t\t<\/div>\n\t\t\t\t\t<\/div>\n\t\t\t\t<\/div>\n\t\t\t\t\t<\/div>\n\t\t\t\t<\/div>\n\t\t<div class=\"elementor-element elementor-element-504d3a5 e-flex e-con-boxed e-con e-parent\" data-id=\"504d3a5\" data-element_type=\"container\" data-e-type=\"container\">\n\t\t\t\t\t<div class=\"e-con-inner\">\n\t\t<div class=\"elementor-element elementor-element-8b2bafe e-con-full e-flex e-con e-child\" data-id=\"8b2bafe\" data-element_type=\"container\" data-e-type=\"container\">\n\t\t\t\t<div class=\"elementor-element elementor-element-5147012 elementor-widget elementor-widget-text-editor\" data-id=\"5147012\" data-element_type=\"widget\" data-e-type=\"widget\" data-widget_type=\"text-editor.default\">\n\t\t\t\t<div class=\"elementor-widget-container\">\n\t\t\t\t\t\t\t\t\t<p>Kurse f\u00fcr fortgeschrittene \u00c4sthetische Medizin mit Dr. Siridi\u00f3n Fleitas Lantigua in Las Palmas de Gran Canaria<\/p><p>In der Cemel-Klinik in Las Palmas de Gran Canaria werden die <strong>Dr. Siridi\u00f3n Fleitas Lantigua<\/strong> bietet im Rahmen seines innovativen Programms spezialisierte Kurse in \u00e4sthetischer Spitzenmedizin an <strong>Rotation Eins zu Eins<\/strong>.<\/p><p>Diese Kurse richten sich an \u00c4rzte und Angeh\u00f6rige der Gesundheitsberufe, die ihre Kenntnisse in fortgeschrittenen \u00e4sthetischen Behandlungen mit einem pers\u00f6nlichen und praktischen Ansatz vervollkommnen m\u00f6chten.<\/p><p><strong>\u00a0Warum die Kurse von Dr. Siridi\u00f3n Fleitas w\u00e4hlen?<\/strong><\/p><p>Dr. Fleitas ist eine Referenz auf dem Gebiet der \u00e4sthetischen Medizin und verf\u00fcgt \u00fcber jahrelange Erfahrung in der Anwendung fortschrittlicher Techniken und modernster Behandlungen. Im Rahmen der One-to-One-Rotation haben die Teilnehmer die einmalige Gelegenheit, direkt mit ihm zu arbeiten und eine vollst\u00e4ndig individualisierte Ausbildung zu erhalten. Dieser Ansatz stellt sicher, dass jeder teilnehmende Fachmann seine F\u00e4higkeiten in seinem eigenen Tempo entwickeln kann, indem er von einem der f\u00fchrenden Experten auf dem Gebiet der \u00e4sthetischen Medizin lernt.<\/p><p><strong>Was beinhaltet das Ausbildungsprogramm?<\/strong><\/p><p>- \u00c4sthetische Behandlungen auf dem neuesten Stand der Technik: Die Kurse befassen sich mit modernen Techniken wie dem Einsatz von Botulinumtoxin, Dermalf\u00fcllern, Gesichtsverj\u00fcngung, Lasern und anderen fortschrittlichen Technologien.<br \/>- Praktischer Ansatz: Die Methodik <strong>\"Eins zu Eins<\/strong> erm\u00f6glicht es den Teilnehmern, unter der Aufsicht von Dr. Fleitas direkt an echten F\u00e4llen zu \u00fcben.<br \/>- Zertifizierung: Am Ende des Kurses erhalten die Teilnehmer ein Diplom, das ihre Kenntnisse in fortgeschrittener \u00e4sthetischer Medizin bescheinigt.<\/p><p><strong>Wo finden die Kurse statt?<\/strong><\/p><p>Die Kurse finden in der Klinik Cemel statt, einem Referenzzentrum in Las Palmas de Gran Canaria, das auf hochwertige \u00e4sthetische Behandlungen spezialisiert ist. Ausgestattet mit modernster Technologie ist es der perfekte Ort, um die neuesten Techniken der \u00e4sthetischen Medizin zu erlernen und zu praktizieren.<\/p><p>Wenn Sie auf der Suche nach fortgeschrittenen Kursen der \u00e4sthetischen Medizin sind, die Ihnen eine pers\u00f6nliche Ausbildung auf hohem Niveau bieten, sind die Programme von Dr. Siridi\u00f3n Fleitas Lantigua in der Cemel-Klinik die beste Wahl.<\/p><p style=\"text-align: center;\"><strong>Melden Sie sich noch heute an und bringen Sie Ihre Karriere auf die n\u00e4chste Stufe.<\/strong><\/p><p>\u00a0<\/p>\t\t\t\t\t\t\t\t<\/div>\n\t\t\t\t<\/div>\n\t\t\t\t<\/div>\n\t\t<div class=\"elementor-element elementor-element-3c806fc e-con-full e-flex e-con e-child\" data-id=\"3c806fc\" data-element_type=\"container\" data-e-type=\"container\">\n\t\t\t\t<div class=\"elementor-element elementor-element-7a7cac2 elementor-widget elementor-widget-image\" data-id=\"7a7cac2\" data-element_type=\"widget\" data-e-type=\"widget\" data-widget_type=\"image.default\">\n\t\t\t\t<div class=\"elementor-widget-container\">\n\t\t\t\t\t\t\t\t\t\t\t\t\t\t\t<img fetchpriority=\"high\" decoding=\"async\" width=\"513\" height=\"880\" src=\"https:\/\/cemel.es\/wp-content\/uploads\/2024\/01\/CV-e1705750850278.jpeg\" class=\"attachment-large size-large wp-image-1346\" alt=\"\" srcset=\"https:\/\/cemel.es\/wp-content\/uploads\/2024\/01\/CV-e1705750850278.jpeg 513w, https:\/\/cemel.es\/wp-content\/uploads\/2024\/01\/CV-e1705750850278-175x300.jpeg 175w, https:\/\/cemel.es\/wp-content\/uploads\/2024\/01\/CV-e1705750850278-7x12.jpeg 7w\" sizes=\"(max-width: 513px) 100vw, 513px\" \/>\t\t\t\t\t\t\t\t\t\t\t\t\t\t\t<\/div>\n\t\t\t\t<\/div>\n\t\t\t\t<\/div>\n\t\t\t\t\t<\/div>\n\t\t\t\t<\/div>\n\t\t<div class=\"elementor-element elementor-element-5565cc4 e-flex e-con-boxed e-con e-parent\" data-id=\"5565cc4\" data-element_type=\"container\" data-e-type=\"container\">\n\t\t\t\t\t<div class=\"e-con-inner\">\n\t\t\t\t<div class=\"elementor-element elementor-element-8ae0332 elementor-widget elementor-widget-price-table\" data-id=\"8ae0332\" data-element_type=\"widget\" data-e-type=\"widget\" data-widget_type=\"price-table.default\">\n\t\t\t\t<div class=\"elementor-widget-container\">\n\t\t\t\t\t\n\t\t<div class=\"elementor-price-table\">\n\t\t\t\t\t\t\t<div class=\"elementor-price-table__header\">\n\t\t\t\t\t\t\t\t\t\t\t<h3 class=\"elementor-price-table__heading\">\n\t\t\t\t\t\tPREISE\t\t\t\t\t\t<\/h3>\n\t\t\t\t\t\n\t\t\t\t\t\t\t\t\t\t\t<span class=\"elementor-price-table__subheading\">\n\t\t\t\t\t\t\tFachspezifische Kurse Rotation Eins zu Eins\t\t\t\t\t\t<\/span>\n\t\t\t\t\t\t\t\t\t<\/div>\n\t\t\t\n\t\t\t<div class=\"elementor-price-table__price\">\n\t\t\t\t\t\t\t\t\t\t\t\t\n\t\t\t\t\n\t\t\t\t\n\t\t\t\t\t\t\t<\/div>\n\n\t\t\t\t\t\t\t<ul class=\"elementor-price-table__features-list\">\n\t\t\t\t\t\t\t\t\t\t\t<li class=\"elementor-repeater-item-e074887\">\n\t\t\t\t\t\t\t<div class=\"elementor-price-table__feature-inner\">\n\t\t\t\t\t\t\t\t<svg aria-hidden=\"true\" class=\"e-font-icon-svg e-fas-check-circle\" viewbox=\"0 0 512 512\" xmlns=\"http:\/\/www.w3.org\/2000\/svg\"><path d=\"M504 256c0 136.967-111.033 248-248 248S8 392.967 8 256 119.033 8 256 8s248 111.033 248 248zM227.314 387.314l184-184c6.248-6.248 6.248-16.379 0-22.627l-22.627-22.627c-6.248-6.249-16.379-6.249-22.628 0L216 308.118l-70.059-70.059c-6.248-6.248-16.379-6.248-22.628 0l-22.627 22.627c-6.248 6.248-6.248 16.379 0 22.627l104 104c6.249 6.249 16.379 6.249 22.628.001z\"><\/path><\/svg>\t\t\t\t\t\t\t\t\t\t\t\t\t\t\t\t\t<span >\n\t\t\t\t\t\t\t\t\t\tPreis x 1 Tag - 1.000\u20ac.\t\t\t\t\t\t\t\t\t<\/span>\n\t\t\t\t\t\t\t\t\t\t\t\t\t\t\t\t<\/div>\n\t\t\t\t\t\t<\/li>\n\t\t\t\t\t\t\t\t\t\t\t<li class=\"elementor-repeater-item-8e85a5c\">\n\t\t\t\t\t\t\t<div class=\"elementor-price-table__feature-inner\">\n\t\t\t\t\t\t\t\t<svg aria-hidden=\"true\" class=\"e-font-icon-svg e-fas-check-circle\" viewbox=\"0 0 512 512\" xmlns=\"http:\/\/www.w3.org\/2000\/svg\"><path d=\"M504 256c0 136.967-111.033 248-248 248S8 392.967 8 256 119.033 8 256 8s248 111.033 248 248zM227.314 387.314l184-184c6.248-6.248 6.248-16.379 0-22.627l-22.627-22.627c-6.248-6.249-16.379-6.249-22.628 0L216 308.118l-70.059-70.059c-6.248-6.248-16.379-6.248-22.628 0l-22.627 22.627c-6.248 6.248-6.248 16.379 0 22.627l104 104c6.249 6.249 16.379 6.249 22.628.001z\"><\/path><\/svg>\t\t\t\t\t\t\t\t\t\t\t\t\t\t\t\t\t<span >\n\t\t\t\t\t\t\t\t\t\tPreis f\u00fcr 2 Tage - 1.500\u20ac.\t\t\t\t\t\t\t\t\t<\/span>\n\t\t\t\t\t\t\t\t\t\t\t\t\t\t\t\t<\/div>\n\t\t\t\t\t\t<\/li>\n\t\t\t\t\t\t\t\t\t\t\t<li class=\"elementor-repeater-item-5692667\">\n\t\t\t\t\t\t\t<div class=\"elementor-price-table__feature-inner\">\n\t\t\t\t\t\t\t\t<svg aria-hidden=\"true\" class=\"e-font-icon-svg e-fas-check-circle\" viewbox=\"0 0 512 512\" xmlns=\"http:\/\/www.w3.org\/2000\/svg\"><path d=\"M504 256c0 136.967-111.033 248-248 248S8 392.967 8 256 119.033 8 256 8s248 111.033 248 248zM227.314 387.314l184-184c6.248-6.248 6.248-16.379 0-22.627l-22.627-22.627c-6.248-6.249-16.379-6.249-22.628 0L216 308.118l-70.059-70.059c-6.248-6.248-16.379-6.248-22.628 0l-22.627 22.627c-6.248 6.248-6.248 16.379 0 22.627l104 104c6.249 6.249 16.379 6.249 22.628.001z\"><\/path><\/svg>\t\t\t\t\t\t\t\t\t\t\t\t\t\t\t\t\t<span >\n\t\t\t\t\t\t\t\t\t\tPreis x 3 Tage - 2.000\u20ac.\t\t\t\t\t\t\t\t\t<\/span>\n\t\t\t\t\t\t\t\t\t\t\t\t\t\t\t\t<\/div>\n\t\t\t\t\t\t<\/li>\n\t\t\t\t\t\t\t\t\t\t\t<li class=\"elementor-repeater-item-3a8718b\">\n\t\t\t\t\t\t\t<div class=\"elementor-price-table__feature-inner\">\n\t\t\t\t\t\t\t\t<svg aria-hidden=\"true\" class=\"e-font-icon-svg e-fas-check-circle\" viewbox=\"0 0 512 512\" xmlns=\"http:\/\/www.w3.org\/2000\/svg\"><path d=\"M504 256c0 136.967-111.033 248-248 248S8 392.967 8 256 119.033 8 256 8s248 111.033 248 248zM227.314 387.314l184-184c6.248-6.248 6.248-16.379 0-22.627l-22.627-22.627c-6.248-6.249-16.379-6.249-22.628 0L216 308.118l-70.059-70.059c-6.248-6.248-16.379-6.248-22.628 0l-22.627 22.627c-6.248 6.248-6.248 16.379 0 22.627l104 104c6.249 6.249 16.379 6.249 22.628.001z\"><\/path><\/svg>\t\t\t\t\t\t\t\t\t\t\t\t\t\t\t\t\t<span >\n\t\t\t\t\t\t\t\t\t\tPreis x 4 Tage - 3.000\u20ac.\t\t\t\t\t\t\t\t\t<\/span>\n\t\t\t\t\t\t\t\t\t\t\t\t\t\t\t\t<\/div>\n\t\t\t\t\t\t<\/li>\n\t\t\t\t\t\t\t\t\t\t\t<li class=\"elementor-repeater-item-36c016d\">\n\t\t\t\t\t\t\t<div class=\"elementor-price-table__feature-inner\">\n\t\t\t\t\t\t\t\t<svg aria-hidden=\"true\" class=\"e-font-icon-svg e-fas-check-circle\" viewbox=\"0 0 512 512\" xmlns=\"http:\/\/www.w3.org\/2000\/svg\"><path d=\"M504 256c0 136.967-111.033 248-248 248S8 392.967 8 256 119.033 8 256 8s248 111.033 248 248zM227.314 387.314l184-184c6.248-6.248 6.248-16.379 0-22.627l-22.627-22.627c-6.248-6.249-16.379-6.249-22.628 0L216 308.118l-70.059-70.059c-6.248-6.248-16.379-6.248-22.628 0l-22.627 22.627c-6.248 6.248-6.248 16.379 0 22.627l104 104c6.249 6.249 16.379 6.249 22.628.001z\"><\/path><\/svg>\t\t\t\t\t\t\t\t\t\t\t\t\t\t\t\t\t<span >\n\t\t\t\t\t\t\t\t\t\tPreis x 5 Tage - 3.500\u20ac.\t\t\t\t\t\t\t\t\t<\/span>\n\t\t\t\t\t\t\t\t\t\t\t\t\t\t\t\t<\/div>\n\t\t\t\t\t\t<\/li>\n\t\t\t\t\t\t\t\t\t<\/ul>\n\t\t\t\n\t\t\t\t\t\t\t<div class=\"elementor-price-table__footer\">\n\t\t\t\t\t\t\t\t\t\t\t<a class=\"elementor-price-table__button elementor-button elementor-size-md\" href=\"mailto:clinica@cemel.es\">\n\t\t\t\t\t\t\tRESERVIEREN SIE IHREN PLATZ\t\t\t\t\t\t<\/a>\n\t\t\t\t\t\n\t\t\t\t\t\t\t\t\t\t\t<div class=\"elementor-price-table__additional_info\">\n\t\t\t\t\t\t\tRufen Sie uns an unter 692 573121\t\t\t\t\t\t<\/div>\n\t\t\t\t\t\t\t\t\t<\/div>\n\t\t\t\t\t<\/div>\n\n\t\t\t\t\t\t<\/div>\n\t\t\t\t<\/div>\n\t\t\t\t\t<\/div>\n\t\t\t\t<\/div>\n\t\t\t\t<\/div>","protected":false},"excerpt":{"rendered":"<p>ROTATION ONE TO ONE Si quieres aprender todas las t\u00e9cnicas m\u00e1s vanguardistas de la Medicina Est\u00e9tica\u00a0 puedes realizar una rotaci\u00f3n con el Dr. Siridi\u00f3n Fleitas Lantigua en la cl\u00ednica CEMEL de Las Palmas de Gran Canaria. Obtendr\u00e1s un diploma acreditativo de dicha rotaci\u00f3n. Puedes elegir la modalidad que prefieras y puedes traer a tus propios [&hellip;]<\/p>\n","protected":false},"author":2,"featured_media":0,"parent":0,"menu_order":0,"comment_status":"closed","ping_status":"closed","template":"","meta":{"footnotes":""},"class_list":["post-2448","page","type-page","status-publish","hentry"],"_links":{"self":[{"href":"https:\/\/cemel.es\/de\/wp-json\/wp\/v2\/pages\/2448","targetHints":{"allow":["GET"]}}],"collection":[{"href":"https:\/\/cemel.es\/de\/wp-json\/wp\/v2\/pages"}],"about":[{"href":"https:\/\/cemel.es\/de\/wp-json\/wp\/v2\/types\/page"}],"author":[{"embeddable":true,"href":"https:\/\/cemel.es\/de\/wp-json\/wp\/v2\/users\/2"}],"replies":[{"embeddable":true,"href":"https:\/\/cemel.es\/de\/wp-json\/wp\/v2\/comments?post=2448"}],"version-history":[{"count":13,"href":"https:\/\/cemel.es\/de\/wp-json\/wp\/v2\/pages\/2448\/revisions"}],"predecessor-version":[{"id":2465,"href":"https:\/\/cemel.es\/de\/wp-json\/wp\/v2\/pages\/2448\/revisions\/2465"}],"wp:attachment":[{"href":"https:\/\/cemel.es\/de\/wp-json\/wp\/v2\/media?parent=2448"}],"curies":[{"name":"wp","href":"https:\/\/api.w.org\/{rel}","templated":true}]}}