{"id":1195,"date":"2024-01-15T19:52:24","date_gmt":"2024-01-15T19:52:24","guid":{"rendered":"https:\/\/cemel.es\/?page_id=1195"},"modified":"2024-01-15T20:00:57","modified_gmt":"2024-01-15T20:00:57","slug":"mujeres-trans","status":"publish","type":"page","link":"https:\/\/cemel.es\/de\/mujeres-trans\/","title":{"rendered":"TRANS-FRAUEN"},"content":{"rendered":"<div data-elementor-type=\"wp-page\" data-elementor-id=\"1195\" class=\"elementor elementor-1195\" data-elementor-post-type=\"page\">\n\t\t\t\t<div class=\"elementor-element elementor-element-e0cf916 e-flex e-con-boxed e-con e-parent\" data-id=\"e0cf916\" data-element_type=\"container\" data-e-type=\"container\">\n\t\t\t\t\t<div class=\"e-con-inner\">\n\t\t<div class=\"elementor-element elementor-element-ce47286 e-con-full e-flex e-con e-child\" data-id=\"ce47286\" data-element_type=\"container\" data-e-type=\"container\">\n\t\t\t\t<div class=\"elementor-element elementor-element-c35345e elementor-widget elementor-widget-heading\" data-id=\"c35345e\" data-element_type=\"widget\" data-e-type=\"widget\" data-widget_type=\"heading.default\">\n\t\t\t\t<div class=\"elementor-widget-container\">\n\t\t\t\t\t<h2 class=\"elementor-heading-title elementor-size-default\">Unsere beliebtesten Behandlungen<\/h2>\t\t\t\t<\/div>\n\t\t\t\t<\/div>\n\t\t\t\t<div class=\"elementor-element elementor-element-1ed83de elementor-widget elementor-widget-heading\" data-id=\"1ed83de\" data-element_type=\"widget\" data-e-type=\"widget\" data-widget_type=\"heading.default\">\n\t\t\t\t<div class=\"elementor-widget-container\">\n\t\t\t\t\t<h2 class=\"elementor-heading-title elementor-size-default\">TRANS-FRAUEN<\/h2>\t\t\t\t<\/div>\n\t\t\t\t<\/div>\n\t\t\t\t<div class=\"elementor-element elementor-element-873eb82 elementor-widget elementor-widget-image\" data-id=\"873eb82\" data-element_type=\"widget\" data-e-type=\"widget\" data-widget_type=\"image.default\">\n\t\t\t\t<div class=\"elementor-widget-container\">\n\t\t\t\t\t\t\t\t\t\t\t\t\t\t\t<img fetchpriority=\"high\" decoding=\"async\" width=\"500\" height=\"800\" src=\"https:\/\/cemel.es\/wp-content\/uploads\/2024\/01\/cemeyq_gender_31.jpg\" class=\"attachment-large size-large wp-image-1179\" alt=\"\" srcset=\"https:\/\/cemel.es\/wp-content\/uploads\/2024\/01\/cemeyq_gender_31.jpg 500w, https:\/\/cemel.es\/wp-content\/uploads\/2024\/01\/cemeyq_gender_31-188x300.jpg 188w, https:\/\/cemel.es\/wp-content\/uploads\/2024\/01\/cemeyq_gender_31-8x12.jpg 8w\" sizes=\"(max-width: 500px) 100vw, 500px\" \/>\t\t\t\t\t\t\t\t\t\t\t\t\t\t\t<\/div>\n\t\t\t\t<\/div>\n\t\t\t\t<\/div>\n\t\t<div class=\"elementor-element elementor-element-9e6ae7d e-con-full e-flex e-con e-child\" data-id=\"9e6ae7d\" data-element_type=\"container\" data-e-type=\"container\">\n\t\t\t\t<div class=\"elementor-element elementor-element-a3d2ffe elementor-widget elementor-widget-heading\" data-id=\"a3d2ffe\" data-element_type=\"widget\" data-e-type=\"widget\" data-widget_type=\"heading.default\">\n\t\t\t\t<div class=\"elementor-widget-container\">\n\t\t\t\t\t<h2 class=\"elementor-heading-title elementor-size-default\">Feminisierung K\u00f6rperchirurgie<\/h2>\t\t\t\t<\/div>\n\t\t\t\t<\/div>\n\t\t\t\t<div class=\"elementor-element elementor-element-b85c361 elementor-widget elementor-widget-text-editor\" data-id=\"b85c361\" data-element_type=\"widget\" data-e-type=\"widget\" data-widget_type=\"text-editor.default\">\n\t\t\t\t<div class=\"elementor-widget-container\">\n\t\t\t\t\t\t\t\t\t<p><strong>Augmentations-Mammoplastik:<\/strong><br \/>Dieses Verfahren ist f\u00fcr alle Transfrauen gedacht, die im Zuge ihrer Geschlechtsumwandlung das Aussehen ihrer Brust verbessern m\u00f6chten.<\/p><p><strong>Ges\u00e4\u00dfvergr\u00f6\u00dferung:<\/strong><br \/>Mit dieser Technik k\u00f6nnen Transfrauen ihre Silhouette abrunden und ihr ein absolut weibliches Aussehen verleihen. Die Ges\u00e4\u00dfvergr\u00f6\u00dferung ist nicht nur f\u00fcr sie angezeigt, sondern f\u00fcr alle, die sich ein volumin\u00f6seres und athletischeres Aussehen ihres Ges\u00e4\u00dfes w\u00fcnschen.<\/p><p><strong>Abdominalchirurgie:<\/strong><br \/>Mit dieser Art von Chirurgie k\u00f6nnen wir die Silhouette formen. Wir k\u00f6nnen sogar das entnommene Fettgewebe in strategischen Bereichen neu positionieren, je nachdem, was wir erreichen wollen - Feminisierung oder Maskulinisierung. Da es sich um k\u00f6rpereigene Fettf\u00fcller handelt, wird mit dieser Technik ein v\u00f6llig nat\u00fcrliches Ergebnis erzielt.<\/p><p>\u00a0<\/p>\t\t\t\t\t\t\t\t<\/div>\n\t\t\t\t<\/div>\n\t\t\t\t<div class=\"elementor-element elementor-element-58f6775 elementor-widget elementor-widget-image\" data-id=\"58f6775\" data-element_type=\"widget\" data-e-type=\"widget\" data-widget_type=\"image.default\">\n\t\t\t\t<div class=\"elementor-widget-container\">\n\t\t\t\t\t\t\t\t\t\t\t\t\t\t\t<img decoding=\"async\" width=\"800\" height=\"600\" src=\"https:\/\/cemel.es\/wp-content\/uploads\/2024\/01\/cemeyq_gender_17.jpg\" class=\"attachment-large size-large wp-image-1197\" alt=\"\" srcset=\"https:\/\/cemel.es\/wp-content\/uploads\/2024\/01\/cemeyq_gender_17.jpg 800w, https:\/\/cemel.es\/wp-content\/uploads\/2024\/01\/cemeyq_gender_17-300x225.jpg 300w, https:\/\/cemel.es\/wp-content\/uploads\/2024\/01\/cemeyq_gender_17-768x576.jpg 768w, https:\/\/cemel.es\/wp-content\/uploads\/2024\/01\/cemeyq_gender_17-16x12.jpg 16w\" sizes=\"(max-width: 800px) 100vw, 800px\" \/>\t\t\t\t\t\t\t\t\t\t\t\t\t\t\t<\/div>\n\t\t\t\t<\/div>\n\t\t\t\t<\/div>\n\t\t\t\t\t<\/div>\n\t\t\t\t<\/div>\n\t\t<div class=\"elementor-element elementor-element-2fd5b2b e-flex e-con-boxed e-con e-parent\" data-id=\"2fd5b2b\" data-element_type=\"container\" data-e-type=\"container\">\n\t\t\t\t\t<div class=\"e-con-inner\">\n\t\t<div class=\"elementor-element elementor-element-05cdc02 e-flex e-con-boxed e-con e-child\" data-id=\"05cdc02\" data-element_type=\"container\" data-e-type=\"container\">\n\t\t\t\t\t<div class=\"e-con-inner\">\n\t\t\t\t<div class=\"elementor-element elementor-element-dc1f589 elementor-widget elementor-widget-image\" data-id=\"dc1f589\" data-element_type=\"widget\" data-e-type=\"widget\" data-widget_type=\"image.default\">\n\t\t\t\t<div class=\"elementor-widget-container\">\n\t\t\t\t\t\t\t\t\t\t\t\t\t\t\t<img decoding=\"async\" width=\"800\" height=\"600\" src=\"https:\/\/cemel.es\/wp-content\/uploads\/2024\/01\/cemeyq_gender_24.jpg\" class=\"attachment-large size-large wp-image-1198\" alt=\"\" srcset=\"https:\/\/cemel.es\/wp-content\/uploads\/2024\/01\/cemeyq_gender_24.jpg 800w, https:\/\/cemel.es\/wp-content\/uploads\/2024\/01\/cemeyq_gender_24-300x225.jpg 300w, https:\/\/cemel.es\/wp-content\/uploads\/2024\/01\/cemeyq_gender_24-768x576.jpg 768w, https:\/\/cemel.es\/wp-content\/uploads\/2024\/01\/cemeyq_gender_24-16x12.jpg 16w\" sizes=\"(max-width: 800px) 100vw, 800px\" \/>\t\t\t\t\t\t\t\t\t\t\t\t\t\t\t<\/div>\n\t\t\t\t<\/div>\n\t\t\t\t\t<\/div>\n\t\t\t\t<\/div>\n\t\t<div class=\"elementor-element elementor-element-f6c2809 e-flex e-con-boxed e-con e-child\" data-id=\"f6c2809\" data-element_type=\"container\" data-e-type=\"container\">\n\t\t\t\t\t<div class=\"e-con-inner\">\n\t\t\t\t<div class=\"elementor-element elementor-element-0b549bf elementor-widget elementor-widget-heading\" data-id=\"0b549bf\" data-element_type=\"widget\" data-e-type=\"widget\" data-widget_type=\"heading.default\">\n\t\t\t\t<div class=\"elementor-widget-container\">\n\t\t\t\t\t<h2 class=\"elementor-heading-title elementor-size-default\">\t\nChirurgie zur Feminisierung des Gesichts\n<\/h2>\t\t\t\t<\/div>\n\t\t\t\t<\/div>\n\t\t\t\t<div class=\"elementor-element elementor-element-b8160a0 elementor-widget elementor-widget-text-editor\" data-id=\"b8160a0\" data-element_type=\"widget\" data-e-type=\"widget\" data-widget_type=\"text-editor.default\">\n\t\t\t\t<div class=\"elementor-widget-container\">\n\t\t\t\t\t\t\t\t\tDie chirurgische Feminisierung des Gesichts umfasst eine Reihe von chirurgischen Techniken, deren Hauptziel darin besteht, die Gesichtsz\u00fcge weicher und weiblicher zu gestalten.\n \nDas Gesicht wird in der Regel in drei Bereiche eingeteilt: das obere, mittlere und untere Drittel. In jedem dieser Bereiche k\u00f6nnen verschiedene Operationen zur Feminisierung des Gesichts durchgef\u00fchrt werden, die hier beschrieben werden.\nDar\u00fcber hinaus gibt es weitere Techniken wie das Facelifting, das am gesamten Gesicht durchgef\u00fchrt wird. \t\t\t\t\t\t\t\t<\/div>\n\t\t\t\t<\/div>\n\t\t\t\t\t<\/div>\n\t\t\t\t<\/div>\n\t\t\t\t\t<\/div>\n\t\t\t\t<\/div>\n\t\t<div class=\"elementor-element elementor-element-6962033 e-flex e-con-boxed e-con e-parent\" data-id=\"6962033\" data-element_type=\"container\" data-e-type=\"container\" data-settings=\"{&quot;background_background&quot;:&quot;classic&quot;}\">\n\t\t\t\t\t<div class=\"e-con-inner\">\n\t\t<div class=\"elementor-element elementor-element-99f386b e-flex e-con-boxed e-con e-child\" data-id=\"99f386b\" data-element_type=\"container\" data-e-type=\"container\">\n\t\t\t\t\t<div class=\"e-con-inner\">\n\t\t\t\t<div class=\"elementor-element elementor-element-482d063 elementor-widget elementor-widget-image\" data-id=\"482d063\" data-element_type=\"widget\" data-e-type=\"widget\" data-widget_type=\"image.default\">\n\t\t\t\t<div class=\"elementor-widget-container\">\n\t\t\t\t\t\t\t\t\t\t\t\t\t\t\t<img loading=\"lazy\" decoding=\"async\" width=\"600\" height=\"600\" src=\"https:\/\/cemel.es\/wp-content\/uploads\/2024\/01\/cemeyq_gender_25.jpg\" class=\"attachment-large size-large wp-image-1199\" alt=\"\" srcset=\"https:\/\/cemel.es\/wp-content\/uploads\/2024\/01\/cemeyq_gender_25.jpg 600w, https:\/\/cemel.es\/wp-content\/uploads\/2024\/01\/cemeyq_gender_25-300x300.jpg 300w, https:\/\/cemel.es\/wp-content\/uploads\/2024\/01\/cemeyq_gender_25-150x150.jpg 150w, https:\/\/cemel.es\/wp-content\/uploads\/2024\/01\/cemeyq_gender_25-12x12.jpg 12w\" sizes=\"(max-width: 600px) 100vw, 600px\" \/>\t\t\t\t\t\t\t\t\t\t\t\t\t\t\t<\/div>\n\t\t\t\t<\/div>\n\t\t\t\t\t<\/div>\n\t\t\t\t<\/div>\n\t\t<div class=\"elementor-element elementor-element-465e005 e-flex e-con-boxed e-con e-child\" data-id=\"465e005\" data-element_type=\"container\" data-e-type=\"container\">\n\t\t\t\t\t<div class=\"e-con-inner\">\n\t\t\t\t<div class=\"elementor-element elementor-element-5806e8b elementor-widget elementor-widget-heading\" data-id=\"5806e8b\" data-element_type=\"widget\" data-e-type=\"widget\" data-widget_type=\"heading.default\">\n\t\t\t\t<div class=\"elementor-widget-container\">\n\t\t\t\t\t<h2 class=\"elementor-heading-title elementor-size-default\">\nFeminisierung des Gesichts: Unterschiede zwischen einem m\u00e4nnlichen und einem weiblichen Sch\u00e4del.<\/h2>\t\t\t\t<\/div>\n\t\t\t\t<\/div>\n\t\t\t\t<div class=\"elementor-element elementor-element-634c58a elementor-widget elementor-widget-text-editor\" data-id=\"634c58a\" data-element_type=\"widget\" data-e-type=\"widget\" data-widget_type=\"text-editor.default\">\n\t\t\t\t<div class=\"elementor-widget-container\">\n\t\t\t\t\t\t\t\t\t<p><strong>Feminisierung der Stirn:<\/strong><\/p><p>Der Bereich der Stirn weist Merkmale des sekund\u00e4ren Geschlechtsdimorphismus auf, die zwischen M\u00e4nnchen und Weibchen deutlich erkennbar sind.<\/p><p>Um ein feminines Gesicht zu erreichen, m\u00fcssen wir den \u00fcberm\u00e4\u00dfigen Anstieg der Knochen \u00fcber den Augenbrauen abmildern, da diese ein verh\u00e4rtetes und maskulines Aussehen und einen maskulinen Ausdruck verleihen.<\/p><p>Das Gleiche gilt f\u00fcr die Augenh\u00f6hlen. Sie sind zwischen den Geschlechtern v\u00f6llig unterschiedlich: bei M\u00e4nnern sind sie eher quadratisch und niedriger, bei Frauen eher rundlich und h\u00f6her.<\/p><p>Mit der Feminisierung der Stirn gelingt es uns, den vorderen Augenh\u00f6hlenbereich neu zu formen, wodurch das Aussehen der Stirn weicher wird und die Augen vergr\u00f6\u00dfert werden.<\/p><p>\u00a0<\/p>\t\t\t\t\t\t\t\t<\/div>\n\t\t\t\t<\/div>\n\t\t\t\t\t<\/div>\n\t\t\t\t<\/div>\n\t\t\t\t\t<\/div>\n\t\t\t\t<\/div>\n\t\t\t\t<\/div>","protected":false},"excerpt":{"rendered":"<p>Nuestros tratamientos m\u00e1s demandados MUJERES TRANS Cirug\u00eda Corporal de Feminizaci\u00f3n Mamoplastia de Aumento:Este procedimiento va dirigido a todas aquellas mujeres trans que, durante su proceso de reasignaci\u00f3n de sexo, quieran aumentar el aspecto de la mama. Aumento de Gl\u00fateos:Mediante esta t\u00e9cnica las mujeres trans pueden redondear su silueta y darle un aspecto totalmente femenino. El [&hellip;]<\/p>\n","protected":false},"author":1,"featured_media":0,"parent":0,"menu_order":0,"comment_status":"closed","ping_status":"closed","template":"","meta":{"footnotes":""},"class_list":["post-1195","page","type-page","status-publish","hentry"],"_links":{"self":[{"href":"https:\/\/cemel.es\/de\/wp-json\/wp\/v2\/pages\/1195","targetHints":{"allow":["GET"]}}],"collection":[{"href":"https:\/\/cemel.es\/de\/wp-json\/wp\/v2\/pages"}],"about":[{"href":"https:\/\/cemel.es\/de\/wp-json\/wp\/v2\/types\/page"}],"author":[{"embeddable":true,"href":"https:\/\/cemel.es\/de\/wp-json\/wp\/v2\/users\/1"}],"replies":[{"embeddable":true,"href":"https:\/\/cemel.es\/de\/wp-json\/wp\/v2\/comments?post=1195"}],"version-history":[{"count":4,"href":"https:\/\/cemel.es\/de\/wp-json\/wp\/v2\/pages\/1195\/revisions"}],"predecessor-version":[{"id":1202,"href":"https:\/\/cemel.es\/de\/wp-json\/wp\/v2\/pages\/1195\/revisions\/1202"}],"wp:attachment":[{"href":"https:\/\/cemel.es\/de\/wp-json\/wp\/v2\/media?parent=1195"}],"curies":[{"name":"wp","href":"https:\/\/api.w.org\/{rel}","templated":true}]}}