{"id":1059,"date":"2024-01-10T08:28:04","date_gmt":"2024-01-10T08:28:04","guid":{"rendered":"https:\/\/cemel.es\/?page_id=1059"},"modified":"2024-01-10T08:28:18","modified_gmt":"2024-01-10T08:28:18","slug":"politica-de-privacidad","status":"publish","type":"page","link":"https:\/\/cemel.es\/de\/politica-de-privacidad\/","title":{"rendered":"Datenschutzbestimmungen"},"content":{"rendered":"<p>Jede Kommunikation mit dem Centro M\u00e9dico est\u00e9tico L\u00e1ser (CEMEL), egal auf welchem Wege oder \u00fcber Ihre E-Mail-Adresse, oder \u00fcber die Formulare auf dieser Website oder Ihre E-Mail, setzt Ihr ausdr\u00fcckliches Einverst\u00e4ndnis voraus, dass Ihre pers\u00f6nlichen Daten in die Dateien von Dr. D. Siridi\u00f3n Fleitas Lantigua - Centro M\u00e9dico est\u00e9tico L\u00e1ser (CEMEL) mit der Adresse Avenida Jos\u00e9 Mesa y L\u00f3pez, 54 aufgenommen werden.<\/p>\n\n\n\n<p>Diese pers\u00f6nlichen Daten werden in \u00dcbereinstimmung mit den Bestimmungen des Organgesetzes 15\/1999 vom 13. Dezember \u00fcber den Schutz pers\u00f6nlicher Daten verarbeitet.<\/p>\n\n\n\n<p>Daher kann der Betroffene das Recht auf Zugang, Berichtigung, L\u00f6schung und Widerspruch in Bezug auf die in den genannten Dateien enthaltenen personenbezogenen Daten aus\u00fcben und seine Zustimmung jederzeit schriftlich widerrufen.<\/p>\n\n\n\n<p>Sie k\u00f6nnen dies durch schriftliche Mitteilung an folgende Adresse tun:<\/p>\n\n\n\n<p>Dr. D. Siridi\u00f3n Fleitas Lantigua - Medizinisch-kosmetisches Laserzentrum (CEMEL)<br>Avenida Jos\u00e9 Mesa y L\u00f3pez, 54-103<br>C.P. 35010 - Spanien<br>Telefon: +34 928 26 92 23<br>cemel@hotmail.com<\/p>\n\n\n\n<p><strong>Verwendung von Cookies<\/strong><\/p>\n\n\n\n<p>Die Website von Siridi\u00f3n Fleitas Lantigua kann Cookies verwenden (kleine Textdateien, die der Server an den Computer der Person sendet, die die Seite aufruft). Dabei handelt es sich um eine im Internet \u00fcbliche Technik zur Ausf\u00fchrung bestimmter Funktionen, die f\u00fcr das ordnungsgem\u00e4\u00dfe Funktionieren und die Darstellung der Website als wesentlich angesehen werden. Die auf der Website verwendeten Cookies sind in jedem Fall vor\u00fcbergehender Natur und dienen ausschlie\u00dflich dem Zweck, die sp\u00e4tere \u00dcbermittlung effizienter zu gestalten; sie verschwinden, wenn die Sitzung des Nutzers endet. In keinem Fall werden die Cookies zur Erfassung pers\u00f6nlicher Daten verwendet.<\/p>\n\n\n\n<p>Es ist m\u00f6glich, dass die Website des Kunden auf den Inhalt von Websites Dritter umleitet. Da Siridi\u00f3n Fleitas Lantigua die von Dritten auf ihren Websites ver\u00f6ffentlichten Inhalte nicht immer kontrollieren kann, \u00fcbernimmt sie keine Verantwortung f\u00fcr diese Inhalte. In jedem Fall verpflichtet sich Siridi\u00f3n Fleitas Lantigua, Inhalte, die gegen die nationale oder internationale Gesetzgebung, die guten Sitten oder die \u00f6ffentliche Ordnung versto\u00dfen k\u00f6nnten, unverz\u00fcglich zu entfernen und die Weiterleitung zu dieser Website unverz\u00fcglich aufzuheben und die zust\u00e4ndigen Beh\u00f6rden \u00fcber den fraglichen Inhalt zu informieren.<\/p>\n\n\n\n<p>Wie Sie Ihre Cookie-Einstellungen \u00e4ndern k\u00f6nnen<\/p>\n\n\n\n<p>Sie k\u00f6nnen Cookies, die auf Ihrem Computer oder auf dieser Website installiert sind, zulassen, blockieren oder l\u00f6schen, indem Sie Ihre Browser-Optionen konfigurieren. Wenn Sie sie blockieren, k\u00f6nnen bestimmte Dienste nicht verf\u00fcgbar sein. Nachstehend finden Sie Links zu Informationen dar\u00fcber, wie Sie Ihre Einstellungen in den wichtigsten Browsern aktivieren k\u00f6nnen:<\/p>\n\n\n\n<p><a href=\"https:\/\/support.google.com\/chrome\/answer\/95647?hl=es\" target=\"_blank\" rel=\"noreferrer noopener\">Google Chrome<\/a><\/p>\n\n\n\n<p><a href=\"https:\/\/support.mozilla.org\/es\/kb\/Borrar%20cookies\" target=\"_blank\" rel=\"noreferrer noopener\">Mozilla Firefox<\/a><\/p>\n\n\n\n<p><a href=\"http:\/\/windows.microsoft.com\/es-xl\/internet-explorer\/delete-manage-cookies#ie=ie-10\" target=\"_blank\" rel=\"noreferrer noopener\">Internet Explorer<\/a><\/p>\n\n\n\n<p><a href=\"http:\/\/www.apple.com\/es\/privacy\/use-of-cookies\/\" target=\"_blank\" rel=\"noreferrer noopener\">Safari<\/a><\/p>\n\n\n\n<p><a href=\"http:\/\/support.apple.com\/kb\/HT1677?viewlocale=es_ES\" target=\"_blank\" rel=\"noreferrer noopener\">Safari f\u00fcr iOS (iPhone, iPad)<\/a><\/p>\n\n\n\n<p>Dar\u00fcber hinaus k\u00f6nnen Sie die Speicherung von Cookies in Ihrem Browser mit Hilfe von Tools wie den folgenden verwalten:<\/p>\n\n\n\n<p>Ghostery: &nbsp;<a href=\"http:\/\/www.ghostery.com\/\" target=\"_blank\" rel=\"noreferrer noopener\">www.ghostery.com<\/a><\/p>\n\n\n\n<p>Ihre Online-Auswahl: &nbsp;<a href=\"http:\/\/www.youronlinechoices.com\/es\" target=\"_blank\" rel=\"noreferrer noopener\">www.youronlinechoices.com<\/a><\/p>\n\n\n\n<p><strong>Schutz von personenbezogenen Daten<\/strong><\/p>\n\n\n\n<p>Siridi\u00f3n Fleitas Lantigua h\u00e4lt sich an die spanische Gesetzgebung zum Schutz personenbezogener Daten und garantiert die uneingeschr\u00e4nkte Einhaltung der Verpflichtungen, die sich aus der <a href=\"http:\/\/noticias.juridicas.com\/base_datos\/Admin\/lo15-1999.html\"><strong>Organgesetz 15\/1999 vom 13. Dezember 1999 \u00fcber den Schutz personenbezogener Daten (LOPD)<\/strong><\/a>die <a href=\"http:\/\/noticias.juridicas.com\/base_datos\/Admin\/rd1720-2007.html\"><strong>K\u00f6niglicher Erlass 1720\/2007 vom 21. Dezember zur Verabschiedung der Verordnung zur Umsetzung des LOPD.<\/strong><\/a> und andere geltende Vorschriften und gew\u00e4hrleistet die korrekte Verwendung und Verarbeitung der personenbezogenen Daten des Nutzers.<\/p>\n\n\n\n<p><strong>Anti-Spam-Politik<\/strong><\/p>\n\n\n\n<p>Herr Siridi\u00f3n Fleitas Lantigua ist strikt gegen die Versendung unaufgeforderter kommerzieller Mitteilungen und jede Art von Verhalten oder \u00c4u\u00dferung, die als \"Spam\" bekannt ist, und engagiert sich im Kampf gegen diese Art von missbr\u00e4uchlichen Praktiken.<\/p>\n\n\n\n<p>Daher garantiert Herr Siridi\u00f3n Fleitas Lantigua dem Nutzer, dass <strong>unter keinen Umst\u00e4nden<\/strong> Die auf der Website gesammelten pers\u00f6nlichen Daten werden nicht an Dritte weitergegeben, geteilt, \u00fcbertragen oder verkauft.<\/p>\n\n\n\n<p>Aus denselben Gr\u00fcnden sollte der Registrierungsprozess nicht dazu verwendet werden, E-Mail-Adressen Dritter ohne die ausdr\u00fcckliche Zustimmung der betroffenen Personen zu registrieren. clinicemel.com setzt als Gegenma\u00dfnahme zu dieser Praxis eine Double-Opt-In-Mailingliste ein, die eine ausdr\u00fcckliche Best\u00e4tigung durch den Inhaber des als Abonnementadresse angegebenen E-Mail-Kontos erfordert, bevor E-Mail-Mitteilungen empfangen werden k\u00f6nnen.<\/p>\n\n\n\n<p>F\u00fcr den Fall, dass selbst dann ein <strong>Benutzer<\/strong> Wenn Sie Mitteilungen von dieser Website erhalten m\u00f6chten, ohne sich registriert zu haben, oder ohne Ihre ausdr\u00fcckliche Zustimmung zu einer solchen Registrierung gegeben zu haben, k\u00f6nnen Sie sich \u00fcber die in der Mitteilung selbst enthaltenen Links abmelden.<\/p>\n\n\n\n<p>Dar\u00fcber hinaus kann sich der Nutzer \u00fcber das Kontaktformular auf der Website an uns wenden, um den Vorfall zu melden und die sofortige L\u00f6schung seiner Daten aus unserem System zu verlangen.<\/p>\n\n\n\n<p><strong>Google Analytics<\/strong><\/p>\n\n\n\n<p><a href=\"http:\/\/www.google.com\/intl\/es\/analytics\/\"><strong>Google Analytics<\/strong><\/a> ist ein Dienst zur statistischen Datenanalyse, der von dem Unternehmen <strong>Google<\/strong> (<a href=\"http:\/\/www.google.com\/policies\/privacy\/\">Datenschutzbestimmungen<\/a>). CliniCemel.com verwendet diesen Dienst, um Nutzungsstatistiken zu verfolgen.<\/p>\n\n\n\n<p>Google Analytics verwendet Cookies, um der Website zu helfen, statistische Daten \u00fcber die Nutzung der Website zu analysieren (Anzahl der Gesamtbesuche, meistbesuchte Seiten usw.). Die durch den Cookie erzeugten Informationen (einschlie\u00dflich Ihrer IP-Adresse) werden an einen Server von Google in den Vereinigten Staaten \u00fcbertragen und dort gespeichert.<\/p>\n\n\n\n<p>Google wird diese Informationen in unserem Auftrag nutzen, um statistische Informationen \u00fcber die Nutzung von CliniCemel.com zu erstellen. Google wird Ihre IP-Adresse nicht mit anderen Daten von Google in Verbindung bringen. Auch wird Google diese Informationen gegebenenfalls an Dritte \u00fcbertragen, sofern dies gesetzlich vorgeschrieben oder soweit Dritte diese Daten im Auftrag von Google verarbeiten.<\/p>\n\n\n\n<p>Sie k\u00f6nnen die Verarbeitung der Daten oder Informationen verweigern, indem Sie die Verwendung von Cookies durch die entsprechenden Einstellungen in Ihrem Browser ablehnen; dadurch wird jedoch die volle Funktionalit\u00e4t von CliniCemel.com eingeschr\u00e4nkt. Durch die Nutzung dieser Website erkl\u00e4ren Sie sich mit der Bearbeitung der Daten durch Google in der zuvor beschriebenen Art und Weise und zu dem zuvor benannten Zweck einverstanden.<\/p>\n\n\n\n<p><strong>Einwilligung in die Verarbeitung der personenbezogenen Daten des Nutzers<\/strong><\/p>\n\n\n\n<p>Im Rahmen seiner Aktivit\u00e4ten bietet CliniCemel.com den Nutzern die M\u00f6glichkeit, sich zu registrieren, um Mitteilungen per E-Mail zu versenden, Kommentare im Blog abzugeben und Nachrichten \u00fcber das Kontaktformular zu senden.<\/p>\n\n\n\n<p>Durch das Abonnieren des Blogs, die Abgabe von Kommentaren oder die Nutzung des Kontaktformulars erkl\u00e4rt sich der Nutzer ausdr\u00fccklich mit der Verarbeitung der angegebenen personenbezogenen Daten gem\u00e4\u00df den Bestimmungen des <a href=\"http:\/\/noticias.juridicas.com\/base_datos\/Admin\/lo15-1999.t2.html#a6\"><strong>Artikel 6<\/strong><\/a> der LOPD. Der Nutzer kann seine Rechte aus\u00fcben <strong>Rechte<\/strong> unter den Bedingungen des <a href=\"http:\/\/noticias.juridicas.com\/base_datos\/Admin\/lo15-1999.t2.html#a5\"><strong>Artikel 5<\/strong><\/a> des LOPD.<\/p>\n\n\n\n<p>Diese Handlungen implizieren auch die ausdr\u00fcckliche Zustimmung des Nutzers zum internationalen Datentransfer, der im Sinne der LOPD aufgrund des physischen Standorts der Einrichtungen der oben genannten Anbieter erfolgt.<\/p>\n\n\n\n<p>Die im Rahmen dieser Aktivit\u00e4ten angeforderten personenbezogenen Daten werden in eine Datei aufgenommen, deren Zweck die \u00dcbermittlung von Nachrichten im Zusammenhang mit der Website clinicemel.com ist und die als <strong>f\u00fcr die Akte zust\u00e4ndige Person<\/strong> auf <strong>D. Siridi\u00f3n Fleitas Lantigua<\/strong>. Die mit einem Sternchen gekennzeichneten Felder m\u00fcssen ausgef\u00fcllt werden, und es ist unm\u00f6glich, den angegebenen Zweck zu erf\u00fcllen, wenn diese Daten nicht angegeben werden. Sie werden auch \u00fcber die M\u00f6glichkeit informiert, die im Abschnitt \u00fcber die Nutzerrechte angegebenen Rechte auszu\u00fcben.<\/p>\n\n\n\n<p><strong>Benutzerrechte<\/strong><\/p>\n\n\n\n<p>In \u00dcbereinstimmung mit den Bestimmungen des <a href=\"http:\/\/noticias.juridicas.com\/base_datos\/Admin\/lo15-1999.t2.html#a5\"><strong>Artikel 5<\/strong><\/a> der LOPD wird der Nutzer dar\u00fcber informiert, dass die <strong>ausschlie\u00dflicher Zweck<\/strong> Der Zweck der Registrierungsdatenbank besteht darin, Informationen \u00fcber Neuigkeiten im Zusammenhang mit der Website CliniCemel.com zu \u00fcbermitteln. Nur die Eigent\u00fcmer haben Zugang zu ihren Daten, und unter keinen Umst\u00e4nden werden diese Daten an Dritte weitergegeben, geteilt, \u00fcbertragen oder verkauft.<\/p>\n\n\n\n<p>Gem\u00e4\u00df den Bestimmungen des LOPD ist die <strong>Benutzer<\/strong> kann jederzeit von seinem Recht Gebrauch machen <strong>Zugangsrechte<\/strong>, <strong>Nachbesserung<\/strong>, <strong>K\u00fcndigung<\/strong>, y<strong>Opposition<\/strong> vor dem <strong>D. Siridi\u00f3n Fleitas Lantigua e<\/strong>n AVENIDA MESA Y LOPEZ, 54 - 103 Postleitzahl:35010 Stadt:LAS PALMAS DE G.C. Provinz: LAS PALMAS Land: SPANIEN.<\/p>\n\n\n\n<p>Um die Aus\u00fcbung dieser Rechte zu erleichtern, werden alle Mitteilungen mit einem <strong>Link zum Abbestellen<\/strong> was zur Folge hat, dass die <strong>sofortige Entfernung<\/strong> der personenbezogenen Daten des Nutzers aus unserer Datenbank.<\/p>","protected":false},"excerpt":{"rendered":"<p>oda comunicaci\u00f3n con Centro M\u00e9dico est\u00e9tico L\u00e1ser (CEMEL) por cualquier medio o a eav\u00e9s de su direcci\u00f3n de correo electr\u00f3nico, o de los formularios presentes en este \u2018web site\u2019 o a su \u2018e-mail\u2019, supone el consentimiento expreso para que sus datos personales sean incorporados a ficheros titularidad de&nbsp;Dr. D. Siridi\u00f3n Fleitas Lantigua \u2013 Centro M\u00e9dico [&hellip;]<\/p>\n","protected":false},"author":1,"featured_media":0,"parent":0,"menu_order":0,"comment_status":"closed","ping_status":"closed","template":"","meta":{"footnotes":""},"class_list":["post-1059","page","type-page","status-publish","hentry"],"_links":{"self":[{"href":"https:\/\/cemel.es\/de\/wp-json\/wp\/v2\/pages\/1059","targetHints":{"allow":["GET"]}}],"collection":[{"href":"https:\/\/cemel.es\/de\/wp-json\/wp\/v2\/pages"}],"about":[{"href":"https:\/\/cemel.es\/de\/wp-json\/wp\/v2\/types\/page"}],"author":[{"embeddable":true,"href":"https:\/\/cemel.es\/de\/wp-json\/wp\/v2\/users\/1"}],"replies":[{"embeddable":true,"href":"https:\/\/cemel.es\/de\/wp-json\/wp\/v2\/comments?post=1059"}],"version-history":[{"count":2,"href":"https:\/\/cemel.es\/de\/wp-json\/wp\/v2\/pages\/1059\/revisions"}],"predecessor-version":[{"id":1061,"href":"https:\/\/cemel.es\/de\/wp-json\/wp\/v2\/pages\/1059\/revisions\/1061"}],"wp:attachment":[{"href":"https:\/\/cemel.es\/de\/wp-json\/wp\/v2\/media?parent=1059"}],"curies":[{"name":"wp","href":"https:\/\/api.w.org\/{rel}","templated":true}]}}