{"id":1056,"date":"2024-01-10T08:27:17","date_gmt":"2024-01-10T08:27:17","guid":{"rendered":"https:\/\/cemel.es\/?page_id=1056"},"modified":"2024-01-10T08:27:30","modified_gmt":"2024-01-10T08:27:30","slug":"aviso-legal","status":"publish","type":"page","link":"https:\/\/cemel.es\/de\/aviso-legal\/","title":{"rendered":"Rechtlicher Hinweis"},"content":{"rendered":"<h4 class=\"wp-block-heading\">Angaben des Eigent\u00fcmers:<\/h4>\n\n\n\n<p>Gem\u00e4\u00df den Bestimmungen des Gesetzes \u00fcber die Dienste der Informationsgesellschaft (LSSI) werden die Nutzer von CliniCemel.com dar\u00fcber informiert, dass es sich hierbei um die Angaben des Eigent\u00fcmers dieser Website handelt:<\/p>\n\n\n\n<p>Name: Siridi\u00f3n Fleitas<br>Adresse: Av. Jos\u00e9 Mesa y L\u00f3pez, 54. 1\u00aa Planta, n\u00famero 103 - 35010 - Las Palmas de Gran Canaria<br>NIF\/CIF\/NIE: 44309149V<br>Kontakt-Telefonnummer: 928 079 569<br>E-Mail-Kontakt: cemel@hotmail.com<br>Der Zugriff auf die Website CliniCemel.com, die Siridi\u00f3n Fleitas geh\u00f6rt, und die Nutzung der auf dieser Website angebotenen Dienste setzt die Annahme der folgenden Nutzungsbedingungen voraus:<\/p>\n\n\n\n<h4 class=\"wp-block-heading\">Geistiges Eigentum:<\/h4>\n\n\n\n<p>Das Design, der Quellcode und der Inhalt der Website CliniCemel.com sind durch die spanische Gesetzgebung in Bezug auf das geistige und gewerbliche Eigentum zugunsten von Siridi\u00f3n Fleitas gesch\u00fctzt, und ihre Vervielf\u00e4ltigung, Verbreitung oder \u00f6ffentliche Wiedergabe, ganz oder teilweise, ist ohne ausdr\u00fcckliche Genehmigung von Siridi\u00f3n Fleitas verboten.<\/p>\n\n\n\n<h4 class=\"wp-block-heading\">Politik zum Schutz der Privatsph\u00e4re und des Datenschutzes (L.O.P.D.):<\/h4>\n\n\n\n<p>Siridi\u00f3n Fleitas informiert die Nutzer der Website CliniCemel.com dar\u00fcber, dass sie eine automatisierte Datei mit den personenbezogenen Daten anlegen kann, die ihr zur Kenntnis gebracht werden, sei es infolge der Nutzung der auf CliniCemel.com angebotenen Dienstleistungen, infolge der Zusendung an die Kontakt-E-Mail-Adresse cemel@hotmail.com oder durch die Nutzung der Kontakt- oder Registrierungsformulare auf der Website. In jedem Fall erfolgt die Speicherung, der Schutz und die Nutzung dieser Daten durch Siridi\u00f3n Fleitas unter strikter Einhaltung der datenschutzrechtlichen Bestimmungen.<\/p>\n\n\n\n<p>Gem\u00e4\u00df den Bestimmungen des Organgesetzes 15\/1999 vom 13. Dezember \u00fcber den Schutz personenbezogener Daten k\u00f6nnen die Nutzer jederzeit ihre Rechte auf Zugang, Berichtigung, Widerspruch und L\u00f6schung ihrer gesammelten und gespeicherten Daten aus\u00fcben. Die Aus\u00fcbung dieser Rechte muss schriftlich an Siridi\u00f3n Fleitas (Av. Jos\u00e9 Mesa y L\u00f3pez, 54. 1\u00aa Planta, n\u00famero 103. - 35010 - Las Palmas de Gran Canaria) oder an die Kontakt-E-Mail-Adresse (cemel@hotmail.com) erfolgen, wobei in jedem Fall als Betreff \"PERSONALDATEN\" und das Recht, das man aus\u00fcben m\u00f6chte, anzugeben sind und eine Kopie des Personalausweises beizuf\u00fcgen ist.<\/p>\n\n\n\n<h4 class=\"wp-block-heading\">Verf\u00fcgbarkeit und Aktualisierungen:<\/h4>\n\n\n\n<p>Siridi\u00f3n Fleitas beh\u00e4lt sich das Recht vor, den Zugang zur Website CliniCemel.com jederzeit und ohne Vorank\u00fcndigung zu unterbrechen sowie die Konfiguration der Website, die auf ihr gezeigten Inhalte oder die Bereitstellung eines oder aller \u00fcber sie angebotenen Dienste zu \u00e4ndern oder zu beseitigen, sei es aus technischen, Sicherheits- oder Wartungsgr\u00fcnden oder aus anderen Gr\u00fcnden. Diese Unterbrechung, Bearbeitung oder Beseitigung kann vor\u00fcbergehend oder dauerhaft sein, und Siridi\u00f3n Fleitas kann f\u00fcr eine solche Unterbrechung, Bearbeitung oder Beseitigung nicht haftbar gemacht werden.<\/p>\n\n\n\n<h4 class=\"wp-block-heading\">Nutzung der Website, ihrer Inhalte und Dienste:<\/h4>\n\n\n\n<p>Der Zugang zu den auf CliniCemel.com angebotenen Inhalten und Diensten sowie deren Nutzung durch den Benutzer erfolgt auf eigenes Risiko des Benutzers.<\/p>\n\n\n\n<p>Siridi\u00f3n Fleitas haftet nicht f\u00fcr Sch\u00e4den oder Verluste, die der Benutzer erleiden k\u00f6nnte, und auch nicht f\u00fcr technische Probleme oder Ausf\u00e4lle der Computerausr\u00fcstung des Benutzers, die durch diese verursacht werden k\u00f6nnten:<\/p>\n\n\n\n<p>Missbrauch des Inhalts oder der Dienstleistungen von CliniCemel.com durch den Benutzer.<br>Fehler, M\u00e4ngel oder Auslassungen in den bereitgestellten Informationen, wenn diese aus anderen Quellen als Siridi\u00f3n Fleitas stammen.<br>Rechtswidrige Eingriffe durch Dritte, die sich der Kontrolle von Siridi\u00f3n Fleitas entziehen.<\/p>\n\n\n\n<h4 class=\"wp-block-heading\">Marken:<\/h4>\n\n\n\n<p>Auf CliniCemel.com k\u00f6nnen einige Begriffe und Logos indirekt und zu Informationszwecken erw\u00e4hnt werden, die eingetragene Marken der jeweiligen Eigent\u00fcmer sind, und wir sind nicht verantwortlich f\u00fcr den unangemessenen Gebrauch, den Dritte von diesen Marken machen k\u00f6nnten.<\/p>\n\n\n\n<h4 class=\"wp-block-heading\">Links:<\/h4>\n\n\n\n<p>Siridi\u00f3n Fleitas ist nicht verantwortlich f\u00fcr andere Daten, Webseiten oder Dateien, auf die \u00fcber Links zwischen den Inhalten von CliniCemel.com zugegriffen werden kann, da diese verlinkten Seiten oder Dateien in der Verantwortung ihrer jeweiligen Eigent\u00fcmer liegen. Siridi\u00f3n Fleitas billigt daher weder die Produkte, Dienstleistungen, Inhalte, Informationen, Daten, Dateien und jede Art von Material, die auf solchen Webseiten oder Dateien vorhanden sind, noch ist sie verantwortlich f\u00fcr die Qualit\u00e4t, Rechtm\u00e4\u00dfigkeit, Zuverl\u00e4ssigkeit und N\u00fctzlichkeit der Informationen, Inhalte, Daten und Dienstleistungen, die auf den verlinkten Seiten vorhanden sind und die nicht mit CliniCemel.com in Verbindung stehen, noch kontrolliert sie diese gem\u00e4\u00df den Bestimmungen des LSSICE. F\u00fcr den Fall, dass eine zust\u00e4ndige Stelle die Rechtswidrigkeit der Daten erkl\u00e4rt, ihre L\u00f6schung anordnet oder den Zugang zu ihnen unm\u00f6glich macht oder das Vorhandensein eines Schadens feststellt, werden die angegebenen Links unverz\u00fcglich gel\u00f6scht, sobald Siridi\u00f3n Fleitas ausdr\u00fccklich dar\u00fcber informiert wird.<\/p>","protected":false},"excerpt":{"rendered":"<p>Datos del propietario: Conforme a lo establecido en la ley de Servicios de la Sociedad de la Informaci\u00f3n (LSSI), se informa a los usuarios de CliniCemel.com que estos son los datos del propietario de este sitio web: Nombre: Siridi\u00f3n FleitasDirecci\u00f3n: Av. Jos\u00e9 Mesa y L\u00f3pez, 54. 1\u00aa Planta, n\u00famero 103. \u2013 35010 \u2013 Las Palmas [&hellip;]<\/p>\n","protected":false},"author":1,"featured_media":0,"parent":0,"menu_order":0,"comment_status":"closed","ping_status":"closed","template":"","meta":{"footnotes":""},"class_list":["post-1056","page","type-page","status-publish","hentry"],"_links":{"self":[{"href":"https:\/\/cemel.es\/de\/wp-json\/wp\/v2\/pages\/1056","targetHints":{"allow":["GET"]}}],"collection":[{"href":"https:\/\/cemel.es\/de\/wp-json\/wp\/v2\/pages"}],"about":[{"href":"https:\/\/cemel.es\/de\/wp-json\/wp\/v2\/types\/page"}],"author":[{"embeddable":true,"href":"https:\/\/cemel.es\/de\/wp-json\/wp\/v2\/users\/1"}],"replies":[{"embeddable":true,"href":"https:\/\/cemel.es\/de\/wp-json\/wp\/v2\/comments?post=1056"}],"version-history":[{"count":2,"href":"https:\/\/cemel.es\/de\/wp-json\/wp\/v2\/pages\/1056\/revisions"}],"predecessor-version":[{"id":1058,"href":"https:\/\/cemel.es\/de\/wp-json\/wp\/v2\/pages\/1056\/revisions\/1058"}],"wp:attachment":[{"href":"https:\/\/cemel.es\/de\/wp-json\/wp\/v2\/media?parent=1056"}],"curies":[{"name":"wp","href":"https:\/\/api.w.org\/{rel}","templated":true}]}}